{"id":2537,"date":"2026-02-12T16:10:00","date_gmt":"2026-02-12T16:10:00","guid":{"rendered":"https:\/\/holaspain.agency\/?page_id=2537"},"modified":"2026-02-12T16:34:14","modified_gmt":"2026-02-12T16:34:14","slug":"forsakringsvillkor","status":"publish","type":"page","link":"https:\/\/holaspain.agency\/sv\/insurance-terms-of-business\/","title":{"rendered":"Aff\u00e4rsvillkor f\u00f6r f\u00f6rs\u00e4kring"},"content":{"rendered":"<div class=\"wpb-content-wrapper\"><div class=\"vc_row wpb_row vc_row-fluid\"><div class=\"wpb_column vc_column_container vc_col-sm-12\"><div class=\"vc_column-inner\"><div class=\"wpb_wrapper\">\n\t<div class=\"wpb_text_column wpb_content_element\" >\n\t\t<div class=\"wpb_wrapper\">\n\t\t\t<h1>Aff\u00e4rsvillkor f\u00f6r f\u00f6rs\u00e4kring<\/h1>\n<p><strong>HolaSpain<\/strong><\/p>\n<p><strong>Senast uppdaterad:<\/strong> <strong>12 februari 2026.<\/strong><\/p>\n<h2>1. Inledning<\/h2>\n<p>Dessa f\u00f6rs\u00e4kringsvillkor anger grunden f\u00f6r hur HolaSpain (\u201cvi\u201d, \u201coss\u201d, \u201cv\u00e5r\u201d) tillhandah\u00e5ller f\u00f6rs\u00e4kringsf\u00f6rmedlingstj\u00e4nster. Genom att k\u00f6pa eller fr\u00e5ga om en f\u00f6rs\u00e4kringsprodukt genom HolaSpain samtycker du till villkoren som anges nedan.<\/p>\n<h2>2. Reglerande status<\/h2>\n<p>HolaSpain \u00e4r ett f\u00f6retag registrerat i Irland och fungerar som en f\u00f6rs\u00e4kringsf\u00f6rmedlare i f\u00f6rh\u00e5llande till utvalda internationella studentf\u00f6rs\u00e4kringsprodukter. Vi distribuerar specifika f\u00f6rs\u00e4kringsprodukter som arrangeras med auktoriserade f\u00f6rs\u00e4kringsleverant\u00f6rer; vi ger inte en personlig rekommendation baserad p\u00e5 en fullst\u00e4ndig marknadsanalys, och v\u00e5ra tj\u00e4nster ska inte tolkas som oberoende finansiell r\u00e5dgivning.<\/p>\n<h2>3. Omfattning av v\u00e5ra f\u00f6rs\u00e4kringstj\u00e4nster<\/h2>\n<p>V\u00e5r roll \u00e4r begr\u00e4nsad till att tillhandah\u00e5lla information om utvalda f\u00f6rs\u00e4kringsprodukter, underl\u00e4tta utf\u00e4rdandet av f\u00f6rs\u00e4kringar och hj\u00e4lpa till med dokumentation relaterad till f\u00f6rs\u00e4kringsskyddet.<\/p>\n<ul>\n<li>Tillhandah\u00e5lla information om utvalda f\u00f6rs\u00e4kringsprodukter<\/li>\n<li>Underl\u00e4tta utf\u00e4rdandet av policyer<\/li>\n<li>Bist\u00e5 med dokumentation relaterad till f\u00f6rs\u00e4kringsskydd<\/li>\n<\/ul>\n<p>Vi tillhandah\u00e5ller inte oberoende finansiell r\u00e5dgivning, vi g\u00f6r inte en fullst\u00e4ndig marknadsj\u00e4mf\u00f6relse och vi hanterar inte beslut om ers\u00e4ttningskrav.<\/p>\n<ul>\n<li>Tillhandah\u00e5lla oberoende finansiell r\u00e5dgivning<\/li>\n<li>Genomf\u00f6ra en fullst\u00e4ndig marknadsj\u00e4mf\u00f6relse<\/li>\n<li>Hantera beslut om ers\u00e4ttningskrav<\/li>\n<\/ul>\n<h2>4. F\u00f6rs\u00e4kringsgivare<\/h2>\n<p>F\u00f6rs\u00e4kringar som f\u00f6rmedlas genom HolaSpain tecknas av auktoriserade f\u00f6rs\u00e4kringsbolag. F\u00f6rs\u00e4kringsvillkor, t\u00e4ckningsgr\u00e4nser, undantag och f\u00f6rfaranden f\u00f6r skadereglering regleras uteslutande av f\u00f6rs\u00e4kringsgivaren, och f\u00f6rs\u00e4kringsgivarens dokumentation kommer att g\u00e4lla i h\u00e4ndelse av bristande \u00f6verensst\u00e4mmelse.<\/p>\n<h2>5. Skyldighet att l\u00e4mna upplysningar<\/h2>\n<p>Du \u00e4r ansvarig f\u00f6r att l\u00e4mna fullst\u00e4ndig, korrekt och sanningsenlig information n\u00e4r du ans\u00f6ker om f\u00f6rs\u00e4kring. Underl\u00e5tenhet att l\u00e4mna relevant information kan leda till att f\u00f6rs\u00e4kringen blir ogiltig, att ett anspr\u00e5k avsl\u00e5s eller att f\u00f6rs\u00e4kringen s\u00e4gs upp i enlighet med f\u00f6rs\u00e4kringsgivarens villkor.<\/p>\n<ul>\n<li>Invalidera din f\u00f6rs\u00e4kring<\/li>\n<li>Resulterar i avslag p\u00e5 en fordran<\/li>\n<li>leda till upps\u00e4gning av f\u00f6rs\u00e4kringen<\/li>\n<\/ul>\n<h2>6. Premier och betalningar<\/h2>\n<p>F\u00f6rs\u00e4kringspremien m\u00e5ste betalas i sin helhet innan f\u00f6rs\u00e4kringen utf\u00e4rdas, om inte annat skriftligen \u00f6verenskommits. F\u00f6rs\u00e4kringen b\u00f6rjar inte g\u00e4lla f\u00f6rr\u00e4n betalningen har mottagits och f\u00f6rs\u00e4kringsbrevet har utf\u00e4rdats (eller p\u00e5 annat s\u00e4tt bekr\u00e4ftats av f\u00f6rs\u00e4kringsgivaren).<\/p>\n<h2>7. Information om ers\u00e4ttningar och provisioner<\/h2>\n<p>HolaSpain kan erh\u00e5lla ers\u00e4ttning i form av provision fr\u00e5n f\u00f6rs\u00e4kringsgivaren. Denna provision ing\u00e5r i f\u00f6rs\u00e4kringspremien och h\u00f6jer inte det pris som kunden betalar ut\u00f6ver den \u00f6verenskomna premien. Vi tar inte ut n\u00e5gra separata r\u00e5dgivningsavgifter, s\u00e5vida detta inte uttryckligen meddelas skriftligen f\u00f6re k\u00f6pet.<\/p>\n<h2>8. Intressekonflikter<\/h2>\n<p>HolaSpain uppr\u00e4tth\u00e5ller interna policyer f\u00f6r att hantera potentiella intressekonflikter. Om det uppst\u00e5r en konflikt som v\u00e4sentligt kan p\u00e5verka dina intressen kommer vi att informera om det skriftligen n\u00e4r s\u00e5 kr\u00e4vs.<\/p>\n<h2>9. Dokumentation av policy<\/h2>\n<p>Vid utf\u00e4rdandet kommer du att f\u00e5 ett f\u00f6rs\u00e4kringscertifikat, ett informationsdokument om f\u00f6rs\u00e4kringsprodukten (IPID) och fullst\u00e4ndiga f\u00f6rs\u00e4kringsvillkor (eller tillg\u00e5ng till fullst\u00e4ndiga f\u00f6rs\u00e4kringsvillkor). Det \u00e4r ditt ansvar att l\u00e4sa och f\u00f6rst\u00e5 f\u00f6rs\u00e4kringsdokumentationen, inklusive t\u00e4ckningsgr\u00e4nser, undantag, villkor och anspr\u00e5ksf\u00f6rfaranden.<\/p>\n<ul>\n<li>Ett f\u00f6rs\u00e4kringsintyg<\/li>\n<li>Informationsdokumentet f\u00f6r f\u00f6rs\u00e4kringsprodukter (IPID)<\/li>\n<li>Fullst\u00e4ndig formulering av policyn<\/li>\n<\/ul>\n<h2>10. Hantering av anspr\u00e5k<\/h2>\n<p>Alla f\u00f6rs\u00e4kringsanspr\u00e5k m\u00e5ste l\u00e4mnas in direkt till f\u00f6rs\u00e4kringsgivaren eller dess utsedda skadeadministrat\u00f6r i enlighet med f\u00f6rs\u00e4kringsdokumentationen. HolaSpain bed\u00f6mer, godk\u00e4nner eller avvisar inte anspr\u00e5k. Vi kan tillhandah\u00e5lla rimlig administrativ hj\u00e4lp (t.ex. hj\u00e4lpa dig att hitta r\u00e4tt kanal f\u00f6r skadeanm\u00e4lan), men beslut om skadeanm\u00e4lan fattas uteslutande av f\u00f6rs\u00e4kringsgivaren.<\/p>\n<h2>11. R\u00e4tt till avbest\u00e4llning<\/h2>\n<p>R\u00e4tten att s\u00e4ga upp en f\u00f6rs\u00e4kring styrs av f\u00f6rs\u00e4kringsgivarens f\u00f6rs\u00e4kringsvillkor och till\u00e4mpliga konsumentskyddslagar. Beroende p\u00e5 typ av f\u00f6rs\u00e4kring och omst\u00e4ndigheter kan du ha en lagstadgad \u00e5ngerr\u00e4tt. Eventuell \u00e5terbetalning (d\u00e4r s\u00e5 \u00e4r till\u00e5tet) omfattas av f\u00f6rs\u00e4kringsgivarens villkor och kan reduceras med till\u00e4mpliga avgifter i enlighet med f\u00f6rs\u00e4kringsdokumentationen.<\/p>\n<h2>12. Skydd av personuppgifter<\/h2>\n<p>Personuppgifter som samlas in f\u00f6r f\u00f6rs\u00e4krings\u00e4ndam\u00e5l behandlas i enlighet med v\u00e5r integritetspolicy. Relevanta uppgifter kommer att delas med f\u00f6rs\u00e4kringsgivare, f\u00f6rs\u00e4kringsgivare och auktoriserade partners endast f\u00f6r utf\u00e4rdande av f\u00f6rs\u00e4kringar, administration och skadereglering, och endast i den utstr\u00e4ckning det \u00e4r n\u00f6dv\u00e4ndigt.<\/p>\n<h2>13. Efterlevnad av regler mot penningtv\u00e4tt<\/h2>\n<p>I enlighet med irl\u00e4ndsk lagstiftning mot penningtv\u00e4tt kan vi beg\u00e4ra identitetsverifiering, utf\u00f6ra riskbaserade efterlevnadskontroller, neka eller f\u00f6rsena transaktioner i v\u00e4ntan p\u00e5 verifiering och rapportera misst\u00e4nkta transaktioner till beh\u00f6riga myndigheter enligt vad som kr\u00e4vs enligt lag. Underl\u00e5tenhet att uppfylla verifieringskraven kan leda till att en tj\u00e4nst nekas eller att en transaktion annulleras.<\/p>\n<ul>\n<li>Beg\u00e4r dokumentation f\u00f6r verifiering av identitet<\/li>\n<li>Utf\u00f6ra riskbaserade kontroller av efterlevnad<\/li>\n<li>Avvisa eller f\u00f6rdr\u00f6ja transaktioner i avvaktan p\u00e5 verifiering<\/li>\n<li>Rapportera misst\u00e4nkta transaktioner till beh\u00f6riga myndigheter<\/li>\n<\/ul>\n<h2>14. Klagom\u00e5lsf\u00f6rfarande<\/h2>\n<p>Om du vill framf\u00f6ra ett klagom\u00e5l avseende v\u00e5ra f\u00f6rs\u00e4kringsf\u00f6rmedlingstj\u00e4nster, v\u00e4nligen kontakta oss skriftligen p\u00e5 <strong>info@holaspain.agency<\/strong>. Vi kommer att bekr\u00e4fta ditt klagom\u00e5l och str\u00e4va efter att l\u00f6sa det snabbt. Om du fortfarande \u00e4r missn\u00f6jd kan du l\u00e4mna in ditt klagom\u00e5l till l\u00e4mplig tillsynsmyndighet eller till Financial Services and Pensions Ombudsman (FSPO) i Irland, om du \u00e4r ber\u00e4ttigad till det.<\/p>\n<h2>15. Begr\u00e4nsning av ansvar<\/h2>\n<p>HolaSpains ansvar \u00e4r begr\u00e4nsat till f\u00f6rluster som uppkommer direkt till f\u00f6ljd av v\u00e5r bevisade v\u00e5rdsl\u00f6shet vid tillhandah\u00e5llandet av f\u00f6rs\u00e4kringsf\u00f6rmedlingstj\u00e4nster. Vi ansvarar inte f\u00f6r f\u00f6rs\u00e4kringsgivarens insolvens, avslag p\u00e5 anspr\u00e5k fr\u00e5n f\u00f6rs\u00e4kringsgivaren eller undantag fr\u00e5n f\u00f6rs\u00e4kringen som tydligt anges i dokumentationen, och inte heller f\u00f6r indirekta f\u00f6rluster eller f\u00f6ljdf\u00f6rluster.<\/p>\n<ul>\n<li>F\u00f6rs\u00e4kringsgivarens insolvens<\/li>\n<li>F\u00f6rs\u00e4kringsgivaren avvisar anspr\u00e5ket<\/li>\n<li>Policyundantag tydligt angivna i dokumentationen<\/li>\n<\/ul>\n<h2>16. Till\u00e4mplig lag<\/h2>\n<p>Dessa f\u00f6rs\u00e4kringsvillkor regleras av irl\u00e4ndsk lag och eventuella tvister ska uteslutande avg\u00f6ras av irl\u00e4ndska domstolar.<\/p>\n\n\t\t<\/div>\n\t<\/div>\n<\/div><\/div><\/div><\/div>\n<\/div>","protected":false},"excerpt":{"rendered":"Insurance Terms of Business HolaSpain Last Updated: February 12th, 2026. 1. Introduction These Insurance Terms of Business set out the basis upon which HolaSpain (\"we\", \"us\", \"our\") provides insurance intermediation services. By purchasing or enquiring about an insurance product through HolaSpain, you agree to the terms outlined below. 2. Regulatory...","protected":false},"author":1,"featured_media":0,"parent":0,"menu_order":0,"comment_status":"closed","ping_status":"closed","template":"","meta":{"_seopress_robots_primary_cat":"","_seopress_titles_title":"","_seopress_titles_desc":"","_seopress_robots_index":"","_daextam_enable_autolinks":"1","footnotes":""},"categories":[75],"tags":[],"class_list":["post-2537","page","type-page","status-publish","hentry","category-legal"],"_links":{"self":[{"href":"https:\/\/holaspain.agency\/sv\/wp-json\/wp\/v2\/pages\/2537","targetHints":{"allow":["GET"]}}],"collection":[{"href":"https:\/\/holaspain.agency\/sv\/wp-json\/wp\/v2\/pages"}],"about":[{"href":"https:\/\/holaspain.agency\/sv\/wp-json\/wp\/v2\/types\/page"}],"author":[{"embeddable":true,"href":"https:\/\/holaspain.agency\/sv\/wp-json\/wp\/v2\/users\/1"}],"replies":[{"embeddable":true,"href":"https:\/\/holaspain.agency\/sv\/wp-json\/wp\/v2\/comments?post=2537"}],"version-history":[{"count":5,"href":"https:\/\/holaspain.agency\/sv\/wp-json\/wp\/v2\/pages\/2537\/revisions"}],"predecessor-version":[{"id":2575,"href":"https:\/\/holaspain.agency\/sv\/wp-json\/wp\/v2\/pages\/2537\/revisions\/2575"}],"wp:attachment":[{"href":"https:\/\/holaspain.agency\/sv\/wp-json\/wp\/v2\/media?parent=2537"}],"wp:term":[{"taxonomy":"category","embeddable":true,"href":"https:\/\/holaspain.agency\/sv\/wp-json\/wp\/v2\/categories?post=2537"},{"taxonomy":"post_tag","embeddable":true,"href":"https:\/\/holaspain.agency\/sv\/wp-json\/wp\/v2\/tags?post=2537"}],"curies":[{"name":"wp","href":"https:\/\/api.w.org\/{rel}","templated":true}]}}