{"id":2403,"date":"2026-01-20T10:24:27","date_gmt":"2026-01-20T10:24:27","guid":{"rendered":"https:\/\/holaspain.agency\/?page_id=2403"},"modified":"2026-01-20T11:19:08","modified_gmt":"2026-01-20T11:19:08","slug":"studentvisum-for-spanien-faqs","status":"publish","type":"page","link":"https:\/\/holaspain.agency\/sv\/student-visa-for-spain-faqs\/","title":{"rendered":"Vanliga fr\u00e5gor Studentvisum f\u00f6r Spanien"},"content":{"rendered":"<div class=\"wpb-content-wrapper\"><div class=\"vc_row wpb_row vc_row-fluid\"><div class=\"wpb_column vc_column_container vc_col-sm-12\"><div class=\"vc_column-inner\"><div class=\"wpb_wrapper\">\n\t<div class=\"wpb_text_column wpb_content_element\" >\n\t\t<div class=\"wpb_wrapper\">\n\t\t\t<h2 style=\"text-align: justify;\">Vanliga fr\u00e5gor om studentvisum (Spanien)<\/h2>\n<p style=\"text-align: justify;\"><strong>Tydliga svar p\u00e5 de fr\u00e5gor som de flesta studenter st\u00e4ller innan de ans\u00f6ker<\/strong><\/p>\n<blockquote>\n<p style=\"text-align: justify;\">Att ans\u00f6ka om ett studentvisum f\u00f6r l\u00e4ngre vistelser kan k\u00e4nnas f\u00f6rvirrande - s\u00e4rskilt om det \u00e4r f\u00f6rsta g\u00e5ngen du har att g\u00f6ra med konsulat, officiella dokument och strikta tidsramar. Denna FAQ-sida \u00e4r utformad f\u00f6r att ge dig enkla, praktiska svar p\u00e5 de vanligaste fr\u00e5gorna: vilket visum du beh\u00f6ver, vilka dokument som vanligtvis kr\u00e4vs, hur du planerar din tidslinje, vad som h\u00e4nder efter att du anl\u00e4nder till Spanien och hur det vanligtvis fungerar att arbeta medan du studerar. T\u00e4nk p\u00e5 att kraven kan variera fr\u00e5n land till land och fr\u00e5n konsulat till konsulat, s\u00e5 f\u00f6lj alltid den officiella checklistan d\u00e4r du ans\u00f6ker.<\/p>\n<\/blockquote>\n\n\t\t<\/div>\n\t<\/div>\n<div  class=\"vc_do_toggle vc_toggle vc_toggle_default vc_toggle_color_default  vc_toggle_size_md\"><div class=\"vc_toggle_title\"><h4>Vad \u00e4r skillnaden mellan ett Schengenvisum och ett studentvisum (typ D)?<\/h4><i class=\"vc_toggle_icon\"><\/i><\/div><div class=\"vc_toggle_content\"><p style=\"text-align: justify;\">Ett Schengenvisum \u00e4r vanligtvis f\u00f6r kortare vistelser (upp till 90 dagar inom 180 dagar). Ett studentvisum (typ D) \u00e4r ett visum f\u00f6r l\u00e4ngre vistelser f\u00f6r studier som \u00e4r l\u00e4ngre \u00e4n 90 dagar. Om din kurs \u00e4r l\u00e5ngvarig beh\u00f6ver du i allm\u00e4nhet ett studentvisum av typ D.<\/p>\n<\/div><\/div><div  class=\"vc_do_toggle vc_toggle vc_toggle_default vc_toggle_color_default  vc_toggle_size_md\"><div class=\"vc_toggle_title\"><h4>Om jag har ett Schengenvisum, kan jag studera i mer \u00e4n 90 dagar?<\/h4><i class=\"vc_toggle_icon\"><\/i><\/div><div class=\"vc_toggle_content\"><p style=\"text-align: justify;\">Vanligtvis inte. Ett Schengenvisum \u00e4r avsett f\u00f6r kortare vistelser. Om du vill studera l\u00e4ngre \u00e4n 90 dagar beh\u00f6ver du i allm\u00e4nhet ett studentvisum f\u00f6r l\u00e4ngre vistelser (typ D).<\/p>\n<\/div><\/div><div  class=\"vc_do_toggle vc_toggle vc_toggle_default vc_toggle_color_default  vc_toggle_size_md\"><div class=\"vc_toggle_title\"><h4>Kan jag ans\u00f6ka om jag aldrig har rest f\u00f6rut?<\/h4><i class=\"vc_toggle_icon\"><\/i><\/div><div class=\"vc_toggle_content\"><p style=\"text-align: justify;\">Ja, det g\u00f6r jag. M\u00e5nga f\u00f6rstag\u00e5ngsresen\u00e4rer ans\u00f6ker framg\u00e5ngsrikt. Det viktigaste \u00e4r att f\u00f6lja konsulatets checklista, tillhandah\u00e5lla tydliga dokument och visa att du kan f\u00f6rs\u00f6rja dig sj\u00e4lv (pengar + f\u00f6rs\u00e4kring) medan ditt huvudsyfte \u00e4r att studera.<\/p>\n<\/div><\/div><div  class=\"vc_do_toggle vc_toggle vc_toggle_default vc_toggle_color_default  vc_toggle_size_md\"><div class=\"vc_toggle_title\"><h4>M\u00e5ste jag visa upp min flygbokning f\u00f6r att ans\u00f6ka?<\/h4><i class=\"vc_toggle_icon\"><\/i><\/div><div class=\"vc_toggle_content\"><p style=\"text-align: justify;\">Vissa konsulat kr\u00e4ver en flygbokning, andra inte. Kraven varierar. Vi rekommenderar att du inte k\u00f6per biljetter som inte \u00e5terbetalas f\u00f6rr\u00e4n ditt visum har godk\u00e4nts, s\u00e5vida inte ditt konsulat uttryckligen kr\u00e4ver ett k\u00f6p.<\/p>\n<\/div><\/div><div  class=\"vc_do_toggle vc_toggle vc_toggle_default vc_toggle_color_default  vc_toggle_size_md\"><div class=\"vc_toggle_title\"><h4>M\u00e5ste jag visa boende f\u00f6r att ans\u00f6ka?<\/h4><i class=\"vc_toggle_icon\"><\/i><\/div><div class=\"vc_toggle_content\"><p style=\"text-align: justify;\">Det beror p\u00e5 konsulatet. Vissa kr\u00e4ver bevis p\u00e5 boende, andra accepterar en plan. Om s\u00e5 kr\u00e4vs kan ett boende ordnat av skolan vara ett enklare alternativ eftersom skolan kan tillhandah\u00e5lla bekr\u00e4ftelsedokument.<\/p>\n<\/div><\/div><div  class=\"vc_do_toggle vc_toggle vc_toggle_default vc_toggle_color_default  vc_toggle_size_md\"><div class=\"vc_toggle_title\"><h4>Hur bevisar jag att jag har tillr\u00e4ckligt med pengar?<\/h4><i class=\"vc_toggle_icon\"><\/i><\/div><div class=\"vc_toggle_content\"><p style=\"text-align: justify;\">Konsulaten kr\u00e4ver vanligtvis bevis p\u00e5 att du kan t\u00e4cka levnadskostnaderna f\u00f6r hela vistelsen. Detta kan vara personliga kontoutdrag eller, i vissa fall, en sponsor (till exempel en f\u00f6r\u00e4lder) plus bevis p\u00e5 f\u00f6rh\u00e5llandet och sponsorns finansiella dokument. Vilka format som accepteras varierar fr\u00e5n konsulat till konsulat.<\/p>\n<\/div><\/div><div  class=\"vc_do_toggle vc_toggle vc_toggle_default vc_toggle_color_default  vc_toggle_size_md\"><div class=\"vc_toggle_title\"><h4>Kan jag anv\u00e4nda kontantsparande ist\u00e4llet f\u00f6r kontoutdrag?<\/h4><i class=\"vc_toggle_icon\"><\/i><\/div><div class=\"vc_toggle_content\"><p style=\"text-align: justify;\">De flesta konsulat f\u00f6redrar officiella finansiella dokument som kontoutdrag. Kontanter \u00e4r vanligtvis sv\u00e5ra att bevisa p\u00e5 ett godtagbart s\u00e4tt. Om dina pengar inte finns p\u00e5 ett bankkonto b\u00f6r du \u00f6verv\u00e4ga att diskutera alternativ (t.ex. att s\u00e4tta in pengar tillr\u00e4ckligt tidigt f\u00f6r att visa stabila saldon) och alltid f\u00f6lja ditt konsulats regler.<\/p>\n<\/div><\/div><div  class=\"vc_do_toggle vc_toggle vc_toggle_default vc_toggle_color_default  vc_toggle_size_md\"><div class=\"vc_toggle_title\"><h4>Vad h\u00e4nder om mina kontoutdrag inte \u00e4r p\u00e5 spanska?<\/h4><i class=\"vc_toggle_icon\"><\/i><\/div><div class=\"vc_toggle_content\"><p style=\"text-align: justify;\">Vissa konsulat accepterar dokument p\u00e5 engelska, andra kr\u00e4ver spanska \u00f6vers\u00e4ttningar. M\u00e5nga kr\u00e4ver certifierade\/beedigade \u00f6vers\u00e4ttningar. Kontrollera ditt konsulats checklista innan du \u00f6vers\u00e4tter f\u00f6r att undvika extra kostnader.<\/p>\n<\/div><\/div><div  class=\"vc_do_toggle vc_toggle vc_toggle_default vc_toggle_color_default  vc_toggle_size_md\"><div class=\"vc_toggle_title\"><h4>M\u00e5ste alla dokument vara legaliserade eller apostillerade?<\/h4><i class=\"vc_toggle_icon\"><\/i><\/div><div class=\"vc_toggle_content\"><p style=\"text-align: justify;\">Inte alltid. Legalisering\/apostille kr\u00e4vs vanligen f\u00f6r vissa officiella handlingar (s\u00e4rskilt polisintyg och ibland civila handlingar). Kravet beror p\u00e5 ditt land och ditt konsulats regler.<\/p>\n<\/div><\/div><div  class=\"vc_do_toggle vc_toggle vc_toggle_default vc_toggle_color_default  vc_toggle_size_md\"><div class=\"vc_toggle_title\"><h4>Beh\u00f6ver jag ett polisintyg (kontroll av belastningsregistret)?<\/h4><i class=\"vc_toggle_icon\"><\/i><\/div><div class=\"vc_toggle_content\"><p style=\"text-align: justify;\">Ibland. Vid l\u00e4ngre vistelser beg\u00e4r m\u00e5nga konsulat ett polisintyg. Kraven varierar beroende p\u00e5 land och s\u00f6kandens profil. Om det kr\u00e4vs kan det ocks\u00e5 beh\u00f6vas apostille\/legalisering och en auktoriserad \u00f6vers\u00e4ttning.<\/p>\n<\/div><\/div><div  class=\"vc_do_toggle vc_toggle vc_toggle_default vc_toggle_color_default  vc_toggle_size_md\"><div class=\"vc_toggle_title\"><h4>Beh\u00f6ver jag ett l\u00e4karintyg?<\/h4><i class=\"vc_toggle_icon\"><\/i><\/div><div class=\"vc_toggle_content\"><p style=\"text-align: justify;\">Vissa konsulat beg\u00e4r ett l\u00e4karintyg f\u00f6r ans\u00f6kningar om l\u00e4ngre vistelser, ofta med specifika formuleringar. Det \u00e4r inte alla konsulat som kr\u00e4ver det. Bekr\u00e4fta alltid p\u00e5 den officiella checklistan innan du betalar f\u00f6r tester.<\/p>\n<\/div><\/div><div  class=\"vc_do_toggle vc_toggle vc_toggle_default vc_toggle_color_default  vc_toggle_size_md\"><div class=\"vc_toggle_title\"><h4>Accepteras resef\u00f6rs\u00e4kring f\u00f6r studentvisum?<\/h4><i class=\"vc_toggle_icon\"><\/i><\/div><div class=\"vc_toggle_content\"><p style=\"text-align: justify;\">Vanligtvis inte. Konsulaten kr\u00e4ver vanligtvis en helt\u00e4ckande privat sjukf\u00f6rs\u00e4kring som g\u00e4ller i Spanien under hela vistelsen. Resef\u00f6rs\u00e4kringar har ofta begr\u00e4nsningar och undantag som inte uppfyller kraven f\u00f6r studentvisum.<\/p>\n<\/div><\/div><div  class=\"vc_do_toggle vc_toggle vc_toggle_default vc_toggle_color_default  vc_toggle_size_md\"><div class=\"vc_toggle_title\"><h4>Kan jag v\u00e4lja vilken spansk stad och vilken skola som helst?<\/h4><i class=\"vc_toggle_icon\"><\/i><\/div><div class=\"vc_toggle_content\"><p style=\"text-align: justify;\">Du kan v\u00e4lja m\u00e5nga alternativ, men din skola m\u00e5ste vara ordentligt etablerad och kunna utf\u00e4rda de dokument som kr\u00e4vs f\u00f6r en ans\u00f6kan om l\u00e5ngvarig vistelse. Att v\u00e4lja en ansedd, ackrediterad skola hj\u00e4lper dig att s\u00e4kerst\u00e4lla att din dokumentation \u00e4r tydlig och i linje med vanliga konsul\u00e4ra f\u00f6rv\u00e4ntningar.<\/p>\n<\/div><\/div><div  class=\"vc_do_toggle vc_toggle vc_toggle_default vc_toggle_color_default  vc_toggle_size_md\"><div class=\"vc_toggle_title\"><h4>M\u00e5ste kursen vara p\u00e5 heltid?<\/h4><i class=\"vc_toggle_icon\"><\/i><\/div><div class=\"vc_toggle_content\"><p style=\"text-align: justify;\">Ja, det st\u00e4mmer. F\u00f6r att f\u00e5 ett visum f\u00f6r l\u00e4ngre vistelse m\u00e5ste du delta i ett heltidsprogram. F\u00f6r spr\u00e5kkurser f\u00f6rv\u00e4ntar sig konsulaten ofta intensiva scheman (vanligtvis cirka 20 timmar per vecka), men de exakta kriterierna varierar fr\u00e5n konsulat till konsulat.<\/p>\n<\/div><\/div><div  class=\"vc_do_toggle vc_toggle vc_toggle_default vc_toggle_color_default  vc_toggle_size_md\"><div class=\"vc_toggle_title\"><h4>Kan jag betala kursen i delbetalningar?<\/h4><i class=\"vc_toggle_icon\"><\/i><\/div><div class=\"vc_toggle_content\"><p style=\"text-align: justify;\">Vissa skolor till\u00e5ter delbetalningar, men f\u00f6r visum\u00e4ndam\u00e5l beh\u00f6ver m\u00e5nga s\u00f6kande ett bevis p\u00e5 betalning (eller en s\u00e4rskild betalningsbekr\u00e4ftelse) innan originaldokument utf\u00e4rdas. Betalningspolicyn fastst\u00e4lls av skolan och konsulatets f\u00f6rv\u00e4ntningar.<\/p>\n<\/div><\/div><div  class=\"vc_do_toggle vc_toggle vc_toggle_default vc_toggle_color_default  vc_toggle_size_md\"><div class=\"vc_toggle_title\"><h4>F\u00e5r jag pengarna tillbaka om jag nekas visum?<\/h4><i class=\"vc_toggle_icon\"><\/i><\/div><div class=\"vc_toggle_content\"><p style=\"text-align: justify;\">\u00c5terbetalningsreglerna beror p\u00e5 skolan och de villkor du accepterade n\u00e4r du betalade. Vissa skolor \u00e5terbetalar de flesta avgifter med ett administrativt avdrag om du tillhandah\u00e5ller officiellt bevis p\u00e5 v\u00e4gran. L\u00e4s alltid igenom skolans avboknings- och \u00e5terbetalningsvillkor innan du betalar.<\/p>\n<\/div><\/div><div  class=\"vc_do_toggle vc_toggle vc_toggle_default vc_toggle_color_default  vc_toggle_size_md\"><div class=\"vc_toggle_title\"><h4>Kan jag \u00e4ndra mitt kursstartdatum om mitt visum \u00e4r f\u00f6rsenat?<\/h4><i class=\"vc_toggle_icon\"><\/i><\/div><div class=\"vc_toggle_content\"><p style=\"text-align: justify;\">Ofta ja. M\u00e5nga skolor kan flytta fram ditt startdatum om du meddelar dem i god tid. Detta beror p\u00e5 skolans policy och tillg\u00e4nglighet, s\u00e5 det \u00e4r b\u00e4st att planera flexibla datum och kommunicera s\u00e5 snart du ser en f\u00f6rsening.<\/p>\n<\/div><\/div><div  class=\"vc_do_toggle vc_toggle vc_toggle_default vc_toggle_color_default  vc_toggle_size_md\"><div class=\"vc_toggle_title\"><h4>Vad ska jag g\u00f6ra efter att mitt visum har godk\u00e4nts?<\/h4><i class=\"vc_toggle_icon\"><\/i><\/div><div class=\"vc_toggle_content\"><p style=\"text-align: justify;\">Bekr\u00e4fta kursens startdatum, ordna boende och planera din resa. Spara utskrivna och digitala kopior av dina visumhandlingar och skolans antagningshandlingar n\u00e4r du reser in i Spanien.<\/p>\n<\/div><\/div><div  class=\"vc_do_toggle vc_toggle vc_toggle_default vc_toggle_color_default  vc_toggle_size_md\"><div class=\"vc_toggle_title\"><h4>Vad \u00e4r TIE och n\u00e4r ans\u00f6ker jag om det?<\/h4><i class=\"vc_toggle_icon\"><\/i><\/div><div class=\"vc_toggle_content\"><p style=\"text-align: justify;\">Om din till\u00e5tna vistelse \u00e4r l\u00e4ngre \u00e4n 6 m\u00e5nader beh\u00f6ver du vanligtvis ett TIE (Foreigner Identity Card) efter att du anl\u00e4nt till Spanien. Det kr\u00e4ver ett m\u00f6te och s\u00e4rskilda formul\u00e4r\/avgifter. Det fungerar som ditt lokala ID som bevisar din lagliga vistelse.<\/p>\n<\/div><\/div><div  class=\"vc_do_toggle vc_toggle vc_toggle_default vc_toggle_color_default  vc_toggle_size_md\"><div class=\"vc_toggle_title\"><h4>Kan jag arbeta samtidigt som jag studerar?<\/h4><i class=\"vc_toggle_icon\"><\/i><\/div><div class=\"vc_toggle_content\"><p style=\"text-align: justify;\">Studenter kan till\u00e5tas att arbeta om det \u00e4r f\u00f6renligt med studierna. I allm\u00e4nhet b\u00f6r arbetet inte \u00f6verstiga 30 timmar per vecka. Beroende p\u00e5 din situation och typ av studier kan du ha automatiskt tillst\u00e5nd eller beh\u00f6va ett ytterligare tillst\u00e5nd.<\/p>\n<\/div><\/div><div  class=\"vc_do_toggle vc_toggle vc_toggle_default vc_toggle_color_default  vc_toggle_size_md\"><div class=\"vc_toggle_title\"><h4>Kan jag arbeta heltid under semestern?<\/h4><i class=\"vc_toggle_icon\"><\/i><\/div><div class=\"vc_toggle_content\"><p style=\"text-align: justify;\">Reglerna kan skilja sig \u00e5t beroende p\u00e5 dina auktorisationsvillkor. Vissa studenter kanske kan \u00f6ka antalet timmar under vissa perioder, medan andra inte kan det. Kontrollera alltid villkoren kopplade till ditt tillst\u00e5nd och f\u00f6lj officiella riktlinjer.<\/p>\n<\/div><\/div><div  class=\"vc_do_toggle vc_toggle vc_toggle_default vc_toggle_color_default  vc_toggle_size_md\"><div class=\"vc_toggle_title\"><h4>Kan jag arbeta online n\u00e4r jag bor i Spanien som student?<\/h4><i class=\"vc_toggle_icon\"><\/i><\/div><div class=\"vc_toggle_content\"><p style=\"text-align: justify;\">Detta kan vara komplicerat beroende p\u00e5 typ av arbete, var arbetsgivaren \u00e4r bel\u00e4gen och skatte- och socialf\u00f6rs\u00e4kringsregler. Om distansarbete \u00e4r viktigt b\u00f6r du f\u00e5 v\u00e4gledning f\u00f6r ditt specifika fall f\u00f6r att undvika framtida problem med f\u00f6rnyelser eller efterlevnad.<\/p>\n<\/div><\/div><div  class=\"vc_do_toggle vc_toggle vc_toggle_default vc_toggle_color_default  vc_toggle_size_md\"><div class=\"vc_toggle_title\"><h4>Kan jag f\u00f6rnya min studentvistelse inifr\u00e5n Spanien?<\/h4><i class=\"vc_toggle_icon\"><\/i><\/div><div class=\"vc_toggle_content\"><p style=\"text-align: justify;\">Ofta ja, om du forts\u00e4tter att uppfylla kraven (inskrivning, n\u00e4rvaro\/framsteg, medel och f\u00f6rs\u00e4kring). Tidsfrister och dokument f\u00f6r f\u00f6rnyelse varierar, s\u00e5 b\u00f6rja f\u00f6rbereda dig tidigt.<\/p>\n<\/div><\/div><div  class=\"vc_do_toggle vc_toggle vc_toggle_default vc_toggle_color_default  vc_toggle_size_md\"><div class=\"vc_toggle_title\"><h4>Kan jag byta fr\u00e5n studentvistelse till arbetstillst\u00e5nd senare?<\/h4><i class=\"vc_toggle_icon\"><\/i><\/div><div class=\"vc_toggle_content\"><p style=\"text-align: justify;\">I vissa fall kan det vara m\u00f6jligt att \u00e4ndra status efter att ha uppfyllt s\u00e4rskilda krav (t.ex. tid i Spanien, villkor f\u00f6r jobberbjudande och efterlevnad). Reglerna beror p\u00e5 din situation och g\u00e4llande lagstiftning vid den aktuella tidpunkten.<\/p>\n<\/div><\/div><div  class=\"vc_do_toggle vc_toggle vc_toggle_default vc_toggle_color_default  vc_toggle_size_md\"><div class=\"vc_toggle_title\"><h4>Kan HolaSpain kontrollera mina dokument innan jag skickar in dem?<\/h4><i class=\"vc_toggle_icon\"><\/i><\/div><div class=\"vc_toggle_content\"><p style=\"text-align: justify;\">Vi kan granska de skolrelaterade dokumenten och guida dig genom konsulatets checklista. Konsulatet fattar det slutliga beslutet, men vi hj\u00e4lper dig att f\u00f6rbereda en ren och konsekvent ans\u00f6kningsfil som \u00e4r anpassad till de officiella kraven och din specifika studieplan.<\/p>\n<\/div><\/div>\n\t<div class=\"wpb_text_column wpb_content_element\" >\n\t\t<div class=\"wpb_wrapper\">\n\t\t\t<blockquote>\n<p style=\"text-align: justify;\"><strong>\u00c4r du fortfarande os\u00e4ker p\u00e5 ditt \u00e4rende?<\/strong> Om du ber\u00e4ttar f\u00f6r oss vilken nationalitet du har, var du ska s\u00f6ka, vilken typ av kurs du vill g\u00e5 och hur l\u00e4nge du planerar att studera, kan HolaSpain hj\u00e4lpa dig att v\u00e4lja en godk\u00e4nd skola och organisera registreringsdokumenten s\u00e5 att din ans\u00f6kan blir s\u00e5 tydlig och konsekvent som m\u00f6jligt.<\/p>\n<\/blockquote>\n\n\t\t<\/div>\n\t<\/div>\n<\/div><\/div><\/div><\/div>\n<\/div>","protected":false},"excerpt":{"rendered":"<p>\u00c4r du f\u00f6rvirrad \u00f6ver Spaniens studentvisumprocess? H\u00e4r f\u00e5r du svar p\u00e5 de vanligaste fr\u00e5gorna om krav, dokument, tidsramar, arbete under studietiden och vad du ska g\u00f6ra efter ankomsten. <\/p>","protected":false},"author":1,"featured_media":2425,"parent":0,"menu_order":0,"comment_status":"closed","ping_status":"closed","template":"","meta":{"_seopress_robots_primary_cat":"","_seopress_titles_title":"%%sitetitle%% %%sep%% %%post_title%%","_seopress_titles_desc":"Clear answers to Spain student visa questions: Type D vs Schengen, required documents, health insurance, proof of funds, processing times, TIE, working while studying, and renewals.","_seopress_robots_index":"","_daextam_enable_autolinks":"1","footnotes":""},"categories":[73],"tags":[],"class_list":["post-2403","page","type-page","status-publish","has-post-thumbnail","hentry","category-visa"],"_links":{"self":[{"href":"https:\/\/holaspain.agency\/sv\/wp-json\/wp\/v2\/pages\/2403","targetHints":{"allow":["GET"]}}],"collection":[{"href":"https:\/\/holaspain.agency\/sv\/wp-json\/wp\/v2\/pages"}],"about":[{"href":"https:\/\/holaspain.agency\/sv\/wp-json\/wp\/v2\/types\/page"}],"author":[{"embeddable":true,"href":"https:\/\/holaspain.agency\/sv\/wp-json\/wp\/v2\/users\/1"}],"replies":[{"embeddable":true,"href":"https:\/\/holaspain.agency\/sv\/wp-json\/wp\/v2\/comments?post=2403"}],"version-history":[{"count":7,"href":"https:\/\/holaspain.agency\/sv\/wp-json\/wp\/v2\/pages\/2403\/revisions"}],"predecessor-version":[{"id":2431,"href":"https:\/\/holaspain.agency\/sv\/wp-json\/wp\/v2\/pages\/2403\/revisions\/2431"}],"wp:featuredmedia":[{"embeddable":true,"href":"https:\/\/holaspain.agency\/sv\/wp-json\/wp\/v2\/media\/2425"}],"wp:attachment":[{"href":"https:\/\/holaspain.agency\/sv\/wp-json\/wp\/v2\/media?parent=2403"}],"wp:term":[{"taxonomy":"category","embeddable":true,"href":"https:\/\/holaspain.agency\/sv\/wp-json\/wp\/v2\/categories?post=2403"},{"taxonomy":"post_tag","embeddable":true,"href":"https:\/\/holaspain.agency\/sv\/wp-json\/wp\/v2\/tags?post=2403"}],"curies":[{"name":"wp","href":"https:\/\/api.w.org\/{rel}","templated":true}]}}