{"id":2393,"date":"2026-01-13T18:13:04","date_gmt":"2026-01-13T18:13:04","guid":{"rendered":"https:\/\/holaspain.agency\/?page_id=2393"},"modified":"2026-01-13T18:15:27","modified_gmt":"2026-01-13T18:15:27","slug":"langtidskurser-i-spanska-faqs","status":"publish","type":"page","link":"https:\/\/holaspain.agency\/sv\/long-term-spanish-courses-faqs\/","title":{"rendered":"Vanliga fr\u00e5gor om l\u00e5ngtidskurser i spanska"},"content":{"rendered":"<div class=\"wpb-content-wrapper\"><div class=\"vc_row wpb_row vc_row-fluid\"><div class=\"wpb_column vc_column_container vc_col-sm-12\"><div class=\"vc_column-inner\"><div class=\"wpb_wrapper\">\n\t<div class=\"wpb_text_column wpb_content_element\" >\n\t\t<div class=\"wpb_wrapper\">\n\t\t\t<h1 style=\"text-align: justify;\">Vanliga fr\u00e5gor om spanska studentvisum och l\u00e5ngtidskurser<\/h1>\n<p style=\"text-align: justify;\" data-start=\"307\" data-end=\"456\">Vanliga fr\u00e5gor om l\u00e5ngvariga spanska kurser i Spanien. L\u00e4s om studentvisum, arbete under studietiden, semester, f\u00f6rnyelser och hur du v\u00e4ljer den b\u00e4sta staden.<\/p>\n\n\t\t<\/div>\n\t<\/div>\n<div  class=\"vc_do_toggle vc_toggle vc_toggle_default vc_toggle_color_default  vc_toggle_size_md\"><div class=\"vc_toggle_title\"><h4>Varf\u00f6r v\u00e4lja Spanien f\u00f6r l\u00e5ngtidsstudier?<\/h4><i class=\"vc_toggle_icon\"><\/i><\/div><div class=\"vc_toggle_content\"><p style=\"text-align: justify;\" data-start=\"317\" data-end=\"452\">Spanien \u00e4r ett av de enklaste och mest prisv\u00e4rda l\u00e4nderna i Europa f\u00f6r internationella vuxna som vill studera, bo och arbeta lagligt.<\/p>\n<\/div><\/div><div  class=\"vc_do_toggle vc_toggle vc_toggle_default vc_toggle_color_default  vc_toggle_size_md\"><div class=\"vc_toggle_title\"><h4>Beh\u00f6ver jag visum f\u00f6r att studera i Spanien?<\/h4><i class=\"vc_toggle_icon\"><\/i><\/div><div class=\"vc_toggle_content\"><p data-start=\"505\" data-end=\"609\">Ja, om du \u00e4r medborgare i ett land utanf\u00f6r EU och stannar i mer \u00e4n 90 dagar kr\u00e4vs ett spanskt studentvisum f\u00f6re ankomst.<\/p>\n<\/div><\/div><div  class=\"vc_do_toggle vc_toggle vc_toggle_default vc_toggle_color_default  vc_toggle_size_md\"><div class=\"vc_toggle_title\"><h4>G\u00e4ller dessa program f\u00f6r ans\u00f6kan om studentvisum?<\/h4><i class=\"vc_toggle_icon\"><\/i><\/div><div class=\"vc_toggle_content\"><p data-start=\"684\" data-end=\"781\">Ja, det g\u00f6r vi. Alla 6- och 12-m\u00e5nadersprogram som listas \u00e4r utformade f\u00f6r att uppfylla spanska visumkrav f\u00f6r studenter.<\/p>\n<\/div><\/div><div  class=\"vc_do_toggle vc_toggle vc_toggle_default vc_toggle_color_default  vc_toggle_size_md\"><div class=\"vc_toggle_title\"><h4>Kan jag arbeta i Spanien med ett studentvisum?<\/h4><i class=\"vc_toggle_icon\"><\/i><\/div><div class=\"vc_toggle_content\"><p data-start=\"839\" data-end=\"943\">Ja, innehavare av studentvisum kan arbeta deltid, f\u00f6rutsatt att jobbet \u00e4r f\u00f6renligt med deras kursschema.<\/p>\n<\/div><\/div><div  class=\"vc_do_toggle vc_toggle vc_toggle_default vc_toggle_color_default  vc_toggle_size_md\"><div class=\"vc_toggle_title\"><h4>Hur m\u00e5nga timmar kan jag arbeta samtidigt som jag studerar?<\/h4><i class=\"vc_toggle_icon\"><\/i><\/div><div class=\"vc_toggle_content\"><p data-start=\"1002\" data-end=\"1108\">I de flesta fall kan upp till <strong data-start=\"1023\" data-end=\"1044\">30 timmar per vecka<\/strong>, beroende p\u00e5 g\u00e4llande regler och ditt anst\u00e4llningsavtal.<\/p>\n<\/div><\/div><div  class=\"vc_do_toggle vc_toggle vc_toggle_default vc_toggle_color_default  vc_toggle_size_md\"><div class=\"vc_toggle_title\"><h4>Inkluderar l\u00e5ngvariga spanska kurser semester?<\/h4><i class=\"vc_toggle_icon\"><\/i><\/div><div class=\"vc_toggle_content\"><p data-start=\"1172\" data-end=\"1264\">Ja, det g\u00f6r jag. L\u00e5ngsiktiga program omfattar <strong data-start=\"1206\" data-end=\"1234\">officiella semesterperioder<\/strong> inom den akademiska kalendern.<\/p>\n<\/div><\/div><div  class=\"vc_do_toggle vc_toggle vc_toggle_default vc_toggle_color_default  vc_toggle_size_md\"><div class=\"vc_toggle_title\"><h4>P\u00e5verkar semestern mitt visum eller min r\u00e4ttsliga status?<\/h4><i class=\"vc_toggle_icon\"><\/i><\/div><div class=\"vc_toggle_content\"><p data-start=\"1325\" data-end=\"1420\">Semester \u00e4r en del av programmets l\u00e4ngd och <strong data-start=\"1377\" data-end=\"1419\">inte avbryta eller p\u00e5verka ditt uppeh\u00e5llstillst\u00e5nd<\/strong>.<\/p>\n<\/div><\/div><div  class=\"vc_do_toggle vc_toggle vc_toggle_default vc_toggle_color_default  vc_toggle_size_md\"><div class=\"vc_toggle_title\"><h4>Kan jag resa under semestern?<\/h4><i class=\"vc_toggle_icon\"><\/i><\/div><div class=\"vc_toggle_content\"><p data-start=\"1471\" data-end=\"1574\">Ja, du kan resa under officiella helgdagar s\u00e5 l\u00e4nge du respekterar villkoren f\u00f6r visum och uppeh\u00e5llstillst\u00e5nd.<\/p>\n<\/div><\/div><div  class=\"vc_do_toggle vc_toggle vc_toggle_default vc_toggle_color_default  vc_toggle_size_md\"><div class=\"vc_toggle_title\"><h4>Vilken spansk niv\u00e5 beh\u00f6ver jag f\u00f6r att b\u00f6rja?<\/h4><i class=\"vc_toggle_icon\"><\/i><\/div><div class=\"vc_toggle_content\"><p data-start=\"1630\" data-end=\"1731\">Inga tidigare kunskaper i spanska kr\u00e4vs. Kurser \u00e4r tillg\u00e4ngliga fr\u00e5n <strong data-start=\"1690\" data-end=\"1730\">absolut nyb\u00f6rjare till avancerad niv\u00e5<\/strong>.<\/p>\n<\/div><\/div><div  class=\"vc_do_toggle vc_toggle vc_toggle_default vc_toggle_color_default  vc_toggle_size_md\"><div class=\"vc_toggle_title\"><h4>Finns det n\u00e5gon \u00e5ldersgr\u00e4ns f\u00f6r dessa kurser?<\/h4><i class=\"vc_toggle_icon\"><\/i><\/div><div class=\"vc_toggle_content\"><p data-start=\"1789\" data-end=\"1863\">Nej, dessa program \u00e4r utformade f\u00f6r <strong data-start=\"1827\" data-end=\"1862\">vuxna studenter som \u00e4r 18 \u00e5r och \u00e4ldre<\/strong>.<\/p>\n<\/div><\/div><div  class=\"vc_do_toggle vc_toggle vc_toggle_default vc_toggle_color_default  vc_toggle_size_md\"><div class=\"vc_toggle_title\"><h4>Vilken stad \u00e4r b\u00e4st f\u00f6r budgetv\u00e4nliga alternativ?<\/h4><i class=\"vc_toggle_icon\"><\/i><\/div><div class=\"vc_toggle_content\"><p data-start=\"1928\" data-end=\"2020\">Alicante offers the <strong data-start=\"1948\" data-end=\"1984\">de mest \u00f6verkomliga priserna p\u00e5 l\u00e5ng sikt<\/strong>, s\u00e4rskilt f\u00f6r 20-timmarsprogram.<\/p>\n<\/div><\/div><div  class=\"vc_do_toggle vc_toggle vc_toggle_default vc_toggle_color_default  vc_toggle_size_md\"><div class=\"vc_toggle_title\"><h4>Vilken stad \u00e4r b\u00e4st n\u00e4r det g\u00e4ller arbetsm\u00f6jligheter och livsstil?<\/h4><i class=\"vc_toggle_icon\"><\/i><\/div><div class=\"vc_toggle_content\"><p data-start=\"2094\" data-end=\"2192\">Valencia is a modern, international city with strong job opportunities and a high quality of life.<\/p>\n<\/div><\/div><div  class=\"vc_do_toggle vc_toggle vc_toggle_default vc_toggle_color_default  vc_toggle_size_md\"><div class=\"vc_toggle_title\"><h4>Vilken stad \u00e4r b\u00e4st f\u00f6r kulturell f\u00f6rdjupning?<\/h4><i class=\"vc_toggle_icon\"><\/i><\/div><div class=\"vc_toggle_content\"><p data-start=\"2252\" data-end=\"2341\">Granada is a traditional university city, ideal for full language and cultural immersion.<\/p>\n<\/div><\/div><div  class=\"vc_do_toggle vc_toggle vc_toggle_default vc_toggle_color_default  vc_toggle_size_md\"><div class=\"vc_toggle_title\"><h4>Kan jag f\u00f6rl\u00e4nga eller f\u00f6rnya min vistelse efter 12 m\u00e5nader?<\/h4><i class=\"vc_toggle_icon\"><\/i><\/div><div class=\"vc_toggle_content\"><p data-start=\"2405\" data-end=\"2515\">I m\u00e5nga fall, ja. Studentvisum kan ofta vara <strong data-start=\"2452\" data-end=\"2463\">f\u00f6rnyad<\/strong> om du forts\u00e4tter att studera och uppfyller kraven.<\/p>\n<\/div><\/div><div  class=\"vc_do_toggle vc_toggle vc_toggle_default vc_toggle_color_default  vc_toggle_size_md\"><div class=\"vc_toggle_title\"><h4>Hj\u00e4lper HolaSpain till med boende?<\/h4><i class=\"vc_toggle_icon\"><\/i><\/div><div class=\"vc_toggle_content\"><p data-start=\"2572\" data-end=\"2690\">Ja, det \u00e4r m\u00f6jligt. Boendealternativ som v\u00e4rdfamiljer, studentbost\u00e4der och privata l\u00e4genheter finns tillg\u00e4ngliga p\u00e5 beg\u00e4ran.<\/p>\n<\/div><\/div><div  class=\"vc_do_toggle vc_toggle vc_toggle_default vc_toggle_color_default  vc_toggle_size_md\"><div class=\"vc_toggle_title\"><h4>Hj\u00e4lper HolaSpain till med visumprocessen?<\/h4><i class=\"vc_toggle_icon\"><\/i><\/div><div class=\"vc_toggle_content\"><p data-start=\"2752\" data-end=\"2888\">HolaSpain ger v\u00e4gledning om skolinskrivning och n\u00f6dv\u00e4ndig dokumentation, s\u00e5 att du kan f\u00f6rbereda dig ordentligt innan du ans\u00f6ker om visum.<\/p>\n<\/div><\/div><\/div><\/div><\/div><\/div>\n<\/div>","protected":false},"excerpt":{"rendered":"<p>Ackrediterade l\u00e5ngvariga spanska kurser f\u00f6r vuxna som vill bo och studera i Spanien i 6-12 m\u00e5nader, som kombinerar intensiva lektioner, kulturell neds\u00e4nkning och fullt visum och lokalt st\u00f6d.<\/p>","protected":false},"author":1,"featured_media":2394,"parent":0,"menu_order":0,"comment_status":"closed","ping_status":"closed","template":"","meta":{"_seopress_robots_primary_cat":"","_seopress_titles_title":"%%sitetitle%% %%sep%% %%post_title%%","_seopress_titles_desc":"Accredited long-term Spanish courses in Spain for adults. Visa-ready programmes with 20\u201325 hours weekly, full support, and top destinations.","_seopress_robots_index":"","_daextam_enable_autolinks":"1","footnotes":""},"categories":[62],"tags":[],"class_list":["post-2393","page","type-page","status-publish","has-post-thumbnail","hentry","category-courses"],"_links":{"self":[{"href":"https:\/\/holaspain.agency\/sv\/wp-json\/wp\/v2\/pages\/2393","targetHints":{"allow":["GET"]}}],"collection":[{"href":"https:\/\/holaspain.agency\/sv\/wp-json\/wp\/v2\/pages"}],"about":[{"href":"https:\/\/holaspain.agency\/sv\/wp-json\/wp\/v2\/types\/page"}],"author":[{"embeddable":true,"href":"https:\/\/holaspain.agency\/sv\/wp-json\/wp\/v2\/users\/1"}],"replies":[{"embeddable":true,"href":"https:\/\/holaspain.agency\/sv\/wp-json\/wp\/v2\/comments?post=2393"}],"version-history":[{"count":3,"href":"https:\/\/holaspain.agency\/sv\/wp-json\/wp\/v2\/pages\/2393\/revisions"}],"predecessor-version":[{"id":2397,"href":"https:\/\/holaspain.agency\/sv\/wp-json\/wp\/v2\/pages\/2393\/revisions\/2397"}],"wp:featuredmedia":[{"embeddable":true,"href":"https:\/\/holaspain.agency\/sv\/wp-json\/wp\/v2\/media\/2394"}],"wp:attachment":[{"href":"https:\/\/holaspain.agency\/sv\/wp-json\/wp\/v2\/media?parent=2393"}],"wp:term":[{"taxonomy":"category","embeddable":true,"href":"https:\/\/holaspain.agency\/sv\/wp-json\/wp\/v2\/categories?post=2393"},{"taxonomy":"post_tag","embeddable":true,"href":"https:\/\/holaspain.agency\/sv\/wp-json\/wp\/v2\/tags?post=2393"}],"curies":[{"name":"wp","href":"https:\/\/api.w.org\/{rel}","templated":true}]}}