{"id":2391,"date":"2026-01-13T18:05:04","date_gmt":"2026-01-13T18:05:04","guid":{"rendered":"https:\/\/holaspain.agency\/?page_id=2391"},"modified":"2026-04-09T08:01:26","modified_gmt":"2026-04-09T08:01:26","slug":"avgifter-for-langtidskurser-i-spanska","status":"publish","type":"page","link":"https:\/\/holaspain.agency\/sv\/long-term-spanish-courses-fees\/","title":{"rendered":"Avgifter f\u00f6r l\u00e5ngtidskurser i spanska"},"content":{"rendered":"<div class=\"wpb-content-wrapper\"><div class=\"vc_row wpb_row vc_row-fluid\"><div class=\"wpb_column vc_column_container vc_col-sm-12\"><div class=\"vc_column-inner\"><div class=\"wpb_wrapper\">\n\t<div class=\"wpb_text_column wpb_content_element\" >\n\t\t<div class=\"wpb_wrapper\">\n\t\t\t<h1 style=\"text-align: justify;\">Priser f\u00f6r l\u00e5ngtidskurser i spanska i Spanien (6 &amp; 12 m\u00e5nader)<\/h1>\n<p style=\"text-align: justify;\"><em>Giltig f\u00f6r visumans\u00f6kningar 2026-2027<\/em><\/p>\n<blockquote>\n<p style=\"text-align: justify;\">Compare long-term Spanish course prices by city (Valencia, Alicante, Salamanca, Madrid, Granada and Barcelona). All programmes below are suitable for students who need a Spanish study visa and include official holiday periods within the programme duration.<\/p>\n<\/blockquote>\n<h2 style=\"text-align: justify;\">Spanska l\u00e5ngtidskurser - Prisj\u00e4mf\u00f6relse per stad (20h\/vecka)<\/h2>\n<table style=\"width: 100%; border-collapse: collapse; text-align: left; table-layout: fixed;\">\n<thead>\n<tr>\n<th style=\"border: 1px solid #ddd; padding: 10px; width: 20%;\">Stad<\/th>\n<th style=\"border: 1px solid #ddd; padding: 10px; width: 15%;\">Timmar \/ vecka<\/th>\n<th style=\"border: 1px solid #ddd; padding: 10px; width: 20%;\">24 veckor<\/th>\n<th style=\"border: 1px solid #ddd; padding: 10px; width: 20%;\">48 veckor<\/th>\n<th style=\"border: 1px solid #ddd; padding: 10px; width: 25%;\">B\u00e4st f\u00f6r<\/th>\n<\/tr>\n<\/thead>\n<tbody>\n<tr>\n<td style=\"border: 1px solid #ddd; padding: 10px;\"><strong>Valencia<\/strong><\/td>\n<td style=\"border: 1px solid #ddd; padding: 10px;\">20h<\/td>\n<td style=\"border: 1px solid #ddd; padding: 10px;\"><span style=\"text-decoration: line-through; color: #888;\">\u20ac2,040<\/span><br \/>\n<strong style=\"color: #ad1519; font-weight: bold;\"> -10% \u20ac 1,836<\/strong><\/td>\n<td style=\"border: 1px solid #ddd; padding: 10px;\"><span style=\"text-decoration: line-through; color: #888;\">\u20ac4,080<\/span><br \/>\n<strong style=\"color: #ad1519; font-weight: bold;\"> -15% \u20ac 3,468<\/strong><\/td>\n<td style=\"border: 1px solid #ddd; padding: 10px; word-wrap: break-word;\">B\u00e4sta totalv\u00e4rde f\u00f6r ett studentvisum (l\u00e4gsta totalkostnad)<\/td>\n<\/tr>\n<tr>\n<td style=\"border: 1px solid #ddd; padding: 10px;\"><strong>Alicante<\/strong><\/td>\n<td style=\"border: 1px solid #ddd; padding: 10px;\">20h<\/td>\n<td style=\"border: 1px solid #ddd; padding: 10px;\"><strong>\u20ac2,040<\/strong><\/td>\n<td style=\"border: 1px solid #ddd; padding: 10px;\"><strong>\u20ac3,600<\/strong><\/td>\n<td style=\"border: 1px solid #ddd; padding: 10px; word-wrap: break-word;\">Strandlivsstil + l\u00e4gre levnadskostnader (perfekt f\u00f6r l\u00e4ngre vistelser)<\/td>\n<\/tr>\n<tr>\n<td style=\"border: 1px solid #ddd; padding: 10px;\"><strong>Salamanca<\/strong><\/td>\n<td style=\"border: 1px solid #ddd; padding: 10px;\">20h<\/td>\n<td style=\"border: 1px solid #ddd; padding: 10px;\">\u20ac2,740<\/td>\n<td style=\"border: 1px solid #ddd; padding: 10px;\">\u20ac5,980<\/td>\n<td style=\"border: 1px solid #ddd; padding: 10px; word-wrap: break-word;\">Snabb spr\u00e5kutveckling (klassisk studentstad)<\/td>\n<\/tr>\n<tr>\n<td style=\"border: 1px solid #ddd; padding: 10px;\"><strong>Madrid<\/strong><\/td>\n<td style=\"border: 1px solid #ddd; padding: 10px;\">20h<\/td>\n<td style=\"border: 1px solid #ddd; padding: 10px;\">\u20ac3,130<\/td>\n<td style=\"border: 1px solid #ddd; padding: 10px;\">\u20ac6,970<\/td>\n<td style=\"border: 1px solid #ddd; padding: 10px; word-wrap: break-word;\">M\u00f6jligheter i storstad + n\u00e4tverkande<\/td>\n<\/tr>\n<tr>\n<td style=\"border: 1px solid #ddd; padding: 10px;\"><strong>Granada<\/strong><\/td>\n<td style=\"border: 1px solid #ddd; padding: 10px;\">20h<\/td>\n<td style=\"border: 1px solid #ddd; padding: 10px;\">\u20ac3,140<\/td>\n<td style=\"border: 1px solid #ddd; padding: 10px;\">\u20ac6,220<\/td>\n<td style=\"border: 1px solid #ddd; padding: 10px; word-wrap: break-word;\">Autentisk kultur + prisv\u00e4rd livsstil<\/td>\n<\/tr>\n<tr>\n<td style=\"border: 1px solid #ddd; padding: 10px;\"><strong>Barcelona<\/strong><\/td>\n<td style=\"border: 1px solid #ddd; padding: 10px;\">20h<\/td>\n<td style=\"border: 1px solid #ddd; padding: 10px;\">\u20ac3,960<\/td>\n<td style=\"border: 1px solid #ddd; padding: 10px;\">\u20ac6,600<\/td>\n<td style=\"border: 1px solid #ddd; padding: 10px; word-wrap: break-word;\">Internationell milj\u00f6 + karri\u00e4rk\u00e4nsla<\/td>\n<\/tr>\n<\/tbody>\n<\/table>\n<h3 style=\"text-align: justify;\"><strong>Rabatten g\u00e4ller t.o.m:<\/strong> 30\/04\/2026<br \/>\n<strong>Valencia promotion:<\/strong> <span style=\"text-decoration: line-through; color: #888;\">\u20ac2,040<\/span> <strong style=\"color: #ad1519;\">\u20ac1,836 (-10%)<\/strong> under 24 veckor <span style=\"text-decoration: line-through; color: #888;\">\u20ac4,080<\/span> <strong style=\"color: #ad1519;\">\u20ac3,468 (-15%)<\/strong> under 48 veckor<\/h3>\n<p style=\"text-align: justify;\"><strong>Detaljer om paketet:<\/strong><br \/>\n24 veckor = 20 veckors undervisning + 4 veckors semester<br \/>\n48 veckor = 40 veckors undervisning + 8 veckors semester<\/p>\n<h2 style=\"text-align: justify;\">Varf\u00f6r Valencia \u00e4r det b\u00e4sta valet (tidsbegr\u00e4nsad rabatt)<\/h2>\n<p style=\"text-align: justify;\">Om din fr\u00e4msta prioritet \u00e4r att f\u00e5 <strong>b\u00e4sta priset f\u00f6r en kurs f\u00f6r studentvisum<\/strong> without compromising on the lifestyle, Valencia is currently the strongest option.<br \/>\nWith the limited-time promotion, Valencia becomes the <strong>l\u00e4gsta kostnad 20h\/vecka l\u00e5ngsiktigt program<\/strong> p\u00e5 den h\u00e4r listan - perfekt f\u00f6r studenter som vill ha ett p\u00e5litligt visumv\u00e4nligt format och en livlig stad med tillg\u00e5ng till stranden.<\/p>\n<ul style=\"text-align: justify;\">\n<li><strong>L\u00e4gsta totalkostnad:<\/strong> Valencia \u00e4r f\u00f6r n\u00e4rvarande det billigaste alternativet p\u00e5 grund av kampanjen (fr\u00e5n <strong style=\"color: #ad1519;\">\u20ac1,836<\/strong> under 24 veckor).<\/li>\n<li><strong>Visav\u00e4nlig struktur:<\/strong> I programmet ing\u00e5r officiella semesterperioder i den totala l\u00e4ngden (viktigt f\u00f6r l\u00e5nga vistelser).<\/li>\n<li><strong>H\u00f6g livskvalitet:<\/strong> Modern stad, internationell gemenskap och medelhavslivsstil.<\/li>\n<li><strong>Budgetf\u00f6rdelar ut\u00f6ver terminsavgiften:<\/strong> Valencia erbjuder ofta ett b\u00e4ttre f\u00f6rh\u00e5llande mellan kostnad och livsstil \u00e4n st\u00f6rre st\u00e4der.<\/li>\n<\/ul>\n<h2 style=\"text-align: justify;\">S\u00e5 v\u00e4ljer du din stad<\/h2>\n<p style=\"text-align: justify;\">Att v\u00e4lja r\u00e4tt stad f\u00f6r en l\u00e5ngvarig spanskkurs beror p\u00e5 dina prioriteringar: livsstil, inlevelse, akademisk rytm och vilken typ av upplevelse du vill ha under en 6-12 m\u00e5naders vistelse. H\u00e4r \u00e4r en enkel guide som hj\u00e4lper dig att best\u00e4mma dig.<\/p>\n<ul style=\"text-align: justify;\">\n<li><strong>Valencia (b\u00e4sta totala balans):<\/strong> En stark blandning av kustlivsstil och en seri\u00f6s studierutin. Akademiskt sett \u00e4r det ett utm\u00e4rkt alternativ f\u00f6r l\u00e5ngtidsstuderande som vill g\u00f6ra stadiga framsteg med en konsekvent veckorytm och samtidigt njuta av en modern medelhavsstad.<\/li>\n<li><strong>Alicante (kust + avslappnade l\u00e5nga vistelser):<\/strong> Perfekt f\u00f6r dig som vill ha strandliv och ett lugnare tempo, samtidigt som du kan h\u00e5lla ett visumv\u00e4nligt studieschema. Perfekt f\u00f6r studenter som f\u00f6redrar en mindre kuststad.<\/li>\n<li><strong>Salamanca (maximal neds\u00e4nkning):<\/strong> Ett av de b\u00e4sta valen om du prioriterar djup spr\u00e5kf\u00f6rdjupning och f\u00e4rre distraktioner. Klassisk studentstadsatmosf\u00e4r som naturligt st\u00f6der snabbare framsteg.<\/li>\n<li><strong>Madrid (m\u00f6jligheter till storstad):<\/strong> B\u00e4st f\u00f6r studenter som vill ha huvudstadens energi, kultur och n\u00e4tverk. Det passar dig som trivs i en milj\u00f6 med h\u00f6gt tempo och som kan h\u00e5lla disciplinen under ett l\u00e5ngt program.<\/li>\n<li><strong>Granada (autentisk kultur + prisv\u00e4rdhet):<\/strong> Perfekt f\u00f6r studenter som vill ha en traditionell andalusisk upplevelse, en stark lokal atmosf\u00e4r och en studentv\u00e4nlig atmosf\u00e4r som st\u00f6der l\u00e5nga vistelser.<\/li>\n<li><strong>Barcelona (internationell livsstil):<\/strong> B\u00e4st om du vill ha en mycket internationell stad med ett stort antal utlandsstationerade. Passar bra f\u00f6r studenter som v\u00e4rdes\u00e4tter en global atmosf\u00e4r vid sidan av sina spanskstudier.<\/li>\n<\/ul>\n<h3 style=\"text-align: justify;\">Studentst\u00f6d och visumv\u00e4gledning<\/h3>\n<p style=\"text-align: justify;\">HolaSpain hj\u00e4lper dig genom hela processen, inklusive inskrivning i skolan och den dokumentation som vanligtvis kr\u00e4vs f\u00f6r visumans\u00f6kningar, t.ex. <strong>anm\u00e4lningsbrev<\/strong> och <strong>Betalningsbekr\u00e4ftelse<\/strong>.<br \/>\nVi hj\u00e4lper dig fr\u00e5n den f\u00f6rsta f\u00f6rfr\u00e5gan till din ankomst till Spanien.<\/p>\n<blockquote>\n<p style=\"text-align: justify;\">Dessa program \u00e4r utformade f\u00f6r vuxna elever \u00f6ver 18 \u00e5r som vill bo och studera i Spanien i 6 till 12 m\u00e5nader. Inga tidigare kunskaper i spanska kr\u00e4vs.<\/p>\n<\/blockquote>\n\n\t\t<\/div>\n\t<\/div>\n<section class=\"vc_cta3-container\"><div class=\"vc_general vc_do_cta3 vc_cta3 vc_cta3-style-outline vc_cta3-shape-rounded vc_cta3-align-left vc_cta3-color-classic vc_cta3-icon-size-md vc_cta3-icons-left vc_cta3-actions-right\"><div class=\"vc_cta3-icons\"><div class=\"vc_icon_element vc_icon_element-outer vc_do_icon vc_icon_element-align-left\"><div class=\"vc_icon_element-inner vc_icon_element-color-turquoise vc_icon_element-size-md vc_icon_element-style- vc_icon_element-background-color-grey\" ><span class=\"vc_icon_element-icon fa fa-solid fa-arrow-right-from-bracket\" ><\/span><\/div><\/div><\/div><div class=\"vc_cta3_content-container\"><div class=\"vc_cta3-content\"><header class=\"vc_cta3-content-header\"><h2>B\u00f6rja ditt spanska \u00e4ventyr idag!<\/h2><\/header><p>Har du fr\u00e5gor eller vill du hitta den perfekta spanskakursen? Kontakta HolaSpain idag och l\u00e5t oss hj\u00e4lpa dig att planera din inl\u00e4rningsupplevelse i Spanien.<\/p>\n<\/div><div class=\"vc_cta3-actions\"><div class=\"vc_btn3-container vc_btn3-inline vc_do_btn\" ><a class=\"vc_general vc_btn3 vc_btn3-size-md vc_btn3-shape-rounded vc_btn3-style-modern vc_btn3-color-info\" href=\"https:\/\/holaspain.agency\/sv\/#contact\" title=\"\">N\u00e5 ut idag<\/a><\/div><\/div><\/div><\/div><\/section><\/div><\/div><\/div><\/div>\n<\/div>","protected":false},"excerpt":{"rendered":"<p>Ackrediterade l\u00e5ngvariga spanska kurser f\u00f6r vuxna som vill bo och studera i Spanien i 6-12 m\u00e5nader, som kombinerar intensiva lektioner, kulturell neds\u00e4nkning och fullt visum och lokalt st\u00f6d.<\/p>","protected":false},"author":1,"featured_media":2389,"parent":0,"menu_order":0,"comment_status":"closed","ping_status":"closed","template":"","meta":{"_seopress_robots_primary_cat":"","_seopress_titles_title":"%%sitetitle%% %%sep%% %%post_title%%","_seopress_titles_desc":"","_seopress_robots_index":"","_daextam_enable_autolinks":"1","footnotes":""},"categories":[],"tags":[],"class_list":["post-2391","page","type-page","status-publish","has-post-thumbnail","hentry"],"_links":{"self":[{"href":"https:\/\/holaspain.agency\/sv\/wp-json\/wp\/v2\/pages\/2391","targetHints":{"allow":["GET"]}}],"collection":[{"href":"https:\/\/holaspain.agency\/sv\/wp-json\/wp\/v2\/pages"}],"about":[{"href":"https:\/\/holaspain.agency\/sv\/wp-json\/wp\/v2\/types\/page"}],"author":[{"embeddable":true,"href":"https:\/\/holaspain.agency\/sv\/wp-json\/wp\/v2\/users\/1"}],"replies":[{"embeddable":true,"href":"https:\/\/holaspain.agency\/sv\/wp-json\/wp\/v2\/comments?post=2391"}],"version-history":[{"count":20,"href":"https:\/\/holaspain.agency\/sv\/wp-json\/wp\/v2\/pages\/2391\/revisions"}],"predecessor-version":[{"id":2633,"href":"https:\/\/holaspain.agency\/sv\/wp-json\/wp\/v2\/pages\/2391\/revisions\/2633"}],"wp:featuredmedia":[{"embeddable":true,"href":"https:\/\/holaspain.agency\/sv\/wp-json\/wp\/v2\/media\/2389"}],"wp:attachment":[{"href":"https:\/\/holaspain.agency\/sv\/wp-json\/wp\/v2\/media?parent=2391"}],"wp:term":[{"taxonomy":"category","embeddable":true,"href":"https:\/\/holaspain.agency\/sv\/wp-json\/wp\/v2\/categories?post=2391"},{"taxonomy":"post_tag","embeddable":true,"href":"https:\/\/holaspain.agency\/sv\/wp-json\/wp\/v2\/tags?post=2391"}],"curies":[{"name":"wp","href":"https:\/\/api.w.org\/{rel}","templated":true}]}}