{"id":2310,"date":"2026-01-06T10:40:09","date_gmt":"2026-01-06T10:40:09","guid":{"rendered":"https:\/\/holaspain.agency\/?page_id=2310"},"modified":"2026-01-06T13:44:33","modified_gmt":"2026-01-06T13:44:33","slug":"schemalagg-ditt-videosamtal","status":"publish","type":"page","link":"https:\/\/holaspain.agency\/sv\/schedule-your-video-call\/","title":{"rendered":"Boka ditt videosamtal"},"content":{"rendered":"<div class=\"wpb-content-wrapper\"><div class=\"vc_row wpb_row vc_row-fluid\"><div class=\"wpb_column vc_column_container vc_col-sm-12\"><div class=\"vc_column-inner\"><div class=\"wpb_wrapper\">\n\t<div class=\"wpb_text_column wpb_content_element\" >\n\t\t<div class=\"wpb_wrapper\">\n\t\t\t<h2 style=\"text-align: justify;\" data-pm-slice=\"0 0 &#091;&#093;\">L\u00e5t oss tala om din Spanien-plan<\/h2>\n<blockquote>\n<p style=\"text-align: justify;\" data-pm-slice=\"0 0 &#091;&#093;\">Funderar du p\u00e5 att flytta till Spanien, studera spanska eller utforska arbetsm\u00f6jligheter i Spanien? Det b\u00e4sta s\u00e4ttet att f\u00e5 tydliga svar \u00e4r att prata direkt med v\u00e5rt team.<\/p>\n<\/blockquote>\n<p style=\"text-align: justify;\">Boka ett kostnadsfritt videosamtal med en r\u00e5dgivare och ber\u00e4tta om dina m\u00e5l. Vi hj\u00e4lper dig att f\u00f6rst\u00e5 dina alternativ, f\u00f6rklarar processen steg f\u00f6r steg och ser hur vi kan hj\u00e4lpa dig - helt utan f\u00f6rpliktelser.<\/p>\n<h3 style=\"text-align: justify;\">Vad du kommer att f\u00e5 i samtalet:<\/h3>\n<ul>\n<li style=\"text-align: justify;\">Personlig v\u00e4gledning baserad p\u00e5 din situation<\/li>\n<li style=\"text-align: justify;\">Tydliga svar om visum, studier, arbete eller omlokalisering<\/li>\n<li style=\"text-align: justify;\">\u00c4rlig r\u00e5dgivning om n\u00e4sta steg och tidsramar<\/li>\n<\/ul>\n<p style=\"text-align: justify;\">V\u00e4lj en tid som passar dig och boka ditt videosamtal nedan. Vi ser fram emot att tr\u00e4ffa dig.<\/p>\n\n\t\t<\/div>\n\t<\/div>\n\n\t<div class=\"wpb_text_column wpb_content_element\" >\n\t\t<div class=\"wpb_wrapper\">\n\t\t\t<div class=\"meetings-iframe-container\" data-src=\"https:\/\/meetings-eu1.hubspot.com\/marcelo-lopez-anido?embed=true\"><\/div>\n<p><script type=\"text\/javascript\" src=\"https:\/\/static.hsappstatic.net\/MeetingsEmbed\/ex\/MeetingsEmbedCode.js\"><\/script><br \/>\n<!-- End of Meetings Embed Script --><\/p>\n\n\t\t<\/div>\n\t<\/div>\n<\/div><\/div><\/div><\/div>\n<\/div>","protected":false},"excerpt":{"rendered":"Let\u2019s Talk About Your Spain Plan Thinking about moving to Spain, studying Spanish, or exploring work opportunities in Spain? The best way to get clear answers is to talk directly with our team. Book a free video call with an advisor and tell us about your goals. We\u2019ll help you...","protected":false},"author":1,"featured_media":0,"parent":0,"menu_order":0,"comment_status":"closed","ping_status":"closed","template":"","meta":{"_seopress_robots_primary_cat":"","_seopress_titles_title":"","_seopress_titles_desc":"","_seopress_robots_index":"","_daextam_enable_autolinks":"1","footnotes":""},"categories":[],"tags":[],"class_list":["post-2310","page","type-page","status-publish","hentry"],"_links":{"self":[{"href":"https:\/\/holaspain.agency\/sv\/wp-json\/wp\/v2\/pages\/2310","targetHints":{"allow":["GET"]}}],"collection":[{"href":"https:\/\/holaspain.agency\/sv\/wp-json\/wp\/v2\/pages"}],"about":[{"href":"https:\/\/holaspain.agency\/sv\/wp-json\/wp\/v2\/types\/page"}],"author":[{"embeddable":true,"href":"https:\/\/holaspain.agency\/sv\/wp-json\/wp\/v2\/users\/1"}],"replies":[{"embeddable":true,"href":"https:\/\/holaspain.agency\/sv\/wp-json\/wp\/v2\/comments?post=2310"}],"version-history":[{"count":6,"href":"https:\/\/holaspain.agency\/sv\/wp-json\/wp\/v2\/pages\/2310\/revisions"}],"predecessor-version":[{"id":2326,"href":"https:\/\/holaspain.agency\/sv\/wp-json\/wp\/v2\/pages\/2310\/revisions\/2326"}],"wp:attachment":[{"href":"https:\/\/holaspain.agency\/sv\/wp-json\/wp\/v2\/media?parent=2310"}],"wp:term":[{"taxonomy":"category","embeddable":true,"href":"https:\/\/holaspain.agency\/sv\/wp-json\/wp\/v2\/categories?post=2310"},{"taxonomy":"post_tag","embeddable":true,"href":"https:\/\/holaspain.agency\/sv\/wp-json\/wp\/v2\/tags?post=2310"}],"curies":[{"name":"wp","href":"https:\/\/api.w.org\/{rel}","templated":true}]}}