{"id":2250,"date":"2025-11-24T12:59:14","date_gmt":"2025-11-24T12:59:14","guid":{"rendered":"https:\/\/holaspain.agency\/?page_id=2250"},"modified":"2026-01-13T12:12:09","modified_gmt":"2026-01-13T12:12:09","slug":"erasmus-plus-professionella-kurser-priser","status":"publish","type":"page","link":"https:\/\/holaspain.agency\/sv\/erasmus-plus-professional-courses-prices\/","title":{"rendered":"Erasmus Plus Professional - kurser och priser"},"content":{"rendered":"<div class=\"wpb-content-wrapper\"><div class=\"vc_row wpb_row vc_row-fluid\"><div class=\"wpb_column vc_column_container vc_col-sm-12\"><div class=\"vc_column-inner\"><div class=\"wpb_wrapper\">\n\t<div class=\"wpb_text_column wpb_content_element\" >\n\t\t<div class=\"wpb_wrapper\">\n\t\t\t<h1>Erasmus+ kurser i spanska i Spanien<\/h1>\n<h2>V\u00e4lj din destination: Madrid, Barcelona, Valencia, Alicante eller Granada<\/h2>\n<p>Spanish programmes for Erasmus+ students who need a minimum of 20 hours per week. Below you can compare 1-week and 2-week all-inclusive packages (course + accommodation + airport transfers).<\/p>\n<h3>1 vecka all-inclusive j\u00e4mf\u00f6relse<\/h3>\n<h5>(20 timmars kurs + boende + flygplatstransfer)<\/h5>\n<p>Boende som ing\u00e5r i denna j\u00e4mf\u00f6relse: enkelrum i delad l\u00e4genhet. Totalsummorna inkluderar registrering och eventuella till\u00e4mpliga boendeavgifter.<\/p>\n<table>\n<thead>\n<tr>\n<th>Stad<\/th>\n<th>20h Kurs<\/th>\n<th>Boende<\/th>\n<th>Registreringsavgift<\/th>\n<th>Avgift f\u00f6r logi<\/th>\n<th>Transfer (ankomst + avresa)<\/th>\n<th>Total uppskattning (all-inclusive)<\/th>\n<\/tr>\n<\/thead>\n<tbody>\n<tr>\n<td class=\"city\">Alicante<\/td>\n<td>125 \u20ac<\/td>\n<td>120 \u20ac<\/td>\n<td>60 \u20ac<\/td>\n<td>\u2014<\/td>\n<td>100 \u20ac<\/td>\n<td><strong>405 \u20ac<\/strong><\/td>\n<\/tr>\n<tr>\n<td class=\"city\">Granada<\/td>\n<td>125 \u20ac<\/td>\n<td>120 \u20ac<\/td>\n<td>60 \u20ac<\/td>\n<td>\u2014<\/td>\n<td>80 \u20ac<\/td>\n<td><strong>385 \u20ac<\/strong><\/td>\n<\/tr>\n<tr>\n<td class=\"city\">Barcelona<\/td>\n<td>135 \u20ac<\/td>\n<td>165 \u20ac<\/td>\n<td>60 \u20ac<\/td>\n<td>80 \u20ac<\/td>\n<td>180 \u20ac<\/td>\n<td><strong>620 \u20ac<\/strong><\/td>\n<\/tr>\n<tr>\n<td class=\"city\">Madrid<\/td>\n<td>170 \u20ac<\/td>\n<td>175 \u20ac<\/td>\n<td>60 \u20ac<\/td>\n<td>35 \u20ac<\/td>\n<td>130 \u20ac<\/td>\n<td><strong>570 \u20ac<\/strong><\/td>\n<\/tr>\n<tr>\n<td class=\"city\">Valencia<\/td>\n<td>162 \u20ac<\/td>\n<td>215 \u20ac<\/td>\n<td>\u2014<\/td>\n<td>\u2014<\/td>\n<td>140 \u20ac<\/td>\n<td><strong>517 \u20ac<\/strong><\/td>\n<\/tr>\n<\/tbody>\n<\/table>\n<h3>2 veckors all-inclusive j\u00e4mf\u00f6relse<\/h3>\n<h5>(20 timmars kurs + boende + flygplatstransfer)<\/h5>\n<p>Boende som ing\u00e5r i denna j\u00e4mf\u00f6relse: enkelrum i delad l\u00e4genhet. Totalsummorna inkluderar registrering och eventuella till\u00e4mpliga boendeavgifter.<\/p>\n<table>\n<thead>\n<tr>\n<th>Stad<\/th>\n<th>20h Kurs<\/th>\n<th>Boende<\/th>\n<th>Registreringsavgift<\/th>\n<th>Avgift f\u00f6r logi<\/th>\n<th>Transfer (ankomst + avresa)<\/th>\n<th>Total uppskattning (all-inclusive)<\/th>\n<\/tr>\n<\/thead>\n<tbody>\n<tr>\n<td class=\"city\">Alicante<\/td>\n<td>250 \u20ac<\/td>\n<td>240 \u20ac<\/td>\n<td>60 \u20ac<\/td>\n<td>\u2014<\/td>\n<td>100 \u20ac<\/td>\n<td><strong>650 \u20ac<\/strong><\/td>\n<\/tr>\n<tr>\n<td class=\"city\">Granada<\/td>\n<td>250 \u20ac<\/td>\n<td>240 \u20ac<\/td>\n<td>60 \u20ac<\/td>\n<td>\u2014<\/td>\n<td>80 \u20ac<\/td>\n<td><strong>630 \u20ac<\/strong><\/td>\n<\/tr>\n<tr>\n<td class=\"city\">Barcelona<\/td>\n<td>270 \u20ac<\/td>\n<td>330 \u20ac<\/td>\n<td>60 \u20ac<\/td>\n<td>80 \u20ac<\/td>\n<td>180 \u20ac<\/td>\n<td><strong>920 \u20ac<\/strong><\/td>\n<\/tr>\n<tr>\n<td class=\"city\">Madrid<\/td>\n<td>340 \u20ac<\/td>\n<td>350 \u20ac<\/td>\n<td>60 \u20ac<\/td>\n<td>35 \u20ac<\/td>\n<td>130 \u20ac<\/td>\n<td><strong>915 \u20ac<\/strong><\/td>\n<\/tr>\n<tr>\n<td class=\"city\">Valencia<\/td>\n<td>284 \u20ac<\/td>\n<td>430 \u20ac<\/td>\n<td>\u2014<\/td>\n<td>\u2014<\/td>\n<td>140 \u20ac<\/td>\n<td><strong>854 \u20ac<\/strong><\/td>\n<\/tr>\n<\/tbody>\n<\/table>\n<h3>Krav f\u00f6r Erasmus+: 20 timmar per vecka<\/h3>\n<p>To meet Erasmus+ requirements, the recommended option is a 20-hour per week intensive course. A placement test and a participation certificate are provided.<\/p>\n<h2>Information om badrummet p\u00e5 boendet<\/h2>\n<p>Boendet \u00e4r vanligtvis med delat badrum. Om du f\u00f6redrar ett eget badrum kan du beg\u00e4ra det, i m\u00e5n av tillg\u00e5ng och eventuellt mot en extra kostnad.<\/p>\n<h2>Vad ing\u00e5r i upplevelsen<\/h2>\n<ul>\n<li>20 timmar spanskkurs per vecka (enligt Erasmus+)<\/li>\n<li>Placeringstest<\/li>\n<li>Deltagarintyg<\/li>\n<li>Dagliga kulturella lektioner och aktiviteter<\/li>\n<li>Helgaktiviteter tillg\u00e4ngliga (gratis och betalda). Betalda aktiviteter m\u00e5ste bokas p\u00e5 den f\u00f6rsta kursdagen.<\/li>\n<\/ul>\n<h2>\u00d6verf\u00f6ringar not<\/h2>\n<p>Flygplatstransfer kan ordnas som ett till\u00e4gg, men vi rekommenderar starkt att du inkluderar det f\u00f6r att k\u00e4nna dig helt lugn vid ankomst och avresa. Det \u00e4r d\u00e4rf\u00f6r totalsummorna ovan visas som all-inclusive.<\/p>\n<h2>Hur du bokar<\/h2>\n<ol>\n<li>V\u00e4lj stad och varaktighet (1 eller 2 veckor)<\/li>\n<li>Bekr\u00e4fta din niv\u00e5 och \u00f6nskat startdatum<\/li>\n<li>Vi beg\u00e4r bekr\u00e4ftelse p\u00e5 tillg\u00e4nglighet (kurs + boende + transfer)<\/li>\n<li>Du slutf\u00f6r registrering och betalning<\/li>\n<li>Du f\u00e5r en officiell bekr\u00e4ftelse och dokumentation<\/li>\n<li>Under din f\u00f6rsta dag kan du boka in alla betalda helgaktiviteter som du vill delta i<\/li>\n<\/ol>\n\n\t\t<\/div>\n\t<\/div>\n<section class=\"vc_cta3-container\"><div class=\"vc_general vc_do_cta3 vc_cta3 vc_cta3-style-outline vc_cta3-shape-rounded vc_cta3-align-left vc_cta3-color-classic vc_cta3-icon-size-md vc_cta3-icons-left vc_cta3-actions-right\"><div class=\"vc_cta3-icons\"><div class=\"vc_icon_element vc_icon_element-outer vc_do_icon vc_icon_element-align-left\"><div class=\"vc_icon_element-inner vc_icon_element-color-turquoise vc_icon_element-size-md vc_icon_element-style- vc_icon_element-background-color-grey\" ><span class=\"vc_icon_element-icon fa fa-solid fa-arrow-right-from-bracket\" ><\/span><\/div><\/div><\/div><div class=\"vc_cta3_content-container\"><div class=\"vc_cta3-content\"><header class=\"vc_cta3-content-header\"><h2>\u00c4r du redo att planera din Erasmus+-resa?<\/h2><\/header><p style=\"text-align: justify;\" data-pm-slice=\"0 0 &#091;&#093;\">Ber\u00e4tta vilken stad du f\u00f6redrar, startdatum och varaktighet s\u00e5 skickar vi dig en personlig offert med allt inkluderat. Vi hj\u00e4lper dig steg f\u00f6r steg med tillg\u00e4nglighet, bokning, ankomstinformation och allt du beh\u00f6ver f\u00f6r att komma ig\u00e5ng med full sinnesfrid.<\/p>\n<\/div><div class=\"vc_cta3-actions\"><div class=\"vc_btn3-container vc_btn3-inline vc_do_btn\" ><a class=\"vc_general vc_btn3 vc_btn3-size-md vc_btn3-shape-rounded vc_btn3-style-modern vc_btn3-color-info\" href=\"https:\/\/holaspain.agency\/sv\/#contact\" title=\"\">N\u00e5 ut idag<\/a><\/div><\/div><\/div><\/div><\/section><\/div><\/div><\/div><\/div>\n<\/div>","protected":false},"excerpt":{"rendered":"<p>All-inclusive Erasmus+ Spanish courses in Spain. Study 20h\/week in Madrid, Barcelona, Valencia, Alicante or Granada with accommodation, activities and transfers.<\/p>","protected":false},"author":1,"featured_media":2372,"parent":0,"menu_order":0,"comment_status":"closed","ping_status":"closed","template":"","meta":{"_seopress_robots_primary_cat":"","_seopress_titles_title":"%%sitetitle%% %%sep%% Erasmus+ \u2013 Courses and Prices","_seopress_titles_desc":"All-inclusive Erasmus+ courses in Spain. Study 20h\/week in Madrid, Barcelona, Valencia, Alicante or Granada with accommodation, activities and transfers.","_seopress_robots_index":"","_daextam_enable_autolinks":"1","footnotes":""},"categories":[],"tags":[],"class_list":["post-2250","page","type-page","status-publish","has-post-thumbnail","hentry"],"_links":{"self":[{"href":"https:\/\/holaspain.agency\/sv\/wp-json\/wp\/v2\/pages\/2250","targetHints":{"allow":["GET"]}}],"collection":[{"href":"https:\/\/holaspain.agency\/sv\/wp-json\/wp\/v2\/pages"}],"about":[{"href":"https:\/\/holaspain.agency\/sv\/wp-json\/wp\/v2\/types\/page"}],"author":[{"embeddable":true,"href":"https:\/\/holaspain.agency\/sv\/wp-json\/wp\/v2\/users\/1"}],"replies":[{"embeddable":true,"href":"https:\/\/holaspain.agency\/sv\/wp-json\/wp\/v2\/comments?post=2250"}],"version-history":[{"count":14,"href":"https:\/\/holaspain.agency\/sv\/wp-json\/wp\/v2\/pages\/2250\/revisions"}],"predecessor-version":[{"id":2375,"href":"https:\/\/holaspain.agency\/sv\/wp-json\/wp\/v2\/pages\/2250\/revisions\/2375"}],"wp:featuredmedia":[{"embeddable":true,"href":"https:\/\/holaspain.agency\/sv\/wp-json\/wp\/v2\/media\/2372"}],"wp:attachment":[{"href":"https:\/\/holaspain.agency\/sv\/wp-json\/wp\/v2\/media?parent=2250"}],"wp:term":[{"taxonomy":"category","embeddable":true,"href":"https:\/\/holaspain.agency\/sv\/wp-json\/wp\/v2\/categories?post=2250"},{"taxonomy":"post_tag","embeddable":true,"href":"https:\/\/holaspain.agency\/sv\/wp-json\/wp\/v2\/tags?post=2250"}],"curies":[{"name":"wp","href":"https:\/\/api.w.org\/{rel}","templated":true}]}}