{"id":2240,"date":"2025-11-24T11:15:15","date_gmt":"2025-11-24T11:15:15","guid":{"rendered":"https:\/\/holaspain.agency\/?page_id=2240"},"modified":"2026-02-03T14:31:36","modified_gmt":"2026-02-03T14:31:36","slug":"program-for-sportintroduktion-i-spanien","status":"publish","type":"page","link":"https:\/\/holaspain.agency\/sv\/sports-immersion-programmes-in-spain\/","title":{"rendered":"Program f\u00f6r sportintroduktion i Spanien"},"content":{"rendered":"<div class=\"wpb-content-wrapper\"><div class=\"vc_row wpb_row vc_row-fluid\"><div class=\"wpb_column vc_column_container vc_col-sm-12\"><div class=\"vc_column-inner\"><div class=\"wpb_wrapper\">\n\t<div class=\"wpb_text_column wpb_content_element\" >\n\t\t<div class=\"wpb_wrapper\">\n\t\t\t<h1 style=\"text-align: justify;\">Program f\u00f6r sportintroduktion i Spanien<\/h1>\n<p style=\"text-align: justify;\"><em>Tr\u00e4na, t\u00e4vla och f\u00f6rb\u00e4ttra dina f\u00e4rdigheter i hj\u00e4rtat av Spanien<\/em><\/p>\n<blockquote>\n<p style=\"text-align: justify;\">Ta med ditt team eller din grupp till Spanien f\u00f6r en <strong>uppslukande sportupplevelse<\/strong> utformade f\u00f6r att utveckla f\u00e4rdigheter, lagarbete och sj\u00e4lvf\u00f6rtroende. V\u00e5ra program \u00e4r helt inriktade p\u00e5 <strong>fotboll (soccer), basket och andra lagsporter<\/strong>, d\u00e4r professionell coachning kombineras med strukturerade tr\u00e4ningspass och riktiga t\u00e4vlingsmatcher.<\/p>\n<\/blockquote>\n<h2 style=\"text-align: justify;\">Varf\u00f6r v\u00e4lja HolaSpain Sportprogram<\/h2>\n<ul style=\"text-align: justify;\">\n<li><strong>Kunnig tr\u00e4narstab<\/strong> med yrkeserfarenhet<\/li>\n<li><strong>Strukturerade utbildningsscheman<\/strong> f\u00f6r utveckling av f\u00e4rdigheter och taktisk f\u00f6rst\u00e5else<\/li>\n<li><strong>Aktiviteter f\u00f6r teambuilding<\/strong> att f\u00f6rb\u00e4ttra sammanh\u00e5llning och kommunikation<\/li>\n<li><strong>T\u00e4vlingsmatcher och turneringar<\/strong> mot lokala lag<\/li>\n<li><strong>Skr\u00e4ddarsydda program<\/strong> f\u00f6r alla niv\u00e5er, fr\u00e5n nyb\u00f6rjare till avancerade spelare<\/li>\n<li><strong>S\u00e4ker och \u00f6vervakad milj\u00f6<\/strong> med medicinskt st\u00f6d tillg\u00e4ngligt<\/li>\n<\/ul>\n<h3 style=\"text-align: justify;\">Programalternativ<\/h3>\n<ul style=\"text-align: justify;\">\n<li>Sommarl\u00e4ger f\u00f6r fotboll och basket<\/li>\n<li>Program f\u00f6r spelarutveckling<\/li>\n<li>Teamresor och coachningsprogram<\/li>\n<li>Praktikplatser f\u00f6r assisterande tr\u00e4nare och inom sportindustrin<\/li>\n<li>Helgturneringar och v\u00e4nskapsmatcher<\/li>\n<\/ul>\n<h2 style=\"text-align: justify;\">Platser<\/h2>\n<p style=\"text-align: justify;\">Tr\u00e4na och spela i de b\u00e4sta spanska st\u00e4derna som <strong>Valencia<\/strong>, Du f\u00e5r tillg\u00e5ng till anl\u00e4ggningar i v\u00e4rldsklass, professionella arenor och tr\u00e4ningscenter. Kombinera intensiv tr\u00e4ning med verklig matchupplevelse i en trygg och inspirerande omgivning.<\/p>\n<h2 style=\"text-align: justify;\">Varf\u00f6r studenterna \u00e4lskar v\u00e5ra sportprogram<\/h2>\n<ul style=\"text-align: justify;\">\n<li>F\u00f6rb\u00e4ttra tekniska och taktiska f\u00e4rdigheter<\/li>\n<li>Bygga upp lagarbete och ledarskap<\/li>\n<li>Upplev den spanska sportkulturen p\u00e5 n\u00e4ra h\u00e5ll<\/li>\n<li>Tr\u00e4ffa kollegor fr\u00e5n hela Europa<\/li>\n<li>Njut av strukturerade, utmanande och roliga sessioner<\/li>\n<\/ul>\n<blockquote>\n<p style=\"text-align: justify;\">Missa inte chansen att ge ditt team en of\u00f6rgl\u00f6mlig upplevelse i Spanien. Med HolaSpain's <strong>expertcoaching, skr\u00e4ddarsydda program och fullt st\u00f6d<\/strong>, kommer dina spelare att <strong>tr\u00e4na h\u00e5rdare, spela smartare och v\u00e4xa som ett lag<\/strong>. <strong>Kontakta oss idag<\/strong> f\u00f6r att s\u00e4kra din plats och ta ditt lag till n\u00e4sta niv\u00e5.<\/p>\n<\/blockquote>\n\n\t\t<\/div>\n\t<\/div>\n<section class=\"vc_cta3-container\"><div class=\"vc_general vc_do_cta3 vc_cta3 vc_cta3-style-outline vc_cta3-shape-rounded vc_cta3-align-left vc_cta3-color-classic vc_cta3-icon-size-md vc_cta3-icons-left vc_cta3-actions-right\"><div class=\"vc_cta3-icons\"><div class=\"vc_icon_element vc_icon_element-outer vc_do_icon vc_icon_element-align-left\"><div class=\"vc_icon_element-inner vc_icon_element-color-turquoise vc_icon_element-size-md vc_icon_element-style- vc_icon_element-background-color-grey\" ><span class=\"vc_icon_element-icon fa fa-solid fa-arrow-right-from-bracket\" ><\/span><\/div><\/div><\/div><div class=\"vc_cta3_content-container\"><div class=\"vc_cta3-content\"><header class=\"vc_cta3-content-header\"><h2>\u00c4r du redo att st\u00e4rka ditt team?<\/h2><\/header><p style=\"text-align: justify;\"><strong>Beg\u00e4r exempel p\u00e5 program, scheman och priser idag. HolaSpain erbjuder skr\u00e4ddarsydda sportprogram, professionell coachning och fullt st\u00f6d fr\u00e5n ankomst till avresa, s\u00e5 att ditt team f\u00e5r en of\u00f6rgl\u00f6mlig och s\u00f6ml\u00f6s upplevelse.<\/strong><\/p>\n<\/div><div class=\"vc_cta3-actions\"><div class=\"vc_btn3-container vc_btn3-inline vc_do_btn\" ><a class=\"vc_general vc_btn3 vc_btn3-size-md vc_btn3-shape-rounded vc_btn3-style-modern vc_btn3-color-info\" href=\"https:\/\/holaspain.agency\/sv\/#contact\" title=\"\">N\u00e5 ut idag<\/a><\/div><\/div><\/div><\/div><\/section><\/div><\/div><\/div><\/div>\n<\/div>","protected":false},"excerpt":{"rendered":"<p>Ge ditt ungdomslag en of\u00f6rgl\u00f6mlig idrottsupplevelse i Spanien med HolaSpain: professionell coachning, skr\u00e4ddarsydd tr\u00e4ning och fullt st\u00f6d fr\u00e5n b\u00f6rjan till slut.<\/p>","protected":false},"author":1,"featured_media":2242,"parent":0,"menu_order":0,"comment_status":"closed","ping_status":"closed","template":"","meta":{"_seopress_robots_primary_cat":"","_seopress_titles_title":"%%sitetitle%% %%sep%% Sports immersion programmes","_seopress_titles_desc":"Sports immersion programmes in Spain for youth teams. Custom training, professional coaching, and full support with HolaSpain.","_seopress_robots_index":"","_daextam_enable_autolinks":"1","footnotes":""},"categories":[62],"tags":[],"class_list":["post-2240","page","type-page","status-publish","has-post-thumbnail","hentry","category-courses"],"_links":{"self":[{"href":"https:\/\/holaspain.agency\/sv\/wp-json\/wp\/v2\/pages\/2240","targetHints":{"allow":["GET"]}}],"collection":[{"href":"https:\/\/holaspain.agency\/sv\/wp-json\/wp\/v2\/pages"}],"about":[{"href":"https:\/\/holaspain.agency\/sv\/wp-json\/wp\/v2\/types\/page"}],"author":[{"embeddable":true,"href":"https:\/\/holaspain.agency\/sv\/wp-json\/wp\/v2\/users\/1"}],"replies":[{"embeddable":true,"href":"https:\/\/holaspain.agency\/sv\/wp-json\/wp\/v2\/comments?post=2240"}],"version-history":[{"count":3,"href":"https:\/\/holaspain.agency\/sv\/wp-json\/wp\/v2\/pages\/2240\/revisions"}],"predecessor-version":[{"id":2244,"href":"https:\/\/holaspain.agency\/sv\/wp-json\/wp\/v2\/pages\/2240\/revisions\/2244"}],"wp:featuredmedia":[{"embeddable":true,"href":"https:\/\/holaspain.agency\/sv\/wp-json\/wp\/v2\/media\/2242"}],"wp:attachment":[{"href":"https:\/\/holaspain.agency\/sv\/wp-json\/wp\/v2\/media?parent=2240"}],"wp:term":[{"taxonomy":"category","embeddable":true,"href":"https:\/\/holaspain.agency\/sv\/wp-json\/wp\/v2\/categories?post=2240"},{"taxonomy":"post_tag","embeddable":true,"href":"https:\/\/holaspain.agency\/sv\/wp-json\/wp\/v2\/tags?post=2240"}],"curies":[{"name":"wp","href":"https:\/\/api.w.org\/{rel}","templated":true}]}}