{"id":2123,"date":"2025-11-10T16:04:04","date_gmt":"2025-11-10T16:04:04","guid":{"rendered":"https:\/\/holaspain.agency\/?page_id=2123"},"modified":"2026-02-05T18:23:18","modified_gmt":"2026-02-05T18:23:18","slug":"langtidskurser-i-spanska-for-vuxna","status":"publish","type":"page","link":"https:\/\/holaspain.agency\/sv\/long-term-spanish-courses-for-adults\/","title":{"rendered":"L\u00e5ngsiktiga spanska kurser f\u00f6r vuxna"},"content":{"rendered":"<div class=\"wpb-content-wrapper\"><div class=\"vc_row wpb_row vc_row-fluid\"><div class=\"wpb_column vc_column_container vc_col-sm-12\"><div class=\"vc_column-inner\"><div class=\"wpb_wrapper\">\n\t<div class=\"wpb_text_column wpb_content_element\" >\n\t\t<div class=\"wpb_wrapper\">\n\t\t\t<h1 style=\"text-align: justify;\">L\u00e5ngtidskurser i spanska i Spanien f\u00f6r vuxna<\/h1>\n<p style=\"text-align: justify;\"><em>Giltig f\u00f6r visumans\u00f6kningar 2026-2027<\/em><\/p>\n<blockquote>\n<p style=\"text-align: justify;\">HolaSpain erbjuder ackrediterade l\u00e5ngtidskurser i spanska i Spanien f\u00f6r studenter som beh\u00f6ver ett studievisum. V\u00e5ra program kombinerar spr\u00e5kundervisning, kulturell f\u00f6rdjupning och fullt st\u00f6d f\u00f6re och under din vistelse i Spanien.<\/p>\n<\/blockquote>\n\n\t\t<\/div>\n\t<\/div>\n<\/div><\/div><\/div><\/div><div class=\"vc_row wpb_row vc_row-fluid\"><div class=\"wpb_column vc_column_container vc_col-sm-12\"><div class=\"vc_column-inner\"><div class=\"wpb_wrapper\">\n\t<div class=\"wpb_text_column wpb_content_element\" >\n\t\t<div class=\"wpb_wrapper\">\n\t\t\t<h2 style=\"text-align: justify;\">Programalternativ - L\u00e5ngvariga kurser i spanska<\/h2>\n<ul style=\"text-align: justify;\">\n<li><strong>Halv\u00e5rsutbildning<\/strong> - 22 veckors undervisning + 4 veckors semester<\/li>\n<li><strong>Hel\u00e5rskurs<\/strong> - 44 veckors undervisning + 8 veckors semester<\/li>\n<\/ul>\n<p style=\"text-align: justify;\">Kurserna \u00e4r tillg\u00e4ngliga med <strong>20 eller 25 timmar per vecka<\/strong>, beroende p\u00e5 dina inl\u00e4rningsm\u00e5l och visumkrav.<\/p>\n<h3 style=\"text-align: justify;\">Vad ing\u00e5r i din spanska kurs<\/h3>\n<ul style=\"text-align: justify;\">\n<li>Intensiva lektioner (alla niv\u00e5er) med kvalificerade l\u00e4rare<\/li>\n<li>Intyg om n\u00e4rvaro och avslut<\/li>\n<li>Hj\u00e4lp med lokala transporter och kulturella utflykter<\/li>\n<li>Lokal support och visumr\u00e5dgivning dygnet runt<\/li>\n<li>Boende och flygplatstransfer p\u00e5 beg\u00e4ran<\/li>\n<\/ul>\n<h3 style=\"text-align: justify;\">L\u00e4randem\u00e5l - L\u00e4r dig spanska i Spanien<\/h3>\n<ul style=\"text-align: justify;\">\n<li>Utveckla sj\u00e4lvf\u00f6rtroende f\u00f6r att tala spanska i vardagliga situationer<\/li>\n<li>F\u00f6rb\u00e4ttra grammatik, ordf\u00f6rr\u00e5d och uttal<\/li>\n<li>F\u00f6rst\u00e5 spansk kultur och spanska traditioner<\/li>\n<li>F\u00f6rbereda dig f\u00f6r officiella prov som DELE eller SIELE (valfritt)<\/li>\n<\/ul>\n<h3 style=\"text-align: justify;\">Boendealternativ f\u00f6r studenter<\/h3>\n<ul style=\"text-align: justify;\">\n<li>Noggrant utvalda <strong>v\u00e4rdfamiljer<\/strong> f\u00f6r full neds\u00e4nkning<\/li>\n<li><strong>Studentbost\u00e4der<\/strong> med tillsyn och gemensamma faciliteter<\/li>\n<li>Privata l\u00e4genheter tillg\u00e4ngliga p\u00e5 beg\u00e4ran<\/li>\n<\/ul>\n<h3 style=\"text-align: justify;\">Studiedestinationer i Spanien<\/h3>\n<p style=\"text-align: justify;\">V\u00e4lj bland de b\u00e4sta destinationerna i hela Spanien, inklusive <strong>Alicante, Valencia, Madrid, Barcelona, Malaga, Salamanca och Seville<\/strong>. Alla partnerskolor \u00e4r ackrediterade och centralt bel\u00e4gna och erbjuder moderna faciliteter och v\u00e4lkomnande milj\u00f6er.<\/p>\n<h3 style=\"text-align: justify;\">Studentst\u00f6d och visumv\u00e4gledning<\/h3>\n<p style=\"text-align: justify;\">HolaSpain tillhandah\u00e5ller alla n\u00f6dv\u00e4ndiga dokument f\u00f6r visumans\u00f6kningar, inklusive det officiella <strong>anm\u00e4lningsbrev<\/strong> och <strong>Betalningsbekr\u00e4ftelse<\/strong>. V\u00e5rt team hj\u00e4lper till under hela processen fram till din ankomst till Spanien.<\/p>\n<blockquote>\n<p style=\"text-align: justify;\">These programmes are designed for adult learners aged 18 and over who wish to live and study in Spain for 6 to 12 months. No previous Spanish knowledge is required. Available for Bildungsurlaub, Erasmus+ and CSN (Centrala studiest\u00f6dsn\u00e4mnden).<\/p>\n<\/blockquote>\n\n\t\t<\/div>\n\t<\/div>\n<\/div><\/div><\/div><\/div><div class=\"vc_row wpb_row vc_row-fluid\"><div class=\"wpb_column vc_column_container vc_col-sm-6\"><div class=\"vc_column-inner\"><div class=\"wpb_wrapper\"><div class=\"vc_btn3-container vc_btn3-center vc_do_btn\" ><a class=\"vc_general vc_btn3 vc_btn3-size-lg vc_btn3-shape-rounded vc_btn3-style-modern vc_btn3-color-black\" href=\"https:\/\/holaspain.agency\/sv\/avgifter-for-langtidskurser-i-spanska\/\" title=\"Avgifter f\u00f6r l\u00e5ngtidskurser i spanska\">J\u00e4mf\u00f6r priser och f\u00e5 mitt b\u00e4sta alternativ<\/a><\/div><\/div><\/div><\/div><div class=\"wpb_column vc_column_container vc_col-sm-6\"><div class=\"vc_column-inner\"><div class=\"wpb_wrapper\"><div class=\"vc_btn3-container vc_btn3-center vc_do_btn\" ><a class=\"vc_general vc_btn3 vc_btn3-size-lg vc_btn3-shape-rounded vc_btn3-style-modern vc_btn3-color-black\" href=\"https:\/\/holaspain.agency\/sv\/langtidskurser-i-spanska-faqs\/\" title=\"Avgifter f\u00f6r l\u00e5ngtidskurser i spanska\">F\u00e5 svar p\u00e5 Min studieplan i Spanien<\/a><\/div><\/div><\/div><\/div><\/div><div class=\"vc_row wpb_row vc_row-fluid\"><div class=\"wpb_column vc_column_container vc_col-sm-12\"><div class=\"vc_column-inner\"><div class=\"wpb_wrapper\"><section class=\"vc_cta3-container\"><div class=\"vc_general vc_do_cta3 vc_cta3 vc_cta3-style-outline vc_cta3-shape-rounded vc_cta3-align-left vc_cta3-color-classic vc_cta3-icon-size-md vc_cta3-icons-left vc_cta3-actions-right\"><div class=\"vc_cta3-icons\"><div class=\"vc_icon_element vc_icon_element-outer vc_do_icon vc_icon_element-align-left\"><div class=\"vc_icon_element-inner vc_icon_element-color-turquoise vc_icon_element-size-md vc_icon_element-style- vc_icon_element-background-color-grey\" ><span class=\"vc_icon_element-icon fa fa-solid fa-arrow-right-from-bracket\" ><\/span><\/div><\/div><\/div><div class=\"vc_cta3_content-container\"><div class=\"vc_cta3-content\"><header class=\"vc_cta3-content-header\"><h2>B\u00f6rja ditt spanska \u00e4ventyr idag!<\/h2><\/header><p>Har du fr\u00e5gor eller vill du hitta den perfekta spanskakursen? Kontakta HolaSpain idag och l\u00e5t oss hj\u00e4lpa dig att planera din inl\u00e4rningsupplevelse i Spanien.<\/p>\n<\/div><div class=\"vc_cta3-actions\"><div class=\"vc_btn3-container vc_btn3-inline vc_do_btn\" ><a class=\"vc_general vc_btn3 vc_btn3-size-md vc_btn3-shape-rounded vc_btn3-style-modern vc_btn3-color-info\" href=\"https:\/\/holaspain.agency\/sv\/#contact\" title=\"\">N\u00e5 ut idag<\/a><\/div><\/div><\/div><\/div><\/section><\/div><\/div><\/div><\/div>\n<\/div>","protected":false},"excerpt":{"rendered":"<p>Ackrediterade l\u00e5ngvariga spanska kurser f\u00f6r vuxna som vill bo och studera i Spanien i 6-12 m\u00e5nader, som kombinerar intensiva lektioner, kulturell neds\u00e4nkning och fullt visum och lokalt st\u00f6d.<\/p>","protected":false},"author":1,"featured_media":2143,"parent":0,"menu_order":0,"comment_status":"closed","ping_status":"closed","template":"","meta":{"_seopress_robots_primary_cat":"","_seopress_titles_title":"%%sitetitle%% %%sep%% %%post_title%%","_seopress_titles_desc":"Accredited long-term Spanish courses in Spain for adults. Visa-ready programmes with 20\u201325 hours weekly, full support, and top destinations.","_seopress_robots_index":"","_daextam_enable_autolinks":"1","footnotes":""},"categories":[62],"tags":[],"class_list":["post-2123","page","type-page","status-publish","has-post-thumbnail","hentry","category-courses"],"_links":{"self":[{"href":"https:\/\/holaspain.agency\/sv\/wp-json\/wp\/v2\/pages\/2123","targetHints":{"allow":["GET"]}}],"collection":[{"href":"https:\/\/holaspain.agency\/sv\/wp-json\/wp\/v2\/pages"}],"about":[{"href":"https:\/\/holaspain.agency\/sv\/wp-json\/wp\/v2\/types\/page"}],"author":[{"embeddable":true,"href":"https:\/\/holaspain.agency\/sv\/wp-json\/wp\/v2\/users\/1"}],"replies":[{"embeddable":true,"href":"https:\/\/holaspain.agency\/sv\/wp-json\/wp\/v2\/comments?post=2123"}],"version-history":[{"count":21,"href":"https:\/\/holaspain.agency\/sv\/wp-json\/wp\/v2\/pages\/2123\/revisions"}],"predecessor-version":[{"id":2497,"href":"https:\/\/holaspain.agency\/sv\/wp-json\/wp\/v2\/pages\/2123\/revisions\/2497"}],"wp:featuredmedia":[{"embeddable":true,"href":"https:\/\/holaspain.agency\/sv\/wp-json\/wp\/v2\/media\/2143"}],"wp:attachment":[{"href":"https:\/\/holaspain.agency\/sv\/wp-json\/wp\/v2\/media?parent=2123"}],"wp:term":[{"taxonomy":"category","embeddable":true,"href":"https:\/\/holaspain.agency\/sv\/wp-json\/wp\/v2\/categories?post=2123"},{"taxonomy":"post_tag","embeddable":true,"href":"https:\/\/holaspain.agency\/sv\/wp-json\/wp\/v2\/tags?post=2123"}],"curies":[{"name":"wp","href":"https:\/\/api.w.org\/{rel}","templated":true}]}}