{"id":2122,"date":"2025-11-10T16:04:03","date_gmt":"2025-11-10T16:04:03","guid":{"rendered":"https:\/\/holaspain.agency\/?page_id=2122"},"modified":"2025-11-24T12:17:17","modified_gmt":"2025-11-24T12:17:17","slug":"short-term-spanish-courses-for-adults","status":"publish","type":"page","link":"https:\/\/holaspain.agency\/sv\/short-term-spanish-courses-for-adults\/","title":{"rendered":"Kortvariga spanska kurser f\u00f6r vuxna"},"content":{"rendered":"<div class=\"wpb-content-wrapper\"><div class=\"vc_row wpb_row vc_row-fluid\"><div class=\"wpb_column vc_column_container vc_col-sm-12\"><div class=\"vc_column-inner\"><div class=\"wpb_wrapper\">\n\t<div class=\"wpb_text_column wpb_content_element\" >\n\t\t<div class=\"wpb_wrapper\">\n\t\t\t<h1 style=\"text-align: justify;\">Korttidskurser i spanska i Spanien f\u00f6r vuxna<\/h1>\n<p style=\"text-align: justify;\"><em>Flexibla startdatum - 1 till 12 veckor - Alla niv\u00e5er<\/em><\/p>\n<blockquote>\n<p style=\"text-align: justify;\">HolaSpain erbjuder kortvariga ackrediterade spanska kurser i Spanien f\u00f6r vuxna som vill f\u00f6rb\u00e4ttra sin spanska snabbt genom en uppslukande upplevelse. V\u00e5ra kurser \u00e4r idealiska f\u00f6r semester, studieuppeh\u00e5ll eller professionell utveckling och kombinerar praktisk spr\u00e5kinl\u00e4rning med kulturella uppt\u00e4ckter.<\/p>\n<\/blockquote>\n<h2 style=\"text-align: justify;\">Programalternativ - Kortvariga kurser i spanska<\/h2>\n<ul style=\"text-align: justify;\">\n<li><strong>1-4 veckors kurser<\/strong> - Perfekt f\u00f6r nyb\u00f6rjare eller resen\u00e4rer som vill ha en intensiv introduktion till spanska.<\/li>\n<li><strong>5-8 veckors kurser<\/strong> - Balanserad inl\u00e4rningstakt f\u00f6r stadiga framsteg inom grammatik, ordf\u00f6rr\u00e5d och flyt.<\/li>\n<li><strong>9-12 veckors kurser<\/strong> - Djupare f\u00f6rdjupning f\u00f6r dig som vill n\u00e5 en avancerad kommunikationsniv\u00e5.<\/li>\n<\/ul>\n<p style=\"text-align: justify;\">Kurserna \u00e4r tillg\u00e4ngliga med <strong>20 eller 25 timmar per vecka<\/strong>, beroende p\u00e5 dina inl\u00e4rningsm\u00e5l och \u00f6nskad intensitet.<\/p>\n<h3 style=\"text-align: justify;\">Vad ing\u00e5r i din spanska kurs<\/h3>\n<ul style=\"text-align: justify;\">\n<li>Dynamiska lektioner (alla niv\u00e5er) med kvalificerade inhemska l\u00e4rare<\/li>\n<li>Intyg om n\u00e4rvaro och uppn\u00e5dd niv\u00e5<\/li>\n<li>Kulturella och sociala aktiviteter varje vecka<\/li>\n<li>Lokalt st\u00f6d, orientering och v\u00e4gledning under hela din vistelse<\/li>\n<li>Boende och flygplatstransfer p\u00e5 beg\u00e4ran<\/li>\n<\/ul>\n<h3 style=\"text-align: justify;\">L\u00e4randem\u00e5l - L\u00e4r dig spanska i Spanien<\/h3>\n<ul style=\"text-align: justify;\">\n<li>F\u00e5 praktiska kommunikationsf\u00e4rdigheter f\u00f6r situationer i verkliga livet<\/li>\n<li>\u00d6ka sj\u00e4lvf\u00f6rtroendet n\u00e4r det g\u00e4ller att tala, lyssna och f\u00f6rst\u00e5<\/li>\n<li>F\u00f6rb\u00e4ttra grammatik, uttal och kulturell f\u00f6rst\u00e5else<\/li>\n<li>Valfri f\u00f6rberedelse f\u00f6r DELE- eller SIELE-examen<\/li>\n<\/ul>\n<h3 style=\"text-align: justify;\">Studiedestinationer i Spanien<\/h3>\n<p style=\"text-align: justify;\">V\u00e4lj bland de b\u00e4sta destinationerna i hela Spanien, inklusive <strong>Alicante, Valencia, Madrid, Barcelona, Malaga, Salamanca och Seville<\/strong>. Alla partnerskolor \u00e4r ackrediterade och centralt bel\u00e4gna och erbjuder moderna faciliteter och v\u00e4lkomnande milj\u00f6er.<\/p>\n<h3 style=\"text-align: justify;\">Boendealternativ f\u00f6r studenter<\/h3>\n<ul style=\"text-align: justify;\">\n<li><strong>V\u00e4rdfamiljer<\/strong> f\u00f6r en fullst\u00e4ndig kulturell och spr\u00e5klig f\u00f6rdjupning<\/li>\n<li><strong>Studentbost\u00e4der<\/strong> med gemensamma faciliteter och \u00f6vervakning<\/li>\n<li>Privata l\u00e4genheter tillg\u00e4ngliga p\u00e5 beg\u00e4ran<\/li>\n<\/ul>\n<h3 style=\"text-align: justify;\">Studentst\u00f6d och inskrivning<\/h3>\n<p style=\"text-align: justify;\">HolaSpain ger dig full hj\u00e4lp f\u00f6re och under din vistelse, inklusive v\u00e4gledning f\u00f6re ankomst, boendearrangemang och lokal samordning. V\u00e5rt team ser till att varje detalj \u00e4r t\u00e4ckt s\u00e5 att du kan fokusera p\u00e5 att njuta av din inl\u00e4rningsupplevelse i Spanien.<\/p>\n<blockquote>\n<p style=\"text-align: justify;\">Dessa kortvariga program \u00e4r \u00f6ppna f\u00f6r vuxna elever fr\u00e5n 18 \u00e5r och upp\u00e5t, fr\u00e5n nyb\u00f6rjare till avancerade niv\u00e5er. Kurserna kan starta vilken m\u00e5ndag som helst, \u00e5ret runt. Tillg\u00e4ngligt f\u00f6r Bildungsurlaub, Erasmus+ och CSN (Centrala studiest\u00f6dsn\u00e4mnden).<\/p>\n<\/blockquote>\n\n\t\t<\/div>\n\t<\/div>\n<section class=\"vc_cta3-container\"><div class=\"vc_general vc_do_cta3 vc_cta3 vc_cta3-style-outline vc_cta3-shape-rounded vc_cta3-align-left vc_cta3-color-classic vc_cta3-icon-size-md vc_cta3-icons-left vc_cta3-actions-right\"><div class=\"vc_cta3-icons\"><div class=\"vc_icon_element vc_icon_element-outer vc_do_icon vc_icon_element-align-left\"><div class=\"vc_icon_element-inner vc_icon_element-color-turquoise vc_icon_element-size-md vc_icon_element-style- vc_icon_element-background-color-grey\" ><span class=\"vc_icon_element-icon fa fa-solid fa-arrow-right-from-bracket\" ><\/span><\/div><\/div><\/div><div class=\"vc_cta3_content-container\"><div class=\"vc_cta3-content\"><header class=\"vc_cta3-content-header\"><h2>B\u00f6rja ditt spanska \u00e4ventyr idag!<\/h2><\/header><p>Har du fr\u00e5gor eller vill du hitta den perfekta spanskakursen? Kontakta HolaSpain idag och l\u00e5t oss hj\u00e4lpa dig att planera din inl\u00e4rningsupplevelse i Spanien.<\/p>\n<\/div><div class=\"vc_cta3-actions\"><div class=\"vc_btn3-container vc_btn3-inline vc_do_btn\" ><a class=\"vc_general vc_btn3 vc_btn3-size-md vc_btn3-shape-rounded vc_btn3-style-modern vc_btn3-color-info\" href=\"https:\/\/holaspain.agency\/sv\/#contact\" title=\"\">N\u00e5 ut idag<\/a><\/div><\/div><\/div><\/div><\/section><\/div><\/div><\/div><\/div>\n<\/div>","protected":false},"excerpt":{"rendered":"<p>Korttidskurser i spanska f\u00f6r vuxna som vill ha en flexibel och uppslukande upplevelse i Spanien. Fr\u00e5n en vecka till tv\u00e5 m\u00e5nader kan du njuta av dynamiska lektioner, kulturella utflykter och bekv\u00e4mt boende.<\/p>","protected":false},"author":1,"featured_media":2142,"parent":0,"menu_order":0,"comment_status":"closed","ping_status":"closed","template":"","meta":{"_seopress_robots_primary_cat":"","_seopress_titles_title":"%%sitetitle%% %%sep%% %%post_title%%","_seopress_titles_desc":"Short accredited Spanish courses in Spain for adults. Study 1\u201312 weeks with immersive lessons, culture and full local support.","_seopress_robots_index":"","_daextam_enable_autolinks":"1","footnotes":""},"categories":[62],"tags":[],"class_list":["post-2122","page","type-page","status-publish","has-post-thumbnail","hentry","category-courses"],"_links":{"self":[{"href":"https:\/\/holaspain.agency\/sv\/wp-json\/wp\/v2\/pages\/2122","targetHints":{"allow":["GET"]}}],"collection":[{"href":"https:\/\/holaspain.agency\/sv\/wp-json\/wp\/v2\/pages"}],"about":[{"href":"https:\/\/holaspain.agency\/sv\/wp-json\/wp\/v2\/types\/page"}],"author":[{"embeddable":true,"href":"https:\/\/holaspain.agency\/sv\/wp-json\/wp\/v2\/users\/1"}],"replies":[{"embeddable":true,"href":"https:\/\/holaspain.agency\/sv\/wp-json\/wp\/v2\/comments?post=2122"}],"version-history":[{"count":5,"href":"https:\/\/holaspain.agency\/sv\/wp-json\/wp\/v2\/pages\/2122\/revisions"}],"predecessor-version":[{"id":2248,"href":"https:\/\/holaspain.agency\/sv\/wp-json\/wp\/v2\/pages\/2122\/revisions\/2248"}],"wp:featuredmedia":[{"embeddable":true,"href":"https:\/\/holaspain.agency\/sv\/wp-json\/wp\/v2\/media\/2142"}],"wp:attachment":[{"href":"https:\/\/holaspain.agency\/sv\/wp-json\/wp\/v2\/media?parent=2122"}],"wp:term":[{"taxonomy":"category","embeddable":true,"href":"https:\/\/holaspain.agency\/sv\/wp-json\/wp\/v2\/categories?post=2122"},{"taxonomy":"post_tag","embeddable":true,"href":"https:\/\/holaspain.agency\/sv\/wp-json\/wp\/v2\/tags?post=2122"}],"curies":[{"name":"wp","href":"https:\/\/api.w.org\/{rel}","templated":true}]}}