{"id":21,"date":"2016-09-05T20:27:12","date_gmt":"2016-09-05T20:27:12","guid":{"rendered":"http:\/\/demos.famethemes.com\/screenr-plus\/?page_id=21"},"modified":"2025-11-05T11:41:28","modified_gmt":"2025-11-05T11:41:28","slug":"skraddarsydda-tjanster-for-skolgrupper","status":"publish","type":"page","link":"https:\/\/holaspain.agency\/sv\/tailored-services-for-schools-groups\/","title":{"rendered":"Skr\u00e4ddarsydda tj\u00e4nster f\u00f6r skolgrupper"},"content":{"rendered":"<div class=\"wpb-content-wrapper\"><div class=\"vc_row wpb_row vc_row-fluid\"><div class=\"wpb_column vc_column_container vc_col-sm-12\"><div class=\"vc_column-inner\"><div class=\"wpb_wrapper\">\n\t<div class=\"wpb_text_column wpb_content_element\" >\n\t\t<div class=\"wpb_wrapper\">\n\t\t\t<h1>Skr\u00e4ddarsydda tj\u00e4nster f\u00f6r skolgrupper<\/h1>\n<h2>Skr\u00e4ddarsydda grupprogram f\u00f6r gymnasieskolor<\/h2>\n<p>Hola Spain erbjudanden <strong>skr\u00e4ddarsydda tj\u00e4nster f\u00f6r skolor<\/strong>, Vi erbjuder en of\u00f6rgl\u00f6mlig upplevelse i spanska f\u00f6r gymnasiegrupper. V\u00e5ra program kombinerar spr\u00e5kinl\u00e4rning, kulturella aktiviteter och fullt st\u00f6d f\u00f6r att s\u00e4kerst\u00e4lla att varje elev gynnas och njuter av sin vistelse.<\/p>\n<h2>Varf\u00f6r v\u00e4lja Hola Spain f\u00f6r skolgrupper<\/h2>\n<ul>\n<li>Erfarenhet av att ta emot internationella skolgrupper<\/li>\n<li>S\u00e4kra och \u00f6vervakade boendealternativ<\/li>\n<li>Fullst\u00e4ndig f\u00f6rdjupning i spanska spr\u00e5ket och kulturen<\/li>\n<li>Flexibla program som skr\u00e4ddarsys efter skolans behov<\/li>\n<\/ul>\n<h2>Boendealternativ f\u00f6r studentgrupper<\/h2>\n<h3>V\u00e4rdfamiljer - L\u00e4r dig spanska p\u00e5 ett naturligt s\u00e4tt<\/h3>\n<p>Bo hos noggrant utvalda <strong>Spanska v\u00e4rdfamiljer<\/strong> f\u00f6r att uppleva vardagslivet i Spanien. Eleverna f\u00f6rb\u00e4ttrar sina spr\u00e5kkunskaper samtidigt som de delar m\u00e5ltider, aktiviteter och samtal i en st\u00f6djande milj\u00f6.<\/p>\n<h3>Studentbost\u00e4der - komfort och sj\u00e4lvst\u00e4ndighet<\/h3>\n<p>V\u00e5r <strong>Studentbost\u00e4der i Spanien<\/strong> \u00e4r perfekta f\u00f6r skolgrupper som s\u00f6ker sj\u00e4lvst\u00e4ndighet samtidigt som de befinner sig i en s\u00e4ker, strukturerad milj\u00f6. Boendena erbjuder delade rum, gemensamma utrymmen och tillg\u00e5ng till gruppaktiviteter.<\/p>\n<h3>Delade l\u00e4genheter - flexibilitet f\u00f6r grupper<\/h3>\n<p>F\u00f6r \u00e4ldre studenter eller grupper som vill ha flexibilitet, <strong>delade l\u00e4genheter<\/strong> erbjuder en balans mellan sj\u00e4lvst\u00e4ndighet och gemenskap. L\u00e4genheterna \u00e4r fullt utrustade och centralt bel\u00e4gna f\u00f6r enkel tillg\u00e5ng till aktiviteter och kurser.<\/p>\n<h2>St\u00f6dtj\u00e4nster f\u00f6r skolgrupper<\/h2>\n<p>Hola Spain ser till att varje grupp f\u00e5r ett omfattande <strong>st\u00f6dtj\u00e4nster<\/strong> under hela deras vistelse:<\/p>\n<ul>\n<li><strong>Upph\u00e4mtning och avl\u00e4mning p\u00e5 flygplatsen<\/strong> f\u00f6r smidiga ankomster och avg\u00e5ngar<\/li>\n<li><strong>24\/7 support i n\u00f6dsituationer<\/strong> f\u00f6r alla studenter<\/li>\n<li><strong>Dedikerade gruppkoordinatorer<\/strong> f\u00f6r att hantera scheman och aktiviteter<\/li>\n<li><strong>Kulturella utflykter och workshops<\/strong> anpassas till gruppens intressen<\/li>\n<\/ul>\n\n\t\t<\/div>\n\t<\/div>\n<section class=\"vc_cta3-container\"><div class=\"vc_general vc_do_cta3 vc_cta3 vc_cta3-style-outline vc_cta3-shape-rounded vc_cta3-align-left vc_cta3-color-classic vc_cta3-icon-size-md vc_cta3-icons-left vc_cta3-actions-right\"><div class=\"vc_cta3-icons\"><div class=\"vc_icon_element vc_icon_element-outer vc_do_icon vc_icon_element-align-left\"><div class=\"vc_icon_element-inner vc_icon_element-color-turquoise vc_icon_element-size-md vc_icon_element-style- vc_icon_element-background-color-grey\" ><span class=\"vc_icon_element-icon fa fa-solid fa-arrow-right-from-bracket\" ><\/span><\/div><\/div><\/div><div class=\"vc_cta3_content-container\"><div class=\"vc_cta3-content\"><header class=\"vc_cta3-content-header\"><h2>Planera din skolas program f\u00f6r spanska spr\u00e5kbad<\/h2><\/header><p style=\"text-align: justify;\">Oavsett om din skola planerar en kort resa eller ett l\u00e4ngre studieprogram, erbjuder Hola Spain ett helt\u00e4ckande <strong>skr\u00e4ddarsydda l\u00f6sningar f\u00f6r skolgrupper<\/strong>. Vi hj\u00e4lper dig att utforma den perfekta kombinationen av spr\u00e5kinl\u00e4rning, kulturella upplevelser och \u00f6vervakning f\u00f6r att s\u00e4kerst\u00e4lla att varje student f\u00e5r en s\u00e4ker, rolig och l\u00e4rorik upplevelse.<\/p>\n<\/div><div class=\"vc_cta3-actions\"><div class=\"vc_btn3-container vc_btn3-inline vc_do_btn\" ><a class=\"vc_general vc_btn3 vc_btn3-size-md vc_btn3-shape-rounded vc_btn3-style-modern vc_btn3-color-info\" href=\"https:\/\/holaspain.agency\/sv\/#contact\" title=\"\">N\u00e5 ut idag<\/a><\/div><\/div><\/div><\/div><\/section><\/div><\/div><\/div><\/div>\n<\/div>","protected":false},"excerpt":{"rendered":"<p>V\u00e5ra program kombinerar spr\u00e5kinl\u00e4rning, kulturella aktiviteter och fullt st\u00f6d f\u00f6r att s\u00e4kerst\u00e4lla att varje student har nytta och gl\u00e4dje av sin vistelse.<\/p>","protected":false},"author":1,"featured_media":1404,"parent":0,"menu_order":0,"comment_status":"closed","ping_status":"closed","template":"","meta":{"_seopress_robots_primary_cat":"","_seopress_titles_title":"%%sitetitle%% %%sep%% %%post_title%%","_seopress_titles_desc":"Tailored Services for Schools Groups \u2014 Hola Spain helps secondary schools send student groups for a safe, immersive Spanish experience.","_seopress_robots_index":"","_daextam_enable_autolinks":"","footnotes":""},"categories":[61],"tags":[],"class_list":["post-21","page","type-page","status-publish","has-post-thumbnail","hentry","category-services"],"_links":{"self":[{"href":"https:\/\/holaspain.agency\/sv\/wp-json\/wp\/v2\/pages\/21","targetHints":{"allow":["GET"]}}],"collection":[{"href":"https:\/\/holaspain.agency\/sv\/wp-json\/wp\/v2\/pages"}],"about":[{"href":"https:\/\/holaspain.agency\/sv\/wp-json\/wp\/v2\/types\/page"}],"author":[{"embeddable":true,"href":"https:\/\/holaspain.agency\/sv\/wp-json\/wp\/v2\/users\/1"}],"replies":[{"embeddable":true,"href":"https:\/\/holaspain.agency\/sv\/wp-json\/wp\/v2\/comments?post=21"}],"version-history":[{"count":7,"href":"https:\/\/holaspain.agency\/sv\/wp-json\/wp\/v2\/pages\/21\/revisions"}],"predecessor-version":[{"id":1708,"href":"https:\/\/holaspain.agency\/sv\/wp-json\/wp\/v2\/pages\/21\/revisions\/1708"}],"wp:featuredmedia":[{"embeddable":true,"href":"https:\/\/holaspain.agency\/sv\/wp-json\/wp\/v2\/media\/1404"}],"wp:attachment":[{"href":"https:\/\/holaspain.agency\/sv\/wp-json\/wp\/v2\/media?parent=21"}],"wp:term":[{"taxonomy":"category","embeddable":true,"href":"https:\/\/holaspain.agency\/sv\/wp-json\/wp\/v2\/categories?post=21"},{"taxonomy":"post_tag","embeddable":true,"href":"https:\/\/holaspain.agency\/sv\/wp-json\/wp\/v2\/tags?post=21"}],"curies":[{"name":"wp","href":"https:\/\/api.w.org\/{rel}","templated":true}]}}