{"id":2034,"date":"2025-11-06T10:06:46","date_gmt":"2025-11-06T10:06:46","guid":{"rendered":"https:\/\/holaspain.agency\/?page_id=2034"},"modified":"2026-01-20T10:40:23","modified_gmt":"2026-01-20T10:40:23","slug":"spanska-sprakbadskurser-spanien","status":"publish","type":"page","link":"https:\/\/holaspain.agency\/sv\/spanish-immersion-courses-spain\/","title":{"rendered":"Kurser i spanska Spanien"},"content":{"rendered":"<div class=\"wpb-content-wrapper\"><div class=\"vc_row wpb_row vc_row-fluid\"><div class=\"wpb_column vc_column_container vc_col-sm-12\"><div class=\"vc_column-inner\"><div class=\"wpb_wrapper\">\n\t<div class=\"wpb_text_column wpb_content_element\" >\n\t\t<div class=\"wpb_wrapper\">\n\t\t\t<h1 style=\"text-align: justify;\">L\u00e4r dig spanska i Spanien med komplett st\u00f6d och kulturell f\u00f6rdjupning<\/h1>\n<h2 style=\"text-align: justify;\">Spanska spr\u00e5kprogram f\u00f6r alla \u00e5ldrar och niv\u00e5er<\/h2>\n<p style=\"text-align: justify;\">HolaSpain kopplar dig till ackrediterade spanska spr\u00e5kkurser i hela Spanien, skr\u00e4ddarsydda f\u00f6r ton\u00e5ringar, vuxna, skolgrupper och yrkesverksamma. V\u00e5ra program g\u00e5r ut\u00f6ver klassrumsinl\u00e4rning genom att integrera kommunikationspraxis i verkliga livet, kulturell utforskning och fullt logistiskt st\u00f6d.<\/p>\n<h3 style=\"text-align: justify;\">Spanska kurser med aktiviteter och fullst\u00e4ndig assistans<\/h3>\n<p style=\"text-align: justify;\">Whether you\u2019re a beginner or already know Spanish, our partner schools deliver interactive lessons in top destinations such as Madrid, Barcelona, Seville, Malaga, and Salamanca. Your experience is enriched through cultural activities, accommodation options, and dedicated support from start to finish.<\/p>\n<h2 style=\"text-align: justify;\">Studera spanska i Spanien: Kurser, visum, boende och st\u00f6dtj\u00e4nster<\/h2>\n<p style=\"text-align: justify;\">HolaSpain erbjuder ett komplett servicepaket: spr\u00e5kkurser, boendearrangemang, v\u00e4gledning f\u00f6r studentvisum f\u00f6r elever fr\u00e5n l\u00e4nder utanf\u00f6r EU, st\u00f6d f\u00f6r sjukf\u00f6rs\u00e4kring, program f\u00f6r kulturell f\u00f6rdjupning och skr\u00e4ddarsydda tj\u00e4nster f\u00f6r skolgrupper. Vi tar hand om detaljerna - du fokuserar p\u00e5 att l\u00e4ra dig och leva den spanska upplevelsen.<\/p>\n<h3 style=\"text-align: justify;\">Alltomfattande spanska studieupplevelser i Spanien<\/h3>\n<p style=\"text-align: justify;\">Fr\u00e5n ans\u00f6kan till ankomst st\u00f6der HolaSpain studenter, yrkesverksamma och grupper med personlig v\u00e4gledning. Finansieringsalternativ som Erasmus+, Bildungsurlaub, PCTO och CSN finns ocks\u00e5 tillg\u00e4ngliga i samarbete med v\u00e5ra ackrediterade skolor. Uppt\u00e4ck ett smidigt och berikande s\u00e4tt att l\u00e4ra dig spanska samtidigt som du upplever Spaniens kultur och livsstil.<\/p>\n\n\t\t<\/div>\n\t<\/div>\n\n<div class=\"vc_grid-container-wrapper vc_clearfix vc_grid-animation-none\">\n\t<div class=\"vc_grid-container vc_clearfix wpb_content_element vc_masonry_grid\" data-initial-loading-animation=\"none\" data-vc-grid-settings=\"{&quot;page_id&quot;:2034,&quot;style&quot;:&quot;all-masonry&quot;,&quot;action&quot;:&quot;vc_get_vc_grid_data&quot;,&quot;shortcode_id&quot;:&quot;1768905610451-5efb7850-0f42-4&quot;,&quot;tag&quot;:&quot;vc_masonry_grid&quot;}\" data-vc-request=\"https:\/\/holaspain.agency\/wp-admin\/admin-ajax.php\" data-vc-post-id=\"2034\" data-vc-public-nonce=\"9ffa800287\">\n\t\t\n\t<\/div>\n<\/div><\/div><\/div><\/div><\/div>\n<\/div>","protected":false},"excerpt":{"rendered":"Learn Spanish in Spain with Complete Support and Cultural Immersion Spanish Language Programmes for All Ages and Levels HolaSpain connects you with accredited Spanish language courses across Spain, tailored to teenagers, adults, school groups, and professionals. Our programmes go beyond classroom learning by integrating real-life communication practice, cultural exploration, and...","protected":false},"author":1,"featured_media":2038,"parent":0,"menu_order":0,"comment_status":"closed","ping_status":"closed","template":"","meta":{"_seopress_robots_primary_cat":"","_seopress_titles_title":"%%sitetitle%% %%sep%% %%post_title%%","_seopress_titles_desc":"Spanish immersion courses in Spain with cultural activities, accommodation, and full support. Learn Spanish and live the culture with HolaSpain.","_seopress_robots_index":"","_daextam_enable_autolinks":"1","footnotes":""},"categories":[],"tags":[],"class_list":["post-2034","page","type-page","status-publish","has-post-thumbnail","hentry"],"_links":{"self":[{"href":"https:\/\/holaspain.agency\/sv\/wp-json\/wp\/v2\/pages\/2034","targetHints":{"allow":["GET"]}}],"collection":[{"href":"https:\/\/holaspain.agency\/sv\/wp-json\/wp\/v2\/pages"}],"about":[{"href":"https:\/\/holaspain.agency\/sv\/wp-json\/wp\/v2\/types\/page"}],"author":[{"embeddable":true,"href":"https:\/\/holaspain.agency\/sv\/wp-json\/wp\/v2\/users\/1"}],"replies":[{"embeddable":true,"href":"https:\/\/holaspain.agency\/sv\/wp-json\/wp\/v2\/comments?post=2034"}],"version-history":[{"count":10,"href":"https:\/\/holaspain.agency\/sv\/wp-json\/wp\/v2\/pages\/2034\/revisions"}],"predecessor-version":[{"id":2418,"href":"https:\/\/holaspain.agency\/sv\/wp-json\/wp\/v2\/pages\/2034\/revisions\/2418"}],"wp:featuredmedia":[{"embeddable":true,"href":"https:\/\/holaspain.agency\/sv\/wp-json\/wp\/v2\/media\/2038"}],"wp:attachment":[{"href":"https:\/\/holaspain.agency\/sv\/wp-json\/wp\/v2\/media?parent=2034"}],"wp:term":[{"taxonomy":"category","embeddable":true,"href":"https:\/\/holaspain.agency\/sv\/wp-json\/wp\/v2\/categories?post=2034"},{"taxonomy":"post_tag","embeddable":true,"href":"https:\/\/holaspain.agency\/sv\/wp-json\/wp\/v2\/tags?post=2034"}],"curies":[{"name":"wp","href":"https:\/\/api.w.org\/{rel}","templated":true}]}}