{"id":1985,"date":"2025-11-05T11:52:11","date_gmt":"2025-11-05T11:52:11","guid":{"rendered":"https:\/\/holaspain.agency\/?page_id=1985"},"modified":"2026-02-05T18:45:02","modified_gmt":"2026-02-05T18:45:02","slug":"sjukforsakring-for-studenter-kravs-i-spanien-langtidsstudenter","status":"publish","type":"page","link":"https:\/\/holaspain.agency\/sv\/student-health-insurance-required-in-spain-long-term-students\/","title":{"rendered":"Sjukf\u00f6rs\u00e4kring f\u00f6r studenter"},"content":{"rendered":"<div class=\"wpb-content-wrapper\"><div class=\"vc_row wpb_row vc_row-fluid\"><div class=\"wpb_column vc_column_container vc_col-sm-12\"><div class=\"vc_column-inner\"><div class=\"wpb_wrapper\">\n\t<div class=\"wpb_text_column wpb_content_element\" >\n\t\t<div class=\"wpb_wrapper\">\n\t\t\t<h1 style=\"text-align: justify;\">Sjukf\u00f6rs\u00e4kring f\u00f6r studenter kr\u00e4vs i Spanien (l\u00e5ngtidsstuderande)<\/h1>\n<blockquote>\n<p style=\"text-align: justify;\">Om du planerar att studera i Spanien i mer \u00e4n 90 dagar \u00e4r en giltig sjukf\u00f6rs\u00e4kring f\u00f6r studenter vanligtvis en obligatorisk del av visumprocessen f\u00f6r l\u00e5ngtidsstudenter.<\/p>\n<\/blockquote>\n<h2 style=\"text-align: justify;\">D\u00e4rf\u00f6r kr\u00e4vs sjukf\u00f6rs\u00e4kring f\u00f6r studenter i Spanien<\/h2>\n<p style=\"text-align: justify;\">Spanien kr\u00e4ver att internationella studenter som stannar l\u00e4ngre \u00e4n 90 dagar ska visa att de har tillr\u00e4cklig medicinsk t\u00e4ckning under sin vistelse.<\/p>\n<p style=\"text-align: justify;\">Detta krav finns f\u00f6r att s\u00e4kerst\u00e4lla att studenter kan f\u00e5 tillg\u00e5ng till sjukv\u00e5rd vid behov, utan att bli en b\u00f6rda f\u00f6r det offentliga sjukv\u00e5rdssystemet.<\/p>\n<p style=\"text-align: justify;\">Sjukf\u00f6rs\u00e4kring f\u00f6r studenter \u00e4r d\u00e4rf\u00f6r en viktig del av din visumans\u00f6kan och en viktig del av planeringen av en s\u00e4ker och korrekt l\u00e5ngvarig vistelse i Spanien.<\/p>\n<h2 style=\"text-align: justify;\">Sjukf\u00f6rs\u00e4kring f\u00f6r studenter kr\u00e4vs i Spanien f\u00f6r l\u00e5ngtidsstudier<\/h2>\n<p style=\"text-align: justify;\">F\u00f6r internationella studenter som anm\u00e4ler sig till spr\u00e5kkurser, universitetsprogram eller akademiska vistelser i Spanien m\u00e5ste sjukf\u00f6rs\u00e4kringen normalt t\u00e4cka hela vistelsen och vara giltig fr\u00e5n det att studenten reser in i landet.<\/p>\n<p style=\"text-align: justify;\">Myndigheterna f\u00f6rv\u00e4ntar sig vanligtvis bevis p\u00e5 att studenten kommer att ha tillg\u00e5ng till medicinsk hj\u00e4lp i h\u00e4ndelse av sjukdom, olycka eller n\u00f6dsituation under hela studietiden.<\/p>\n<h2 style=\"text-align: justify;\">Sjukf\u00f6rs\u00e4kring f\u00f6r studenter i Spanien: vad visumet vanligtvis f\u00f6rv\u00e4ntar sig<\/h2>\n<ul style=\"text-align: justify;\">\n<li><strong>T\u00e4ckning under hela l\u00f6ptiden<\/strong> av dina studier och din vistelse i Spanien<\/li>\n<li><strong>F\u00f6rs\u00e4kringsskydd f\u00f6r sjukv\u00e5rdskostnader i Spanien<\/strong> f\u00f6r olyckor och of\u00f6rutsedda sjukdomar<\/li>\n<li><strong>Hj\u00e4lp vid n\u00f6dsituationer<\/strong> och tillg\u00e5ng till medicinsk v\u00e5rd vid behov<\/li>\n<li><strong>Officiellt f\u00f6rs\u00e4kringsintyg<\/strong> att skicka in med din ans\u00f6kan om studentvisum<\/li>\n<\/ul>\n<h3 style=\"text-align: justify;\">Visum f\u00f6r l\u00e4ngre vistelse f\u00f6r studerande i Spanien: f\u00f6rs\u00e4kringsintyg<\/h3>\n<p style=\"text-align: justify;\">Ett tydligt och korrekt utf\u00e4rdat f\u00f6rs\u00e4kringsintyg \u00e4r ett viktigt dokument f\u00f6r en ans\u00f6kan om studentvisum f\u00f6r Spanien f\u00f6r l\u00e4ngre vistelse.<\/p>\n<p style=\"text-align: justify;\">Detta intyg bekr\u00e4ftar att studenten uppfyller de krav p\u00e5 sjukf\u00f6rs\u00e4kring som ambassader, konsulat, akademier och universitet st\u00e4ller.<\/p>\n<h2 style=\"text-align: justify;\">Sjukf\u00f6rs\u00e4kring f\u00f6r studenter i Spanien: vanliga missf\u00f6rst\u00e5nd<\/h2>\n<ul style=\"text-align: justify;\">\n<li>F\u00f6rutsatt att resef\u00f6rs\u00e4kringen \u00e4r tillr\u00e4cklig f\u00f6r ett studentvisum f\u00f6r l\u00e4ngre vistelse<\/li>\n<li>Teckna f\u00f6rs\u00e4kring f\u00f6r f\u00e4rre m\u00e5nader \u00e4n den faktiska kurstiden<\/li>\n<li>Att inte ha ett officiellt f\u00f6rs\u00e4kringscertifikat tillg\u00e4ngligt f\u00f6r inl\u00e4mning<\/li>\n<li>Att tro att alla medicinska situationer automatiskt t\u00e4cks utan villkor<\/li>\n<\/ul>\n<h3 style=\"text-align: justify;\">F\u00f6rs\u00e4kring f\u00f6r l\u00e5ngtidsstuderande i Spanien: matcha din vistelse<\/h3>\n<p style=\"text-align: justify;\">F\u00f6r att undvika problem under visumprocessen b\u00f6r sjukf\u00f6rs\u00e4kringen f\u00f6r studenter alltid t\u00e4cka hela den planerade vistelsen i Spanien. Eventuella luckor i t\u00e4ckningen kan leda till f\u00f6rseningar eller beg\u00e4ran om ytterligare dokumentation.<\/p>\n<h2 style=\"text-align: justify;\">Sjukf\u00f6rs\u00e4kring f\u00f6r studenter i Spanien med st\u00f6d fr\u00e5n HolaSpain<\/h2>\n<p style=\"text-align: justify;\">HolaSpain st\u00f6der internationella studenter genom att hj\u00e4lpa dem att f\u00f6rst\u00e5 sjukf\u00f6rs\u00e4kringskravet f\u00f6r Spanien och se till att deras t\u00e4ckning och dokumentation \u00e4r korrekt anpassad till f\u00f6rv\u00e4ntningarna p\u00e5 visum f\u00f6r l\u00e5ngvariga studenter.<\/p>\n<p style=\"text-align: justify;\">V\u00e5r roll \u00e4r att v\u00e4gleda studenterna genom processen p\u00e5 ett tydligt och ansvarsfullt s\u00e4tt, s\u00e5 att de kan fokusera p\u00e5 sina studier i vetskap om att detta viktiga krav \u00e4r korrekt hanterat.<\/p>\n<h3 style=\"text-align: justify;\">Studentvisum Spanien sjukf\u00f6rs\u00e4kring: innan du reser<\/h3>\n<p style=\"text-align: justify;\">Vi rekommenderar starkt att du tecknar en sjukf\u00f6rs\u00e4kring f\u00f6r studenter i god tid f\u00f6re avresan till Spanien,<br \/>\ns\u00e4rskilt n\u00e4r det kr\u00e4vs som en del av din visumans\u00f6kan eller inskrivning i skola.<\/p>\n<blockquote>\n<p style=\"text-align: justify;\">Med HolaSpain f\u00f6rst\u00e5r internationella studenter varf\u00f6r sjukf\u00f6rs\u00e4kring kr\u00e4vs i Spanien och f\u00e5r r\u00e4tt v\u00e4gledning f\u00f6r en korrekt l\u00e5ngvarig vistelse.<\/p>\n<\/blockquote>\n\n\t\t<\/div>\n\t<\/div>\n<section class=\"vc_cta3-container\"><div class=\"vc_general vc_do_cta3 vc_cta3 vc_cta3-style-outline vc_cta3-shape-rounded vc_cta3-align-left vc_cta3-color-classic vc_cta3-icon-size-md vc_cta3-icons-left vc_cta3-actions-right\"><div class=\"vc_cta3-icons\"><div class=\"vc_icon_element vc_icon_element-outer vc_do_icon vc_icon_element-align-left\"><div class=\"vc_icon_element-inner vc_icon_element-color-turquoise vc_icon_element-size-md vc_icon_element-style- vc_icon_element-background-color-grey\" ><span class=\"vc_icon_element-icon fa fa-solid fa-arrow-right-from-bracket\" ><\/span><\/div><\/div><\/div><div class=\"vc_cta3_content-container\"><div class=\"vc_cta3-content\"><header class=\"vc_cta3-content-header\"><h2>B\u00f6rja ditt spanska \u00e4ventyr idag!<\/h2><\/header><p>\nHar du fr\u00e5gor eller vill du hitta den perfekta spanskakursen? Kontakta HolaSpain idag och l\u00e5t oss hj\u00e4lpa dig att planera din inl\u00e4rningsupplevelse i Spanien.<\/p>\n<\/div><div class=\"vc_cta3-actions\"><div class=\"vc_btn3-container vc_btn3-inline vc_do_btn\" ><a class=\"vc_general vc_btn3 vc_btn3-size-md vc_btn3-shape-rounded vc_btn3-style-modern vc_btn3-color-info\" href=\"https:\/\/holaspain.agency\/sv\/#contact\" title=\"\">N\u00e5 ut idag<\/a><\/div><\/div><\/div><\/div><\/section><\/div><\/div><\/div><\/div>\n<\/div>","protected":false},"excerpt":{"rendered":"<p>Student health insurance is usually required for long-term study in Spain. HolaSpain helps you arrange correct coverage and provides an official certificate for your student visa application.<\/p>","protected":false},"author":1,"featured_media":1992,"parent":0,"menu_order":0,"comment_status":"closed","ping_status":"closed","template":"","meta":{"_seopress_robots_primary_cat":"","_seopress_titles_title":"%%sitetitle%% %%sep%% Student health insurance required in Spain","_seopress_titles_desc":"Student health insurance required in Spain for long-term students. Get the correct coverage and an official certificate for your Spain student visa.","_seopress_robots_index":"","_daextam_enable_autolinks":"1","footnotes":""},"categories":[61],"tags":[],"class_list":["post-1985","page","type-page","status-publish","has-post-thumbnail","hentry","category-services"],"_links":{"self":[{"href":"https:\/\/holaspain.agency\/sv\/wp-json\/wp\/v2\/pages\/1985","targetHints":{"allow":["GET"]}}],"collection":[{"href":"https:\/\/holaspain.agency\/sv\/wp-json\/wp\/v2\/pages"}],"about":[{"href":"https:\/\/holaspain.agency\/sv\/wp-json\/wp\/v2\/types\/page"}],"author":[{"embeddable":true,"href":"https:\/\/holaspain.agency\/sv\/wp-json\/wp\/v2\/users\/1"}],"replies":[{"embeddable":true,"href":"https:\/\/holaspain.agency\/sv\/wp-json\/wp\/v2\/comments?post=1985"}],"version-history":[{"count":39,"href":"https:\/\/holaspain.agency\/sv\/wp-json\/wp\/v2\/pages\/1985\/revisions"}],"predecessor-version":[{"id":2500,"href":"https:\/\/holaspain.agency\/sv\/wp-json\/wp\/v2\/pages\/1985\/revisions\/2500"}],"wp:featuredmedia":[{"embeddable":true,"href":"https:\/\/holaspain.agency\/sv\/wp-json\/wp\/v2\/media\/1992"}],"wp:attachment":[{"href":"https:\/\/holaspain.agency\/sv\/wp-json\/wp\/v2\/media?parent=1985"}],"wp:term":[{"taxonomy":"category","embeddable":true,"href":"https:\/\/holaspain.agency\/sv\/wp-json\/wp\/v2\/categories?post=1985"},{"taxonomy":"post_tag","embeddable":true,"href":"https:\/\/holaspain.agency\/sv\/wp-json\/wp\/v2\/tags?post=1985"}],"curies":[{"name":"wp","href":"https:\/\/api.w.org\/{rel}","templated":true}]}}