{"id":1974,"date":"2025-11-05T11:12:43","date_gmt":"2025-11-05T11:12:43","guid":{"rendered":"https:\/\/holaspain.agency\/?page_id=1974"},"modified":"2026-02-12T16:00:44","modified_gmt":"2026-02-12T16:00:44","slug":"studentvisum-for-spanien","status":"publish","type":"page","link":"https:\/\/holaspain.agency\/sv\/student-visa-for-spain\/","title":{"rendered":"Studentvisum f\u00f6r Spanien"},"content":{"rendered":"<div class=\"wpb-content-wrapper\"><div class=\"vc_row wpb_row vc_row-fluid\"><div class=\"wpb_column vc_column_container vc_col-sm-12\"><div class=\"vc_column-inner\"><div class=\"wpb_wrapper\">\n\t<div class=\"wpb_text_column wpb_content_element\" >\n\t\t<div class=\"wpb_wrapper\">\n\t\t\t<h1 style=\"text-align: justify;\">Studentvisum f\u00f6r Spanien<\/h1>\n<blockquote>\n<p style=\"text-align: justify;\">Studenter fr\u00e5n l\u00e4nder utanf\u00f6r EU som planerar att studera i Spanien i mer \u00e4n 90 dagar beh\u00f6ver i allm\u00e4nhet ett studentvisum f\u00f6r l\u00e4ngre vistelse (typ D). HolaSpain hj\u00e4lper dig att v\u00e4lja en ackrediterad skola, f\u00e5 de officiella inskrivningsdokumenten och f\u00f6rbereda din ans\u00f6kan s\u00e5 att du kan fokusera p\u00e5 att l\u00e4ra dig spanska och njuta av livet i Spanien.<\/p>\n<\/blockquote>\n<p style=\"text-align: justify;\" data-pm-slice=\"0 0 &#091;&#093;\">Vi arbetar uteslutande med <strong>Spanska spr\u00e5kskolor som \u00e4r ackrediterade av Instituto Cervantes<\/strong>, and we coordinate the documentation typically required for student visa applications. Our partner schools provide high-quality Spanish courses and support throughout the pre-arrival visa process.<\/p>\n<h2 style=\"text-align: justify;\">Vem beh\u00f6ver ett studentvisum?<\/h2>\n<h4 style=\"text-align: justify;\">Korta vistelser (under 90 dagar)<\/h4>\n<p style=\"text-align: justify;\">F\u00f6r kurser som \u00e4r kortare \u00e4n 90 dagar beror visumkraven p\u00e5 din nationalitet. Vissa resen\u00e4rer kan resa in i Schengenomr\u00e5det utan visum, medan andra m\u00e5ste ans\u00f6ka om ett Schengenvisum f\u00f6r kortare vistelse. Bekr\u00e4fta alltid det aktuella kravet med ditt spanska konsulat innan du reser.<\/p>\n<h5 style=\"text-align: justify;\">Visumkrav (officiell referens)<\/h5>\n<p style=\"text-align: justify;\">I st\u00e4llet f\u00f6r att f\u00f6rlita dig p\u00e5 informella landlistor rekommenderar vi att du kontrollerar EU:s officiella listor \u00f6ver nationaliteter som kr\u00e4ver (eller inte kr\u00e4ver) Schengenvisum f\u00f6r kortare vistelser och bekr\u00e4ftar eventuella konsulatspecifika regler d\u00e4r du ans\u00f6ker.<\/p>\n<h5 style=\"text-align: justify;\">ETIAS (framtida krav f\u00f6r vissa viseringsfria resen\u00e4rer)<\/h5>\n<p style=\"text-align: justify;\">ETIAS \u00e4r <strong>\u00e4nnu inte i drift<\/strong>. N\u00e4r detta har genomf\u00f6rts kommer resen\u00e4rer fr\u00e5n vissa viseringsfria l\u00e4nder att beh\u00f6va ett godk\u00e4nt ETIAS f\u00f6r kortare vistelser. Om du planerar en resa i framtiden b\u00f6r du bekr\u00e4fta den senaste ETIAS-statusen och kraven innan du reser.<\/p>\n<h4 style=\"text-align: justify;\">L\u00e5nga vistelser (\u00f6ver 90 dagar)<\/h4>\n<p style=\"text-align: justify;\">Om du planerar att studera i mer \u00e4n 90 dagar beh\u00f6ver du i allm\u00e4nhet ett <strong>Studentvisum typ D<\/strong> f\u00f6r att resa in i Spanien och stanna d\u00e4r lagligt under studietiden. De exakta kraven och dokumentationen kan variera beroende p\u00e5 konsulat och ditt specifika studieprogram.<\/p>\n<h2 style=\"text-align: justify;\">Kursens krav<\/h2>\n<p style=\"text-align: justify;\">F\u00f6r att kvalificera dig f\u00f6r ett studentvisum m\u00e5ste du vara inskriven i en <strong>Heltidsprogram<\/strong>. F\u00f6r spanska spr\u00e5kkurser f\u00f6rv\u00e4ntar sig m\u00e5nga konsulat vanligtvis en <strong>intensivt schema (ofta cirka 20 timmar\/vecka)<\/strong>, men de exakta kriterierna kan variera beroende p\u00e5 konsulat och typ av program. HolaSpain-partners erbjuder intensivkurser som \u00e4r utformade f\u00f6r att uppfylla vanliga konsul\u00e4ra f\u00f6rv\u00e4ntningar f\u00f6r ans\u00f6kningar om studier f\u00f6r l\u00e4ngre vistelse.<\/p>\n<h3 style=\"text-align: justify;\">Obligatoriska dokument (typiska)<\/h3>\n<ul style=\"text-align: justify;\">\n<li>Ifyllt formul\u00e4r f\u00f6r visumans\u00f6kan (enligt krav fr\u00e5n ditt konsulat)<\/li>\n<li>Giltigt pass (giltigt under hela den planerade vistelsen; konsulatspecifika giltighetsregler kan g\u00e4lla)<\/li>\n<li>Officiellt antagnings-\/registreringsbrev fr\u00e5n den spanska skolan<\/li>\n<li>Bevis p\u00e5 ekonomiska medel (kraven varierar; m\u00e5nga konsulat h\u00e4nvisar till IPREM-baserade kriterier)<\/li>\n<li>Privat sjukf\u00f6rs\u00e4kring som \u00e4r giltig i Spanien (helt\u00e4ckande; konsulaten kr\u00e4ver ofta ingen egenavgift f\u00f6r den s\u00f6kande)<\/li>\n<li>Kontroll av brottslig bakgrund (polisintyg), om det kr\u00e4vs f\u00f6r ditt \u00e4rende och varaktighet<\/li>\n<li>Passfoton och till\u00e4mpliga konsul\u00e4ra avgifter<\/li>\n<\/ul>\n<h2 style=\"text-align: justify;\">Hur HolaSpain hj\u00e4lper till - steg f\u00f6r steg<\/h2>\n<ol style=\"text-align: justify;\">\n<li>Kontakta HolaSpain och v\u00e4lj skola, stad och kursdatum.<\/li>\n<li>Vi bekr\u00e4ftar tillg\u00e4nglighet och inskrivningsalternativ med skolan och skickar fakturan f\u00f6r att g\u00e5 vidare.<\/li>\n<li>Du g\u00f6r betalningen f\u00f6r att reservera din plats och f\u00e5r en bekr\u00e4ftelse p\u00e5 betalningen.<\/li>\n<li>Vi samordnar de anm\u00e4lningsdokument som normalt beh\u00f6vs f\u00f6r ans\u00f6kan till konsulatet (antagningsbesked, programuppgifter och faktura\/kvitto).<\/li>\n<li>Du l\u00e4mnar in din visumans\u00f6kan till det spanska konsulat\/den spanska ambassad som motsvarar din bostadsort.<\/li>\n<li>Efter att visumet har godk\u00e4nts ordnar du resa och boende; vi kan hj\u00e4lpa till med boendealternativ och flygplatstransfer.<\/li>\n<\/ol>\n<h4 style=\"text-align: justify;\">Handl\u00e4ggningstid och timing<\/h4>\n<p style=\"text-align: justify;\">Handl\u00e4ggningstiderna varierar mycket mellan olika konsulat och \u00e5rstider. Som en allm\u00e4n regel b\u00f6r du ans\u00f6ka s\u00e5 tidigt som ditt konsulat till\u00e5ter och l\u00e4mna extra tid f\u00f6r m\u00f6ten, legalisering av dokument\/apostille (om det beh\u00f6vs) och eventuella f\u00f6rseningar.<\/p>\n<h4 style=\"text-align: justify;\">Efter ankomst till Spanien (TIE)<\/h4>\n<p style=\"text-align: justify;\">Om din auktoriserade vistelse \u00e4r l\u00e4ngre \u00e4n <strong>6 m\u00e5nader<\/strong>, beh\u00f6ver du vanligtvis ans\u00f6ka om en <strong>TIE (identitetskort f\u00f6r utl\u00e4nningar)<\/strong> efter ankomsten till Spanien. Detta g\u00f6rs via relevanta polis-\/immigrationskontor och kr\u00e4ver en tidsbokning.<\/p>\n<h4 style=\"text-align: justify;\">Arbete och praktikplatser<\/h4>\n<p style=\"text-align: justify;\">Studenter kan till\u00e5tas att arbeta s\u00e5 l\u00e4nge som det \u00e4r <strong>f\u00f6renliga med deras studier<\/strong>. I allm\u00e4nhet b\u00f6r arbetet inte \u00f6verstiga <strong>30 timmar per vecka<\/strong>. Den specifika v\u00e4gen (automatiskt tillst\u00e5nd eller ytterligare tillst\u00e5nd) kan bero p\u00e5 typen av studier och din individuella situation, s\u00e5 vi rekommenderar att du bekr\u00e4ftar de villkor som \u00e4r kopplade till ditt tillst\u00e5nd n\u00e4r det v\u00e4l har beviljats.<\/p>\n<h4 style=\"text-align: justify;\">F\u00f6rl\u00e4nga eller f\u00f6rnya ditt tillst\u00e5nd<\/h4>\n<p style=\"text-align: justify;\">Det \u00e4r ofta m\u00f6jligt att f\u00f6rnya eller f\u00f6rl\u00e4nga en studentvistelse fr\u00e5n Spanien om du forts\u00e4tter att uppfylla kraven (t.ex. p\u00e5g\u00e5ende inskrivning och akademiska framsteg). HolaSpain kan guida dig genom f\u00f6rnyelser och relaterade administrativa steg.<\/p>\n\n\t\t<\/div>\n\t<\/div>\n\n<div class=\"vc_grid-container-wrapper vc_clearfix vc_grid-animation-none\">\n\t<div class=\"vc_grid-container vc_clearfix wpb_content_element vc_masonry_grid\" data-initial-loading-animation=\"none\" data-vc-grid-settings=\"{&quot;page_id&quot;:1974,&quot;style&quot;:&quot;all-masonry&quot;,&quot;action&quot;:&quot;vc_get_vc_grid_data&quot;,&quot;shortcode_id&quot;:&quot;1770912021257-9600c44d-59dd-10&quot;,&quot;tag&quot;:&quot;vc_masonry_grid&quot;}\" data-vc-request=\"https:\/\/holaspain.agency\/wp-admin\/admin-ajax.php\" data-vc-post-id=\"1974\" data-vc-public-nonce=\"9ffa800287\">\n\t\t\n\t<\/div>\n<\/div><section class=\"vc_cta3-container\"><div class=\"vc_general vc_do_cta3 vc_cta3 vc_cta3-style-outline vc_cta3-shape-rounded vc_cta3-align-left vc_cta3-color-classic vc_cta3-icon-size-md vc_cta3-icons-left vc_cta3-actions-right\"><div class=\"vc_cta3-icons\"><div class=\"vc_icon_element vc_icon_element-outer vc_do_icon vc_icon_element-align-left\"><div class=\"vc_icon_element-inner vc_icon_element-color-turquoise vc_icon_element-size-md vc_icon_element-style- vc_icon_element-background-color-grey\" ><span class=\"vc_icon_element-icon fa fa-solid fa-arrow-right-from-bracket\" ><\/span><\/div><\/div><\/div><div class=\"vc_cta3_content-container\"><div class=\"vc_cta3-content\"><header class=\"vc_cta3-content-header\"><h2>B\u00f6rja ditt spanska \u00e4ventyr idag!<\/h2><\/header><p>Har du fr\u00e5gor eller vill du hitta den perfekta spanskakursen? Kontakta HolaSpain idag och l\u00e5t oss hj\u00e4lpa dig att planera din inl\u00e4rningsupplevelse i Spanien.<\/p>\n<\/div><div class=\"vc_cta3-actions\"><div class=\"vc_btn3-container vc_btn3-inline vc_do_btn\" ><a class=\"vc_general vc_btn3 vc_btn3-size-md vc_btn3-shape-rounded vc_btn3-style-modern vc_btn3-color-info\" href=\"https:\/\/holaspain.agency\/sv\/#contact\" title=\"\">N\u00e5 ut idag<\/a><\/div><\/div><\/div><\/div><\/section><\/div><\/div><\/div><\/div>\n<\/div>","protected":false},"excerpt":{"rendered":"<p>Studenter fr\u00e5n l\u00e4nder utanf\u00f6r EU som stannar i Spanien i mer \u00e4n 90 dagar beh\u00f6ver ett studentvisum f\u00f6r l\u00e4ngre vistelse (typ D). HolaSpain guidar dig genom pappersarbetet och den konsul\u00e4ra processen s\u00e5 att du kan fokusera p\u00e5 att studera och njuta av Spanien.<\/p>","protected":false},"author":1,"featured_media":1982,"parent":0,"menu_order":0,"comment_status":"closed","ping_status":"closed","template":"","meta":{"_seopress_robots_primary_cat":"","_seopress_titles_title":"%%sitetitle%% %%sep%% %%post_title%%","_seopress_titles_desc":"Complete guide to applying for a student visa for Spain. Learn about requirements, documents, and steps to successfully obtain your visa and study in Spain.","_seopress_robots_index":"","_daextam_enable_autolinks":"1","footnotes":""},"categories":[61],"tags":[],"class_list":["post-1974","page","type-page","status-publish","has-post-thumbnail","hentry","category-services"],"_links":{"self":[{"href":"https:\/\/holaspain.agency\/sv\/wp-json\/wp\/v2\/pages\/1974","targetHints":{"allow":["GET"]}}],"collection":[{"href":"https:\/\/holaspain.agency\/sv\/wp-json\/wp\/v2\/pages"}],"about":[{"href":"https:\/\/holaspain.agency\/sv\/wp-json\/wp\/v2\/types\/page"}],"author":[{"embeddable":true,"href":"https:\/\/holaspain.agency\/sv\/wp-json\/wp\/v2\/users\/1"}],"replies":[{"embeddable":true,"href":"https:\/\/holaspain.agency\/sv\/wp-json\/wp\/v2\/comments?post=1974"}],"version-history":[{"count":17,"href":"https:\/\/holaspain.agency\/sv\/wp-json\/wp\/v2\/pages\/1974\/revisions"}],"predecessor-version":[{"id":2526,"href":"https:\/\/holaspain.agency\/sv\/wp-json\/wp\/v2\/pages\/1974\/revisions\/2526"}],"wp:featuredmedia":[{"embeddable":true,"href":"https:\/\/holaspain.agency\/sv\/wp-json\/wp\/v2\/media\/1982"}],"wp:attachment":[{"href":"https:\/\/holaspain.agency\/sv\/wp-json\/wp\/v2\/media?parent=1974"}],"wp:term":[{"taxonomy":"category","embeddable":true,"href":"https:\/\/holaspain.agency\/sv\/wp-json\/wp\/v2\/categories?post=1974"},{"taxonomy":"post_tag","embeddable":true,"href":"https:\/\/holaspain.agency\/sv\/wp-json\/wp\/v2\/tags?post=1974"}],"curies":[{"name":"wp","href":"https:\/\/api.w.org\/{rel}","templated":true}]}}