{"id":1956,"date":"2025-11-05T10:46:53","date_gmt":"2025-11-05T10:46:53","guid":{"rendered":"https:\/\/holaspain.agency\/?page_id=1956"},"modified":"2025-11-06T09:44:43","modified_gmt":"2025-11-06T09:44:43","slug":"csn-centrala-studiestodsnamnden","status":"publish","type":"page","link":"https:\/\/holaspain.agency\/sv\/csn-centrala-studiestodsnamnden\/","title":{"rendered":"CSN - Centrala studiest\u00f6dsn\u00e4mnden"},"content":{"rendered":"<div class=\"wpb-content-wrapper\"><div class=\"vc_row wpb_row vc_row-fluid\"><div class=\"wpb_column vc_column_container vc_col-sm-12\"><div class=\"vc_column-inner\"><div class=\"wpb_wrapper\">\n\t<div class=\"wpb_text_column wpb_content_element\" >\n\t\t<div class=\"wpb_wrapper\">\n\t\t\t<h1 style=\"text-align: justify;\">CSN - Studera spanska i Spanien med ekonomiskt st\u00f6d<\/h1>\n<blockquote>\n<p style=\"text-align: justify;\">Med st\u00f6d fr\u00e5n CSN (Centrala studiest\u00f6dsn\u00e4mnden) kan svenska studenter studera spanska i Spanien samtidigt som de f\u00e5r ekonomiskt st\u00f6d. HolaSpain samarbetar med ackrediterade spanska skolor som erbjuder CSN-godk\u00e4nda intensiva spr\u00e5kkurser, s\u00e5 att du kan l\u00e4ra dig spanska, f\u00e5 po\u00e4ng och helt f\u00f6rdjupa dig i den spanska kulturen - allt medan du f\u00e5r ekonomiskt st\u00f6d fr\u00e5n Sveriges nationella studiest\u00f6dssystem.<\/p>\n<\/blockquote>\n<h2 style=\"text-align: justify;\">Varf\u00f6r v\u00e4lja HolaSpain f\u00f6r CSN-finansierade studier?<\/h2>\n<ul style=\"text-align: justify;\">\n<li>CSN-godk\u00e4nda kurser i flera spanska st\u00e4der<\/li>\n<li>Intensiva program med 20-30 lektioner per vecka<\/li>\n<li>Tillg\u00e4nglig f\u00f6r alla niv\u00e5er - fr\u00e5n nyb\u00f6rjare till avancerad<\/li>\n<li>Studera p\u00e5 popul\u00e4ra destinationer som Madrid, Valencia, Malaga och Cadiz<\/li>\n<li>Professionell v\u00e4gledning om CSN-ans\u00f6kningar och skolinskrivning<\/li>\n<\/ul>\n<h2 style=\"text-align: justify;\">Hur man ans\u00f6ker om CSN f\u00f6r att studera i Spanien<\/h2>\n<ol style=\"text-align: justify;\">\n<li>V\u00e4lj din spanskakurs och destination med HolaSpain<\/li>\n<li>Skicka in dina inskrivningshandlingar till CSN f\u00f6r godk\u00e4nnande<\/li>\n<li>F\u00e5 ditt studiemedel (bidrag) och l\u00e5n (l\u00e5n) fr\u00e5n CSN<\/li>\n<li>B\u00f6rja din spanskakurs och upplev livet utomlands samtidigt som du l\u00e4r dig<\/li>\n<\/ol>\n<h3 style=\"text-align: justify;\">Ackrediterade spanska spr\u00e5kskolor f\u00f6r CSN<\/h3>\n<p style=\"text-align: justify;\">HolaSpain samarbetar med fullt ackrediterade spanska spr\u00e5kskolor som uppfyller kraven f\u00f6r ekonomiskt st\u00f6d fr\u00e5n CSN. V\u00e5ra program kombinerar h\u00f6gkvalitativ undervisning med kulturella aktiviteter, vilket hj\u00e4lper dig att utveckla flytande samtidigt som du njuter av lokala traditioner, mat och vardagsliv i Spanien.<\/p>\n<blockquote>\n<p style=\"text-align: justify;\">Investera i din framtid, vidga dina vyer och l\u00e4r dig spanska i en dynamisk, uppslukande milj\u00f6 - med ekonomiskt st\u00f6d fr\u00e5n CSN. HolaSpain g\u00f6r det enkelt, berikande och of\u00f6rgl\u00f6mligt att studera i Spanien.<\/p>\n<\/blockquote>\n\n\t\t<\/div>\n\t<\/div>\n<section class=\"vc_cta3-container\"><div class=\"vc_general vc_do_cta3 vc_cta3 vc_cta3-style-outline vc_cta3-shape-rounded vc_cta3-align-left vc_cta3-color-classic vc_cta3-icon-size-md vc_cta3-icons-left vc_cta3-actions-right\"><div class=\"vc_cta3-icons\"><div class=\"vc_icon_element vc_icon_element-outer vc_do_icon vc_icon_element-align-left\"><div class=\"vc_icon_element-inner vc_icon_element-color-turquoise vc_icon_element-size-md vc_icon_element-style- vc_icon_element-background-color-grey\" ><span class=\"vc_icon_element-icon fa fa-solid fa-arrow-right-from-bracket\" ><\/span><\/div><\/div><\/div><div class=\"vc_cta3_content-container\"><div class=\"vc_cta3-content\"><header class=\"vc_cta3-content-header\"><h2>B\u00f6rja ditt spanska \u00e4ventyr idag!<\/h2><\/header><p>Har du fr\u00e5gor eller vill du hitta den perfekta spanskakursen? Kontakta HolaSpain idag och l\u00e5t oss hj\u00e4lpa dig att planera din inl\u00e4rningsupplevelse i Spanien.<\/p>\n<\/div><div class=\"vc_cta3-actions\"><div class=\"vc_btn3-container vc_btn3-inline vc_do_btn\" ><a class=\"vc_general vc_btn3 vc_btn3-size-md vc_btn3-shape-rounded vc_btn3-style-modern vc_btn3-color-info\" href=\"https:\/\/holaspain.agency\/sv\/#contact\" title=\"\">N\u00e5 ut idag<\/a><\/div><\/div><\/div><\/div><\/section><\/div><\/div><\/div><\/div>\n<\/div>","protected":false},"excerpt":{"rendered":"<p>Med st\u00f6d fr\u00e5n CSN (Centrala studiest\u00f6dsn\u00e4mnden) kan svenska studenter studera spanska i Spanien samtidigt som de f\u00e5r ekonomiskt st\u00f6d. HolaSpain samarbetar med ackrediterade spanska skolor som erbjuder CSN-godk\u00e4nda intensiva spr\u00e5kkurser, s\u00e5 att du kan l\u00e4ra dig spanska, f\u00e5 po\u00e4ng och helt f\u00f6rdjupa dig i den spanska kulturen - allt medan du f\u00e5r ekonomiskt st\u00f6d fr\u00e5n Sveriges nationella studiest\u00f6dssystem.<\/p>","protected":false},"author":1,"featured_media":1960,"parent":0,"menu_order":0,"comment_status":"closed","ping_status":"closed","template":"","meta":{"_seopress_robots_primary_cat":"","_seopress_titles_title":"%%sitetitle%% %%sep%% %%post_title%%","_seopress_titles_desc":"Study Spanish in Spain with CSN support. HolaSpain offers CSN-approved intensive courses in cities like Madrid and Valencia for Swedish students.","_seopress_robots_index":"","_daextam_enable_autolinks":"","footnotes":""},"categories":[60],"tags":[],"class_list":["post-1956","page","type-page","status-publish","has-post-thumbnail","hentry","category-eu-programmes"],"_links":{"self":[{"href":"https:\/\/holaspain.agency\/sv\/wp-json\/wp\/v2\/pages\/1956","targetHints":{"allow":["GET"]}}],"collection":[{"href":"https:\/\/holaspain.agency\/sv\/wp-json\/wp\/v2\/pages"}],"about":[{"href":"https:\/\/holaspain.agency\/sv\/wp-json\/wp\/v2\/types\/page"}],"author":[{"embeddable":true,"href":"https:\/\/holaspain.agency\/sv\/wp-json\/wp\/v2\/users\/1"}],"replies":[{"embeddable":true,"href":"https:\/\/holaspain.agency\/sv\/wp-json\/wp\/v2\/comments?post=1956"}],"version-history":[{"count":5,"href":"https:\/\/holaspain.agency\/sv\/wp-json\/wp\/v2\/pages\/1956\/revisions"}],"predecessor-version":[{"id":2015,"href":"https:\/\/holaspain.agency\/sv\/wp-json\/wp\/v2\/pages\/1956\/revisions\/2015"}],"wp:featuredmedia":[{"embeddable":true,"href":"https:\/\/holaspain.agency\/sv\/wp-json\/wp\/v2\/media\/1960"}],"wp:attachment":[{"href":"https:\/\/holaspain.agency\/sv\/wp-json\/wp\/v2\/media?parent=1956"}],"wp:term":[{"taxonomy":"category","embeddable":true,"href":"https:\/\/holaspain.agency\/sv\/wp-json\/wp\/v2\/categories?post=1956"},{"taxonomy":"post_tag","embeddable":true,"href":"https:\/\/holaspain.agency\/sv\/wp-json\/wp\/v2\/tags?post=1956"}],"curies":[{"name":"wp","href":"https:\/\/api.w.org\/{rel}","templated":true}]}}