{"id":19,"date":"2016-09-05T20:18:10","date_gmt":"2016-09-05T20:18:10","guid":{"rendered":"http:\/\/demos.famethemes.com\/screenr-plus\/?page_id=19"},"modified":"2025-11-05T11:41:23","modified_gmt":"2025-11-05T11:41:23","slug":"boende-och-stodtjanster","status":"publish","type":"page","link":"https:\/\/holaspain.agency\/sv\/accommodation-and-support-services\/","title":{"rendered":"Boende och st\u00f6dtj\u00e4nster"},"content":{"rendered":"<div class=\"wpb-content-wrapper\"><div class=\"vc_row wpb_row vc_row-fluid\"><div class=\"wpb_column vc_column_container vc_col-sm-12\"><div class=\"vc_column-inner\"><div class=\"wpb_wrapper\">\n\t<div class=\"wpb_text_column wpb_content_element\" >\n\t\t<div class=\"wpb_wrapper\">\n\t\t\t<h1>Boende och st\u00f6dtj\u00e4nster<\/h1>\n<h2>K\u00e4nn dig som hemma medan du l\u00e4r dig spanska<\/h2>\n<p>Att v\u00e4lja r\u00e4tt st\u00e4lle att bo p\u00e5 kan f\u00f6r\u00e4ndra din upplevelse av att studera utomlands. P\u00e5 <strong>Hola Spanien<\/strong>, Vi ser till att varje student k\u00e4nner sig trygg, bekv\u00e4m och verkligen uppslukad av det spanska livet. Oavsett om du f\u00f6redrar v\u00e4rmen fr\u00e5n en lokal familj, sj\u00e4lvst\u00e4ndigheten i ett studentboende eller flexibiliteten i en delad l\u00e4genhet, hj\u00e4lper vi dig att hitta det perfekta hemmet l\u00e5ngt hemifr\u00e5n.<\/p>\n<h2>Olika typer av boende i Spanien<\/h2>\n<h3>1. V\u00e4rdfamiljer - lev p\u00e5 det spanska s\u00e4ttet<\/h3>\n<p>Att stanna kvar med en <strong>Spansk v\u00e4rdfamilj<\/strong> \u00e4r det mest autentiska s\u00e4ttet att uppleva den lokala kulturen. Du kommer att dela m\u00e5ltider, konversationer och traditioner samtidigt som du \u00f6var din spanska naturligt varje dag.<\/p>\n<ul>\n<li>Alternativ f\u00f6r hel- eller halvpension tillg\u00e4ngliga<\/li>\n<li>Noggrant utvalda och regelbundet inspekterade familjer<\/li>\n<li>Perfekt f\u00f6r vuxna, ton\u00e5ringar och f\u00f6rstag\u00e5ngsbes\u00f6kare<\/li>\n<\/ul>\n<h3>2. Studentbost\u00e4der - ett socialt och oberoende alternativ<\/h3>\n<p>V\u00e5r moderna <strong>Studentbost\u00e4der i Spanien<\/strong> erbjuder den perfekta blandningen av gemenskap och sj\u00e4lvst\u00e4ndighet. Tr\u00e4ffa nya v\u00e4nner fr\u00e5n hela v\u00e4rlden och njut av faciliteter av h\u00f6gsta kvalitet n\u00e4ra din spanska skola.<\/p>\n<ul>\n<li>Privata eller delade rum<\/li>\n<li>Gemensamma utrymmen, k\u00f6k och studieutrymmen<\/li>\n<li>Wi-Fi, tv\u00e4tt och veckost\u00e4dning ing\u00e5r<\/li>\n<\/ul>\n<h3>3. Delade l\u00e4genheter - frihet och flexibilitet<\/h3>\n<p>Om du f\u00f6redrar mer sj\u00e4lvst\u00e4ndighet, kan v\u00e5r <strong>delade l\u00e4genheter<\/strong> \u00e4r idealiska. Bo med andra internationella studenter, njut av avskildhet och utforska Spanien i din egen takt.<\/p>\n<ul>\n<li>Fullt utrustade k\u00f6k och bekv\u00e4ma vardagsrum<\/li>\n<li>Flexibel vistelsetid<\/li>\n<li>Perfekt f\u00f6r l\u00e5ngtidsstuderande och digitala nomader<\/li>\n<\/ul>\n<h2>St\u00f6dtj\u00e4nster f\u00f6r studenter i Spanien<\/h2>\n<p>Hola Spain erbjuder ett komplett utbud av <strong>st\u00f6dtj\u00e4nster f\u00f6r studenter<\/strong> f\u00f6r att g\u00f6ra din vistelse smidig, trevlig och bekymmersfri - fr\u00e5n din ankomst till din sista dag i Spanien.<\/p>\n<ul>\n<li><strong>Hj\u00e4lp med upph\u00e4mtning och transfer p\u00e5 flygplatsen<\/strong> f\u00f6r en s\u00e4ker ankomst<\/li>\n<li><strong>24\/7 kontakt i n\u00f6dsituationer<\/strong> f\u00f6r sinnesfrid<\/li>\n<li><strong>Orienterande sessioner<\/strong> f\u00f6r att hj\u00e4lpa dig att anpassa dig snabbt<\/li>\n<li><strong>Lokal v\u00e4gledning och aktiviteter<\/strong> f\u00f6r att hj\u00e4lpa dig att komma i kontakt med den spanska kulturen<\/li>\n<\/ul>\n<h2>Varf\u00f6r v\u00e4lja Hola Spain Accommodation<\/h2>\n<ul>\n<li>P\u00e5litligt och verifierat bostadsn\u00e4tverk<\/li>\n<li>Trygga, centrala och v\u00e4lkomnande milj\u00f6er<\/li>\n<li>Skr\u00e4ddarsydda alternativ f\u00f6r vuxna, ton\u00e5ringar och grupper<\/li>\n<li>Fullst\u00e4ndig kulturell f\u00f6rdjupning och l\u00f6pande st\u00f6d<\/li>\n<\/ul>\n\n\t\t<\/div>\n\t<\/div>\n<section class=\"vc_cta3-container\"><div class=\"vc_general vc_do_cta3 vc_cta3 vc_cta3-style-outline vc_cta3-shape-rounded vc_cta3-align-left vc_cta3-color-classic vc_cta3-icon-size-md vc_cta3-icons-left vc_cta3-actions-right\"><div class=\"vc_cta3-icons\"><div class=\"vc_icon_element vc_icon_element-outer vc_do_icon vc_icon_element-align-left\"><div class=\"vc_icon_element-inner vc_icon_element-color-turquoise vc_icon_element-size-md vc_icon_element-style- vc_icon_element-background-color-grey\" ><span class=\"vc_icon_element-icon fa fa-solid fa-arrow-right-from-bracket\" ><\/span><\/div><\/div><\/div><div class=\"vc_cta3_content-container\"><div class=\"vc_cta3-content\"><header class=\"vc_cta3-content-header\"><h2>B\u00f6rja ditt spanska \u00e4ventyr idag!<\/h2><\/header><p>Har du fr\u00e5gor eller vill du hitta den perfekta spanskakursen? Kontakta HolaSpain idag och l\u00e5t oss hj\u00e4lpa dig att planera din inl\u00e4rningsupplevelse i Spanien.<\/p>\n<\/div><div class=\"vc_cta3-actions\"><div class=\"vc_btn3-container vc_btn3-inline vc_do_btn\" ><a class=\"vc_general vc_btn3 vc_btn3-size-md vc_btn3-shape-rounded vc_btn3-style-modern vc_btn3-color-info\" href=\"https:\/\/holaspain.agency\/sv\/#contact\" title=\"\">N\u00e5 ut idag<\/a><\/div><\/div><\/div><\/div><\/section><\/div><\/div><\/div><\/div>\n<\/div>","protected":false},"excerpt":{"rendered":"<p>Oavsett om du f\u00f6redrar v\u00e4rmen fr\u00e5n en lokal familj, sj\u00e4lvst\u00e4ndigheten i ett studentboende eller flexibiliteten i en delad l\u00e4genhet, hj\u00e4lper vi dig att hitta det perfekta hemmet l\u00e5ngt hemifr\u00e5n.<\/p>","protected":false},"author":1,"featured_media":1318,"parent":0,"menu_order":0,"comment_status":"closed","ping_status":"closed","template":"","meta":{"_seopress_robots_primary_cat":"","_seopress_titles_title":"%%sitetitle%% %%sep%% %%post_title%%","_seopress_titles_desc":"Live the Spanish Way \u2014 Hola Spain helps students find the best accommodation and host families while they study Spanish in Spain.","_seopress_robots_index":"","_daextam_enable_autolinks":"","footnotes":""},"categories":[61],"tags":[],"class_list":["post-19","page","type-page","status-publish","has-post-thumbnail","hentry","category-services"],"_links":{"self":[{"href":"https:\/\/holaspain.agency\/sv\/wp-json\/wp\/v2\/pages\/19","targetHints":{"allow":["GET"]}}],"collection":[{"href":"https:\/\/holaspain.agency\/sv\/wp-json\/wp\/v2\/pages"}],"about":[{"href":"https:\/\/holaspain.agency\/sv\/wp-json\/wp\/v2\/types\/page"}],"author":[{"embeddable":true,"href":"https:\/\/holaspain.agency\/sv\/wp-json\/wp\/v2\/users\/1"}],"replies":[{"embeddable":true,"href":"https:\/\/holaspain.agency\/sv\/wp-json\/wp\/v2\/comments?post=19"}],"version-history":[{"count":10,"href":"https:\/\/holaspain.agency\/sv\/wp-json\/wp\/v2\/pages\/19\/revisions"}],"predecessor-version":[{"id":1709,"href":"https:\/\/holaspain.agency\/sv\/wp-json\/wp\/v2\/pages\/19\/revisions\/1709"}],"wp:featuredmedia":[{"embeddable":true,"href":"https:\/\/holaspain.agency\/sv\/wp-json\/wp\/v2\/media\/1318"}],"wp:attachment":[{"href":"https:\/\/holaspain.agency\/sv\/wp-json\/wp\/v2\/media?parent=19"}],"wp:term":[{"taxonomy":"category","embeddable":true,"href":"https:\/\/holaspain.agency\/sv\/wp-json\/wp\/v2\/categories?post=19"},{"taxonomy":"post_tag","embeddable":true,"href":"https:\/\/holaspain.agency\/sv\/wp-json\/wp\/v2\/tags?post=19"}],"curies":[{"name":"wp","href":"https:\/\/api.w.org\/{rel}","templated":true}]}}