{"id":1874,"date":"2025-11-04T12:59:24","date_gmt":"2025-11-04T12:59:24","guid":{"rendered":"https:\/\/holaspain.agency\/?page_id=1874"},"modified":"2025-11-06T09:44:32","modified_gmt":"2025-11-06T09:44:32","slug":"bildungsurlaub-lara-sig-spanska-i-spanien","status":"publish","type":"page","link":"https:\/\/holaspain.agency\/sv\/bildungsurlaub-learn-spanish-in-spain\/","title":{"rendered":"Bildungsurlaub - L\u00e4r dig spanska i Spanien"},"content":{"rendered":"<div class=\"wpb-content-wrapper\"><div class=\"vc_row wpb_row vc_row-fluid\"><div class=\"wpb_column vc_column_container vc_col-sm-12\"><div class=\"vc_column-inner\"><div class=\"wpb_wrapper\">\n\t<div class=\"wpb_text_column wpb_content_element\" >\n\t\t<div class=\"wpb_wrapper\">\n\t\t\t<h1 style=\"text-align: justify;\">Bildungsurlaub - L\u00e4r dig spanska i Spanien p\u00e5 betald ledighet<\/h1>\n<blockquote>\n<p style=\"text-align: justify;\">Bildungsurlaub (utbildningsledighet) \u00e4r din m\u00f6jlighet att ta ledigt fr\u00e5n jobbet i Tyskland och l\u00e4ra dig spanska samtidigt som du uppt\u00e4cker den livliga kulturen i Spanien. HolaSpains intensiva spanska program med 30 lektioner per vecka \u00e4r fullt erk\u00e4nda f\u00f6r Bildungsurlaub i de flesta tyska delstater, vilket g\u00f6r det enkelt f\u00f6r anst\u00e4llda att kombinera professionell tillv\u00e4xt med kulturell berikning.<\/p>\n<\/blockquote>\n<h2 style=\"text-align: justify;\">Varf\u00f6r v\u00e4lja HolaSpain f\u00f6r Bildungsurlaub?<\/h2>\n<ul style=\"text-align: justify;\">\n<li>Program erk\u00e4nda i \u00f6ver 10 tyska delstater<\/li>\n<li>30 timmars undervisning per vecka - uppfyller officiella kriterier<\/li>\n<li>Kurser f\u00f6r alla niv\u00e5er, fr\u00e5n nyb\u00f6rjare till avancerade elever<\/li>\n<li>L\u00e4r dig i popul\u00e4ra st\u00e4der: Barcelona, Malaga, Valencia, Seville och m\u00e5nga fler<\/li>\n<\/ul>\n<h2 style=\"text-align: justify;\">Hur man ans\u00f6ker om Bildungsurlaub<\/h2>\n<ol style=\"text-align: justify;\">\n<li>Beg\u00e4r ett formul\u00e4r f\u00f6r ledighetsans\u00f6kan fr\u00e5n din arbetsgivare<\/li>\n<li>V\u00e4lj din destination och startdatum<\/li>\n<li>HolaSpain tillhandah\u00e5ller de officiella erk\u00e4nnandedokumenten f\u00f6r ditt land<\/li>\n<li>Boka boende och njut av Medelhavets livsstil samtidigt som du l\u00e4r dig<\/li>\n<\/ol>\n<h3 style=\"text-align: justify;\">Erk\u00e4nda spanska kurser f\u00f6r Bildungsurlaub<\/h3>\n<p style=\"text-align: justify;\">V\u00e5ra spanska spr\u00e5kkurser \u00e4r fullt ackrediterade och uppfyller de utbildningsstandarder som kr\u00e4vs f\u00f6r Bildungsurlaub. Oavsett om du s\u00f6ker professionell utveckling, en kulturell flykt eller personlig berikning, ansluter HolaSpain dig till ledande spr\u00e5kskolor i Spanien som erbjuder engagerande klasser, modersm\u00e5lsl\u00e4rare och uppslukande kulturella upplevelser.<\/p>\n<blockquote>\n<p style=\"text-align: justify;\">Utveckla din karri\u00e4r, berika ditt sinne och kliv in i en ny kultur - allt medan du l\u00e4r dig spanska i solen. L\u00e5t HolaSpain hj\u00e4lpa dig att g\u00f6ra din Bildungsurlaub-upplevelse enkel, trevlig och of\u00f6rgl\u00f6mlig.<\/p>\n<\/blockquote>\n\n\t\t<\/div>\n\t<\/div>\n<section class=\"vc_cta3-container\"><div class=\"vc_general vc_do_cta3 vc_cta3 vc_cta3-style-outline vc_cta3-shape-rounded vc_cta3-align-left vc_cta3-color-classic vc_cta3-icon-size-md vc_cta3-icons-left vc_cta3-actions-right\"><div class=\"vc_cta3-icons\"><div class=\"vc_icon_element vc_icon_element-outer vc_do_icon vc_icon_element-align-left\"><div class=\"vc_icon_element-inner vc_icon_element-color-turquoise vc_icon_element-size-md vc_icon_element-style- vc_icon_element-background-color-grey\" ><span class=\"vc_icon_element-icon fa fa-solid fa-arrow-right-from-bracket\" ><\/span><\/div><\/div><\/div><div class=\"vc_cta3_content-container\"><div class=\"vc_cta3-content\"><header class=\"vc_cta3-content-header\"><h2>B\u00f6rja ditt spanska \u00e4ventyr idag!<\/h2><\/header><p>Har du fr\u00e5gor eller vill du hitta den perfekta spanskakursen? Kontakta HolaSpain idag och l\u00e5t oss hj\u00e4lpa dig att planera din inl\u00e4rningsupplevelse i Spanien.<\/p>\n<\/div><div class=\"vc_cta3-actions\"><div class=\"vc_btn3-container vc_btn3-inline vc_do_btn\" ><a class=\"vc_general vc_btn3 vc_btn3-size-md vc_btn3-shape-rounded vc_btn3-style-modern vc_btn3-color-info\" href=\"https:\/\/holaspain.agency\/sv\/#contact\" title=\"\">N\u00e5 ut idag<\/a><\/div><\/div><\/div><\/div><\/section><\/div><\/div><\/div><\/div>\n<\/div>","protected":false},"excerpt":{"rendered":"<p>Bildungsurlaub (utbildningsledighet) \u00e4r din m\u00f6jlighet att ta ledigt fr\u00e5n jobbet i Tyskland och l\u00e4ra dig spanska samtidigt som du uppt\u00e4cker den livliga kulturen i Spanien. HolaSpains intensiva spanska program med 30 lektioner per vecka \u00e4r fullt erk\u00e4nda f\u00f6r Bildungsurlaub i de flesta tyska delstater, vilket g\u00f6r det enkelt f\u00f6r anst\u00e4llda att kombinera professionell tillv\u00e4xt med kulturell berikning.<\/p>","protected":false},"author":1,"featured_media":1869,"parent":0,"menu_order":0,"comment_status":"closed","ping_status":"closed","template":"","meta":{"_seopress_robots_primary_cat":"","_seopress_titles_title":"%%sitetitle%% %%sep%% %%post_title%%","_seopress_titles_desc":"Take your Bildungsurlaub in Spain. Learn Spanish in accredited schools while enjoying cultural immersion during your paid educational leave.","_seopress_robots_index":"","_daextam_enable_autolinks":"","footnotes":""},"categories":[60],"tags":[],"class_list":["post-1874","page","type-page","status-publish","has-post-thumbnail","hentry","category-eu-programmes"],"_links":{"self":[{"href":"https:\/\/holaspain.agency\/sv\/wp-json\/wp\/v2\/pages\/1874","targetHints":{"allow":["GET"]}}],"collection":[{"href":"https:\/\/holaspain.agency\/sv\/wp-json\/wp\/v2\/pages"}],"about":[{"href":"https:\/\/holaspain.agency\/sv\/wp-json\/wp\/v2\/types\/page"}],"author":[{"embeddable":true,"href":"https:\/\/holaspain.agency\/sv\/wp-json\/wp\/v2\/users\/1"}],"replies":[{"embeddable":true,"href":"https:\/\/holaspain.agency\/sv\/wp-json\/wp\/v2\/comments?post=1874"}],"version-history":[{"count":8,"href":"https:\/\/holaspain.agency\/sv\/wp-json\/wp\/v2\/pages\/1874\/revisions"}],"predecessor-version":[{"id":2014,"href":"https:\/\/holaspain.agency\/sv\/wp-json\/wp\/v2\/pages\/1874\/revisions\/2014"}],"wp:featuredmedia":[{"embeddable":true,"href":"https:\/\/holaspain.agency\/sv\/wp-json\/wp\/v2\/media\/1869"}],"wp:attachment":[{"href":"https:\/\/holaspain.agency\/sv\/wp-json\/wp\/v2\/media?parent=1874"}],"wp:term":[{"taxonomy":"category","embeddable":true,"href":"https:\/\/holaspain.agency\/sv\/wp-json\/wp\/v2\/categories?post=1874"},{"taxonomy":"post_tag","embeddable":true,"href":"https:\/\/holaspain.agency\/sv\/wp-json\/wp\/v2\/tags?post=1874"}],"curies":[{"name":"wp","href":"https:\/\/api.w.org\/{rel}","templated":true}]}}