{"id":1873,"date":"2025-11-04T12:59:29","date_gmt":"2025-11-04T12:59:29","guid":{"rendered":"https:\/\/holaspain.agency\/?page_id=1873"},"modified":"2025-11-06T09:45:09","modified_gmt":"2025-11-06T09:45:09","slug":"pcto-spanska-och-kulturell-fordjupning-i-spanien","status":"publish","type":"page","link":"https:\/\/holaspain.agency\/sv\/pcto-spanish-and-cultural-immersion-in-spain\/","title":{"rendered":"PCTO - Spanska och kulturell f\u00f6rdjupning i Spanien"},"content":{"rendered":"<div class=\"wpb-content-wrapper\"><div class=\"vc_row wpb_row vc_row-fluid\"><div class=\"wpb_column vc_column_container vc_col-sm-12\"><div class=\"vc_column-inner\"><div class=\"wpb_wrapper\">\n\t<div class=\"wpb_text_column wpb_content_element\" >\n\t\t<div class=\"wpb_wrapper\">\n\t\t\t<h1 style=\"text-align: justify;\">PCTO - Spanska som undervisningsspr\u00e5k f\u00f6r italienska skolor<\/h1>\n<blockquote>\n<p style=\"text-align: justify;\">PCTO-program (Percorsi per le Competenze Trasversali e l'Orientamento) \u00e4r ett utm\u00e4rkt tillf\u00e4lle f\u00f6r italienska gymnasieelever att f\u00f6rb\u00e4ttra sin spanska och f\u00e5 internationell erfarenhet. HolaSpain erbjuder helt skr\u00e4ddarsydda PCTO-program som kombinerar spanska spr\u00e5kkurser med kulturella aktiviteter och m\u00f6jligheter till yrkesutbildning i Spanien.<\/p>\n<\/blockquote>\n<h2 style=\"text-align: justify;\">H\u00f6jdpunkter fr\u00e5n v\u00e5ra PCTO-program<\/h2>\n<ul style=\"text-align: justify;\">\n<li>Specialdesignad f\u00f6r italienska skolgrupper<\/li>\n<li>Tillg\u00e4nglig \u00e5ret runt i st\u00e4der \u00f6ver hela Spanien<\/li>\n<li>Spr\u00e5kkurser, kulturella workshops och studiebes\u00f6k ing\u00e5r<\/li>\n<li>M\u00f6jlighet att l\u00e4gga till utbildning i mjuka f\u00e4rdigheter och lokala f\u00f6retagsbes\u00f6k<\/li>\n<\/ul>\n<h2 style=\"text-align: justify;\">Hur PCTO arbetar med HolaSpain<\/h2>\n<ol style=\"text-align: justify;\">\n<li>Skolorna v\u00e4ljer \u00f6nskad destination och programl\u00e4ngd<\/li>\n<li>HolaSpain tar fram ett skr\u00e4ddarsytt f\u00f6rslag med utbildnings- och kulturaktiviteter<\/li>\n<li>Vi hj\u00e4lper till med logistik, undervisningsmaterial och samordning<\/li>\n<li>Studenter deltar i spanskundervisning och f\u00e5r ta del av kulturella upplevelser<\/li>\n<\/ol>\n<h3 style=\"text-align: justify;\">PCTO:s spanska program i Spanien<\/h3>\n<p style=\"text-align: justify;\">V\u00e5ra PCTO-program ger italienska studenter chansen att utveckla viktiga livskunskaper - fr\u00e5n kommunikation och lagarbete till tv\u00e4rkulturell medvetenhet. Med engagerande spansklektioner, kulturella utflykter och valfria yrkeserfarenheter fr\u00e4mjar dessa program b\u00e5de akademisk och personlig tillv\u00e4xt i inspirerande spanska milj\u00f6er som Malaga, Valencia och Madrid.<\/p>\n<blockquote>\n<p style=\"text-align: justify;\">Ge dina elever m\u00f6jlighet att leva, l\u00e4ra och v\u00e4xa i autentiska spanska milj\u00f6er. Fr\u00e5n spr\u00e5kf\u00f6rtroende till global medvetenhet, de f\u00e4rdigheter som erh\u00e5lls genom PCTO i Spanien g\u00e5r ut\u00f6ver klassrummet - och bygger starkare framtider f\u00f6r unga elever.<\/p>\n<\/blockquote>\n\n\t\t<\/div>\n\t<\/div>\n<section class=\"vc_cta3-container\"><div class=\"vc_general vc_do_cta3 vc_cta3 vc_cta3-style-outline vc_cta3-shape-rounded vc_cta3-align-left vc_cta3-color-classic vc_cta3-icon-size-md vc_cta3-icons-left vc_cta3-actions-right\"><div class=\"vc_cta3-icons\"><div class=\"vc_icon_element vc_icon_element-outer vc_do_icon vc_icon_element-align-left\"><div class=\"vc_icon_element-inner vc_icon_element-color-turquoise vc_icon_element-size-md vc_icon_element-style- vc_icon_element-background-color-grey\" ><span class=\"vc_icon_element-icon fa fa-solid fa-arrow-right-from-bracket\" ><\/span><\/div><\/div><\/div><div class=\"vc_cta3_content-container\"><div class=\"vc_cta3-content\"><header class=\"vc_cta3-content-header\"><h2>B\u00f6rja ditt spanska \u00e4ventyr idag!<\/h2><\/header><p>Har du fr\u00e5gor eller vill du hitta den perfekta spanskakursen? Kontakta HolaSpain idag och l\u00e5t oss hj\u00e4lpa dig att planera din inl\u00e4rningsupplevelse i Spanien.<\/p>\n<\/div><div class=\"vc_cta3-actions\"><div class=\"vc_btn3-container vc_btn3-inline vc_do_btn\" ><a class=\"vc_general vc_btn3 vc_btn3-size-md vc_btn3-shape-rounded vc_btn3-style-modern vc_btn3-color-info\" href=\"https:\/\/holaspain.agency\/sv\/#contact\" title=\"\">N\u00e5 ut idag<\/a><\/div><\/div><\/div><\/div><\/section><\/div><\/div><\/div><\/div>\n<\/div>","protected":false},"excerpt":{"rendered":"<p>PCTO-program (Percorsi per le Competenze Trasversali e l'Orientamento) \u00e4r ett utm\u00e4rkt tillf\u00e4lle f\u00f6r italienska gymnasieelever att f\u00f6rb\u00e4ttra sin spanska och f\u00e5 internationell erfarenhet. HolaSpain erbjuder helt skr\u00e4ddarsydda PCTO-program som kombinerar spanska spr\u00e5kkurser med kulturella aktiviteter och m\u00f6jligheter till yrkesutbildning i Spanien.<\/p>","protected":false},"author":1,"featured_media":1870,"parent":0,"menu_order":0,"comment_status":"closed","ping_status":"closed","template":"","meta":{"_seopress_robots_primary_cat":"","_seopress_titles_title":"%%sitetitle%% %%sep%% %%post_title%%","_seopress_titles_desc":"PCTO in Spain for Italian students. Learn Spanish and gain cultural and vocational experience with tailored school programs across Spain.","_seopress_robots_index":"","_daextam_enable_autolinks":"","footnotes":""},"categories":[60],"tags":[],"class_list":["post-1873","page","type-page","status-publish","has-post-thumbnail","hentry","category-eu-programmes"],"_links":{"self":[{"href":"https:\/\/holaspain.agency\/sv\/wp-json\/wp\/v2\/pages\/1873","targetHints":{"allow":["GET"]}}],"collection":[{"href":"https:\/\/holaspain.agency\/sv\/wp-json\/wp\/v2\/pages"}],"about":[{"href":"https:\/\/holaspain.agency\/sv\/wp-json\/wp\/v2\/types\/page"}],"author":[{"embeddable":true,"href":"https:\/\/holaspain.agency\/sv\/wp-json\/wp\/v2\/users\/1"}],"replies":[{"embeddable":true,"href":"https:\/\/holaspain.agency\/sv\/wp-json\/wp\/v2\/comments?post=1873"}],"version-history":[{"count":13,"href":"https:\/\/holaspain.agency\/sv\/wp-json\/wp\/v2\/pages\/1873\/revisions"}],"predecessor-version":[{"id":2017,"href":"https:\/\/holaspain.agency\/sv\/wp-json\/wp\/v2\/pages\/1873\/revisions\/2017"}],"wp:featuredmedia":[{"embeddable":true,"href":"https:\/\/holaspain.agency\/sv\/wp-json\/wp\/v2\/media\/1870"}],"wp:attachment":[{"href":"https:\/\/holaspain.agency\/sv\/wp-json\/wp\/v2\/media?parent=1873"}],"wp:term":[{"taxonomy":"category","embeddable":true,"href":"https:\/\/holaspain.agency\/sv\/wp-json\/wp\/v2\/categories?post=1873"},{"taxonomy":"post_tag","embeddable":true,"href":"https:\/\/holaspain.agency\/sv\/wp-json\/wp\/v2\/tags?post=1873"}],"curies":[{"name":"wp","href":"https:\/\/api.w.org\/{rel}","templated":true}]}}