{"id":1871,"date":"2025-11-04T12:56:45","date_gmt":"2025-11-04T12:56:45","guid":{"rendered":"https:\/\/holaspain.agency\/?page_id=1871"},"modified":"2026-01-13T12:20:23","modified_gmt":"2026-01-13T12:20:23","slug":"erasmus-studera-spanska-i-spanien","status":"publish","type":"page","link":"https:\/\/holaspain.agency\/sv\/erasmus-study-spanish-in-spain\/","title":{"rendered":"Erasmus+ - Studera spanska i Spanien"},"content":{"rendered":"<div class=\"wpb-content-wrapper\"><div class=\"vc_row wpb_row vc_row-fluid\"><div class=\"wpb_column vc_column_container vc_col-sm-12\"><div class=\"vc_column-inner\"><div class=\"wpb_wrapper\">\n\t<div class=\"wpb_text_column wpb_content_element\" >\n\t\t<div class=\"wpb_wrapper\">\n\t\t\t<h1 style=\"text-align: justify;\">Erasmus+ - L\u00e4r dig spanska och uppt\u00e4ck Spanien<\/h1>\n<blockquote>\n<p style=\"text-align: justify;\">Ta del av en livsf\u00f6r\u00e4ndrande spr\u00e5kupplevelse med Erasmus+ i Spanien. P\u00e5 HolaSpain erbjuder vi ackrediterade spanska spr\u00e5kprogram som \u00e4r utformade f\u00f6r att st\u00f6dja Erasmus+ mobilitetsprojekt f\u00f6r studenter, l\u00e4rare och personal. Oavsett om du vill f\u00f6rb\u00e4ttra din spanska f\u00f6r akademiska, yrkesm\u00e4ssiga eller personliga m\u00e5l uppfyller v\u00e5ra partnerskolor i Spanien de h\u00f6gsta kvalitetsstandarderna.<\/p>\n<\/blockquote>\n<h2 style=\"text-align: justify;\">Varf\u00f6r v\u00e4lja Erasmus+ f\u00f6r att l\u00e4ra dig spanska?<\/h2>\n<ul style=\"text-align: justify;\">\n<li>F\u00e5 tillg\u00e5ng till EU-finansierade kurser i hela Spanien med enkel beh\u00f6righet<\/li>\n<li>Delta i uppslukande kulturella upplevelser samtidigt som du l\u00e4r dig<\/li>\n<li>Kurser anpassade till din niv\u00e5, fr\u00e5n nyb\u00f6rjare till avancerad<\/li>\n<li>Hj\u00e4lp med pappersarbete och Erasmus+ Learning Agreements<\/li>\n<\/ul>\n<h2 style=\"text-align: justify;\">Vem kan ans\u00f6ka?<\/h2>\n<p style=\"text-align: justify;\">Mobilitet inom Erasmus+ \u00e4r \u00f6ppet f\u00f6r studenter, l\u00e4rare och personal fr\u00e5n skolor eller organisationer som deltar i ett aktivt Erasmus+-projekt. \u00c4r du os\u00e4ker p\u00e5 om du \u00e4r kvalificerad? V\u00e5rt team kan hj\u00e4lpa dig genom processen.<\/p>\n<h2 style=\"text-align: justify;\">S\u00e5 h\u00e4r kommer du ig\u00e5ng<\/h2>\n<ol style=\"text-align: justify;\">\n<li>Kontakta din Erasmus+-samordnare eller s\u00e4ndande organisation<\/li>\n<li>V\u00e4lj \u00f6nskad ort och spr\u00e5kskola i Spanien<\/li>\n<li>L\u00e5t HolaSpain hj\u00e4lpa dig med bokning, pappersarbete och logistik<\/li>\n<\/ol>\n<h3 style=\"text-align: justify;\">Erasmus+ kurser i spanska i Spanien<\/h3>\n<p style=\"text-align: justify;\">Our Erasmus+ eligible Spanish courses are perfect for anyone looking to build language confidence while immersing in authentic Spanish culture. Offered by partner schools in cities like Barcelona, Valencia, Alicante, Granada, and Madrid, these programs combine dynamic lessons with cultural activities and local experiences \u2014 ensuring your Erasmus+ stay is both educational and unforgettable. <strong>Kontrollera v\u00e5ra avgifter f\u00f6r vuxna <a href=\"https:\/\/holaspain.agency\/sv\/erasmus-plus-professionella-kurser-priser\/\">h\u00e4r<\/a><\/strong><\/p>\n<blockquote>\n<p style=\"text-align: justify;\">Oavsett om du vill f\u00f6rb\u00e4ttra dina studier, bredda din v\u00e4rldsbild eller skaffa dig nya kunskaper f\u00f6r framtiden - att l\u00e4ra sig spanska med Erasmus+ f\u00f6r\u00e4ndrar liv. L\u00e5t oss hj\u00e4lpa dig att g\u00f6ra din mobilitetsupplevelse of\u00f6rgl\u00f6mlig. Spanien v\u00e4ntar p\u00e5 dig!<\/p>\n<\/blockquote>\n\n\t\t<\/div>\n\t<\/div>\n<section class=\"vc_cta3-container\"><div class=\"vc_general vc_do_cta3 vc_cta3 vc_cta3-style-outline vc_cta3-shape-rounded vc_cta3-align-left vc_cta3-color-classic vc_cta3-icon-size-md vc_cta3-icons-left vc_cta3-actions-right\"><div class=\"vc_cta3-icons\"><div class=\"vc_icon_element vc_icon_element-outer vc_do_icon vc_icon_element-align-left\"><div class=\"vc_icon_element-inner vc_icon_element-color-turquoise vc_icon_element-size-md vc_icon_element-style- vc_icon_element-background-color-grey\" ><span class=\"vc_icon_element-icon fa fa-solid fa-arrow-right-from-bracket\" ><\/span><\/div><\/div><\/div><div class=\"vc_cta3_content-container\"><div class=\"vc_cta3-content\"><header class=\"vc_cta3-content-header\"><h2>B\u00f6rja ditt spanska \u00e4ventyr idag!<\/h2><\/header><p>Har du fr\u00e5gor eller vill du hitta den perfekta spanskakursen? Kontakta HolaSpain idag och l\u00e5t oss hj\u00e4lpa dig att planera din inl\u00e4rningsupplevelse i Spanien.<\/p>\n<\/div><div class=\"vc_cta3-actions\"><div class=\"vc_btn3-container vc_btn3-inline vc_do_btn\" ><a class=\"vc_general vc_btn3 vc_btn3-size-md vc_btn3-shape-rounded vc_btn3-style-modern vc_btn3-color-info\" href=\"https:\/\/holaspain.agency\/sv\/#contact\" title=\"\">N\u00e5 ut idag<\/a><\/div><\/div><\/div><\/div><\/section><\/div><\/div><\/div><\/div>\n<\/div>","protected":false},"excerpt":{"rendered":"<p>Ta del av en livsf\u00f6r\u00e4ndrande spr\u00e5kupplevelse med Erasmus+ i Spanien. P\u00e5 HolaSpain erbjuder vi ackrediterade spanska spr\u00e5kprogram som \u00e4r utformade f\u00f6r att st\u00f6dja Erasmus+ mobilitetsprojekt f\u00f6r studenter, l\u00e4rare och personal. Oavsett om du vill f\u00f6rb\u00e4ttra din spanska f\u00f6r akademiska, yrkesm\u00e4ssiga eller personliga m\u00e5l uppfyller v\u00e5ra partnerskolor i Spanien de h\u00f6gsta kvalitetsstandarderna.<\/p>","protected":false},"author":1,"featured_media":1867,"parent":0,"menu_order":0,"comment_status":"closed","ping_status":"closed","template":"","meta":{"_seopress_robots_primary_cat":"","_seopress_titles_title":"%%sitetitle%% %%sep%% %%post_title%%","_seopress_titles_desc":"Learn Spanish in Spain with Erasmus+. HolaSpain connects you with accredited schools offering language programs fully compatible with Erasmus+ funding.","_seopress_robots_index":"","_daextam_enable_autolinks":"1","footnotes":""},"categories":[60],"tags":[],"class_list":["post-1871","page","type-page","status-publish","has-post-thumbnail","hentry","category-eu-programmes"],"_links":{"self":[{"href":"https:\/\/holaspain.agency\/sv\/wp-json\/wp\/v2\/pages\/1871","targetHints":{"allow":["GET"]}}],"collection":[{"href":"https:\/\/holaspain.agency\/sv\/wp-json\/wp\/v2\/pages"}],"about":[{"href":"https:\/\/holaspain.agency\/sv\/wp-json\/wp\/v2\/types\/page"}],"author":[{"embeddable":true,"href":"https:\/\/holaspain.agency\/sv\/wp-json\/wp\/v2\/users\/1"}],"replies":[{"embeddable":true,"href":"https:\/\/holaspain.agency\/sv\/wp-json\/wp\/v2\/comments?post=1871"}],"version-history":[{"count":12,"href":"https:\/\/holaspain.agency\/sv\/wp-json\/wp\/v2\/pages\/1871\/revisions"}],"predecessor-version":[{"id":2379,"href":"https:\/\/holaspain.agency\/sv\/wp-json\/wp\/v2\/pages\/1871\/revisions\/2379"}],"wp:featuredmedia":[{"embeddable":true,"href":"https:\/\/holaspain.agency\/sv\/wp-json\/wp\/v2\/media\/1867"}],"wp:attachment":[{"href":"https:\/\/holaspain.agency\/sv\/wp-json\/wp\/v2\/media?parent=1871"}],"wp:term":[{"taxonomy":"category","embeddable":true,"href":"https:\/\/holaspain.agency\/sv\/wp-json\/wp\/v2\/categories?post=1871"},{"taxonomy":"post_tag","embeddable":true,"href":"https:\/\/holaspain.agency\/sv\/wp-json\/wp\/v2\/tags?post=1871"}],"curies":[{"name":"wp","href":"https:\/\/api.w.org\/{rel}","templated":true}]}}