{"id":1803,"date":"2025-11-04T11:11:32","date_gmt":"2025-11-04T11:11:32","guid":{"rendered":"https:\/\/holaspain.agency\/?page_id=1803"},"modified":"2025-11-06T09:56:19","modified_gmt":"2025-11-06T09:56:19","slug":"partner-schools","status":"publish","type":"page","link":"https:\/\/holaspain.agency\/sv\/partner-schools\/","title":{"rendered":"Partnerskolor"},"content":{"rendered":"<div class=\"wpb-content-wrapper\"><div class=\"vc_row wpb_row vc_row-fluid\"><div class=\"wpb_column vc_column_container vc_col-sm-12\"><div class=\"vc_column-inner\"><div class=\"wpb_wrapper\">\n\t<div class=\"wpb_text_column wpb_content_element\" >\n\t\t<div class=\"wpb_wrapper\">\n\t\t\t<h1 style=\"text-align: justify;\">De b\u00e4sta spanska skolorna i Spanien<\/h1>\n<h2 style=\"text-align: justify;\">L\u00e4r dig spanska utomlands med p\u00e5litliga partners<\/h2>\n<p style=\"text-align: justify;\">Uppt\u00e4ck de b\u00e4sta spanska spr\u00e5kskolorna i hela Spanien, fr\u00e5n livliga st\u00e4der till soliga kustst\u00e4der. V\u00e5ra <strong>trusted partner schools<\/strong> erbjuder h\u00f6gkvalitativa spanska kurser, kulturell f\u00f6rdjupning och v\u00e4lkomnande milj\u00f6er f\u00f6r studenter i alla \u00e5ldrar. Med erfarna l\u00e4rare och exceptionella faciliteter \u00e4r varje skola dedikerad till att hj\u00e4lpa dig att uppn\u00e5 dina spr\u00e5km\u00e5l samtidigt som du upplever det autentiska spanska livet.<\/p>\n<h3 style=\"text-align: justify;\">Varf\u00f6r v\u00e4lja v\u00e5ra partnerskolor?<\/h3>\n<p style=\"text-align: justify;\">Oavsett om du \u00e4r nyb\u00f6rjare eller avancerad erbjuder v\u00e5ra skolor personliga program, sp\u00e4nnande kulturella aktiviteter och chansen att knyta livsl\u00e5nga kontakter. V\u00e4lj din perfekta destination och b\u00f6rja l\u00e4ra dig spanska p\u00e5 ett roligt och effektivt s\u00e4tt!<\/p>\n\n\t\t<\/div>\n\t<\/div>\n\n<div class=\"vc_grid-container-wrapper vc_clearfix vc_grid-animation-none\">\n\t<div class=\"vc_grid-container vc_clearfix wpb_content_element vc_masonry_grid\" data-initial-loading-animation=\"none\" data-vc-grid-settings=\"{&quot;page_id&quot;:1803,&quot;style&quot;:&quot;all-masonry&quot;,&quot;action&quot;:&quot;vc_get_vc_grid_data&quot;,&quot;shortcode_id&quot;:&quot;1762422560406-03955a6f-0c84-6&quot;,&quot;tag&quot;:&quot;vc_masonry_grid&quot;}\" data-vc-request=\"https:\/\/holaspain.agency\/wp-admin\/admin-ajax.php\" data-vc-post-id=\"1803\" data-vc-public-nonce=\"20757f1178\">\n\t\t\n\t<\/div>\n<\/div><\/div><\/div><\/div><\/div>\n<\/div>","protected":false},"excerpt":{"rendered":"Top Spanish Schools in Spain Learn Spanish Abroad with Trusted Partners Discover the best Spanish language schools across Spain, from vibrant cities to sunny coastal towns. Our trusted partner schools offer high-quality Spanish courses, cultural immersion, and welcoming environments for students of all ages. With experienced teachers and exceptional facilities,...","protected":false},"author":1,"featured_media":2025,"parent":0,"menu_order":0,"comment_status":"closed","ping_status":"closed","template":"","meta":{"_seopress_robots_primary_cat":"","_seopress_titles_title":"%%sitetitle%% %%sep%% %%post_title%%","_seopress_titles_desc":"Discover top Spanish language schools across Spain. Learn Spanish through quality courses, cultural immersion, and unforgettable local experiences.","_seopress_robots_index":"","_daextam_enable_autolinks":"","footnotes":""},"categories":[],"tags":[],"class_list":["post-1803","page","type-page","status-publish","has-post-thumbnail","hentry"],"_links":{"self":[{"href":"https:\/\/holaspain.agency\/sv\/wp-json\/wp\/v2\/pages\/1803","targetHints":{"allow":["GET"]}}],"collection":[{"href":"https:\/\/holaspain.agency\/sv\/wp-json\/wp\/v2\/pages"}],"about":[{"href":"https:\/\/holaspain.agency\/sv\/wp-json\/wp\/v2\/types\/page"}],"author":[{"embeddable":true,"href":"https:\/\/holaspain.agency\/sv\/wp-json\/wp\/v2\/users\/1"}],"replies":[{"embeddable":true,"href":"https:\/\/holaspain.agency\/sv\/wp-json\/wp\/v2\/comments?post=1803"}],"version-history":[{"count":25,"href":"https:\/\/holaspain.agency\/sv\/wp-json\/wp\/v2\/pages\/1803\/revisions"}],"predecessor-version":[{"id":2024,"href":"https:\/\/holaspain.agency\/sv\/wp-json\/wp\/v2\/pages\/1803\/revisions\/2024"}],"wp:featuredmedia":[{"embeddable":true,"href":"https:\/\/holaspain.agency\/sv\/wp-json\/wp\/v2\/media\/2025"}],"wp:attachment":[{"href":"https:\/\/holaspain.agency\/sv\/wp-json\/wp\/v2\/media?parent=1803"}],"wp:term":[{"taxonomy":"category","embeddable":true,"href":"https:\/\/holaspain.agency\/sv\/wp-json\/wp\/v2\/categories?post=1803"},{"taxonomy":"post_tag","embeddable":true,"href":"https:\/\/holaspain.agency\/sv\/wp-json\/wp\/v2\/tags?post=1803"}],"curies":[{"name":"wp","href":"https:\/\/api.w.org\/{rel}","templated":true}]}}