{"id":1780,"date":"2025-11-04T10:24:43","date_gmt":"2025-11-04T10:24:43","guid":{"rendered":"https:\/\/holaspain.agency\/?post_type=portfolio&#038;p=1780"},"modified":"2026-01-09T16:03:53","modified_gmt":"2026-01-09T16:03:53","slug":"spanska-skolor-i-cadiz","status":"publish","type":"page","link":"https:\/\/holaspain.agency\/sv\/spanish-schools-in-cadiz\/","title":{"rendered":"Spanska skolor i Cadiz"},"content":{"rendered":"<div class=\"wpb-content-wrapper\"><div class=\"vc_row wpb_row vc_row-fluid\"><div class=\"wpb_column vc_column_container vc_col-sm-12\"><div class=\"vc_column-inner\"><div class=\"wpb_wrapper\">\n\t<div class=\"wpb_text_column wpb_content_element\" >\n\t\t<div class=\"wpb_wrapper\">\n\t\t\t<h1 style=\"text-align: justify;\">Studera spanska utomlands<\/h1>\n<h3 style=\"text-align: justify;\"><strong>L\u00e4r dig spanska i Cadiz - historia, str\u00e4nder och spr\u00e5k p\u00e5 Costa de la Luz<\/strong><\/h3>\n<blockquote>\n<p style=\"text-align: justify;\">Om du dr\u00f6mmer om att studera spanska i en stad fylld av andalusisk charm och utsikt \u00f6ver Atlanten, <strong>Cadiz<\/strong> \u00e4r den perfekta destinationen. Bel\u00e4get i s\u00f6dra Spanien l\u00e4ngs den hisnande kusten <strong>Costa de la Luz<\/strong>, Cadiz offers <strong>spanska skolor av h\u00f6gsta kvalitet<\/strong>, ett rikt kulturarv och en avslappnad livsstil vid havet.<\/p>\n<\/blockquote>\n<h3 style=\"text-align: justify;\"><strong>Varf\u00f6r studera spanska i Cadiz?<\/strong><\/h3>\n<p><iframe loading=\"lazy\" title=\"Studera spanska i C\u00e1diz \ud83c\uddea\ud83c\uddf8 | Autentisk kultur och f\u00f6rdjupning\" width=\"790\" height=\"444\" src=\"https:\/\/www.youtube.com\/embed\/pSogHnStMjk?feature=oembed\" frameborder=\"0\" allow=\"accelerometer; autoplay; clipboard-write; encrypted-media; gyroscope; picture-in-picture; web-share\" referrerpolicy=\"strict-origin-when-cross-origin\" allowfullscreen><\/iframe><\/p>\n<p style=\"text-align: justify;\">With more than 3,000 years of history, Cadiz is considered the oldest city in Western Europe \u2014 yet it remains lively and youthful in spirit. It\u2019s the perfect place to <strong>l\u00e4ra sig spanska i en autentiskt spansk milj\u00f6<\/strong>, bort fr\u00e5n liv och r\u00f6relse i st\u00f6rre turistst\u00e4der.<\/p>\n<p style=\"text-align: justify;\">Students choose Cadiz because:<\/p>\n<ul style=\"text-align: justify;\">\n<li>Det \u00e4r en <strong>autentisk, s\u00e4ker och v\u00e4nlig<\/strong> stad, perfekt f\u00f6r att verkligen f\u00f6rdjupa sig i spr\u00e5ket.<\/li>\n<li>Det \u00e4r hem till <strong>h\u00f6gt ackrediterade spanska skolor<\/strong> med erfarna l\u00e4rare.<\/li>\n<li>Dess <strong>Klimatet i Atlanten<\/strong> och o\u00e4ndliga str\u00e4nder erbjuder en avslappnad och h\u00e4lsosam livsstil.<\/li>\n<li>Den har en <strong>rikt kulturarv<\/strong> och djupa andalusiska traditioner.<\/li>\n<li>Det \u00e4r mer prisv\u00e4rt \u00e4n st\u00f6rre st\u00e4der, men har \u00e4nd\u00e5 allt som en student beh\u00f6ver.<\/li>\n<\/ul>\n<p style=\"text-align: justify;\">Cadiz offers the perfect combination of <strong>Spanska, lokalbefolkningens liv och andalusisk kultur<\/strong> - allt i en fantastisk kustmilj\u00f6.<\/p>\n<h2 style=\"text-align: justify;\"><strong>De b\u00e4sta spanska skolorna i Cadiz<\/strong><\/h2>\n<p style=\"text-align: justify;\">H\u00e4r \u00e4r n\u00e5gra av de mest <strong>respekterade och ackrediterade spanska skolor<\/strong> in Cadiz that offer high-quality Spanish courses:<\/p>\n<h4 style=\"text-align: justify;\"><strong>Trinity-skolan<\/strong><\/h4>\n<p style=\"text-align: justify;\">Trinity School erbjuder en rad spanskkurser f\u00f6r vuxna och ton\u00e5ringar, inklusive intensivprogram och en-till-en-lektioner, med starkt fokus p\u00e5 kommunikativ praktik och kulturella aktiviteter.<\/p>\n<h4 style=\"text-align: justify;\"><strong>CLIC IH Cadiz<\/strong><\/h4>\n<p style=\"text-align: justify;\">Part of the International House network, CLIC IH Cadiz provides modern facilities, DELE preparation, and summer programs for young learners, combining academic rigour with cultural immersion.<\/p>\n<h4 style=\"text-align: justify;\"><strong>Escuela Hispalense<\/strong><\/h4>\n<p style=\"text-align: justify;\">Escuela Hispalense \u00e4r k\u00e4nd f\u00f6r sitt personliga tillv\u00e4gag\u00e5ngss\u00e4tt och sm\u00e5 klasstorlekar. Skolan erbjuder intensivkurser, f\u00f6rberedelser inf\u00f6r examen och m\u00e5nga kulturella aktiviteter som hj\u00e4lper eleverna att integreras i det lokala livet.<\/p>\n<h4 style=\"text-align: justify;\"><strong>K2 Internationellt<\/strong><\/h4>\n<p style=\"text-align: justify;\">K2 Internacional ligger i den historiska stadsk\u00e4rnan och blandar spr\u00e5kundervisning av h\u00f6g kvalitet med unika kulturupplevelser som flamencokurser och surflektioner, vilket g\u00f6r det popul\u00e4rt bland studenter som vill uppleva \u00e4ventyr och f\u00f6rdjupning.<\/p>\n<h4 style=\"text-align: justify;\"><strong>Spanska i Cadiz<\/strong><\/h4>\n<p style=\"text-align: justify;\">Near Victoria Beach, Spanish in Cadiz offers intensive courses, private lessons, and cultural programs. The school is praised for its friendly atmosphere and experienced native teachers.<\/p>\n<h4 style=\"text-align: justify;\"><strong>Tenidiom<\/strong><\/h4>\n<p style=\"text-align: justify;\">Tenidiomas erbjuder flexibla kursalternativ, inklusive deltids- och intensivprogram, tillsammans med kulturella aktiviteter och hj\u00e4lp med boende f\u00f6r att s\u00e4kerst\u00e4lla en smidig och uppslukande studieupplevelse.<\/p>\n<h3 style=\"text-align: justify;\"><strong>Att leva Cadiz-upplevelsen<\/strong><\/h3>\n<p style=\"text-align: justify;\">Studying Spanish in Cadiz is not just about the classroom \u2014 it\u2019s about <strong>omfamna den andalusiska livsstilen<\/strong> by the sea. In Cadiz, you can:<\/p>\n<ul style=\"text-align: justify;\">\n<li>G\u00e5 vilse i de smala gatorna i den <strong>Gamla stan<\/strong>, en av de mest charmiga i Spanien.<\/li>\n<li>Koppla av p\u00e5 soliga str\u00e4nder som <strong>La Caleta<\/strong> eller <strong>Santa Mar\u00eda del Mar<\/strong> efter lektionen.<\/li>\n<li>Smaka p\u00e5 traditionella <strong>tapas och stekt fisk<\/strong> p\u00e5 lokala krogar.<\/li>\n<li>Upplev den v\u00e4rldsber\u00f6mda <strong>Cadiz karneval<\/strong>, en av Spaniens mest ikoniska festivaler.<\/li>\n<li>Bes\u00f6k historiska p\u00e4rlor som <strong>Cadiz katedral<\/strong> och den romerska teatern.<\/li>\n<\/ul>\n<blockquote>\n<p style=\"text-align: justify;\">Cadiz is a unique place to learn Spanish surrounded by history, ocean views, and the joyful spirit of Andalusia. <strong>L\u00e4r dig spanska spr\u00e5ket i en kuststad som inte liknar n\u00e5gon annan<\/strong>, d\u00e4r varje gata, samtal och upplevelse f\u00f6r dig n\u00e4rmare den autentiska spanska kulturen.<\/p>\n<\/blockquote>\n\n\t\t<\/div>\n\t<\/div>\n<section class=\"vc_cta3-container\"><div class=\"vc_general vc_do_cta3 vc_cta3 vc_cta3-style-outline vc_cta3-shape-rounded vc_cta3-align-left vc_cta3-color-classic vc_cta3-icon-size-md vc_cta3-icons-left vc_cta3-actions-right\"><div class=\"vc_cta3-icons\"><div class=\"vc_icon_element vc_icon_element-outer vc_do_icon vc_icon_element-align-left\"><div class=\"vc_icon_element-inner vc_icon_element-color-turquoise vc_icon_element-size-md vc_icon_element-style- vc_icon_element-background-color-grey\" ><span class=\"vc_icon_element-icon fa fa-solid fa-arrow-right-from-bracket\" ><\/span><\/div><\/div><\/div><div class=\"vc_cta3_content-container\"><div class=\"vc_cta3-content\"><header class=\"vc_cta3-content-header\"><h2>B\u00f6rja din spanska resa i Cadiz idag!<\/h2><\/header><p style=\"text-align: justify;\">Whether you\u2019re an adult learner craving complete cultural immersion or a teenager searching for a fun and secure summer adventure, Cadiz has it all \u2014 top-notch language schools, stunning beaches, and the vibrant spirit of southern Spain.<\/p>\n<\/div><div class=\"vc_cta3-actions\"><div class=\"vc_btn3-container vc_btn3-inline vc_do_btn\" ><a class=\"vc_general vc_btn3 vc_btn3-size-md vc_btn3-shape-rounded vc_btn3-style-modern vc_btn3-color-info\" href=\"https:\/\/holaspain.agency\/sv\/#contact\" title=\"\">N\u00e5 ut idag<\/a><\/div><\/div><\/div><\/div><\/section><\/div><\/div><\/div><\/div>\n<\/div>","protected":false},"excerpt":{"rendered":"<p>Studera spanska i Cadiz, Europas \u00e4ldsta stad. Dyk ner i p\u00e5litliga skolor, gyllene str\u00e4nder och den avslappnade kustcharm som definierar s\u00f6dra Spanien.<\/p>","protected":false},"author":1,"featured_media":1821,"parent":0,"menu_order":0,"comment_status":"closed","ping_status":"closed","template":"","meta":{"_seopress_robots_primary_cat":"","_seopress_titles_title":"Hola Spain %%sep%% %%post_title%%","_seopress_titles_desc":"Study Spanish in Cadiz with accredited schools by the sea. Enjoy history, beaches, and Andalusian culture on the Costa de la Luz.","_seopress_robots_index":"","_daextam_enable_autolinks":"1","footnotes":""},"categories":[54,53],"tags":[],"class_list":["post-1780","page","type-page","status-publish","has-post-thumbnail","hentry","category-andalucia","category-spanish-schools"],"_links":{"self":[{"href":"https:\/\/holaspain.agency\/sv\/wp-json\/wp\/v2\/pages\/1780","targetHints":{"allow":["GET"]}}],"collection":[{"href":"https:\/\/holaspain.agency\/sv\/wp-json\/wp\/v2\/pages"}],"about":[{"href":"https:\/\/holaspain.agency\/sv\/wp-json\/wp\/v2\/types\/page"}],"author":[{"embeddable":true,"href":"https:\/\/holaspain.agency\/sv\/wp-json\/wp\/v2\/users\/1"}],"replies":[{"embeddable":true,"href":"https:\/\/holaspain.agency\/sv\/wp-json\/wp\/v2\/comments?post=1780"}],"version-history":[{"count":8,"href":"https:\/\/holaspain.agency\/sv\/wp-json\/wp\/v2\/pages\/1780\/revisions"}],"predecessor-version":[{"id":2334,"href":"https:\/\/holaspain.agency\/sv\/wp-json\/wp\/v2\/pages\/1780\/revisions\/2334"}],"wp:featuredmedia":[{"embeddable":true,"href":"https:\/\/holaspain.agency\/sv\/wp-json\/wp\/v2\/media\/1821"}],"wp:attachment":[{"href":"https:\/\/holaspain.agency\/sv\/wp-json\/wp\/v2\/media?parent=1780"}],"wp:term":[{"taxonomy":"category","embeddable":true,"href":"https:\/\/holaspain.agency\/sv\/wp-json\/wp\/v2\/categories?post=1780"},{"taxonomy":"post_tag","embeddable":true,"href":"https:\/\/holaspain.agency\/sv\/wp-json\/wp\/v2\/tags?post=1780"}],"curies":[{"name":"wp","href":"https:\/\/api.w.org\/{rel}","templated":true}]}}