{"id":1228,"date":"2016-09-06T18:12:04","date_gmt":"2016-09-06T18:12:04","guid":{"rendered":"http:\/\/demos.famethemes.com\/screenr-plus\/?post_type=portfolio&#038;p=1198"},"modified":"2026-01-08T15:44:41","modified_gmt":"2026-01-08T15:44:41","slug":"spanska-skolor-i-valencia","status":"publish","type":"page","link":"https:\/\/holaspain.agency\/sv\/spanish-schools-in-valencia\/","title":{"rendered":"Spanska skolor i Valencia"},"content":{"rendered":"<div class=\"wpb-content-wrapper\"><div class=\"vc_row wpb_row vc_row-fluid\"><div class=\"wpb_column vc_column_container vc_col-sm-12\"><div class=\"vc_column-inner\"><div class=\"wpb_wrapper\">\n\t<div class=\"wpb_text_column wpb_content_element\" >\n\t\t<div class=\"wpb_wrapper\">\n\t\t\t<h1>Studera spanska utomlands<\/h1>\n<h3 style=\"text-align: justify;\"><strong>L\u00e4r dig spanska i Valencia - d\u00e4r kultur, sol och l\u00e4rande m\u00f6ts<\/strong><\/h3>\n<blockquote>\n<p style=\"text-align: justify;\">Om du letar efter den perfekta destinationen f\u00f6r att l\u00e4ra dig spanska i Spanien, <strong>Valencia<\/strong> erbjuder allt: utm\u00e4rkta spanska skolor, Medelhavets str\u00e4nder, en livlig studentatmosf\u00e4r och autentisk spansk kultur.<\/p>\n<\/blockquote>\n<p style=\"text-align: justify;\">K\u00e4nd f\u00f6r sin <strong>modern atmosf\u00e4r, vacker gammal stad och den ber\u00f6mda \u201cFallas\u201d-festivalen<\/strong>, Valencia combines history, art, and fun \u2014 making it one of the top destinations for international students who want to <strong>studera spanska samtidigt som du njuter av livet i Spanien<\/strong>.<\/p>\n<h3 style=\"text-align: justify;\"><strong>Varf\u00f6r studera spanska i Valencia<\/strong><\/h3>\n<p><iframe loading=\"lazy\" title=\"Studera spanska i Valencia \ud83c\uddea\ud83c\uddf8 | Livskvalitet och f\u00f6rdjupning\" width=\"790\" height=\"444\" src=\"https:\/\/www.youtube.com\/embed\/KG9szRBUHsE?feature=oembed\" frameborder=\"0\" allow=\"accelerometer; autoplay; clipboard-write; encrypted-media; gyroscope; picture-in-picture; web-share\" referrerpolicy=\"strict-origin-when-cross-origin\" allowfullscreen><\/iframe><\/p>\n<p style=\"text-align: justify;\">Valencia is Spain\u2019s <strong>tredje st\u00f6rsta staden<\/strong>, ligger p\u00e5 \u00f6stkusten och har mer \u00e4n 300 soldagar per \u00e5r. Den \u00e4r tillr\u00e4ckligt stor f\u00f6r att vara sp\u00e4nnande, men \u00e4nd\u00e5 tillr\u00e4ckligt liten f\u00f6r att k\u00e4nnas bekv\u00e4m och v\u00e4nlig. Staden blandar tradition och innovation - du hittar <strong>antika romerska ruiner, den futuristiska City of Arts and Sciences<\/strong>, och otaliga tapasbarer och kaf\u00e9er d\u00e4r du kan \u00f6va p\u00e5 din spanska varje dag.<\/p>\n<p style=\"text-align: justify;\">Students love Valencia because:<\/p>\n<ul style=\"text-align: justify;\">\n<li>Det \u00e4r <strong>prisv\u00e4rd<\/strong> j\u00e4mf\u00f6rt med Madrid eller Barcelona.<\/li>\n<li>Den har <strong>h\u00f6gklassiga spanska spr\u00e5kskolor<\/strong> med erfarna l\u00e4rare.<\/li>\n<li>Det finns en <strong>aktiv internationell gemenskap<\/strong> av elever.<\/li>\n<li>Du kan <strong>bo vid stranden<\/strong> och utforska staden enkelt till fots eller med cykel.<\/li>\n<\/ul>\n<p style=\"text-align: justify;\">Oavsett om du \u00e4r en <strong>ton\u00e5ring<\/strong> letar efter ett sommarprogram eller en <strong>vuxen<\/strong> seeking a full immersion experience, Valencia has a course that fits you.<\/p>\n<h3 style=\"text-align: justify;\"><strong>De b\u00e4sta spanska skolorna i Valencia<\/strong><\/h3>\n<p style=\"text-align: justify;\">H\u00e4r \u00e4r n\u00e5gra av de <strong>de mest erk\u00e4nda och ackrediterade spanska skolorna<\/strong> in Valencia, ideal for students from all over the world:<\/p>\n<h4 style=\"text-align: justify;\"><strong>1. Don Quijote Valencia<\/strong><\/h4>\n<p style=\"text-align: justify;\">Don Quijote ligger i en vacker 1400-talsbyggnad i den historiska stadsk\u00e4rnan och erbjuder h\u00f6gkvalitativa intensivkurser i spanska f\u00f6r alla niv\u00e5er. Skolan kombinerar spr\u00e5kinl\u00e4rning med kulturella aktiviteter som matlagningskurser, flamencolektioner och utflykter.<\/p>\n<h4 style=\"text-align: justify;\"><strong>2. Taronja skola<\/strong><\/h4>\n<p style=\"text-align: justify;\">Taronja \u00e4r k\u00e4nd f\u00f6r sitt roliga och kreativa s\u00e4tt att l\u00e4ra ut spanska. Med temaveckor, dagliga kulturevenemang och en stark k\u00e4nsla av gemenskap \u00e4r det en favorit bland unga vuxna och ton\u00e5ringar som letar efter en engagerande upplevelse.<\/p>\n<h4 style=\"text-align: justify;\"><strong>3. Hispania, Escuela de Espa\u00f1ol<\/strong><\/h4>\n<p style=\"text-align: justify;\">Hispania \u00e4r en av de mest prisbel\u00f6nta spanska skolorna i Spanien och fokuserar p\u00e5 personlig undervisning och flexibla scheman. Den \u00e4r perfekt f\u00f6r vuxna och universitetsstuderande som vill kombinera spanskstudier med akademiska eller professionella m\u00e5l.<\/p>\n<h4 style=\"text-align: justify;\"><strong>4. AIP:s spr\u00e5kinstitut<\/strong><\/h4>\n<p style=\"text-align: justify;\">AIP ligger n\u00e4ra universitetsomr\u00e5det och erbjuder kurser f\u00f6r b\u00e5de ton\u00e5ringar och vuxna, inklusive f\u00f6rberedelser f\u00f6r DELE-examen och program f\u00f6r skolf\u00f6rdjupning. Skolan anordnar veckovisa aktiviteter och weekendresor \u00f6ver hela Spanien.<\/p>\n<h4 style=\"text-align: justify;\"><strong>5. Costa de Valencia<\/strong><\/h4>\n<p style=\"text-align: justify;\">Accredited by Instituto Cervantes, this school provides intensive and super-intensive Spanish courses, as well as summer camps for teenagers. It\u2019s close to the beach \u2014 ideal for students who want to enjoy Valencia\u2019s coastal lifestyle.<\/p>\n<h3 style=\"text-align: justify;\"><strong>Att leva Valencias erfarenhet<\/strong><\/h3>\n<p style=\"text-align: justify;\">Learning Spanish in Valencia is more than studying \u2014 it\u2019s a complete <strong>kulturell f\u00f6rdjupning<\/strong>. Studenter kan:<\/p>\n<ul style=\"text-align: justify;\">\n<li>Vandra genom <strong>El Carmen<\/strong>, stadens \u00e4ldsta stadsdel full av gatukonst och lokal charm.<\/li>\n<li>Bes\u00f6k webbplatsen <strong>Staden f\u00f6r konst och vetenskap<\/strong>, ett v\u00e4rldsber\u00f6mt arkitektoniskt komplex.<\/li>\n<li>\u00c4kta smak <strong>paella<\/strong>, som f\u00f6ddes h\u00e4r i Valencia.<\/li>\n<li>Njut av ett pulserande nattliv, utomhuskonserter och strandfester.<\/li>\n<li>F\u00f6lj med lokalbefolkningen och fira traditionella festivaler som <strong>Las Fallas<\/strong> och <strong>La Tomatina<\/strong> (i n\u00e4rbel\u00e4gna Bu\u00f1ol).<\/li>\n<\/ul>\n<blockquote>\n<p style=\"text-align: justify;\">Valencia offers the <strong>perfekt balans mellan studier och fritid<\/strong>, learn Spanish and immerse yourself in Andalusian culture \u2014 in Seville, every street, caf\u00e9, and plaza offers a chance to practice the language, experience local traditions, and make every moment truly unforgettable.<\/p>\n<\/blockquote>\n\n\t\t<\/div>\n\t<\/div>\n<section class=\"vc_cta3-container\"><div class=\"vc_general vc_do_cta3 vc_cta3 vc_cta3-style-outline vc_cta3-shape-rounded vc_cta3-align-left vc_cta3-color-classic vc_cta3-icon-size-md vc_cta3-icons-left vc_cta3-actions-right\"><div class=\"vc_cta3-icons\"><div class=\"vc_icon_element vc_icon_element-outer vc_do_icon vc_icon_element-align-left\"><div class=\"vc_icon_element-inner vc_icon_element-color-turquoise vc_icon_element-size-md vc_icon_element-style- vc_icon_element-background-color-grey\" ><span class=\"vc_icon_element-icon fa fa-solid fa-arrow-right-from-bracket\" ><\/span><\/div><\/div><\/div><div class=\"vc_cta3_content-container\"><div class=\"vc_cta3-content\"><header class=\"vc_cta3-content-header\"><h2>B\u00f6rja din spanska resa i Valencia idag!<\/h2><\/header><p style=\"text-align: justify;\">Whether you\u2019re an adult learner looking to advance your career, or a teenager searching for an unforgettable summer abroad, Valencia welcomes you with open arms. Come learn Spanish, live the culture, and fall in love with one of Spain\u2019s most exciting cities.<\/p>\n<\/div><div class=\"vc_cta3-actions\"><div class=\"vc_btn3-container vc_btn3-inline vc_do_btn\" ><a class=\"vc_general vc_btn3 vc_btn3-size-md vc_btn3-shape-rounded vc_btn3-style-modern vc_btn3-color-info\" href=\"https:\/\/holaspain.agency\/sv\/#contact\" title=\"\">N\u00e5 ut idag<\/a><\/div><\/div><\/div><\/div><\/section><\/div><\/div><\/div><\/div>\n<\/div>","protected":false},"excerpt":{"rendered":"<p>Utforska de b\u00e4sta spanska skolorna i Valencia - en livlig kuststad d\u00e4r Medelhavsstr\u00e4nder, f\u00e4ngslande kultur och en dynamisk studentatmosf\u00e4r skapar den perfekta inl\u00e4rningsmilj\u00f6n.<\/p>","protected":false},"author":1,"featured_media":1827,"parent":0,"menu_order":0,"comment_status":"closed","ping_status":"closed","template":"","meta":{"_seopress_robots_primary_cat":"","_seopress_titles_title":"Hola Spain %%sep%% %%post_title%%","_seopress_titles_desc":"Learn Spanish in Valencia \u2014 top schools, sunny beaches, vibrant student life, and authentic Spanish culture in the heart of the Mediterranean.","_seopress_robots_index":"","_daextam_enable_autolinks":"1","footnotes":""},"categories":[53,58],"tags":[],"class_list":["post-1228","page","type-page","status-publish","has-post-thumbnail","hentry","category-spanish-schools","category-valencian-community"],"_links":{"self":[{"href":"https:\/\/holaspain.agency\/sv\/wp-json\/wp\/v2\/pages\/1228","targetHints":{"allow":["GET"]}}],"collection":[{"href":"https:\/\/holaspain.agency\/sv\/wp-json\/wp\/v2\/pages"}],"about":[{"href":"https:\/\/holaspain.agency\/sv\/wp-json\/wp\/v2\/types\/page"}],"author":[{"embeddable":true,"href":"https:\/\/holaspain.agency\/sv\/wp-json\/wp\/v2\/users\/1"}],"replies":[{"embeddable":true,"href":"https:\/\/holaspain.agency\/sv\/wp-json\/wp\/v2\/comments?post=1228"}],"version-history":[{"count":5,"href":"https:\/\/holaspain.agency\/sv\/wp-json\/wp\/v2\/pages\/1228\/revisions"}],"predecessor-version":[{"id":2332,"href":"https:\/\/holaspain.agency\/sv\/wp-json\/wp\/v2\/pages\/1228\/revisions\/2332"}],"wp:featuredmedia":[{"embeddable":true,"href":"https:\/\/holaspain.agency\/sv\/wp-json\/wp\/v2\/media\/1827"}],"wp:attachment":[{"href":"https:\/\/holaspain.agency\/sv\/wp-json\/wp\/v2\/media?parent=1228"}],"wp:term":[{"taxonomy":"category","embeddable":true,"href":"https:\/\/holaspain.agency\/sv\/wp-json\/wp\/v2\/categories?post=1228"},{"taxonomy":"post_tag","embeddable":true,"href":"https:\/\/holaspain.agency\/sv\/wp-json\/wp\/v2\/tags?post=1228"}],"curies":[{"name":"wp","href":"https:\/\/api.w.org\/{rel}","templated":true}]}}