{"id":1227,"date":"2016-09-06T18:11:23","date_gmt":"2016-09-06T18:11:23","guid":{"rendered":"http:\/\/demos.famethemes.com\/screenr-plus\/?post_type=portfolio&#038;p=1197"},"modified":"2026-01-07T15:28:37","modified_gmt":"2026-01-07T15:28:37","slug":"spanish-schools-in-barcelona","status":"publish","type":"page","link":"https:\/\/holaspain.agency\/sv\/spanish-schools-in-barcelona\/","title":{"rendered":"Spanska skolor i Barcelona"},"content":{"rendered":"<div class=\"wpb-content-wrapper\"><div class=\"vc_row wpb_row vc_row-fluid\"><div class=\"wpb_column vc_column_container vc_col-sm-12\"><div class=\"vc_column-inner\"><div class=\"wpb_wrapper\">\n\t<div class=\"wpb_text_column wpb_content_element\" >\n\t\t<div class=\"wpb_wrapper\">\n\t\t\t<h1 style=\"text-align: justify;\">Studera spanska utomlands<\/h1>\n<h3 style=\"text-align: justify;\"><strong>L\u00e4r dig spanska i Barcelona - d\u00e4r spr\u00e5k, konst och Medelhavet m\u00f6ts<\/strong><\/h3>\n<blockquote>\n<p style=\"text-align: justify;\">Om du dr\u00f6mmer om att l\u00e4ra dig spanska i en stad full av kreativitet, kultur och charm vid havet, <strong>Barcelona<\/strong> \u00e4r den perfekta destinationen. Ber\u00f6md f\u00f6r sin <strong>Gaud\u00ed-arkitektur, kosmopolitisk livsstil och Medelhavets str\u00e4nder<\/strong>, Barcelona offers an inspiring environment to <strong>studera spanska samtidigt som du njuter av en av Europas mest livfulla st\u00e4der<\/strong>.<\/p>\n<\/blockquote>\n<h3 style=\"text-align: justify;\"><strong>Varf\u00f6r studera spanska i Barcelona?<\/strong><\/h3>\n<p><iframe loading=\"lazy\" title=\"Studera spanska i Barcelona \ud83c\uddea\ud83c\uddf8 | Kultur, stadsliv och f\u00f6rdjupning\" width=\"790\" height=\"444\" src=\"https:\/\/www.youtube.com\/embed\/ooLzWz08nEo?feature=oembed\" frameborder=\"0\" allow=\"accelerometer; autoplay; clipboard-write; encrypted-media; gyroscope; picture-in-picture; web-share\" referrerpolicy=\"strict-origin-when-cross-origin\" allowfullscreen><\/iframe><\/p>\n<p style=\"text-align: justify;\"><span style=\"font-size: 0.9375rem;\">Oavsett om du \u00e4r en\u00a0<\/span><strong style=\"font-size: 0.9375rem;\">ton\u00e5ring som s\u00f6ker en of\u00f6rgl\u00f6mlig sommar utomlands<\/strong><span style=\"font-size: 0.9375rem;\">\u00a0eller en\u00a0<\/span><strong style=\"font-size: 0.9375rem;\">vuxenstuderande<\/strong><span style=\"font-size: 0.9375rem;\">\u00a0Barcelona, som erbjuder ett program med full inskolning, kombinerar akademisk spetskompetens med en sp\u00e4nnande internationell atmosf\u00e4r.<\/span><\/p>\n<p style=\"text-align: justify;\">Barcelona is Spain\u2019s <strong>n\u00e4st st\u00f6rsta staden<\/strong> och ett av de mest popul\u00e4ra resm\u00e5len f\u00f6r internationella studenter.<br \/>\nDet \u00e4r en plats d\u00e4r tradition m\u00f6ter innovation - d\u00e4r du kan studera spanska p\u00e5 morgonen, bes\u00f6ka ett museum i v\u00e4rldsklass p\u00e5 eftermiddagen och koppla av p\u00e5 stranden p\u00e5 kv\u00e4llen.<\/p>\n<p style=\"text-align: justify;\">Students love Barcelona because:<\/p>\n<ul style=\"text-align: justify;\">\n<li>Den erbjuder <strong>spanska skolor av h\u00f6gsta kvalitet<\/strong> ackrediterad av Instituto Cervantes.<\/li>\n<li>Det \u00e4r en <strong>tv\u00e5spr\u00e5kig stad<\/strong>, d\u00e4r du kan h\u00f6ra b\u00e5de spanska och katalanska - vilket berikar din kulturella upplevelse.<\/li>\n<li>Den <strong>Medelhavsklimat<\/strong> och livsstil g\u00f6r inl\u00e4rningen avslappnad och njutbar.<\/li>\n<li>Det \u00e4r <strong>internationell, konstn\u00e4rlig och full av liv<\/strong> - perfekt f\u00f6r att f\u00e5 globala v\u00e4nner.<\/li>\n<li>Det h\u00e4nder alltid n\u00e5got - fr\u00e5n festivaler till matmarknader och konserter.<\/li>\n<\/ul>\n<p style=\"text-align: justify;\">In Barcelona, you\u2019ll not only learn Spanish \u2014 you\u2019ll <strong>leva det<\/strong> genom konst, kultur och vardagliga samtal.<\/p>\n<h3 style=\"text-align: justify;\"><strong>De b\u00e4sta spanska skolorna i Barcelona<\/strong><\/h3>\n<p style=\"text-align: justify;\">H\u00e4r \u00e4r n\u00e5gra av de <strong>best and most accredited Spanish schools in Barcelona<\/strong>, och erbjuder program f\u00f6r alla \u00e5ldrar och niv\u00e5er:<\/p>\n<h4 style=\"text-align: justify;\"><strong>1. Enforex Barcelona<\/strong><\/h4>\n<p style=\"text-align: justify;\">Enforex ligger n\u00e4ra den ber\u00f6mda Passeig de Gr\u00e0cia och erbjuder moderna lokaler, erfarna l\u00e4rare och en m\u00e5ngkulturell milj\u00f6. Studenterna kan v\u00e4lja mellan intensivkurser, f\u00f6rberedelser f\u00f6r DELE-examen och sommarprogram f\u00f6r ton\u00e5ringar.<\/p>\n<h4 style=\"text-align: justify;\"><strong>2. Don Quijote Barcelona<\/strong><\/h4>\n<p style=\"text-align: justify;\">Don Quijote \u00e4r en av Spaniens ledande spr\u00e5kskolor och erbjuder flexibla program, sm\u00e5 klasser och uppslukande kulturella aktiviteter. Det \u00e4r perfekt f\u00f6r vuxna, universitetsstudenter och yngre elever som vill f\u00f6rb\u00e4ttra sig snabbt samtidigt som de njuter av staden.<\/p>\n<h4 style=\"text-align: justify;\"><strong>3. Speakeasy Barcelona<\/strong><\/h4>\n<p style=\"text-align: justify;\">En modern skola med h\u00f6gt betyg och en avslappnad, v\u00e4nlig atmosf\u00e4r. Speakeasy erbjuder intensiv- och semi-intensiva kurser, onlinekurser och kulturevenemang - perfekt f\u00f6r internationella studenter som vill ha kvalitet och gemenskap.<\/p>\n<h4 style=\"text-align: justify;\"><strong>4. Utvidga Barcelona<\/strong><\/h4>\n<p style=\"text-align: justify;\">Expanish \u00e4r ackrediterad av Instituto Cervantes och fokuserar p\u00e5 interaktivt l\u00e4rande och total f\u00f6rdjupning. Skolan anordnar spr\u00e5kutbyten, matlagningsworkshops och utflykter, vilket g\u00f6r den till en favorit bland vuxna och sabbats\u00e5rsstudenter.<\/p>\n<h4 style=\"text-align: justify;\"><strong>5. Linguaskolor Barcelona<\/strong><\/h4>\n<p style=\"text-align: justify;\">Linguaschools ligger i en vacker modernistisk byggnad n\u00e4ra stadens centrum och erbjuder kurser i sm\u00e5 grupper och personlig uppm\u00e4rksamhet. Skolan \u00e4r k\u00e4nd f\u00f6r sin v\u00e4lkomnande atmosf\u00e4r och utm\u00e4rkta undervisningskvalitet.<\/p>\n<h3 style=\"text-align: justify;\"><strong>Att leva Barcelona-upplevelsen<\/strong><\/h3>\n<p style=\"text-align: justify;\">Learning Spanish in Barcelona is a cultural adventure. You can:<\/p>\n<ul style=\"text-align: justify;\">\n<li>Utforska <strong>Sagrada Fam\u00edlia<\/strong> och andra av Gaud\u00eds m\u00e4sterverk.<\/li>\n<li>Vandra genom den <strong>Gotiska kvarteret<\/strong> och uppt\u00e4cka g\u00f6mda torg och kaf\u00e9er.<\/li>\n<li>Koppla av p\u00e5 <strong>Barceloneta strand<\/strong> efter lektionen.<\/li>\n<li>Njut av tapaskv\u00e4llar i <strong>El Born<\/strong> eller utsikt \u00f6ver solnedg\u00e5ngen fr\u00e5n <strong>Montju\u00efc-kullen<\/strong>.<\/li>\n<li>Upplev lokala festivaler som <strong>La Merc\u00e8<\/strong> eller <strong>Sant Jordi<\/strong>, och uppt\u00e4cka katalanska traditioner vid sidan av den spanska kulturen.<\/li>\n<\/ul>\n<blockquote>\n<p style=\"text-align: justify;\">Barcelona offers the perfect mix of <strong>sp\u00e4nning i staden och avkoppling vid havet<\/strong>, making every day of your Spanish course unforgettable.\u00a0Learn Spanish and experience the vibrant energy of Barcelona \u2014 from bustling streets and iconic architecture to seaside caf\u00e9s, every moment is an opportunity to practice the language, embrace Catalan culture, and make your stay unforgettable.<\/p>\n<\/blockquote>\n\n\t\t<\/div>\n\t<\/div>\n<section class=\"vc_cta3-container\"><div class=\"vc_general vc_do_cta3 vc_cta3 vc_cta3-style-outline vc_cta3-shape-rounded vc_cta3-align-left vc_cta3-color-classic vc_cta3-icon-size-md vc_cta3-icons-left vc_cta3-actions-right\"><div class=\"vc_cta3-icons\"><div class=\"vc_icon_element vc_icon_element-outer vc_do_icon vc_icon_element-align-left\"><div class=\"vc_icon_element-inner vc_icon_element-color-turquoise vc_icon_element-size-md vc_icon_element-style- vc_icon_element-background-color-grey\" ><span class=\"vc_icon_element-icon fa fa-solid fa-arrow-right-from-bracket\" ><\/span><\/div><\/div><\/div><div class=\"vc_cta3_content-container\"><div class=\"vc_cta3-content\"><header class=\"vc_cta3-content-header\"><h2>B\u00f6rja din spanska resa i Barcelona idag!<\/h2><\/header><p style=\"text-align: justify;\">Oavsett om du vill studera spanska f\u00f6r resor, arbete eller n\u00f6je, <strong>Barcelona is the ideal place to learn and live the language<\/strong>. Med sina enast\u00e5ende skolor, sitt soliga v\u00e4der och sin kreativa energi bjuder staden in dig att uppt\u00e4cka spanskan genom upplevelser som du kommer att minnas f\u00f6r alltid.<\/p>\n<\/div><div class=\"vc_cta3-actions\"><div class=\"vc_btn3-container vc_btn3-inline vc_do_btn\" ><a class=\"vc_general vc_btn3 vc_btn3-size-md vc_btn3-shape-rounded vc_btn3-style-modern vc_btn3-color-info\" href=\"https:\/\/holaspain.agency\/sv\/#contact\" title=\"\">N\u00e5 ut idag<\/a><\/div><\/div><\/div><\/div><\/section><\/div><\/div><\/div><\/div>\n<\/div>","protected":false},"excerpt":{"rendered":"<p>F\u00f6rdjupa dig i spanska i Barcelona - en stad med kreativitet, kultur och vackra str\u00e4nder, som erbjuder utm\u00e4rkta skolor i en verkligt kosmopolitisk milj\u00f6.<\/p>","protected":false},"author":1,"featured_media":1820,"parent":0,"menu_order":0,"comment_status":"closed","ping_status":"closed","template":"","meta":{"_seopress_robots_primary_cat":"","_seopress_titles_title":"Hola Spain %%sep%% %%post_title%%","_seopress_titles_desc":"Learn Spanish in Barcelona \u2014 immerse yourself in art, culture, and Mediterranean life while practicing the language in a vibrant, sunny city.","_seopress_robots_index":"","_daextam_enable_autolinks":"1","footnotes":""},"categories":[55,53],"tags":[],"class_list":["post-1227","page","type-page","status-publish","has-post-thumbnail","hentry","category-barcelona-spanish-schools","category-spanish-schools"],"_links":{"self":[{"href":"https:\/\/holaspain.agency\/sv\/wp-json\/wp\/v2\/pages\/1227","targetHints":{"allow":["GET"]}}],"collection":[{"href":"https:\/\/holaspain.agency\/sv\/wp-json\/wp\/v2\/pages"}],"about":[{"href":"https:\/\/holaspain.agency\/sv\/wp-json\/wp\/v2\/types\/page"}],"author":[{"embeddable":true,"href":"https:\/\/holaspain.agency\/sv\/wp-json\/wp\/v2\/users\/1"}],"replies":[{"embeddable":true,"href":"https:\/\/holaspain.agency\/sv\/wp-json\/wp\/v2\/comments?post=1227"}],"version-history":[{"count":5,"href":"https:\/\/holaspain.agency\/sv\/wp-json\/wp\/v2\/pages\/1227\/revisions"}],"predecessor-version":[{"id":2330,"href":"https:\/\/holaspain.agency\/sv\/wp-json\/wp\/v2\/pages\/1227\/revisions\/2330"}],"wp:featuredmedia":[{"embeddable":true,"href":"https:\/\/holaspain.agency\/sv\/wp-json\/wp\/v2\/media\/1820"}],"wp:attachment":[{"href":"https:\/\/holaspain.agency\/sv\/wp-json\/wp\/v2\/media?parent=1227"}],"wp:term":[{"taxonomy":"category","embeddable":true,"href":"https:\/\/holaspain.agency\/sv\/wp-json\/wp\/v2\/categories?post=1227"},{"taxonomy":"post_tag","embeddable":true,"href":"https:\/\/holaspain.agency\/sv\/wp-json\/wp\/v2\/tags?post=1227"}],"curies":[{"name":"wp","href":"https:\/\/api.w.org\/{rel}","templated":true}]}}