{"id":1225,"date":"2016-09-06T18:09:49","date_gmt":"2016-09-06T18:09:49","guid":{"rendered":"http:\/\/demos.famethemes.com\/screenr-plus\/?post_type=portfolio&#038;p=1195"},"modified":"2026-01-08T17:29:54","modified_gmt":"2026-01-08T17:29:54","slug":"spanish-schools-in-malaga","status":"publish","type":"page","link":"https:\/\/holaspain.agency\/sv\/spanish-schools-in-malaga\/","title":{"rendered":"Spanska skolor i Malaga"},"content":{"rendered":"<div class=\"wpb-content-wrapper\"><div class=\"vc_row wpb_row vc_row-fluid\"><div class=\"wpb_column vc_column_container vc_col-sm-12\"><div class=\"vc_column-inner\"><div class=\"wpb_wrapper\">\n\t<div class=\"wpb_text_column wpb_content_element\" >\n\t\t<div class=\"wpb_wrapper\">\n\t\t\t<h1>Studera spanska utomlands<\/h1>\n<h3><strong>L\u00e4r dig spanska i Malaga - d\u00e4r solen, havet och det spanska spr\u00e5ket skiner tillsammans<\/strong><\/h3>\n<blockquote><p>\nOm du dr\u00f6mmer om att l\u00e4ra dig spanska vid Medelhavet, <strong>Malaga<\/strong> \u00e4r din perfekta destination. Bel\u00e4get p\u00e5 Spaniens ber\u00f6mda <strong>Costa del Sol<\/strong>, Malaga combines <strong>spanska skolor i v\u00e4rldsklass<\/strong>, en levande kulturscen och solsken \u00e5ret runt - allt f\u00f6r att skapa en perfekt milj\u00f6 f\u00f6r en of\u00f6rgl\u00f6mlig spr\u00e5kinl\u00e4rning.\n<\/p><\/blockquote>\n<h3><strong>Varf\u00f6r studera spanska i Malaga<\/strong><\/h3>\n<p><iframe loading=\"lazy\" title=\"Studera spanska i M\u00e1laga \ud83c\uddea\ud83c\uddf8 | Sol, kultur &amp; f\u00f6rdjupning\" width=\"790\" height=\"444\" src=\"https:\/\/www.youtube.com\/embed\/3Z5TzENVLnQ?feature=oembed\" frameborder=\"0\" allow=\"accelerometer; autoplay; clipboard-write; encrypted-media; gyroscope; picture-in-picture; web-share\" referrerpolicy=\"strict-origin-when-cross-origin\" allowfullscreen><\/iframe><\/p>\n<p>K\u00e4nd som f\u00f6delseplatsen f\u00f6r <strong>Pablo Picasso<\/strong>, Den livliga kuststaden erbjuder det b\u00e4sta av tv\u00e5 v\u00e4rldar: moderna faciliteter och djupa andalusiska traditioner. Oavsett om du \u00e4r en <strong>ton\u00e5ring som deltar i ett sommarprogram<\/strong> eller en <strong>vuxenstuderande<\/strong> looking for total immersion, Malaga welcomes you with open arms.<\/p>\n<p>Malaga is one of Spain\u2019s most international and friendly cities, popular with students from all over the world.<br \/>\nDet \u00e4r tryggt, dynamiskt och fullt av m\u00f6jligheter att <strong>\u00f6va spanska i vardagslivet<\/strong> - fr\u00e5n att prata p\u00e5 kaf\u00e9er till att utforska stadens marknader och str\u00e4nder.<\/p>\n<p>Students love Malaga because:<\/p>\n<ul>\n<li>Den erbjuder <strong>spanska skolor av h\u00f6g kvalitet<\/strong> ackrediterad av Instituto Cervantes.<\/li>\n<li>Den <strong>Medelhavsklimat<\/strong> g\u00f6r det till ett trevligt resm\u00e5l \u00e5ret runt.<\/li>\n<li>Det \u00e4r <strong>mer prisv\u00e4rd<\/strong> \u00e4n andra stora st\u00e4der i Spanien.<\/li>\n<li>Det finns en <strong>livlig studentgemenskap<\/strong> med gott om kulturella och sociala aktiviteter.<\/li>\n<li>Du kan <strong>studera spanska vid stranden!<\/strong><\/li>\n<\/ul>\n<p>Malaga is also perfectly connected \u2014 with easy access to Granada, C\u00f3rdoba, and Seville, ideal for weekend trips.<\/p>\n<h3><strong>De b\u00e4sta spanska skolorna i Malaga<\/strong><\/h3>\n<p>H\u00e4r \u00e4r n\u00e5gra av de <strong>mest respekterade och ackrediterade spanska skolor<\/strong> in Malaga, offering courses for all ages and levels:<\/p>\n<h4><strong>1. Malaca Instituto<\/strong><\/h4>\n<p>Malaca Instituto \u00e4r en av Spaniens mest prestigefyllda spr\u00e5kskolor och \u00e4r internationellt erk\u00e4nd och ackrediterad av Instituto Cervantes. Skolan erbjuder spanska kurser f\u00f6r vuxna, ton\u00e5ringar och yrkesverksamma, tillsammans med boende, aktiviteter och utflykter. Den rankas ofta bland de <em>b\u00e4sta spanska skolorna i v\u00e4rlden<\/em>.<\/p>\n<h4><strong>2. CLIC International House Malaga<\/strong><\/h4>\n<p>CLIC ligger i hj\u00e4rtat av staden och erbjuder intensiva och superintensiva spanska kurser, DELE-f\u00f6rberedelser och sommarprogram f\u00f6r unga elever. Skolans dynamiska metodik och kulturella workshops g\u00f6r det roligt och effektivt att l\u00e4ra sig spanska.<\/p>\n<h4><strong>3. Enforex Malaga<\/strong><\/h4>\n<p>Denna skola ing\u00e5r i den v\u00e4lk\u00e4nda Enforex-gruppen och kombinerar moderna faciliteter med en v\u00e4nlig, internationell atmosf\u00e4r. Eleverna kan v\u00e4lja mellan allm\u00e4n spanska, l\u00e5ngtidsstudier eller specialkurser f\u00f6r ton\u00e5ringar. Enforex organiserar regelbundna utflykter och spr\u00e5kutbyten f\u00f6r att hj\u00e4lpa eleverna att f\u00e5 kontakt med lokalbefolkningen.<\/p>\n<h4><strong>4. AIL Malaga<\/strong><\/h4>\n<p>En ung, energisk skola som \u00e4r k\u00e4nd f\u00f6r sin personliga uppm\u00e4rksamhet och sitt roliga sociala program. AIL erbjuder flexibla scheman, sm\u00e5 klasser och interaktiva lektioner som \u00e4r utformade f\u00f6r att hj\u00e4lpa eleverna att kommunicera med sj\u00e4lvf\u00f6rtroende p\u00e5 spanska fr\u00e5n dag ett.<\/p>\n<h4><strong>5. Debla<\/strong><\/h4>\n<p>Debla ligger p\u00e5 en sluttning n\u00e4ra stranden och erbjuder en fantastisk utsikt \u00f6ver Medelhavet. Skolan erbjuder intensivkurser f\u00f6r vuxna och sommarl\u00e4ger f\u00f6r ton\u00e5ringar, allt i en avslappnad och v\u00e4nlig milj\u00f6.<\/p>\n<h3><strong>Att leva Malaga-upplevelsen<\/strong><\/h3>\n<p>Learning Spanish in Malaga isn\u2019t just about classes \u2014 it\u2019s about <strong>leva den spanska livsstilen<\/strong>. P\u00e5 din fritid kan du:<\/p>\n<ul>\n<li>Bes\u00f6k webbplatsen <strong>Picasso-museet<\/strong> och utforska konstn\u00e4rens r\u00f6tter.<\/li>\n<li>Vandra genom den <strong>historiska centrum<\/strong> och avnjuta tapas p\u00e5 livliga torg.<\/li>\n<li>Koppla av p\u00e5 <strong>La Malagueta strand<\/strong> efter lektionen.<\/li>\n<li>Uppt\u00e4ck de <strong>Alcazaba f\u00e4stning<\/strong> och <strong>Romerska teatern<\/strong>.<\/li>\n<li>Fira festivaler som <strong>Feria de Agosto<\/strong>, ett av Spaniens mest f\u00e4rgstarka evenemang.<\/li>\n<\/ul>\n<blockquote>\n<p style=\"text-align: justify;\">From morning lessons to sunset walks by the sea, every day in Malaga becomes a chance to <strong>tala spanska naturligt<\/strong> and enjoy life to the fullest.\u00a0Learn Spanish and embrace the vibrant Mediterranean lifestyle \u2014 in Malaga, every beach, plaza, and tapas bar offers a chance to practice the language, soak up local culture, and make every moment unforgettable.<\/p>\n<\/blockquote>\n\n\t\t<\/div>\n\t<\/div>\n<section class=\"vc_cta3-container\"><div class=\"vc_general vc_do_cta3 vc_cta3 vc_cta3-style-outline vc_cta3-shape-rounded vc_cta3-align-left vc_cta3-color-classic vc_cta3-icon-size-md vc_cta3-icons-left vc_cta3-actions-right\"><div class=\"vc_cta3-icons\"><div class=\"vc_icon_element vc_icon_element-outer vc_do_icon vc_icon_element-align-left\"><div class=\"vc_icon_element-inner vc_icon_element-color-turquoise vc_icon_element-size-md vc_icon_element-style- vc_icon_element-background-color-grey\" ><span class=\"vc_icon_element-icon fa fa-solid fa-arrow-right-from-bracket\" ><\/span><\/div><\/div><\/div><div class=\"vc_cta3_content-container\"><div class=\"vc_cta3-content\"><header class=\"vc_cta3-content-header\"><h2>B\u00f6rja din spanska resa i Malaga idag!<\/h2><\/header><p style=\"text-align: justify;\">Oavsett om du letar efter en\u00a0<strong>sommar\u00e4ventyr<\/strong>, a\u00a0<strong>erfarenhet av ett sabbats\u00e5r<\/strong>, eller en\u00a0<strong>Karri\u00e4rh\u00f6jande spr\u00e5kkurs<\/strong>, Malaga offers everything you need \u2014\u00a0<strong>utm\u00e4rkt utbildning, solsken och autentisk spansk kultur<\/strong>.<\/p>\n<\/div><div class=\"vc_cta3-actions\"><div class=\"vc_btn3-container vc_btn3-inline vc_do_btn\" ><a class=\"vc_general vc_btn3 vc_btn3-size-md vc_btn3-shape-rounded vc_btn3-style-modern vc_btn3-color-info\" href=\"https:\/\/holaspain.agency\/sv\/#contact\" title=\"\">N\u00e5 ut idag<\/a><\/div><\/div><\/div><\/div><\/section><\/div><\/div><\/div><\/div>\n<\/div>","protected":false},"excerpt":{"rendered":"<p>L\u00e4r dig spanska i Malaga - en solig kuststad med skolor av h\u00f6g kvalitet, sandstr\u00e4nder, uts\u00f6kt mat och en avslappnad andalusisk livsstil.<\/p>","protected":false},"author":1,"featured_media":1824,"parent":0,"menu_order":0,"comment_status":"closed","ping_status":"closed","template":"","meta":{"_seopress_robots_primary_cat":"","_seopress_titles_title":"Hola Spain %%sep%% %%post_title%%","_seopress_titles_desc":"Learn Spanish in Malaga \u2014 where beaches, plazas, and tapas bars let you practice the language while enjoying the vibrant Mediterranean lifestyle.","_seopress_robots_index":"","_daextam_enable_autolinks":"1","footnotes":""},"categories":[54,53],"tags":[],"class_list":["post-1225","page","type-page","status-publish","has-post-thumbnail","hentry","category-andalucia","category-spanish-schools"],"_links":{"self":[{"href":"https:\/\/holaspain.agency\/sv\/wp-json\/wp\/v2\/pages\/1225","targetHints":{"allow":["GET"]}}],"collection":[{"href":"https:\/\/holaspain.agency\/sv\/wp-json\/wp\/v2\/pages"}],"about":[{"href":"https:\/\/holaspain.agency\/sv\/wp-json\/wp\/v2\/types\/page"}],"author":[{"embeddable":true,"href":"https:\/\/holaspain.agency\/sv\/wp-json\/wp\/v2\/users\/1"}],"replies":[{"embeddable":true,"href":"https:\/\/holaspain.agency\/sv\/wp-json\/wp\/v2\/comments?post=1225"}],"version-history":[{"count":5,"href":"https:\/\/holaspain.agency\/sv\/wp-json\/wp\/v2\/pages\/1225\/revisions"}],"predecessor-version":[{"id":2333,"href":"https:\/\/holaspain.agency\/sv\/wp-json\/wp\/v2\/pages\/1225\/revisions\/2333"}],"wp:featuredmedia":[{"embeddable":true,"href":"https:\/\/holaspain.agency\/sv\/wp-json\/wp\/v2\/media\/1824"}],"wp:attachment":[{"href":"https:\/\/holaspain.agency\/sv\/wp-json\/wp\/v2\/media?parent=1225"}],"wp:term":[{"taxonomy":"category","embeddable":true,"href":"https:\/\/holaspain.agency\/sv\/wp-json\/wp\/v2\/categories?post=1225"},{"taxonomy":"post_tag","embeddable":true,"href":"https:\/\/holaspain.agency\/sv\/wp-json\/wp\/v2\/tags?post=1225"}],"curies":[{"name":"wp","href":"https:\/\/api.w.org\/{rel}","templated":true}]}}