{"id":1209,"date":"2016-09-05T20:12:29","date_gmt":"2016-09-05T20:12:29","guid":{"rendered":"http:\/\/demos.famethemes.com\/screenr-plus\/?page_id=18"},"modified":"2025-11-05T11:41:18","modified_gmt":"2025-11-05T11:41:18","slug":"upplevelser-av-kulturell-fordjupning","status":"publish","type":"page","link":"https:\/\/holaspain.agency\/sv\/cultural-immersion-experiences\/","title":{"rendered":"Kulturell f\u00f6rdjupning och upplevelser"},"content":{"rendered":"<div class=\"wpb-content-wrapper\"><div class=\"vc_row wpb_row vc_row-fluid\"><div class=\"wpb_column vc_column_container vc_col-sm-12\"><div class=\"vc_column-inner\"><div class=\"wpb_wrapper\">\n\t<div class=\"wpb_text_column wpb_content_element\" >\n\t\t<div class=\"wpb_wrapper\">\n\t\t\t<h1 style=\"text-align: justify;\" data-pm-slice=\"0 0 &#091;&#093;\">Upplev spanska spr\u00e5ket och kulturen<\/h1>\n<p style=\"text-align: justify;\" data-pm-slice=\"0 0 &#091;&#093;\">Upplev den <a href=\"https:\/\/holaspain.agency\/sv\/kurser-i-spanska-spraket\/\">Spanska spr\u00e5ket<\/a> och kultur som aldrig f\u00f6rr med HolaSpain. V\u00e5ra program kombinerar utbildning, \u00e4ventyr och autentiska lokala upplevelser, utformade f\u00f6r irl\u00e4ndska studenter och vuxna som vill l\u00e4ra sig spanska samtidigt som de verkligen lever det.<\/p>\n<h2 style=\"text-align: justify;\" data-pm-slice=\"0 0 &#091;&#093;\">F\u00f6rdjupad inl\u00e4rning av spanska<\/h2>\n<p style=\"text-align: justify;\" data-pm-slice=\"0 0 &#091;&#093;\">Att l\u00e4ra sig spanska g\u00e5r ut\u00f6ver klassrummet. Eleverna deltar i engagerande kulturella aktiviteter som stadsvandringar, bes\u00f6k p\u00e5 historiska platser, lokala festivaler och interaktiva workshops. Dessa upplevelser g\u00f6r det m\u00f6jligt f\u00f6r eleverna att anv\u00e4nda spanska i verkliga situationer samtidigt som de uppt\u00e4cker Spaniens rika traditioner och seder.<\/p>\n<h2 style=\"text-align: justify;\" data-pm-slice=\"0 0 &#091;&#093;\">Utflykter och aktiviteter<\/h2>\n<p style=\"text-align: justify;\" data-pm-slice=\"0 0 &#091;&#093;\">V\u00e5ra program omfattar noggrant planerade utflykter och aktiviteter som skr\u00e4ddarsys f\u00f6r varje grupp. Fr\u00e5n flamenco och matlagningsworkshops till sport, konstprojekt och lokala evenemang f\u00e5r eleverna praktisk erfarenhet av den spanska kulturen. Dessa aktiviteter uppmuntrar till interaktion med lokala samh\u00e4llen och hj\u00e4lper eleverna att utveckla sj\u00e4lvf\u00f6rtroende genom att anv\u00e4nda spr\u00e5ket utanf\u00f6r klassrummet.<\/p>\n<h3 style=\"text-align: justify;\" data-pm-slice=\"0 0 &#091;&#093;\">L\u00e4rande genom verkliga upplevelser<\/h3>\n<p style=\"text-align: justify;\" data-pm-slice=\"0 0 &#091;&#093;\">Varje aktivitet \u00e4r utformad f\u00f6r att g\u00f6ra spr\u00e5kinl\u00e4rningen rolig, praktisk och meningsfull. Eleverna deltar i rollspel, probleml\u00f6sning och teamwork\u00f6vningar som f\u00f6rst\u00e4rker spanskkunskaperna samtidigt som de utforskar den lokala kulturen. Dessa uppslukande upplevelser skapar en dynamisk milj\u00f6 d\u00e4r eleverna kopplar ihop spr\u00e5ket med vardagen.<\/p>\n<h3 style=\"text-align: justify;\" data-pm-slice=\"0 0 &#091;&#093;\">Varf\u00f6r v\u00e4lja HolaSpain f\u00f6r kulturell neds\u00e4nkning?<\/h3>\n<ul style=\"text-align: justify;\">\n<li style=\"text-align: justify;\" data-pm-slice=\"0 0 &#091;&#093;\">Helt\u00e4ckande program f\u00f6r irl\u00e4ndska studenter och vuxna<\/li>\n<li style=\"text-align: justify;\" data-pm-slice=\"0 0 &#091;&#093;\">Erfarna inhemska l\u00e4rare och lokala guider<\/li>\n<li style=\"text-align: justify;\" data-pm-slice=\"0 0 &#091;&#093;\">Kombination av klassrumsundervisning och kulturella upplevelser i verkliga livet<\/li>\n<li style=\"text-align: justify;\" data-pm-slice=\"0 0 &#091;&#093;\">S\u00e4kra, st\u00f6djande och engagerande inl\u00e4rningsmilj\u00f6er<\/li>\n<li style=\"text-align: justify;\" data-pm-slice=\"0 0 &#091;&#093;\">M\u00f6jligheter att utforska Spanien och skapa minnen f\u00f6r livet<\/li>\n<\/ul>\n\n\t\t<\/div>\n\t<\/div>\n<section class=\"vc_cta3-container\"><div class=\"vc_general vc_do_cta3 vc_cta3 vc_cta3-style-outline vc_cta3-shape-rounded vc_cta3-align-left vc_cta3-color-classic vc_cta3-icon-size-md vc_cta3-icons-left vc_cta3-actions-right\"><div class=\"vc_cta3-icons\"><div class=\"vc_icon_element vc_icon_element-outer vc_do_icon vc_icon_element-align-left\"><div class=\"vc_icon_element-inner vc_icon_element-color-turquoise vc_icon_element-size-md vc_icon_element-style- vc_icon_element-background-color-grey\" ><span class=\"vc_icon_element-icon fa fa-solid fa-arrow-right-from-bracket\" ><\/span><\/div><\/div><\/div><div class=\"vc_cta3_content-container\"><div class=\"vc_cta3-content\"><header class=\"vc_cta3-content-header\"><h2>B\u00f6rja ditt spanska \u00e4ventyr idag!<\/h2><\/header><p>Har du fr\u00e5gor eller vill du hitta den perfekta spanskakursen? Kontakta HolaSpain idag och l\u00e5t oss hj\u00e4lpa dig att planera din inl\u00e4rningsupplevelse i Spanien.<\/p>\n<\/div><div class=\"vc_cta3-actions\"><div class=\"vc_btn3-container vc_btn3-inline vc_do_btn\" ><a class=\"vc_general vc_btn3 vc_btn3-size-md vc_btn3-shape-rounded vc_btn3-style-modern vc_btn3-color-info\" href=\"https:\/\/holaspain.agency\/sv\/#contact\" title=\"\">N\u00e5 ut idag<\/a><\/div><\/div><\/div><\/div><\/section><\/div><\/div><\/div><\/div>\n<\/div>","protected":false},"excerpt":{"rendered":"<p>V\u00e5ra program kombinerar utbildning, \u00e4ventyr och autentiska lokala upplevelser, utformade f\u00f6r juniorer och vuxna studenter som vill l\u00e4ra sig spanska samtidigt som de verkligen lever det.<\/p>","protected":false},"author":1,"featured_media":1317,"parent":0,"menu_order":0,"comment_status":"closed","ping_status":"closed","template":"","meta":{"_seopress_robots_primary_cat":"","_seopress_titles_title":"%%sitetitle%% %%sep%% Cultural Immersion","_seopress_titles_desc":"Experience Spanish language and culture with HolaSpain through immersive activities, excursions, and interactive learning for Irish students and adults.","_seopress_robots_index":"","_daextam_enable_autolinks":"","footnotes":""},"categories":[61],"tags":[],"class_list":["post-1209","page","type-page","status-publish","has-post-thumbnail","hentry","category-services"],"_links":{"self":[{"href":"https:\/\/holaspain.agency\/sv\/wp-json\/wp\/v2\/pages\/1209","targetHints":{"allow":["GET"]}}],"collection":[{"href":"https:\/\/holaspain.agency\/sv\/wp-json\/wp\/v2\/pages"}],"about":[{"href":"https:\/\/holaspain.agency\/sv\/wp-json\/wp\/v2\/types\/page"}],"author":[{"embeddable":true,"href":"https:\/\/holaspain.agency\/sv\/wp-json\/wp\/v2\/users\/1"}],"replies":[{"embeddable":true,"href":"https:\/\/holaspain.agency\/sv\/wp-json\/wp\/v2\/comments?post=1209"}],"version-history":[{"count":10,"href":"https:\/\/holaspain.agency\/sv\/wp-json\/wp\/v2\/pages\/1209\/revisions"}],"predecessor-version":[{"id":1329,"href":"https:\/\/holaspain.agency\/sv\/wp-json\/wp\/v2\/pages\/1209\/revisions\/1329"}],"wp:featuredmedia":[{"embeddable":true,"href":"https:\/\/holaspain.agency\/sv\/wp-json\/wp\/v2\/media\/1317"}],"wp:attachment":[{"href":"https:\/\/holaspain.agency\/sv\/wp-json\/wp\/v2\/media?parent=1209"}],"wp:term":[{"taxonomy":"category","embeddable":true,"href":"https:\/\/holaspain.agency\/sv\/wp-json\/wp\/v2\/categories?post=1209"},{"taxonomy":"post_tag","embeddable":true,"href":"https:\/\/holaspain.agency\/sv\/wp-json\/wp\/v2\/tags?post=1209"}],"curies":[{"name":"wp","href":"https:\/\/api.w.org\/{rel}","templated":true}]}}