{"id":1208,"date":"2016-09-05T20:07:42","date_gmt":"2016-09-05T20:07:42","guid":{"rendered":"http:\/\/demos.famethemes.com\/screenr-plus\/?page_id=16"},"modified":"2025-11-17T13:39:03","modified_gmt":"2025-11-17T13:39:03","slug":"program-for-spanska-spraket","status":"publish","type":"page","link":"https:\/\/holaspain.agency\/sv\/spanish-language-programmes\/","title":{"rendered":"Program f\u00f6r spanska spr\u00e5ket"},"content":{"rendered":"<div class=\"wpb-content-wrapper\"><div class=\"vc_row wpb_row vc_row-fluid\"><div class=\"wpb_column vc_column_container vc_col-sm-12\"><div class=\"vc_column-inner\"><div class=\"wpb_wrapper\">\n\t<div class=\"wpb_text_column wpb_content_element\" >\n\t\t<div class=\"wpb_wrapper\">\n\t\t\t<h1 style=\"text-align: justify;\">Studera spanska utomlands<\/h1>\n<h2 style=\"text-align: justify;\">Spanska kurser i Spanien f\u00f6r vuxna<\/h2>\n<p style=\"text-align: justify;\">Vuxna kan anm\u00e4la sig till intensivkurser i spanska i Spanien f\u00f6r att p\u00e5skynda sin inl\u00e4rning. Klasserna undervisas av erfarna modersm\u00e5lsl\u00e4rare och HolaSpains program \u00e4r engagerande och interaktiva och kombinerar strukturerade lektioner med praktisk konversations\u00f6vning f\u00f6r spr\u00e5kanv\u00e4ndning i verkligheten. Oavsett om ditt m\u00e5l \u00e4r att f\u00f6rb\u00e4ttra ditt spr\u00e5k, f\u00e5 b\u00e4ttre sj\u00e4lvf\u00f6rtroende eller f\u00f6rbereda dig f\u00f6r yrkesm\u00e4ssiga m\u00f6jligheter, s\u00e5 erbjuder v\u00e5ra kurser f\u00f6r vuxna den perfekta milj\u00f6n f\u00f6r att uppn\u00e5 dina m\u00e5l.<\/p>\n<p style=\"text-align: justify;\">V\u00e5ra kurser f\u00f6r vuxna omfattar intensivprogram, konversationsfokuserade klasser och f\u00f6rberedelser f\u00f6r DELE-examen f\u00f6r att tillgodose alla elevers behov. Deltagarna kan dra nytta av kulturella aktiviteter, guidade utflykter och interaktiva upplevelser som f\u00f6rb\u00e4ttrar inl\u00e4rningen. HolaSpain kombinerar h\u00f6gkvalitativ undervisning med engagerande program, vilket s\u00e4kerst\u00e4ller att vuxna utvecklas snabbt samtidigt som de upplever den spanska kulturen fullt ut.<\/p>\n<h2 style=\"text-align: justify;\">Spanska kurser i Spanien f\u00f6r ton\u00e5ringar<\/h2>\n<p style=\"text-align: justify;\">Ton\u00e5ringar kan anm\u00e4la sig till spanska kurser i Spanien som \u00e4r utformade f\u00f6r att utveckla spr\u00e5kkunskaper samtidigt som de har kul och utforskar den lokala kulturen. HolaSpains program \u00e4r dynamiska och interaktiva och kombinerar strukturerade lektioner med spel, gruppaktiviteter och konversations\u00f6vningar som g\u00f6r inl\u00e4rningen rolig. Oavsett om du studerar individuellt, i skolgrupper eller sommarl\u00e4gerprogram hj\u00e4lper v\u00e5ra kurser ton\u00e5ringar att f\u00e5 sj\u00e4lvf\u00f6rtroende och flytande spanska.<\/p>\n<p style=\"text-align: justify;\">Kurser f\u00f6r ton\u00e5ringar omfattar sommarl\u00e4ger i spanska, grupprogram f\u00f6r gymnasiet och intensivkurser som \u00e4r skr\u00e4ddarsydda f\u00f6r olika niv\u00e5er. Eleverna deltar i interaktiva lektioner med inf\u00f6dda l\u00e4rare och f\u00e5r ta del av kulturella utflykter och engagerande aktiviteter. HolaSpain ser till att ton\u00e5ringar g\u00f6r framsteg i sin spanska samtidigt som de njuter av en minnesv\u00e4rd och kulturellt rik upplevelse.<\/p>\n<h3 style=\"text-align: justify;\">B\u00e4sta spanska kurserna i Spanien<\/h3>\n<p style=\"text-align: justify;\">HolaSpain samarbetar med ledande spanska spr\u00e5kskolor \u00f6ver hela Spanien f\u00f6r att erbjuda h\u00f6gkvalitativa kurser, inf\u00f6dda l\u00e4rare och fullst\u00e4ndig kulturell f\u00f6rdjupning. Uppt\u00e4ck varf\u00f6r att studera spanska med oss \u00e4r det mest effektiva och roliga s\u00e4ttet att l\u00e4ra sig spr\u00e5ket.<\/p>\n<h3 style=\"text-align: justify;\">Spr\u00e5kprogram i spanska p\u00e5 viktiga spanska destinationer<\/h3>\n<p style=\"text-align: justify;\">Vi erbjuder skolor och program i Madrid, Barcelona, Valencia, Seville, Malaga, Salamanca, Granada och Alicante. Varje stad erbjuder en unik milj\u00f6, fr\u00e5n livliga stadsk\u00e4rnor och historiska platser till str\u00e4nder och kulturella stadsdelar. Att studera spanska p\u00e5 dessa platser g\u00f6r det m\u00f6jligt f\u00f6r eleverna att f\u00f6rdjupa sig i spr\u00e5ket, \u00f6va i verkliga situationer och njuta av en m\u00e4ngd olika kulturella aktiviteter och utflykter utanf\u00f6r klassrummet.<\/p>\n\n\t\t<\/div>\n\t<\/div>\n\n<div class=\"vc_grid-container-wrapper vc_clearfix vc_grid-animation-zoomIn\">\n\t<div class=\"vc_grid-container vc_clearfix wpb_content_element vc_masonry_grid\" data-initial-loading-animation=\"zoomIn\" data-vc-grid-settings=\"{&quot;page_id&quot;:1208,&quot;style&quot;:&quot;all-masonry&quot;,&quot;action&quot;:&quot;vc_get_vc_grid_data&quot;,&quot;shortcode_id&quot;:&quot;1763386692637-e3ba8c13-999a-6&quot;,&quot;tag&quot;:&quot;vc_masonry_grid&quot;}\" data-vc-request=\"https:\/\/holaspain.agency\/wp-admin\/admin-ajax.php\" data-vc-post-id=\"1208\" data-vc-public-nonce=\"9ffa800287\">\n\t\t\n\t<\/div>\n<\/div><section class=\"vc_cta3-container\"><div class=\"vc_general vc_do_cta3 vc_cta3 vc_cta3-style-outline vc_cta3-shape-rounded vc_cta3-align-left vc_cta3-color-classic vc_cta3-icon-size-md vc_cta3-icons-left vc_cta3-actions-right\"><div class=\"vc_cta3-icons\"><div class=\"vc_icon_element vc_icon_element-outer vc_do_icon vc_icon_element-align-left\"><div class=\"vc_icon_element-inner vc_icon_element-color-turquoise vc_icon_element-size-md vc_icon_element-style- vc_icon_element-background-color-grey\" ><span class=\"vc_icon_element-icon fa fa-solid fa-arrow-right-from-bracket\" ><\/span><\/div><\/div><\/div><div class=\"vc_cta3_content-container\"><div class=\"vc_cta3-content\"><header class=\"vc_cta3-content-header\"><h2>B\u00f6rja ditt spanska \u00e4ventyr idag!<\/h2><\/header><p>Har du fr\u00e5gor eller vill du hitta den perfekta spanskakursen? Kontakta HolaSpain idag och l\u00e5t oss hj\u00e4lpa dig att planera din inl\u00e4rningsupplevelse i Spanien.<\/p>\n<\/div><div class=\"vc_cta3-actions\"><div class=\"vc_btn3-container vc_btn3-inline vc_do_btn\" ><a class=\"vc_general vc_btn3 vc_btn3-size-md vc_btn3-shape-rounded vc_btn3-style-modern vc_btn3-color-info\" href=\"https:\/\/holaspain.agency\/sv\/#contact\" title=\"\">N\u00e5 ut idag<\/a><\/div><\/div><\/div><\/div><\/section><\/div><\/div><\/div><\/div><div class=\"vc_row wpb_row vc_row-fluid\"><div class=\"wpb_column vc_column_container vc_col-sm-12\"><div class=\"vc_column-inner\"><div class=\"wpb_wrapper\"><\/div><\/div><\/div><\/div>\n<\/div>","protected":false},"excerpt":{"rendered":"<p>HolaSpain erbjuder spanska spr\u00e5kkurser f\u00f6r ton\u00e5ringar, vuxna, gymnasiegrupper och skolgrupper, kurserna \u00e4r utformade f\u00f6r att vara engagerande, interaktiva och effektiva.<\/p>","protected":false},"author":1,"featured_media":1266,"parent":0,"menu_order":0,"comment_status":"closed","ping_status":"closed","template":"","meta":{"_seopress_robots_primary_cat":"","_seopress_titles_title":"%%sitetitle%% %%sep%% %%post_title%%","_seopress_titles_desc":"Spanish language courses in Spain for adults and teenagers. Intensive programmes, DELE prep, summer camps, and interactive learning experiences.","_seopress_robots_index":"","_daextam_enable_autolinks":"1","footnotes":""},"categories":[61],"tags":[],"class_list":["post-1208","page","type-page","status-publish","has-post-thumbnail","hentry","category-services"],"_links":{"self":[{"href":"https:\/\/holaspain.agency\/sv\/wp-json\/wp\/v2\/pages\/1208","targetHints":{"allow":["GET"]}}],"collection":[{"href":"https:\/\/holaspain.agency\/sv\/wp-json\/wp\/v2\/pages"}],"about":[{"href":"https:\/\/holaspain.agency\/sv\/wp-json\/wp\/v2\/types\/page"}],"author":[{"embeddable":true,"href":"https:\/\/holaspain.agency\/sv\/wp-json\/wp\/v2\/users\/1"}],"replies":[{"embeddable":true,"href":"https:\/\/holaspain.agency\/sv\/wp-json\/wp\/v2\/comments?post=1208"}],"version-history":[{"count":20,"href":"https:\/\/holaspain.agency\/sv\/wp-json\/wp\/v2\/pages\/1208\/revisions"}],"predecessor-version":[{"id":2200,"href":"https:\/\/holaspain.agency\/sv\/wp-json\/wp\/v2\/pages\/1208\/revisions\/2200"}],"wp:featuredmedia":[{"embeddable":true,"href":"https:\/\/holaspain.agency\/sv\/wp-json\/wp\/v2\/media\/1266"}],"wp:attachment":[{"href":"https:\/\/holaspain.agency\/sv\/wp-json\/wp\/v2\/media?parent=1208"}],"wp:term":[{"taxonomy":"category","embeddable":true,"href":"https:\/\/holaspain.agency\/sv\/wp-json\/wp\/v2\/categories?post=1208"},{"taxonomy":"post_tag","embeddable":true,"href":"https:\/\/holaspain.agency\/sv\/wp-json\/wp\/v2\/tags?post=1208"}],"curies":[{"name":"wp","href":"https:\/\/api.w.org\/{rel}","templated":true}]}}