{"id":1207,"date":"2016-09-05T20:01:09","date_gmt":"2016-09-05T20:01:09","guid":{"rendered":"http:\/\/demos.famethemes.com\/screenr-plus\/?page_id=15"},"modified":"2025-11-06T09:58:54","modified_gmt":"2025-11-06T09:58:54","slug":"utformad-for-alla-elever","status":"publish","type":"page","link":"https:\/\/holaspain.agency\/sv\/designed-for-every-learner\/","title":{"rendered":"Utformad f\u00f6r alla elever"},"content":{"rendered":"<div class=\"wpb-content-wrapper\"><div class=\"vc_row wpb_row vc_row-fluid\"><div class=\"wpb_column vc_column_container vc_col-sm-12\"><div class=\"vc_column-inner\"><div class=\"wpb_wrapper\">\n\t<div class=\"wpb_text_column wpb_content_element\" >\n\t\t<div class=\"wpb_wrapper\">\n\t\t\t<h1 style=\"text-align: justify;\">Spanska kurser utformade f\u00f6r alla elever<\/h1>\n<p style=\"text-align: justify;\">Oavsett om du \u00e4r en nyb\u00f6rjare eller en avancerad talare, kan v\u00e5ra <strong>Kurser i spanska f\u00f6r ton\u00e5ringar och vuxna<\/strong> \u00e4r skr\u00e4ddarsydda f\u00f6r att passa dina individuella inl\u00e4rningsm\u00e5l. Varje program \u00e4r noggrant strukturerat f\u00f6r att kombinera interaktiva lektioner med praktiska erfarenheter, vilket s\u00e4kerst\u00e4ller att dina spanska f\u00e4rdigheter f\u00f6rb\u00e4ttras snabbt och s\u00e4kert.<\/p>\n<h2 style=\"text-align: justify;\">Skr\u00e4ddarsydda program<\/h2>\n<p style=\"text-align: justify;\">V\u00e5ra kurser \u00e4r utformade f\u00f6r alla niv\u00e5er och \u00e5ldrar. Fr\u00e5n nyb\u00f6rjare som tar sina f\u00f6rsta steg p\u00e5 spanska till avancerade elever som vill bli flytande, vi erbjuder program som passar din f\u00f6rm\u00e5ga och inl\u00e4rningsstil.<\/p>\n<h2 style=\"text-align: justify;\">Flexibla utbildningsalternativ<\/h2>\n<p style=\"text-align: justify;\">V\u00e4lj mellan kortvariga kurser, sommarprogram eller l\u00e5ngvariga f\u00f6rdjupningsupplevelser. V\u00e5r flexibla metod g\u00f6r att du kan studera i din egen takt samtidigt som du njuter av Spaniens kultur och livsstil.<\/p>\n<h2 style=\"text-align: justify;\">Praktisk erfarenhet<\/h2>\n<p style=\"text-align: justify;\">Vi kombinerar klassrumslektioner med verkliga upplevelser - fr\u00e5n kulturella utflykter till sociala interaktioner med inf\u00f6dda talare - vilket hj\u00e4lper dig att till\u00e4mpa det du l\u00e4r dig i autentiska situationer och f\u00e5 sj\u00e4lvf\u00f6rtroende n\u00e4r du talar spanska.<\/p>\n<p style=\"text-align: justify;\"><strong>Hitta den kurs som \u00e4r perfekt f\u00f6r dig och b\u00f6rja din resa till flytande spanska idag!<\/strong><\/p>\n\n\t\t<\/div>\n\t<\/div>\n<section class=\"vc_cta3-container\"><div class=\"vc_general vc_do_cta3 vc_cta3 vc_cta3-style-outline vc_cta3-shape-rounded vc_cta3-align-left vc_cta3-color-classic vc_cta3-icon-size-md vc_cta3-icons-left vc_cta3-actions-right\"><div class=\"vc_cta3-icons\"><div class=\"vc_icon_element vc_icon_element-outer vc_do_icon vc_icon_element-align-left\"><div class=\"vc_icon_element-inner vc_icon_element-color-turquoise vc_icon_element-size-md vc_icon_element-style- vc_icon_element-background-color-grey\" ><span class=\"vc_icon_element-icon fa fa-solid fa-arrow-right-from-bracket\" ><\/span><\/div><\/div><\/div><div class=\"vc_cta3_content-container\"><div class=\"vc_cta3-content\"><header class=\"vc_cta3-content-header\"><h2>B\u00f6rja ditt spanska \u00e4ventyr idag!<\/h2><\/header><p>Har du fr\u00e5gor eller vill du hitta den perfekta spanskakursen? Kontakta HolaSpain idag och l\u00e5t oss hj\u00e4lpa dig att planera din inl\u00e4rningsupplevelse i Spanien.<\/p>\n<\/div><div class=\"vc_cta3-actions\"><div class=\"vc_btn3-container vc_btn3-inline vc_do_btn\" ><a class=\"vc_general vc_btn3 vc_btn3-size-md vc_btn3-shape-rounded vc_btn3-style-modern vc_btn3-color-info\" href=\"https:\/\/holaspain.agency\/sv\/#contact\" title=\"\">N\u00e5 ut idag<\/a><\/div><\/div><\/div><\/div><\/section><\/div><\/div><\/div><\/div>\n<\/div>","protected":false},"excerpt":{"rendered":"<p>Skr\u00e4ddarsydda program f\u00f6r alla \u00e5ldrar och niv\u00e5er - oavsett om du \u00e4r nyb\u00f6rjare eller talar flytande spanska g\u00f6r vi det engagerande och effektivt f\u00f6r alla att l\u00e4ra sig spanska.<\/p>","protected":false},"author":1,"featured_media":1402,"parent":0,"menu_order":0,"comment_status":"closed","ping_status":"closed","template":"","meta":{"_seopress_robots_primary_cat":"","_seopress_titles_title":"Hola Spain %%sep%% %%post_title%%","_seopress_titles_desc":"","_seopress_robots_index":"","_daextam_enable_autolinks":"","footnotes":""},"categories":[],"tags":[],"class_list":["post-1207","page","type-page","status-publish","has-post-thumbnail","hentry"],"_links":{"self":[{"href":"https:\/\/holaspain.agency\/sv\/wp-json\/wp\/v2\/pages\/1207","targetHints":{"allow":["GET"]}}],"collection":[{"href":"https:\/\/holaspain.agency\/sv\/wp-json\/wp\/v2\/pages"}],"about":[{"href":"https:\/\/holaspain.agency\/sv\/wp-json\/wp\/v2\/types\/page"}],"author":[{"embeddable":true,"href":"https:\/\/holaspain.agency\/sv\/wp-json\/wp\/v2\/users\/1"}],"replies":[{"embeddable":true,"href":"https:\/\/holaspain.agency\/sv\/wp-json\/wp\/v2\/comments?post=1207"}],"version-history":[{"count":8,"href":"https:\/\/holaspain.agency\/sv\/wp-json\/wp\/v2\/pages\/1207\/revisions"}],"predecessor-version":[{"id":2026,"href":"https:\/\/holaspain.agency\/sv\/wp-json\/wp\/v2\/pages\/1207\/revisions\/2026"}],"wp:featuredmedia":[{"embeddable":true,"href":"https:\/\/holaspain.agency\/sv\/wp-json\/wp\/v2\/media\/1402"}],"wp:attachment":[{"href":"https:\/\/holaspain.agency\/sv\/wp-json\/wp\/v2\/media?parent=1207"}],"wp:term":[{"taxonomy":"category","embeddable":true,"href":"https:\/\/holaspain.agency\/sv\/wp-json\/wp\/v2\/categories?post=1207"},{"taxonomy":"post_tag","embeddable":true,"href":"https:\/\/holaspain.agency\/sv\/wp-json\/wp\/v2\/tags?post=1207"}],"curies":[{"name":"wp","href":"https:\/\/api.w.org\/{rel}","templated":true}]}}