{"id":1206,"date":"2016-09-05T20:00:36","date_gmt":"2016-09-05T20:00:36","guid":{"rendered":"http:\/\/demos.famethemes.com\/screenr-plus\/?page_id=14"},"modified":"2025-10-19T13:07:05","modified_gmt":"2025-10-19T13:07:05","slug":"upptack-anslut-och-vaxa","status":"publish","type":"page","link":"https:\/\/holaspain.agency\/sv\/discover-connect-and-grow\/","title":{"rendered":"Uppt\u00e4ck, skapa kontakter och v\u00e4xa"},"content":{"rendered":"<div class=\"wpb-content-wrapper\"><div class=\"vc_row wpb_row vc_row-fluid\"><div class=\"wpb_column vc_column_container vc_col-sm-12\"><div class=\"vc_column-inner\"><div class=\"wpb_wrapper\">\n\t<div class=\"wpb_text_column wpb_content_element\" >\n\t\t<div class=\"wpb_wrapper\">\n\t\t\t<h1 style=\"text-align: justify;\">Uppt\u00e4ck, skapa kontakter och v\u00e4xa i Spanien<\/h1>\n<p style=\"text-align: justify;\">F\u00f6rdjupa dig i det spanska livet samtidigt som du l\u00e4r dig spr\u00e5ket. Varje dag erbjuder m\u00f6jligheter att <strong>f\u00e5 kontakt med lokalbefolkningen<\/strong>, utforska rika traditioner och v\u00e4xa b\u00e5de personligt och akademiskt. V\u00e5ra program \u00e4r utformade f\u00f6r att hj\u00e4lpa studenter i alla \u00e5ldrar att leva spr\u00e5ket, skapa meningsfulla kontakter och f\u00e5 f\u00f6rtroende f\u00f6r sina spanska kunskaper.<\/p>\n<h2 style=\"text-align: justify;\">F\u00e5 kontakt med m\u00e4nniskor<\/h2>\n<p style=\"text-align: justify;\">Tr\u00e4ffa klasskamrater fr\u00e5n hela v\u00e4rlden och delta i sociala och kulturella aktiviteter. Bygg v\u00e4nskapsband som varar livet ut samtidigt som du njuter av autentiska spanska upplevelser i ett v\u00e4lkomnande samh\u00e4lle.<\/p>\n<h2 style=\"text-align: justify;\">Uppt\u00e4ck spansk kultur<\/h2>\n<p style=\"text-align: justify;\">Fr\u00e5n flamenco-workshops till guidade stadsturer och lokala festivaler kommer du att f\u00f6rdjupa dig i Spaniens livliga traditioner. Varje aktivitet \u00e4r utformad f\u00f6r att komplettera din spr\u00e5kinl\u00e4rning och f\u00f6rdjupa din kulturella f\u00f6rst\u00e5else.<\/p>\n<h2 style=\"text-align: justify;\">Utveckla dina spr\u00e5kkunskaper<\/h2>\n<p style=\"text-align: justify;\">Daglig interaktion med modersm\u00e5lstalare, strukturerade lektioner och praktisk \u00f6vning garanterar snabba f\u00f6rb\u00e4ttringar. Oavsett om du \u00e4r en nyb\u00f6rjare eller avancerad elev, v\u00e5ra <strong>Program f\u00f6r spr\u00e5kbad i spanska<\/strong> g\u00f6ra l\u00e4randet engagerande och effektivt.<\/p>\n<p style=\"text-align: justify;\"><strong>B\u00f6rja ditt spanska \u00e4ventyr idag - lev, skapa kontakter och utvecklas i Spanien!<\/strong><\/p>\n\n\t\t<\/div>\n\t<\/div>\n<\/div><\/div><\/div><\/div>\n<\/div>","protected":false},"excerpt":{"rendered":"<p>Utforska nya kulturer, skapa varaktiga kontakter och f\u00f6rb\u00e4ttra dina spr\u00e5kkunskaper genom uppslukande spanska inl\u00e4rningsupplevelser.<\/p>","protected":false},"author":1,"featured_media":1394,"parent":0,"menu_order":0,"comment_status":"closed","ping_status":"closed","template":"","meta":{"_seopress_robots_primary_cat":"","_seopress_titles_title":"Hola Spain %%sep%% Spanish Immersion Programmes in Spain","_seopress_titles_desc":"Explore Spanish immersion programmes that combine language learning, culture, and travel. Study Spanish in Spain and live an unforgettable adventure.","_seopress_robots_index":"","_daextam_enable_autolinks":"","footnotes":""},"categories":[],"tags":[],"class_list":["post-1206","page","type-page","status-publish","has-post-thumbnail","hentry"],"_links":{"self":[{"href":"https:\/\/holaspain.agency\/sv\/wp-json\/wp\/v2\/pages\/1206","targetHints":{"allow":["GET"]}}],"collection":[{"href":"https:\/\/holaspain.agency\/sv\/wp-json\/wp\/v2\/pages"}],"about":[{"href":"https:\/\/holaspain.agency\/sv\/wp-json\/wp\/v2\/types\/page"}],"author":[{"embeddable":true,"href":"https:\/\/holaspain.agency\/sv\/wp-json\/wp\/v2\/users\/1"}],"replies":[{"embeddable":true,"href":"https:\/\/holaspain.agency\/sv\/wp-json\/wp\/v2\/comments?post=1206"}],"version-history":[{"count":8,"href":"https:\/\/holaspain.agency\/sv\/wp-json\/wp\/v2\/pages\/1206\/revisions"}],"predecessor-version":[{"id":1401,"href":"https:\/\/holaspain.agency\/sv\/wp-json\/wp\/v2\/pages\/1206\/revisions\/1401"}],"wp:featuredmedia":[{"embeddable":true,"href":"https:\/\/holaspain.agency\/sv\/wp-json\/wp\/v2\/media\/1394"}],"wp:attachment":[{"href":"https:\/\/holaspain.agency\/sv\/wp-json\/wp\/v2\/media?parent=1206"}],"wp:term":[{"taxonomy":"category","embeddable":true,"href":"https:\/\/holaspain.agency\/sv\/wp-json\/wp\/v2\/categories?post=1206"},{"taxonomy":"post_tag","embeddable":true,"href":"https:\/\/holaspain.agency\/sv\/wp-json\/wp\/v2\/tags?post=1206"}],"curies":[{"name":"wp","href":"https:\/\/api.w.org\/{rel}","templated":true}]}}