{"id":12,"date":"2016-09-05T19:52:33","date_gmt":"2016-09-05T19:52:33","guid":{"rendered":"http:\/\/demos.famethemes.com\/screenr-plus\/?page_id=12"},"modified":"2025-11-06T09:59:08","modified_gmt":"2025-11-06T09:59:08","slug":"lar-dig-spanska-pa-riktigt","status":"publish","type":"page","link":"https:\/\/holaspain.agency\/sv\/learn-spanish-the-real-way\/","title":{"rendered":"L\u00e4r dig spanska p\u00e5 det riktiga s\u00e4ttet"},"content":{"rendered":"<div class=\"wpb-content-wrapper\"><div class=\"vc_row wpb_row vc_row-fluid\"><div class=\"wpb_column vc_column_container vc_col-sm-12\"><div class=\"vc_column-inner\"><div class=\"wpb_wrapper\">\n\t<div class=\"wpb_text_column wpb_content_element\" >\n\t\t<div class=\"wpb_wrapper\">\n\t\t\t<h1 style=\"text-align: justify;\">L\u00e4r dig spanska p\u00e5 det riktiga s\u00e4ttet<\/h1>\n<p style=\"text-align: justify;\">F\u00f6rdjupa dig i det spanska livet - \u00f6va varje dag, lev kulturen och f\u00e5 verkligt flytande kunskaper ut\u00f6ver klassrummet. V\u00e5ra program fokuserar p\u00e5 <strong>praktisk spr\u00e5kanv\u00e4ndning<\/strong>, och hj\u00e4lper dig att kommunicera med sj\u00e4lvf\u00f6rtroende i vardagliga situationer samtidigt som du upplever den autentiska spanska livsstilen.<\/p>\n<h2 style=\"text-align: justify;\">Daglig f\u00f6rdjupning f\u00f6r snabba framsteg<\/h2>\n<p style=\"text-align: justify;\">Fr\u00e5n morgonlektioner till kulturella aktiviteter p\u00e5 eftermiddagen - varje \u00f6gonblick i Spanien \u00e4r ett tillf\u00e4lle att \u00f6va p\u00e5 din spanska. Att dagligen tala med inf\u00f6dda talare p\u00e5skyndar din inl\u00e4rning och bygger upp ditt sj\u00e4lvf\u00f6rtroende snabbare \u00e4n traditionella kurser i klassrum.<\/p>\n<h2 style=\"text-align: justify;\">Upplev kulturen<\/h2>\n<p style=\"text-align: justify;\">Utforska spanska traditioner, mat, festivaler och det lokala livet. V\u00e5ra program integrerar kulturella upplevelser med spr\u00e5kinl\u00e4rning, vilket s\u00e4kerst\u00e4ller att du inte bara talar spanska utan ocks\u00e5 f\u00f6rst\u00e5r landets sammanhang och seder.<\/p>\n<h2 style=\"text-align: justify;\">Praktiskt fl\u00f6de utanf\u00f6r klassrummet<\/h2>\n<p style=\"text-align: justify;\">V\u00e5rt m\u00e5l \u00e4r att du ska <strong>anv\u00e4nda spanska i verkliga situationer<\/strong> - fr\u00e5n att best\u00e4lla p\u00e5 ett caf\u00e9 till att navigera p\u00e5 lokala marknader eller samtala med v\u00e4nner. Detta praktiska tillv\u00e4gag\u00e5ngss\u00e4tt s\u00e4kerst\u00e4ller varaktiga spr\u00e5kkunskaper som g\u00e5r l\u00e5ngt ut\u00f6ver tentor eller l\u00e4rob\u00f6cker.<\/p>\n<p style=\"text-align: justify;\"><strong>B\u00f6rja din uppslukande spanska resa idag och l\u00e4r dig verkligen spr\u00e5ket p\u00e5 det riktiga s\u00e4ttet!<\/strong><\/p>\n\n\t\t<\/div>\n\t<\/div>\n<section class=\"vc_cta3-container\"><div class=\"vc_general vc_do_cta3 vc_cta3 vc_cta3-style-outline vc_cta3-shape-rounded vc_cta3-align-left vc_cta3-color-classic vc_cta3-icon-size-md vc_cta3-icons-left vc_cta3-actions-right\"><div class=\"vc_cta3-icons\"><div class=\"vc_icon_element vc_icon_element-outer vc_do_icon vc_icon_element-align-left\"><div class=\"vc_icon_element-inner vc_icon_element-color-turquoise vc_icon_element-size-md vc_icon_element-style- vc_icon_element-background-color-grey\" ><span class=\"vc_icon_element-icon fa fa-solid fa-arrow-right-from-bracket\" ><\/span><\/div><\/div><\/div><div class=\"vc_cta3_content-container\"><div class=\"vc_cta3-content\"><header class=\"vc_cta3-content-header\"><h2>B\u00f6rja ditt spanska \u00e4ventyr idag!<\/h2><\/header><p>Har du fr\u00e5gor eller vill du hitta den perfekta spanskakursen? Kontakta HolaSpain idag och l\u00e5t oss hj\u00e4lpa dig att planera din inl\u00e4rningsupplevelse i Spanien.<\/p>\n<\/div><div class=\"vc_cta3-actions\"><div class=\"vc_btn3-container vc_btn3-inline vc_do_btn\" ><a class=\"vc_general vc_btn3 vc_btn3-size-md vc_btn3-shape-rounded vc_btn3-style-modern vc_btn3-color-info\" href=\"https:\/\/holaspain.agency\/sv\/#contact\" title=\"\">N\u00e5 ut idag<\/a><\/div><\/div><\/div><\/div><\/section><\/div><\/div><\/div><\/div>\n<\/div>","protected":false},"excerpt":{"rendered":"<p>F\u00f6rdjupa dig i det spanska livet - \u00f6va varje dag, lev kulturen och f\u00e5 verkligt flytande kunskaper utanf\u00f6r klassrummet.<\/p>","protected":false},"author":1,"featured_media":1405,"parent":0,"menu_order":0,"comment_status":"closed","ping_status":"closed","template":"","meta":{"_seopress_robots_primary_cat":"","_seopress_titles_title":"","_seopress_titles_desc":"","_seopress_robots_index":"yes","_daextam_enable_autolinks":"","footnotes":""},"categories":[],"tags":[],"class_list":["post-12","page","type-page","status-publish","has-post-thumbnail","hentry"],"_links":{"self":[{"href":"https:\/\/holaspain.agency\/sv\/wp-json\/wp\/v2\/pages\/12","targetHints":{"allow":["GET"]}}],"collection":[{"href":"https:\/\/holaspain.agency\/sv\/wp-json\/wp\/v2\/pages"}],"about":[{"href":"https:\/\/holaspain.agency\/sv\/wp-json\/wp\/v2\/types\/page"}],"author":[{"embeddable":true,"href":"https:\/\/holaspain.agency\/sv\/wp-json\/wp\/v2\/users\/1"}],"replies":[{"embeddable":true,"href":"https:\/\/holaspain.agency\/sv\/wp-json\/wp\/v2\/comments?post=12"}],"version-history":[{"count":7,"href":"https:\/\/holaspain.agency\/sv\/wp-json\/wp\/v2\/pages\/12\/revisions"}],"predecessor-version":[{"id":2027,"href":"https:\/\/holaspain.agency\/sv\/wp-json\/wp\/v2\/pages\/12\/revisions\/2027"}],"wp:featuredmedia":[{"embeddable":true,"href":"https:\/\/holaspain.agency\/sv\/wp-json\/wp\/v2\/media\/1405"}],"wp:attachment":[{"href":"https:\/\/holaspain.agency\/sv\/wp-json\/wp\/v2\/media?parent=12"}],"wp:term":[{"taxonomy":"category","embeddable":true,"href":"https:\/\/holaspain.agency\/sv\/wp-json\/wp\/v2\/categories?post=12"},{"taxonomy":"post_tag","embeddable":true,"href":"https:\/\/holaspain.agency\/sv\/wp-json\/wp\/v2\/tags?post=12"}],"curies":[{"name":"wp","href":"https:\/\/api.w.org\/{rel}","templated":true}]}}