{"id":2544,"date":"2026-02-12T16:11:46","date_gmt":"2026-02-12T16:11:46","guid":{"rendered":"https:\/\/holaspain.agency\/?page_id=2544"},"modified":"2026-02-12T16:27:40","modified_gmt":"2026-02-12T16:27:40","slug":"procedimento-de-reclamacoes","status":"publish","type":"page","link":"https:\/\/holaspain.agency\/pt\/complaints-procedure\/","title":{"rendered":"Procedimento de reclama\u00e7\u00f5es"},"content":{"rendered":"<div class=\"wpb-content-wrapper\"><div class=\"vc_row wpb_row vc_row-fluid\"><div class=\"wpb_column vc_column_container vc_col-sm-12\"><div class=\"vc_column-inner\"><div class=\"wpb_wrapper\">\n\t<div class=\"wpb_text_column wpb_content_element\" >\n\t\t<div class=\"wpb_wrapper\">\n\t\t\t<h1>Procedimento de reclama\u00e7\u00f5es<\/h1>\n<p><strong>HolaSpain<\/strong><\/p>\n<p><strong>\u00daltima atualiza\u00e7\u00e3o:<\/strong> <strong>12 de fevereiro de 2026.<\/strong><\/p>\n<h2>1. Nosso compromisso<\/h2>\n<p>A HolaSpain tem o compromisso de oferecer servi\u00e7os de alta qualidade em termos de coloca\u00e7\u00e3o educacional, intermedia\u00e7\u00e3o de seguros, coordena\u00e7\u00e3o de grupos e suporte a programas relacionados. Se voc\u00ea n\u00e3o estiver satisfeito com qualquer aspecto de nossos servi\u00e7os, levamos as reclama\u00e7\u00f5es a s\u00e9rio e procuramos resolv\u00ea-las de forma justa, transparente e dentro de um prazo razo\u00e1vel.<\/p>\n<h2>2. Defini\u00e7\u00e3o de uma reclama\u00e7\u00e3o<\/h2>\n<p>Uma reclama\u00e7\u00e3o \u00e9 qualquer express\u00e3o de insatisfa\u00e7\u00e3o, feita verbalmente ou por escrito, com rela\u00e7\u00e3o aos nossos servi\u00e7os, processos administrativos, suporte ao cliente, atividades de intermedia\u00e7\u00e3o de seguros ou padr\u00f5es de comunica\u00e7\u00e3o.<\/p>\n<h2>3. Como enviar uma reclama\u00e7\u00e3o<\/h2>\n<p>De prefer\u00eancia, as reclama\u00e7\u00f5es devem ser enviadas por escrito para permitir uma an\u00e1lise e documenta\u00e7\u00e3o precisas. Envie sua reclama\u00e7\u00e3o para: <strong>info@holaspain.agency<\/strong>. Sua reclama\u00e7\u00e3o deve incluir seu nome completo, refer\u00eancia da reserva (se aplic\u00e1vel), uma descri\u00e7\u00e3o clara do problema e qualquer documenta\u00e7\u00e3o de apoio que possa ajudar em nossa an\u00e1lise.<\/p>\n<h2>4. Agradecimentos<\/h2>\n<p>Nosso objetivo \u00e9 acusar o recebimento de sua reclama\u00e7\u00e3o em at\u00e9 cinco (5) dias \u00fateis. A confirma\u00e7\u00e3o confirmar\u00e1 que sua reclama\u00e7\u00e3o est\u00e1 sendo analisada e poder\u00e1 solicitar mais informa\u00e7\u00f5es, se necess\u00e1rio.<\/p>\n<h2>5. Processo de investiga\u00e7\u00e3o<\/h2>\n<p>Cada reclama\u00e7\u00e3o \u00e9 analisada imparcialmente por um membro apropriado da equipe que n\u00e3o esteve diretamente envolvido no assunto, sempre que poss\u00edvel. Podemos entrar em contato com o cliente para obter esclarecimentos ou documenta\u00e7\u00e3o adicional. Nosso objetivo \u00e9 garantir que todos os fatos relevantes sejam considerados antes de chegarmos a uma conclus\u00e3o.<\/p>\n<h2>6. Prazo de resposta<\/h2>\n<p>Nosso objetivo \u00e9 fornecer uma resposta por escrito em at\u00e9 20 (vinte) dias \u00fateis ap\u00f3s o recebimento de sua reclama\u00e7\u00e3o. Se o assunto exigir mais tempo de investiga\u00e7\u00e3o, n\u00f3s o notificaremos sobre o motivo do atraso e forneceremos um cronograma atualizado.<\/p>\n<h2>7. Reclama\u00e7\u00f5es relacionadas a seguros<\/h2>\n<p>Se sua reclama\u00e7\u00e3o estiver relacionada especificamente a uma ap\u00f3lice de seguro contratada por meio da HolaSpain, nossa an\u00e1lise se limitar\u00e1 \u00e0 nossa fun\u00e7\u00e3o de intermedi\u00e1rio. As decis\u00f5es sobre sinistros, determina\u00e7\u00f5es de cobertura e interpreta\u00e7\u00f5es de ap\u00f3lices permanecem sob a responsabilidade exclusiva da seguradora. Quando apropriado, n\u00f3s o ajudaremos a entrar em contato com a seguradora ou o direcionaremos ao procedimento formal de reclama\u00e7\u00f5es.<\/p>\n<h2>8. Escalonamento<\/h2>\n<p>Se continuar insatisfeito ap\u00f3s receber nossa resposta final, voc\u00ea poder\u00e1 ter o direito de encaminhar sua reclama\u00e7\u00e3o \u00e0 autoridade independente apropriada na Irlanda.<\/p>\n<h3>Reclama\u00e7\u00f5es sobre servi\u00e7os financeiros e seguros<\/h3>\n<p>As reclama\u00e7\u00f5es eleg\u00edveis relacionadas \u00e0 intermedia\u00e7\u00e3o de seguros podem ser encaminhadas ao Financial Services and Pensions Ombudsman (FSPO), Lincoln House, Lincoln Place, Dublin 2, D02 VH29, Irlanda. Site: www.fspo.ie. O FSPO \u00e9 um \u00f3rg\u00e3o estatut\u00e1rio independente que investiga reclama\u00e7\u00f5es contra provedores de servi\u00e7os financeiros que operam na Irlanda.<\/p>\n<h3>Reclama\u00e7\u00f5es sobre prote\u00e7\u00e3o de dados<\/h3>\n<p>Se a sua reclama\u00e7\u00e3o for referente ao processamento de dados pessoais, entre em contato com a Comiss\u00e3o de Prote\u00e7\u00e3o de Dados (Irlanda) pelo e-mail www.dataprotection.ie.<\/p>\n<h2>9. Fornecedores terceirizados<\/h2>\n<p>Quando uma reclama\u00e7\u00e3o estiver relacionada principalmente a servi\u00e7os prestados diretamente por uma institui\u00e7\u00e3o educacional, provedor de hospedagem, clube esportivo, operador de transporte ou seguradora, a HolaSpain poder\u00e1 encaminh\u00e1-lo ao processo formal de reclama\u00e7\u00f5es do provedor relevante. Como intermedi\u00e1rio, nossa capacidade de alterar decis\u00f5es de terceiros pode ser limitada.<\/p>\n<h2>10. Sem retalia\u00e7\u00e3o<\/h2>\n<p>O envio de uma reclama\u00e7\u00e3o n\u00e3o afetar\u00e1 seus direitos legais ou sua capacidade de acessar os servi\u00e7os fornecidos pelo HolaSpain no futuro.<\/p>\n<h2>11. Manuten\u00e7\u00e3o de registros<\/h2>\n<p>Todas as reclama\u00e7\u00f5es s\u00e3o registradas e mantidas de acordo com os requisitos regulamentares irlandeses e a legisla\u00e7\u00e3o de prote\u00e7\u00e3o de dados aplic\u00e1vel.<\/p>\n<h2>12. Legisla\u00e7\u00e3o aplic\u00e1vel<\/h2>\n<p>Este Procedimento de Reclama\u00e7\u00f5es \u00e9 regido pelas leis da Irlanda, e quaisquer disputas estar\u00e3o sujeitas \u00e0 jurisdi\u00e7\u00e3o exclusiva dos tribunais irlandeses.<\/p>\n\n\t\t<\/div>\n\t<\/div>\n<\/div><\/div><\/div><\/div>\n<\/div>","protected":false},"excerpt":{"rendered":"Complaints Procedure HolaSpain Last Updated: February 12th, 2026. 1. Our Commitment HolaSpain is committed to providing high-quality services across educational placement, insurance intermediation, group coordination, and related programme support. If you are dissatisfied with any aspect of our services, we take complaints seriously and aim to resolve them fairly, transparently,...","protected":false},"author":1,"featured_media":0,"parent":0,"menu_order":0,"comment_status":"closed","ping_status":"closed","template":"","meta":{"_seopress_robots_primary_cat":"","_seopress_titles_title":"","_seopress_titles_desc":"","_seopress_robots_index":"","_daextam_enable_autolinks":"1","footnotes":""},"categories":[75],"tags":[],"class_list":["post-2544","page","type-page","status-publish","hentry","category-legal"],"_links":{"self":[{"href":"https:\/\/holaspain.agency\/pt\/wp-json\/wp\/v2\/pages\/2544","targetHints":{"allow":["GET"]}}],"collection":[{"href":"https:\/\/holaspain.agency\/pt\/wp-json\/wp\/v2\/pages"}],"about":[{"href":"https:\/\/holaspain.agency\/pt\/wp-json\/wp\/v2\/types\/page"}],"author":[{"embeddable":true,"href":"https:\/\/holaspain.agency\/pt\/wp-json\/wp\/v2\/users\/1"}],"replies":[{"embeddable":true,"href":"https:\/\/holaspain.agency\/pt\/wp-json\/wp\/v2\/comments?post=2544"}],"version-history":[{"count":4,"href":"https:\/\/holaspain.agency\/pt\/wp-json\/wp\/v2\/pages\/2544\/revisions"}],"predecessor-version":[{"id":2570,"href":"https:\/\/holaspain.agency\/pt\/wp-json\/wp\/v2\/pages\/2544\/revisions\/2570"}],"wp:attachment":[{"href":"https:\/\/holaspain.agency\/pt\/wp-json\/wp\/v2\/media?parent=2544"}],"wp:term":[{"taxonomy":"category","embeddable":true,"href":"https:\/\/holaspain.agency\/pt\/wp-json\/wp\/v2\/categories?post=2544"},{"taxonomy":"post_tag","embeddable":true,"href":"https:\/\/holaspain.agency\/pt\/wp-json\/wp\/v2\/tags?post=2544"}],"curies":[{"name":"wp","href":"https:\/\/api.w.org\/{rel}","templated":true}]}}