{"id":2524,"date":"2026-02-12T15:59:34","date_gmt":"2026-02-12T15:59:34","guid":{"rendered":"https:\/\/holaspain.agency\/?page_id=2524"},"modified":"2026-02-12T16:02:06","modified_gmt":"2026-02-12T16:02:06","slug":"custos-adicionais-visto-de-estudante-para-a-espanha","status":"publish","type":"page","link":"https:\/\/holaspain.agency\/pt\/additional-costs-student-visa-for-spain\/","title":{"rendered":"Custos adicionais Visto de estudante para a Espanha"},"content":{"rendered":"<div class=\"wpb-content-wrapper\"><div class=\"vc_row wpb_row vc_row-fluid\"><div class=\"wpb_column vc_column_container vc_col-sm-12\"><div class=\"vc_column-inner\"><div class=\"wpb_wrapper\">\n\t<div class=\"wpb_text_column wpb_content_element\" >\n\t\t<div class=\"wpb_wrapper\">\n\t\t\t<h1>Custos adicionais para a obten\u00e7\u00e3o de um visto de estudante para a Espanha<\/h1>\n<blockquote><p>\nEstudar na Espanha \u00e9 uma experi\u00eancia que muda sua vida. Se voc\u00ea n\u00e3o for cidad\u00e3o da Uni\u00e3o Europeia e pretende ficar mais de 90 dias, precisar\u00e1 solicitar um visto de estudante. Al\u00e9m das taxas de matr\u00edcula do curso, h\u00e1 custos e procedimentos obrigat\u00f3rios adicionais que devem ser cuidadosamente planejados.\n<\/p><\/blockquote>\n<p>Se voc\u00ea pretende se matricular em um curso de longa dura\u00e7\u00e3o na Espanha (mais de 90 dias), deve solicitar um <strong>Visto de estudante (tipo D)<\/strong> no Consulado ou na Embaixada da Espanha em seu pa\u00eds de resid\u00eancia.<\/p>\n<p>Abaixo, voc\u00ea encontrar\u00e1 um detalhamento claro dos <strong>principais custos adicionais<\/strong> que voc\u00ea deve considerar, al\u00e9m das taxas do curso.<\/p>\n<h2>1. Taxa de solicita\u00e7\u00e3o de visto<\/h2>\n<p>A taxa do visto \u00e9 paga diretamente no Consulado da Espanha ao enviar sua solicita\u00e7\u00e3o.<\/p>\n<ul>\n<li>O valor varia de acordo com sua nacionalidade.<\/li>\n<li>A taxa n\u00e3o \u00e9 reembols\u00e1vel, mesmo que o visto seja recusado.<\/li>\n<\/ul>\n<p><strong>Custo estimado:<\/strong> entre \u20ac60 e \u20ac160 (ou equivalente em moeda local).<\/p>\n<h2>2. Seguro de sa\u00fade obrigat\u00f3rio<\/h2>\n<p>O seguro-sa\u00fade \u00e9 um requisito obrigat\u00f3rio para a aprova\u00e7\u00e3o do visto de estudante.<\/p>\n<p>A ap\u00f3lice deve atender \u00e0s seguintes condi\u00e7\u00f5es:<\/p>\n<ul>\n<li>V\u00e1lido em toda a Espanha<\/li>\n<li>Sem co-pagamentos<\/li>\n<li>V\u00e1lido para toda a dura\u00e7\u00e3o de sua estadia<\/li>\n<li>Cobertura equivalente ao sistema de sa\u00fade p\u00fablico espanhol<\/li>\n<li>Cobertura m\u00e9dica abrangente (geralmente at\u00e9 \u20ac 10.000.000)<\/li>\n<\/ul>\n<p><strong>Custo estimado:<\/strong><\/p>\n<ul>\n<li>6 meses: \u20ac250 - \u20ac450<\/li>\n<li>12 meses: \u20ac 400 - \u20ac 700<\/li>\n<\/ul>\n<p>O pre\u00e7o depende de sua idade e da seguradora.<\/p>\n<h2>3. Prova de recursos financeiros<\/h2>\n<p>Voc\u00ea deve demonstrar que tem fundos suficientes para se sustentar durante sua estadia na Espanha.<\/p>\n<p>A refer\u00eancia padr\u00e3o \u00e9 100% do IPREM da Espanha por m\u00eas (aproximadamente \u20ac 600 - \u20ac 700 por m\u00eas).<\/p>\n<p><strong>Exemplo (estimado):<\/strong><\/p>\n<ul>\n<li>6 meses \u2192 aproximadamente \u20ac 3.600 - \u20ac 4.200<\/li>\n<li>12 meses \u2192 aproximadamente \u20ac 7.200 - \u20ac 8.400<\/li>\n<\/ul>\n<p>Esse n\u00e3o \u00e9 um pagamento ao governo, mas voc\u00ea deve fornecer extratos banc\u00e1rios oficiais ou documenta\u00e7\u00e3o financeira como prova.<\/p>\n<h2>4. Atestado m\u00e9dico<\/h2>\n<p>Voc\u00ea deve fornecer um atestado m\u00e9dico confirmando que n\u00e3o sofre de nenhuma doen\u00e7a que possa ter implica\u00e7\u00f5es graves para a sa\u00fade p\u00fablica.<\/p>\n<p><strong>Custo estimado:<\/strong> De \u20ac 30 a \u20ac 100, dependendo de seu pa\u00eds.<\/p>\n<h2>5. Certificado de registro criminal<\/h2>\n<p>Necess\u00e1rio para estadias superiores a 6 meses.<\/p>\n<p>Esse documento pode precisar ser legalizado ou apostilado.<\/p>\n<p><strong>Custo estimado:<\/strong> De \u20ac 10 a \u20ac 50 (dependendo de seu pa\u00eds).<\/p>\n<h2>6. Tradu\u00e7\u00f5es oficiais e apostilas<\/h2>\n<p>Muitos documentos devem ser:<\/p>\n<ul>\n<li>Traduzido para o espanhol<\/li>\n<li>Preenchido por um tradutor juramentado (certificado)<\/li>\n<li>Apostilado ou legalizado, se necess\u00e1rio<\/li>\n<\/ul>\n<p><strong>Custo estimado:<\/strong><\/p>\n<ul>\n<li>Tradu\u00e7\u00e3o juramentada: \u20ac 30 - \u20ac 60 por p\u00e1gina<\/li>\n<li>Apostila\/legaliza\u00e7\u00e3o: varia de acordo com o pa\u00eds<\/li>\n<\/ul>\n<h2>7. TIE (Carteira de Identidade de Estrangeiro)<\/h2>\n<p>Se a sua estadia for superior a 6 meses, voc\u00ea dever\u00e1 solicitar a TIE (Tarjeta de Identidad de Extranjero) dentro de 30 dias ap\u00f3s a chegada \u00e0 Espanha.<\/p>\n<p><strong>Custo estimado:<\/strong> aproximadamente \u20ac 16 - \u20ac 22.<\/p>\n<h2>Custos adicionais totais estimados<\/h2>\n<table>\n<tbody>\n<tr>\n<th>Item<\/th>\n<th>Custo estimado<\/th>\n<\/tr>\n<tr>\n<td>Taxa de solicita\u00e7\u00e3o de visto<\/td>\n<td>\u20ac60 - \u20ac160<\/td>\n<\/tr>\n<tr>\n<td>Seguro de sa\u00fade<\/td>\n<td>\u20ac250 - \u20ac700<\/td>\n<\/tr>\n<tr>\n<td>Atestado m\u00e9dico<\/td>\n<td>\u20ac30 - \u20ac100<\/td>\n<\/tr>\n<tr>\n<td>Certificado de Registro Criminal<\/td>\n<td>\u20ac10 - \u20ac50<\/td>\n<\/tr>\n<tr>\n<td>Tradu\u00e7\u00f5es e Apostilas<\/td>\n<td>\u20ac100 - \u20ac300<\/td>\n<\/tr>\n<tr>\n<td>TIE na Espanha<\/td>\n<td>\u20ac16 - \u20ac22<\/td>\n<\/tr>\n<tr>\n<td><strong>Total adicional estimado<\/strong><\/td>\n<td><strong>Aproximadamente \u20ac 470 - \u20ac 1.300<\/strong><\/td>\n<\/tr>\n<\/tbody>\n<\/table>\n<p><em>Esse total n\u00e3o inclui taxas de ensino nem acomoda\u00e7\u00e3o.<\/em><\/p>\n<h2>Observa\u00e7\u00f5es importantes<\/h2>\n<ul>\n<li>Os requisitos podem variar de acordo com sua nacionalidade.<\/li>\n<li>Cada consulado espanhol pode solicitar documenta\u00e7\u00e3o adicional.<\/li>\n<li>Sempre verifique os requisitos mais recentes no site oficial do Consulado da Espanha em seu pa\u00eds.<\/li>\n<\/ul>\n<p>Planejar esses custos adicionais com anteced\u00eancia o ajudar\u00e1 a evitar atrasos e a preparar uma solicita\u00e7\u00e3o de visto s\u00f3lida e completa.<\/p>\n<blockquote><p>\nA solicita\u00e7\u00e3o de um visto de estudante \u00e9 o primeiro passo oficial para iniciar sua jornada acad\u00eamica na Espanha. Estar totalmente informado sobre os procedimentos e custos necess\u00e1rios permitir\u00e1 que voc\u00ea siga em frente com clareza e confian\u00e7a.\n<\/p><\/blockquote>\n\n\t\t<\/div>\n\t<\/div>\n<\/div><\/div><\/div><\/div>\n<\/div>","protected":false},"excerpt":{"rendered":"<p>Descubra os custos adicionais para obter um visto de estudante espanhol. Seguro de sa\u00fade, taxas de visto, cart\u00e3o TIE, requisitos financeiros e documentos necess\u00e1rios explicados passo a passo.<\/p>","protected":false},"author":1,"featured_media":1762,"parent":0,"menu_order":0,"comment_status":"closed","ping_status":"closed","template":"","meta":{"_seopress_robots_primary_cat":"","_seopress_titles_title":"%%sitetitle%% %%sep%% %%post_title%%","_seopress_titles_desc":"Discover the additional costs for obtaining a Spanish Student Visa. Health insurance, visa fees, TIE card, financial requirements and required documents explained step by step.","_seopress_robots_index":"","_daextam_enable_autolinks":"1","footnotes":""},"categories":[73],"tags":[],"class_list":["post-2524","page","type-page","status-publish","has-post-thumbnail","hentry","category-visa"],"_links":{"self":[{"href":"https:\/\/holaspain.agency\/pt\/wp-json\/wp\/v2\/pages\/2524","targetHints":{"allow":["GET"]}}],"collection":[{"href":"https:\/\/holaspain.agency\/pt\/wp-json\/wp\/v2\/pages"}],"about":[{"href":"https:\/\/holaspain.agency\/pt\/wp-json\/wp\/v2\/types\/page"}],"author":[{"embeddable":true,"href":"https:\/\/holaspain.agency\/pt\/wp-json\/wp\/v2\/users\/1"}],"replies":[{"embeddable":true,"href":"https:\/\/holaspain.agency\/pt\/wp-json\/wp\/v2\/comments?post=2524"}],"version-history":[{"count":2,"href":"https:\/\/holaspain.agency\/pt\/wp-json\/wp\/v2\/pages\/2524\/revisions"}],"predecessor-version":[{"id":2528,"href":"https:\/\/holaspain.agency\/pt\/wp-json\/wp\/v2\/pages\/2524\/revisions\/2528"}],"wp:featuredmedia":[{"embeddable":true,"href":"https:\/\/holaspain.agency\/pt\/wp-json\/wp\/v2\/media\/1762"}],"wp:attachment":[{"href":"https:\/\/holaspain.agency\/pt\/wp-json\/wp\/v2\/media?parent=2524"}],"wp:term":[{"taxonomy":"category","embeddable":true,"href":"https:\/\/holaspain.agency\/pt\/wp-json\/wp\/v2\/categories?post=2524"},{"taxonomy":"post_tag","embeddable":true,"href":"https:\/\/holaspain.agency\/pt\/wp-json\/wp\/v2\/tags?post=2524"}],"curies":[{"name":"wp","href":"https:\/\/api.w.org\/{rel}","templated":true}]}}