{"id":2393,"date":"2026-01-13T18:13:04","date_gmt":"2026-01-13T18:13:04","guid":{"rendered":"https:\/\/holaspain.agency\/?page_id=2393"},"modified":"2026-01-13T18:15:27","modified_gmt":"2026-01-13T18:15:27","slug":"faqs-sobre-cursos-de-espanhol-de-longa-duracao","status":"publish","type":"page","link":"https:\/\/holaspain.agency\/pt\/long-term-spanish-courses-faqs\/","title":{"rendered":"Perguntas frequentes sobre os cursos de espanhol de longa dura\u00e7\u00e3o"},"content":{"rendered":"<div class=\"wpb-content-wrapper\"><div class=\"vc_row wpb_row vc_row-fluid\"><div class=\"wpb_column vc_column_container vc_col-sm-12\"><div class=\"vc_column-inner\"><div class=\"wpb_wrapper\">\n\t<div class=\"wpb_text_column wpb_content_element\" >\n\t\t<div class=\"wpb_wrapper\">\n\t\t\t<h1 style=\"text-align: justify;\">Perguntas frequentes sobre visto de estudante espanhol e curso de longa dura\u00e7\u00e3o<\/h1>\n<p style=\"text-align: justify;\" data-start=\"307\" data-end=\"456\">Perguntas frequentes sobre cursos de espanhol de longa dura\u00e7\u00e3o na Espanha. Saiba mais sobre vistos de estudante, trabalho enquanto estuda, f\u00e9rias, renova\u00e7\u00f5es e como escolher a melhor cidade.<\/p>\n\n\t\t<\/div>\n\t<\/div>\n<div  class=\"vc_do_toggle vc_toggle vc_toggle_default vc_toggle_color_default  vc_toggle_size_md\"><div class=\"vc_toggle_title\"><h4>Por que escolher a Espanha para estudos de longo prazo?<\/h4><i class=\"vc_toggle_icon\"><\/i><\/div><div class=\"vc_toggle_content\"><p style=\"text-align: justify;\" data-start=\"317\" data-end=\"452\">A Espanha \u00e9 um dos pa\u00edses mais f\u00e1ceis e acess\u00edveis da Europa para adultos internacionais que desejam estudar, morar e trabalhar legalmente.<\/p>\n<\/div><\/div><div  class=\"vc_do_toggle vc_toggle vc_toggle_default vc_toggle_color_default  vc_toggle_size_md\"><div class=\"vc_toggle_title\"><h4>Preciso de um visto para estudar na Espanha?<\/h4><i class=\"vc_toggle_icon\"><\/i><\/div><div class=\"vc_toggle_content\"><p data-start=\"505\" data-end=\"609\">Sim. Se voc\u00ea for um cidad\u00e3o de fora da UE que ficar\u00e1 mais de 90 dias, \u00e9 necess\u00e1rio um visto de estudante espanhol antes da chegada.<\/p>\n<\/div><\/div><div  class=\"vc_do_toggle vc_toggle vc_toggle_default vc_toggle_color_default  vc_toggle_size_md\"><div class=\"vc_toggle_title\"><h4>Esses programas s\u00e3o v\u00e1lidos para solicita\u00e7\u00f5es de visto de estudante?<\/h4><i class=\"vc_toggle_icon\"><\/i><\/div><div class=\"vc_toggle_content\"><p data-start=\"684\" data-end=\"781\">Sim. Todos os programas de 6 e 12 meses listados s\u00e3o projetados para atender aos requisitos do visto de estudante espanhol.<\/p>\n<\/div><\/div><div  class=\"vc_do_toggle vc_toggle vc_toggle_default vc_toggle_color_default  vc_toggle_size_md\"><div class=\"vc_toggle_title\"><h4>Posso trabalhar na Espanha com um visto de estudante?<\/h4><i class=\"vc_toggle_icon\"><\/i><\/div><div class=\"vc_toggle_content\"><p data-start=\"839\" data-end=\"943\">Sim. Os portadores de visto de estudante podem trabalhar meio per\u00edodo, desde que o trabalho seja compat\u00edvel com o hor\u00e1rio do curso.<\/p>\n<\/div><\/div><div  class=\"vc_do_toggle vc_toggle vc_toggle_default vc_toggle_color_default  vc_toggle_size_md\"><div class=\"vc_toggle_title\"><h4>Quantas horas posso trabalhar enquanto estudo?<\/h4><i class=\"vc_toggle_icon\"><\/i><\/div><div class=\"vc_toggle_content\"><p data-start=\"1002\" data-end=\"1108\">Na maioria dos casos, at\u00e9 <strong data-start=\"1023\" data-end=\"1044\">30 horas por semana<\/strong>, Dependendo das normas vigentes e de seu contrato de trabalho.<\/p>\n<\/div><\/div><div  class=\"vc_do_toggle vc_toggle vc_toggle_default vc_toggle_color_default  vc_toggle_size_md\"><div class=\"vc_toggle_title\"><h4>Os cursos de espanhol de longa dura\u00e7\u00e3o incluem f\u00e9rias?<\/h4><i class=\"vc_toggle_icon\"><\/i><\/div><div class=\"vc_toggle_content\"><p data-start=\"1172\" data-end=\"1264\">Sim. Os programas de longo prazo incluem <strong data-start=\"1206\" data-end=\"1234\">per\u00edodos de feriados oficiais<\/strong> dentro do calend\u00e1rio acad\u00eamico.<\/p>\n<\/div><\/div><div  class=\"vc_do_toggle vc_toggle vc_toggle_default vc_toggle_color_default  vc_toggle_size_md\"><div class=\"vc_toggle_title\"><h4>As f\u00e9rias afetam meu visto ou status legal?<\/h4><i class=\"vc_toggle_icon\"><\/i><\/div><div class=\"vc_toggle_content\"><p data-start=\"1325\" data-end=\"1420\">N\u00e3o. As f\u00e9rias fazem parte da dura\u00e7\u00e3o do programa e <strong data-start=\"1377\" data-end=\"1419\">n\u00e3o cancelar ou afetar sua resid\u00eancia<\/strong>.<\/p>\n<\/div><\/div><div  class=\"vc_do_toggle vc_toggle vc_toggle_default vc_toggle_color_default  vc_toggle_size_md\"><div class=\"vc_toggle_title\"><h4>Posso viajar durante as f\u00e9rias?<\/h4><i class=\"vc_toggle_icon\"><\/i><\/div><div class=\"vc_toggle_content\"><p data-start=\"1471\" data-end=\"1574\">Sim. Voc\u00ea pode viajar durante os feriados oficiais, desde que respeite as condi\u00e7\u00f5es de seu visto e resid\u00eancia.<\/p>\n<\/div><\/div><div  class=\"vc_do_toggle vc_toggle vc_toggle_default vc_toggle_color_default  vc_toggle_size_md\"><div class=\"vc_toggle_title\"><h4>Qual \u00e9 o n\u00edvel de espanhol necess\u00e1rio para come\u00e7ar?<\/h4><i class=\"vc_toggle_icon\"><\/i><\/div><div class=\"vc_toggle_content\"><p data-start=\"1630\" data-end=\"1731\">N\u00e3o \u00e9 necess\u00e1rio ter conhecimento pr\u00e9vio de espanhol. Os cursos est\u00e3o dispon\u00edveis em <strong data-start=\"1690\" data-end=\"1730\">n\u00edveis de iniciante absoluto a avan\u00e7ado<\/strong>.<\/p>\n<\/div><\/div><div  class=\"vc_do_toggle vc_toggle vc_toggle_default vc_toggle_color_default  vc_toggle_size_md\"><div class=\"vc_toggle_title\"><h4>Existe um limite de idade para esses cursos?<\/h4><i class=\"vc_toggle_icon\"><\/i><\/div><div class=\"vc_toggle_content\"><p data-start=\"1789\" data-end=\"1863\">N\u00e3o. Esses programas s\u00e3o projetados para <strong data-start=\"1827\" data-end=\"1862\">estudantes adultos com 18 anos ou mais<\/strong>.<\/p>\n<\/div><\/div><div  class=\"vc_do_toggle vc_toggle vc_toggle_default vc_toggle_color_default  vc_toggle_size_md\"><div class=\"vc_toggle_title\"><h4>Qual \u00e9 a melhor cidade para op\u00e7\u00f5es econ\u00f4micas?<\/h4><i class=\"vc_toggle_icon\"><\/i><\/div><div class=\"vc_toggle_content\"><p data-start=\"1928\" data-end=\"2020\">Alicante offers the <strong data-start=\"1948\" data-end=\"1984\">pre\u00e7os de longo prazo mais acess\u00edveis<\/strong>, especialmente para programas de 20 horas.<\/p>\n<\/div><\/div><div  class=\"vc_do_toggle vc_toggle vc_toggle_default vc_toggle_color_default  vc_toggle_size_md\"><div class=\"vc_toggle_title\"><h4>Qual \u00e9 a melhor cidade para oportunidades de trabalho e estilo de vida?<\/h4><i class=\"vc_toggle_icon\"><\/i><\/div><div class=\"vc_toggle_content\"><p data-start=\"2094\" data-end=\"2192\">Valencia is a modern, international city with strong job opportunities and a high quality of life.<\/p>\n<\/div><\/div><div  class=\"vc_do_toggle vc_toggle vc_toggle_default vc_toggle_color_default  vc_toggle_size_md\"><div class=\"vc_toggle_title\"><h4>Qual \u00e9 a melhor cidade para imers\u00e3o cultural?<\/h4><i class=\"vc_toggle_icon\"><\/i><\/div><div class=\"vc_toggle_content\"><p data-start=\"2252\" data-end=\"2341\">Granada is a traditional university city, ideal for full language and cultural immersion.<\/p>\n<\/div><\/div><div  class=\"vc_do_toggle vc_toggle vc_toggle_default vc_toggle_color_default  vc_toggle_size_md\"><div class=\"vc_toggle_title\"><h4>Posso estender ou renovar minha estadia ap\u00f3s 12 meses?<\/h4><i class=\"vc_toggle_icon\"><\/i><\/div><div class=\"vc_toggle_content\"><p data-start=\"2405\" data-end=\"2515\">Em muitos casos, sim. Os vistos de estudante geralmente podem ser <strong data-start=\"2452\" data-end=\"2463\">renovado<\/strong> se voc\u00ea continuar estudando e cumprir os requisitos.<\/p>\n<\/div><\/div><div  class=\"vc_do_toggle vc_toggle vc_toggle_default vc_toggle_color_default  vc_toggle_size_md\"><div class=\"vc_toggle_title\"><h4>O HolaSpain ajuda com a hospedagem?<\/h4><i class=\"vc_toggle_icon\"><\/i><\/div><div class=\"vc_toggle_content\"><p data-start=\"2572\" data-end=\"2690\">Sim. Op\u00e7\u00f5es de acomoda\u00e7\u00e3o, como fam\u00edlias anfitri\u00e3s, resid\u00eancias estudantis e apartamentos particulares, est\u00e3o dispon\u00edveis mediante solicita\u00e7\u00e3o.<\/p>\n<\/div><\/div><div  class=\"vc_do_toggle vc_toggle vc_toggle_default vc_toggle_color_default  vc_toggle_size_md\"><div class=\"vc_toggle_title\"><h4>O HolaSpain ajuda no processo de obten\u00e7\u00e3o de visto?<\/h4><i class=\"vc_toggle_icon\"><\/i><\/div><div class=\"vc_toggle_content\"><p data-start=\"2752\" data-end=\"2888\">O HolaSpain fornece orienta\u00e7\u00e3o sobre a matr\u00edcula na escola e a documenta\u00e7\u00e3o necess\u00e1ria, ajudando voc\u00ea a se preparar corretamente antes de solicitar o visto.<\/p>\n<\/div><\/div><\/div><\/div><\/div><\/div>\n<\/div>","protected":false},"excerpt":{"rendered":"<p>Cursos de espanhol de longa dura\u00e7\u00e3o credenciados para adultos que desejam viver e estudar na Espanha por 6 a 12 meses, combinando aulas intensivas, imers\u00e3o cultural e suporte local e de visto completo.<\/p>","protected":false},"author":1,"featured_media":2394,"parent":0,"menu_order":0,"comment_status":"closed","ping_status":"closed","template":"","meta":{"_seopress_robots_primary_cat":"","_seopress_titles_title":"%%sitetitle%% %%sep%% %%post_title%%","_seopress_titles_desc":"Accredited long-term Spanish courses in Spain for adults. Visa-ready programmes with 20\u201325 hours weekly, full support, and top destinations.","_seopress_robots_index":"","_daextam_enable_autolinks":"1","footnotes":""},"categories":[62],"tags":[],"class_list":["post-2393","page","type-page","status-publish","has-post-thumbnail","hentry","category-courses"],"_links":{"self":[{"href":"https:\/\/holaspain.agency\/pt\/wp-json\/wp\/v2\/pages\/2393","targetHints":{"allow":["GET"]}}],"collection":[{"href":"https:\/\/holaspain.agency\/pt\/wp-json\/wp\/v2\/pages"}],"about":[{"href":"https:\/\/holaspain.agency\/pt\/wp-json\/wp\/v2\/types\/page"}],"author":[{"embeddable":true,"href":"https:\/\/holaspain.agency\/pt\/wp-json\/wp\/v2\/users\/1"}],"replies":[{"embeddable":true,"href":"https:\/\/holaspain.agency\/pt\/wp-json\/wp\/v2\/comments?post=2393"}],"version-history":[{"count":3,"href":"https:\/\/holaspain.agency\/pt\/wp-json\/wp\/v2\/pages\/2393\/revisions"}],"predecessor-version":[{"id":2397,"href":"https:\/\/holaspain.agency\/pt\/wp-json\/wp\/v2\/pages\/2393\/revisions\/2397"}],"wp:featuredmedia":[{"embeddable":true,"href":"https:\/\/holaspain.agency\/pt\/wp-json\/wp\/v2\/media\/2394"}],"wp:attachment":[{"href":"https:\/\/holaspain.agency\/pt\/wp-json\/wp\/v2\/media?parent=2393"}],"wp:term":[{"taxonomy":"category","embeddable":true,"href":"https:\/\/holaspain.agency\/pt\/wp-json\/wp\/v2\/categories?post=2393"},{"taxonomy":"post_tag","embeddable":true,"href":"https:\/\/holaspain.agency\/pt\/wp-json\/wp\/v2\/tags?post=2393"}],"curies":[{"name":"wp","href":"https:\/\/api.w.org\/{rel}","templated":true}]}}