{"id":2391,"date":"2026-01-13T18:05:04","date_gmt":"2026-01-13T18:05:04","guid":{"rendered":"https:\/\/holaspain.agency\/?page_id=2391"},"modified":"2026-04-09T08:01:26","modified_gmt":"2026-04-09T08:01:26","slug":"taxas-de-cursos-de-espanhol-de-longa-duracao","status":"publish","type":"page","link":"https:\/\/holaspain.agency\/pt\/long-term-spanish-courses-fees\/","title":{"rendered":"Pre\u00e7os dos cursos de espanhol de longa dura\u00e7\u00e3o"},"content":{"rendered":"<div class=\"wpb-content-wrapper\"><div class=\"vc_row wpb_row vc_row-fluid\"><div class=\"wpb_column vc_column_container vc_col-sm-12\"><div class=\"vc_column-inner\"><div class=\"wpb_wrapper\">\n\t<div class=\"wpb_text_column wpb_content_element\" >\n\t\t<div class=\"wpb_wrapper\">\n\t\t\t<h1 style=\"text-align: justify;\">Pre\u00e7os dos cursos de espanhol de longa dura\u00e7\u00e3o na Espanha (6 e 12 meses)<\/h1>\n<p style=\"text-align: justify;\"><em>V\u00e1lido para solicita\u00e7\u00f5es de visto de 2026 a 2027<\/em><\/p>\n<blockquote>\n<p style=\"text-align: justify;\">Compare long-term Spanish course prices by city (Valencia, Alicante, Salamanca, Madrid, Granada and Barcelona). All programmes below are suitable for students who need a Spanish study visa and include official holiday periods within the programme duration.<\/p>\n<\/blockquote>\n<h2 style=\"text-align: justify;\">Cursos de espanhol de longa dura\u00e7\u00e3o - Compara\u00e7\u00e3o de pre\u00e7os por cidade (20h\/semana)<\/h2>\n<table style=\"width: 100%; border-collapse: collapse; text-align: left; table-layout: fixed;\">\n<thead>\n<tr>\n<th style=\"border: 1px solid #ddd; padding: 10px; width: 20%;\">Cidade<\/th>\n<th style=\"border: 1px solid #ddd; padding: 10px; width: 15%;\">Horas \/ semana<\/th>\n<th style=\"border: 1px solid #ddd; padding: 10px; width: 20%;\">24 semanas<\/th>\n<th style=\"border: 1px solid #ddd; padding: 10px; width: 20%;\">48 semanas<\/th>\n<th style=\"border: 1px solid #ddd; padding: 10px; width: 25%;\">Melhor para<\/th>\n<\/tr>\n<\/thead>\n<tbody>\n<tr>\n<td style=\"border: 1px solid #ddd; padding: 10px;\"><strong>Val\u00eancia<\/strong><\/td>\n<td style=\"border: 1px solid #ddd; padding: 10px;\">20h<\/td>\n<td style=\"border: 1px solid #ddd; padding: 10px;\"><span style=\"text-decoration: line-through; color: #888;\">\u20ac2,040<\/span><br \/>\n<strong style=\"color: #ad1519; font-weight: bold;\"> -10% \u20ac 1,836<\/strong><\/td>\n<td style=\"border: 1px solid #ddd; padding: 10px;\"><span style=\"text-decoration: line-through; color: #888;\">\u20ac4,080<\/span><br \/>\n<strong style=\"color: #ad1519; font-weight: bold;\"> -15% \u20ac 3,468<\/strong><\/td>\n<td style=\"border: 1px solid #ddd; padding: 10px; word-wrap: break-word;\">Melhor valor geral para um visto de estudante (menor custo total)<\/td>\n<\/tr>\n<tr>\n<td style=\"border: 1px solid #ddd; padding: 10px;\"><strong>Alicante<\/strong><\/td>\n<td style=\"border: 1px solid #ddd; padding: 10px;\">20h<\/td>\n<td style=\"border: 1px solid #ddd; padding: 10px;\"><strong>\u20ac2,040<\/strong><\/td>\n<td style=\"border: 1px solid #ddd; padding: 10px;\"><strong>\u20ac3,600<\/strong><\/td>\n<td style=\"border: 1px solid #ddd; padding: 10px; word-wrap: break-word;\">Estilo de vida praiano + custo de vida mais baixo (\u00f3timo para estadias longas)<\/td>\n<\/tr>\n<tr>\n<td style=\"border: 1px solid #ddd; padding: 10px;\"><strong>Salamanca<\/strong><\/td>\n<td style=\"border: 1px solid #ddd; padding: 10px;\">20h<\/td>\n<td style=\"border: 1px solid #ddd; padding: 10px;\">\u20ac2,740<\/td>\n<td style=\"border: 1px solid #ddd; padding: 10px;\">\u20ac5,980<\/td>\n<td style=\"border: 1px solid #ddd; padding: 10px; word-wrap: break-word;\">Progresso r\u00e1pido no idioma (cidade estudantil cl\u00e1ssica)<\/td>\n<\/tr>\n<tr>\n<td style=\"border: 1px solid #ddd; padding: 10px;\"><strong>Madri<\/strong><\/td>\n<td style=\"border: 1px solid #ddd; padding: 10px;\">20h<\/td>\n<td style=\"border: 1px solid #ddd; padding: 10px;\">\u20ac3,130<\/td>\n<td style=\"border: 1px solid #ddd; padding: 10px;\">\u20ac6,970<\/td>\n<td style=\"border: 1px solid #ddd; padding: 10px; word-wrap: break-word;\">Oportunidades em cidades grandes + networking<\/td>\n<\/tr>\n<tr>\n<td style=\"border: 1px solid #ddd; padding: 10px;\"><strong>Granada<\/strong><\/td>\n<td style=\"border: 1px solid #ddd; padding: 10px;\">20h<\/td>\n<td style=\"border: 1px solid #ddd; padding: 10px;\">\u20ac3,140<\/td>\n<td style=\"border: 1px solid #ddd; padding: 10px;\">\u20ac6,220<\/td>\n<td style=\"border: 1px solid #ddd; padding: 10px; word-wrap: break-word;\">Cultura aut\u00eantica + estilo de vida acess\u00edvel<\/td>\n<\/tr>\n<tr>\n<td style=\"border: 1px solid #ddd; padding: 10px;\"><strong>Barcelona<\/strong><\/td>\n<td style=\"border: 1px solid #ddd; padding: 10px;\">20h<\/td>\n<td style=\"border: 1px solid #ddd; padding: 10px;\">\u20ac3,960<\/td>\n<td style=\"border: 1px solid #ddd; padding: 10px;\">\u20ac6,600<\/td>\n<td style=\"border: 1px solid #ddd; padding: 10px; word-wrap: break-word;\">Ambiente internacional + vibra\u00e7\u00e3o de carreira<\/td>\n<\/tr>\n<\/tbody>\n<\/table>\n<h3 style=\"text-align: justify;\"><strong>Desconto v\u00e1lido at\u00e9:<\/strong> 30\/04\/2026<br \/>\n<strong>Valencia promotion:<\/strong> <span style=\"text-decoration: line-through; color: #888;\">\u20ac2,040<\/span> <strong style=\"color: #ad1519;\">\u20ac1,836 (-10%)<\/strong> por 24 semanas <span style=\"text-decoration: line-through; color: #888;\">\u20ac4,080<\/span> <strong style=\"color: #ad1519;\">\u20ac3,468 (-15%)<\/strong> por 48 semanas<\/h3>\n<p style=\"text-align: justify;\"><strong>Detalhes da embalagem:<\/strong><br \/>\n24 semanas = 20 semanas de aulas + 4 semanas de f\u00e9rias<br \/>\n48 semanas = 40 semanas de aulas + 8 semanas de f\u00e9rias<\/p>\n<h2 style=\"text-align: justify;\">Por que Valencia \u00e9 a melhor escolha (desconto por tempo limitado)<\/h2>\n<p style=\"text-align: justify;\">Se sua principal prioridade \u00e9 obter o <strong>melhor pre\u00e7o para um curso com visto de estudante<\/strong> without compromising on the lifestyle, Valencia is currently the strongest option.<br \/>\nWith the limited-time promotion, Valencia becomes the <strong>programa de longo prazo de 20h\/semana de menor custo<\/strong> nesta lista - ideal para estudantes que desejam um formato confi\u00e1vel e favor\u00e1vel ao visto e uma cidade vibrante com acesso \u00e0 praia.<\/p>\n<ul style=\"text-align: justify;\">\n<li><strong>Menor custo total:<\/strong> Val\u00eancia \u00e9 atualmente a op\u00e7\u00e3o mais barata devido \u00e0 promo\u00e7\u00e3o (de <strong style=\"color: #ad1519;\">\u20ac1,836<\/strong> por 24 semanas).<\/li>\n<li><strong>Estrutura favor\u00e1vel ao visto:<\/strong> O programa inclui per\u00edodos de f\u00e9rias oficiais dentro da dura\u00e7\u00e3o total (importante para estadias longas).<\/li>\n<li><strong>Alta qualidade de vida:<\/strong> Cidade moderna, comunidade internacional e estilo de vida mediterr\u00e2neo.<\/li>\n<li><strong>Vantagem or\u00e7ament\u00e1ria al\u00e9m das mensalidades:<\/strong> Val\u00eancia geralmente oferece uma melhor rela\u00e7\u00e3o custo\/estilo de vida do que as cidades maiores.<\/li>\n<\/ul>\n<h2 style=\"text-align: justify;\">Como escolher sua cidade<\/h2>\n<p style=\"text-align: justify;\">Choosing the right city for a long-term Spanish course depends on your priorities: lifestyle, immersion, academic rhythm, and the type of experience you want during a 6\u201312 month stay. Here is a simple guide to help you decide.<\/p>\n<ul style=\"text-align: justify;\">\n<li><strong>Valencia (best overall balance):<\/strong> A strong mix of coastal lifestyle and a serious study routine. Academically, it\u2019s a great option for long-term students who want steady progress with a consistent weekly rhythm, while enjoying a modern Mediterranean city.<\/li>\n<li><strong>Alicante (coastal + relaxed long stays):<\/strong> Ideal if you want beach life and a calmer pace, while still keeping a visa-friendly study schedule. Great for students who prefer a smaller coastal city.<\/li>\n<li><strong>Salamanca (maximum immersion):<\/strong> One of the best choices if your priority is deep language immersion and fewer distractions. Classic student-city atmosphere that naturally supports faster progress.<\/li>\n<li><strong>Madrid (big-city opportunities):<\/strong> Best for students who want capital-city energy, culture, and networking. It\u2019s a great fit if you enjoy a fast-paced environment and can stay disciplined during a long programme.<\/li>\n<li><strong>Granada (authentic culture + affordability):<\/strong> Perfect for students who want a traditional Andalusian experience, a strong local vibe, and a student-friendly atmosphere that supports long stays.<\/li>\n<li><strong>Barcelona (international lifestyle):<\/strong> Best if you want a highly international city with a large expat community. A good fit for students who value global atmosphere alongside their Spanish studies.<\/li>\n<\/ul>\n<h3 style=\"text-align: justify;\">Apoio ao estudante e orienta\u00e7\u00e3o sobre vistos<\/h3>\n<p style=\"text-align: justify;\">O HolaSpain lhe d\u00e1 suporte durante todo o processo, incluindo a matr\u00edcula na escola e a documenta\u00e7\u00e3o normalmente exigida para os pedidos de visto, como <strong>carta de inscri\u00e7\u00e3o<\/strong> e <strong>confirma\u00e7\u00e3o de pagamento<\/strong>.<br \/>\nN\u00f3s o orientamos desde a primeira consulta at\u00e9 a sua chegada \u00e0 Espanha.<\/p>\n<blockquote>\n<p style=\"text-align: justify;\">Esses programas foram criados para alunos adultos com mais de 18 anos que desejam viver e estudar na Espanha por 6 a 12 meses. N\u00e3o \u00e9 necess\u00e1rio ter conhecimento pr\u00e9vio de espanhol.<\/p>\n<\/blockquote>\n\n\t\t<\/div>\n\t<\/div>\n<section class=\"vc_cta3-container\"><div class=\"vc_general vc_do_cta3 vc_cta3 vc_cta3-style-outline vc_cta3-shape-rounded vc_cta3-align-left vc_cta3-color-classic vc_cta3-icon-size-md vc_cta3-icons-left vc_cta3-actions-right\"><div class=\"vc_cta3-icons\"><div class=\"vc_icon_element vc_icon_element-outer vc_do_icon vc_icon_element-align-left\"><div class=\"vc_icon_element-inner vc_icon_element-color-turquoise vc_icon_element-size-md vc_icon_element-style- vc_icon_element-background-color-grey\" ><span class=\"vc_icon_element-icon fa fa-solid fa-arrow-right-from-bracket\" ><\/span><\/div><\/div><\/div><div class=\"vc_cta3_content-container\"><div class=\"vc_cta3-content\"><header class=\"vc_cta3-content-header\"><h2>Comece sua aventura espanhola hoje mesmo!<\/h2><\/header><p>Tem d\u00favidas ou deseja encontrar o curso de espanhol perfeito? Entre em contato com o HolaSpain hoje mesmo e deixe-nos ajud\u00e1-lo a planejar sua experi\u00eancia de aprendizado na Espanha.<\/p>\n<\/div><div class=\"vc_cta3-actions\"><div class=\"vc_btn3-container vc_btn3-inline vc_do_btn\" ><a class=\"vc_general vc_btn3 vc_btn3-size-md vc_btn3-shape-rounded vc_btn3-style-modern vc_btn3-color-info\" href=\"https:\/\/holaspain.agency\/pt\/#contact\" title=\"\">Entre em contato hoje mesmo<\/a><\/div><\/div><\/div><\/div><\/section><\/div><\/div><\/div><\/div>\n<\/div>","protected":false},"excerpt":{"rendered":"<p>Cursos de espanhol de longa dura\u00e7\u00e3o credenciados para adultos que desejam viver e estudar na Espanha por 6 a 12 meses, combinando aulas intensivas, imers\u00e3o cultural e suporte local e de visto completo.<\/p>","protected":false},"author":1,"featured_media":2389,"parent":0,"menu_order":0,"comment_status":"closed","ping_status":"closed","template":"","meta":{"_seopress_robots_primary_cat":"","_seopress_titles_title":"%%sitetitle%% %%sep%% %%post_title%%","_seopress_titles_desc":"","_seopress_robots_index":"","_daextam_enable_autolinks":"1","footnotes":""},"categories":[],"tags":[],"class_list":["post-2391","page","type-page","status-publish","has-post-thumbnail","hentry"],"_links":{"self":[{"href":"https:\/\/holaspain.agency\/pt\/wp-json\/wp\/v2\/pages\/2391","targetHints":{"allow":["GET"]}}],"collection":[{"href":"https:\/\/holaspain.agency\/pt\/wp-json\/wp\/v2\/pages"}],"about":[{"href":"https:\/\/holaspain.agency\/pt\/wp-json\/wp\/v2\/types\/page"}],"author":[{"embeddable":true,"href":"https:\/\/holaspain.agency\/pt\/wp-json\/wp\/v2\/users\/1"}],"replies":[{"embeddable":true,"href":"https:\/\/holaspain.agency\/pt\/wp-json\/wp\/v2\/comments?post=2391"}],"version-history":[{"count":20,"href":"https:\/\/holaspain.agency\/pt\/wp-json\/wp\/v2\/pages\/2391\/revisions"}],"predecessor-version":[{"id":2633,"href":"https:\/\/holaspain.agency\/pt\/wp-json\/wp\/v2\/pages\/2391\/revisions\/2633"}],"wp:featuredmedia":[{"embeddable":true,"href":"https:\/\/holaspain.agency\/pt\/wp-json\/wp\/v2\/media\/2389"}],"wp:attachment":[{"href":"https:\/\/holaspain.agency\/pt\/wp-json\/wp\/v2\/media?parent=2391"}],"wp:term":[{"taxonomy":"category","embeddable":true,"href":"https:\/\/holaspain.agency\/pt\/wp-json\/wp\/v2\/categories?post=2391"},{"taxonomy":"post_tag","embeddable":true,"href":"https:\/\/holaspain.agency\/pt\/wp-json\/wp\/v2\/tags?post=2391"}],"curies":[{"name":"wp","href":"https:\/\/api.w.org\/{rel}","templated":true}]}}