{"id":2310,"date":"2026-01-06T10:40:09","date_gmt":"2026-01-06T10:40:09","guid":{"rendered":"https:\/\/holaspain.agency\/?page_id=2310"},"modified":"2026-01-06T13:44:33","modified_gmt":"2026-01-06T13:44:33","slug":"agende-sua-chamada-com-video","status":"publish","type":"page","link":"https:\/\/holaspain.agency\/pt\/schedule-your-video-call\/","title":{"rendered":"Agende sua chamada com v\u00eddeo"},"content":{"rendered":"<div class=\"wpb-content-wrapper\"><div class=\"vc_row wpb_row vc_row-fluid\"><div class=\"wpb_column vc_column_container vc_col-sm-12\"><div class=\"vc_column-inner\"><div class=\"wpb_wrapper\">\n\t<div class=\"wpb_text_column wpb_content_element\" >\n\t\t<div class=\"wpb_wrapper\">\n\t\t\t<h2 style=\"text-align: justify;\" data-pm-slice=\"0 0 &#091;&#093;\">Vamos falar sobre seu plano para a Espanha<\/h2>\n<blockquote>\n<p style=\"text-align: justify;\" data-pm-slice=\"0 0 &#091;&#093;\">Est\u00e1 pensando em se mudar para a Espanha, estudar espanhol ou explorar oportunidades de trabalho na Espanha? A melhor maneira de obter respostas claras \u00e9 falar diretamente com nossa equipe.<\/p>\n<\/blockquote>\n<p style=\"text-align: justify;\">Agende uma chamada de v\u00eddeo gratuita com um consultor e conte-nos sobre suas metas. N\u00f3s o ajudaremos a entender suas op\u00e7\u00f5es, explicaremos o processo passo a passo e veremos como podemos apoi\u00e1-lo - sem compromisso.<\/p>\n<h3 style=\"text-align: justify;\">O que voc\u00ea receber\u00e1 na chamada:<\/h3>\n<ul>\n<li style=\"text-align: justify;\">Orienta\u00e7\u00e3o personalizada com base em sua situa\u00e7\u00e3o<\/li>\n<li style=\"text-align: justify;\">Respostas claras sobre vistos, estudos, trabalho ou realoca\u00e7\u00e3o<\/li>\n<li style=\"text-align: justify;\">Orienta\u00e7\u00e3o honesta sobre as pr\u00f3ximas etapas e cronogramas<\/li>\n<\/ul>\n<p style=\"text-align: justify;\">Escolha um hor\u00e1rio que seja conveniente para voc\u00ea e agende sua chamada de v\u00eddeo abaixo. Estamos ansiosos para conhec\u00ea-lo.<\/p>\n\n\t\t<\/div>\n\t<\/div>\n\n\t<div class=\"wpb_text_column wpb_content_element\" >\n\t\t<div class=\"wpb_wrapper\">\n\t\t\t<div class=\"meetings-iframe-container\" data-src=\"https:\/\/meetings-eu1.hubspot.com\/marcelo-lopez-anido?embed=true\"><\/div>\n<p><script type=\"text\/javascript\" src=\"https:\/\/static.hsappstatic.net\/MeetingsEmbed\/ex\/MeetingsEmbedCode.js\"><\/script><br \/>\n<!-- End of Meetings Embed Script --><\/p>\n\n\t\t<\/div>\n\t<\/div>\n<\/div><\/div><\/div><\/div>\n<\/div>","protected":false},"excerpt":{"rendered":"Let\u2019s Talk About Your Spain Plan Thinking about moving to Spain, studying Spanish, or exploring work opportunities in Spain? The best way to get clear answers is to talk directly with our team. Book a free video call with an advisor and tell us about your goals. We\u2019ll help you...","protected":false},"author":1,"featured_media":0,"parent":0,"menu_order":0,"comment_status":"closed","ping_status":"closed","template":"","meta":{"_seopress_robots_primary_cat":"","_seopress_titles_title":"","_seopress_titles_desc":"","_seopress_robots_index":"","_daextam_enable_autolinks":"1","footnotes":""},"categories":[],"tags":[],"class_list":["post-2310","page","type-page","status-publish","hentry"],"_links":{"self":[{"href":"https:\/\/holaspain.agency\/pt\/wp-json\/wp\/v2\/pages\/2310","targetHints":{"allow":["GET"]}}],"collection":[{"href":"https:\/\/holaspain.agency\/pt\/wp-json\/wp\/v2\/pages"}],"about":[{"href":"https:\/\/holaspain.agency\/pt\/wp-json\/wp\/v2\/types\/page"}],"author":[{"embeddable":true,"href":"https:\/\/holaspain.agency\/pt\/wp-json\/wp\/v2\/users\/1"}],"replies":[{"embeddable":true,"href":"https:\/\/holaspain.agency\/pt\/wp-json\/wp\/v2\/comments?post=2310"}],"version-history":[{"count":6,"href":"https:\/\/holaspain.agency\/pt\/wp-json\/wp\/v2\/pages\/2310\/revisions"}],"predecessor-version":[{"id":2326,"href":"https:\/\/holaspain.agency\/pt\/wp-json\/wp\/v2\/pages\/2310\/revisions\/2326"}],"wp:attachment":[{"href":"https:\/\/holaspain.agency\/pt\/wp-json\/wp\/v2\/media?parent=2310"}],"wp:term":[{"taxonomy":"category","embeddable":true,"href":"https:\/\/holaspain.agency\/pt\/wp-json\/wp\/v2\/categories?post=2310"},{"taxonomy":"post_tag","embeddable":true,"href":"https:\/\/holaspain.agency\/pt\/wp-json\/wp\/v2\/tags?post=2310"}],"curies":[{"name":"wp","href":"https:\/\/api.w.org\/{rel}","templated":true}]}}