{"id":2250,"date":"2025-11-24T12:59:14","date_gmt":"2025-11-24T12:59:14","guid":{"rendered":"https:\/\/holaspain.agency\/?page_id=2250"},"modified":"2026-01-13T12:12:09","modified_gmt":"2026-01-13T12:12:09","slug":"precos-dos-cursos-profissionais-erasmus-plus","status":"publish","type":"page","link":"https:\/\/holaspain.agency\/pt\/erasmus-plus-professional-courses-prices\/","title":{"rendered":"Cursos e pre\u00e7os do Erasmus Plus Professional"},"content":{"rendered":"<div class=\"wpb-content-wrapper\"><div class=\"vc_row wpb_row vc_row-fluid\"><div class=\"wpb_column vc_column_container vc_col-sm-12\"><div class=\"vc_column-inner\"><div class=\"wpb_wrapper\">\n\t<div class=\"wpb_text_column wpb_content_element\" >\n\t\t<div class=\"wpb_wrapper\">\n\t\t\t<h1>Cursos de Espanhol Erasmus+ na Espanha<\/h1>\n<h2>Escolha seu destino: Madri, Barcelona, Val\u00eancia, Alicante ou Granada<\/h2>\n<p>Spanish programmes for Erasmus+ students who need a minimum of 20 hours per week. Below you can compare 1-week and 2-week all-inclusive packages (course + accommodation + airport transfers).<\/p>\n<h3>Compara\u00e7\u00e3o de 1 semana com tudo inclu\u00eddo<\/h3>\n<h5>(20h de curso + acomoda\u00e7\u00e3o + traslados do aeroporto)<\/h5>\n<p>Acomoda\u00e7\u00e3o inclu\u00edda nesta compara\u00e7\u00e3o: quarto individual em um apartamento compartilhado. Os totais incluem registro e quaisquer taxas de acomoda\u00e7\u00e3o aplic\u00e1veis.<\/p>\n<table>\n<thead>\n<tr>\n<th>Cidade<\/th>\n<th>Curso de 20h<\/th>\n<th>Acomoda\u00e7\u00e3o<\/th>\n<th>Taxa de registro<\/th>\n<th>Taxa de acomoda\u00e7\u00e3o<\/th>\n<th>Traslados (chegada e partida)<\/th>\n<th>Estimativa total (com tudo inclu\u00eddo)<\/th>\n<\/tr>\n<\/thead>\n<tbody>\n<tr>\n<td class=\"city\">Alicante<\/td>\n<td>125 \u20ac<\/td>\n<td>120 \u20ac<\/td>\n<td>60 \u20ac<\/td>\n<td>\u2014<\/td>\n<td>100 \u20ac<\/td>\n<td><strong>405 \u20ac<\/strong><\/td>\n<\/tr>\n<tr>\n<td class=\"city\">Granada<\/td>\n<td>125 \u20ac<\/td>\n<td>120 \u20ac<\/td>\n<td>60 \u20ac<\/td>\n<td>\u2014<\/td>\n<td>80 \u20ac<\/td>\n<td><strong>385 \u20ac<\/strong><\/td>\n<\/tr>\n<tr>\n<td class=\"city\">Barcelona<\/td>\n<td>135 \u20ac<\/td>\n<td>165 \u20ac<\/td>\n<td>60 \u20ac<\/td>\n<td>80 \u20ac<\/td>\n<td>180 \u20ac<\/td>\n<td><strong>620 \u20ac<\/strong><\/td>\n<\/tr>\n<tr>\n<td class=\"city\">Madri<\/td>\n<td>170 \u20ac<\/td>\n<td>175 \u20ac<\/td>\n<td>60 \u20ac<\/td>\n<td>35 \u20ac<\/td>\n<td>130 \u20ac<\/td>\n<td><strong>570 \u20ac<\/strong><\/td>\n<\/tr>\n<tr>\n<td class=\"city\">Val\u00eancia<\/td>\n<td>162 \u20ac<\/td>\n<td>215 \u20ac<\/td>\n<td>\u2014<\/td>\n<td>\u2014<\/td>\n<td>140 \u20ac<\/td>\n<td><strong>517 \u20ac<\/strong><\/td>\n<\/tr>\n<\/tbody>\n<\/table>\n<h3>Compara\u00e7\u00e3o de 2 semanas com tudo inclu\u00eddo<\/h3>\n<h5>(20h de curso + acomoda\u00e7\u00e3o + traslados do aeroporto)<\/h5>\n<p>Acomoda\u00e7\u00e3o inclu\u00edda nesta compara\u00e7\u00e3o: quarto individual em um apartamento compartilhado. Os totais incluem registro e quaisquer taxas de acomoda\u00e7\u00e3o aplic\u00e1veis.<\/p>\n<table>\n<thead>\n<tr>\n<th>Cidade<\/th>\n<th>Curso de 20h<\/th>\n<th>Acomoda\u00e7\u00e3o<\/th>\n<th>Taxa de registro<\/th>\n<th>Taxa de acomoda\u00e7\u00e3o<\/th>\n<th>Traslados (chegada e partida)<\/th>\n<th>Estimativa total (com tudo inclu\u00eddo)<\/th>\n<\/tr>\n<\/thead>\n<tbody>\n<tr>\n<td class=\"city\">Alicante<\/td>\n<td>250 \u20ac<\/td>\n<td>240 \u20ac<\/td>\n<td>60 \u20ac<\/td>\n<td>\u2014<\/td>\n<td>100 \u20ac<\/td>\n<td><strong>650 \u20ac<\/strong><\/td>\n<\/tr>\n<tr>\n<td class=\"city\">Granada<\/td>\n<td>250 \u20ac<\/td>\n<td>240 \u20ac<\/td>\n<td>60 \u20ac<\/td>\n<td>\u2014<\/td>\n<td>80 \u20ac<\/td>\n<td><strong>630 \u20ac<\/strong><\/td>\n<\/tr>\n<tr>\n<td class=\"city\">Barcelona<\/td>\n<td>270 \u20ac<\/td>\n<td>330 \u20ac<\/td>\n<td>60 \u20ac<\/td>\n<td>80 \u20ac<\/td>\n<td>180 \u20ac<\/td>\n<td><strong>920 \u20ac<\/strong><\/td>\n<\/tr>\n<tr>\n<td class=\"city\">Madri<\/td>\n<td>340 \u20ac<\/td>\n<td>350 \u20ac<\/td>\n<td>60 \u20ac<\/td>\n<td>35 \u20ac<\/td>\n<td>130 \u20ac<\/td>\n<td><strong>915 \u20ac<\/strong><\/td>\n<\/tr>\n<tr>\n<td class=\"city\">Val\u00eancia<\/td>\n<td>284 \u20ac<\/td>\n<td>430 \u20ac<\/td>\n<td>\u2014<\/td>\n<td>\u2014<\/td>\n<td>140 \u20ac<\/td>\n<td><strong>854 \u20ac<\/strong><\/td>\n<\/tr>\n<\/tbody>\n<\/table>\n<h3>Requisito do Erasmus+: 20 horas por semana<\/h3>\n<p>To meet Erasmus+ requirements, the recommended option is a 20-hour per week intensive course. A placement test and a participation certificate are provided.<\/p>\n<h2>Informa\u00e7\u00f5es sobre o banheiro da acomoda\u00e7\u00e3o<\/h2>\n<p>A acomoda\u00e7\u00e3o geralmente \u00e9 com banheiro compartilhado. Se preferir um banheiro privativo, voc\u00ea pode solicit\u00e1-lo; ele est\u00e1 sujeito \u00e0 disponibilidade e pode envolver um custo extra.<\/p>\n<h2>O que est\u00e1 inclu\u00eddo na experi\u00eancia<\/h2>\n<ul>\n<li>Curso de espanhol de 20 horas por semana (compat\u00edvel com o Erasmus+)<\/li>\n<li>Teste de nivelamento<\/li>\n<li>Certificado de participa\u00e7\u00e3o<\/li>\n<li>Aulas e atividades culturais di\u00e1rias<\/li>\n<li>Atividades de fim de semana dispon\u00edveis (gratuitas e pagas). As atividades pagas devem ser reservadas no primeiro dia de aula.<\/li>\n<\/ul>\n<h2>Nota de transfer\u00eancias<\/h2>\n<p>Os traslados para o aeroporto podem ser organizados como um complemento, mas recomendamos enfaticamente inclu\u00ed-los para ter total tranquilidade na chegada e na partida. \u00c9 por isso que os totais acima s\u00e3o mostrados como tudo inclu\u00eddo.<\/p>\n<h2>Como reservar<\/h2>\n<ol>\n<li>Escolha sua cidade e dura\u00e7\u00e3o (1 ou 2 semanas)<\/li>\n<li>Confirme seu n\u00edvel e a data de in\u00edcio preferida<\/li>\n<li>Solicitamos a confirma\u00e7\u00e3o da disponibilidade (curso + acomoda\u00e7\u00e3o + traslados)<\/li>\n<li>Voc\u00ea conclui o registro e o pagamento<\/li>\n<li>Voc\u00ea recebe a confirma\u00e7\u00e3o oficial e a documenta\u00e7\u00e3o<\/li>\n<li>No seu primeiro dia, voc\u00ea pode reservar qualquer atividade paga de fim de semana da qual queira participar<\/li>\n<\/ol>\n\n\t\t<\/div>\n\t<\/div>\n<section class=\"vc_cta3-container\"><div class=\"vc_general vc_do_cta3 vc_cta3 vc_cta3-style-outline vc_cta3-shape-rounded vc_cta3-align-left vc_cta3-color-classic vc_cta3-icon-size-md vc_cta3-icons-left vc_cta3-actions-right\"><div class=\"vc_cta3-icons\"><div class=\"vc_icon_element vc_icon_element-outer vc_do_icon vc_icon_element-align-left\"><div class=\"vc_icon_element-inner vc_icon_element-color-turquoise vc_icon_element-size-md vc_icon_element-style- vc_icon_element-background-color-grey\" ><span class=\"vc_icon_element-icon fa fa-solid fa-arrow-right-from-bracket\" ><\/span><\/div><\/div><\/div><div class=\"vc_cta3_content-container\"><div class=\"vc_cta3-content\"><header class=\"vc_cta3-content-header\"><h2>Pronto para planejar sua viagem Erasmus+?<\/h2><\/header><p style=\"text-align: justify;\" data-pm-slice=\"0 0 &#091;&#093;\">Informe-nos a cidade de sua prefer\u00eancia, a data de in\u00edcio e a dura\u00e7\u00e3o, e n\u00f3s lhe enviaremos uma cota\u00e7\u00e3o personalizada com tudo inclu\u00eddo. N\u00f3s o ajudaremos passo a passo com disponibilidade, reservas, detalhes de chegada e tudo o que voc\u00ea precisa para come\u00e7ar com total tranquilidade.<\/p>\n<\/div><div class=\"vc_cta3-actions\"><div class=\"vc_btn3-container vc_btn3-inline vc_do_btn\" ><a class=\"vc_general vc_btn3 vc_btn3-size-md vc_btn3-shape-rounded vc_btn3-style-modern vc_btn3-color-info\" href=\"https:\/\/holaspain.agency\/pt\/#contact\" title=\"\">Entre em contato hoje mesmo<\/a><\/div><\/div><\/div><\/div><\/section><\/div><\/div><\/div><\/div>\n<\/div>","protected":false},"excerpt":{"rendered":"<p>All-inclusive Erasmus+ Spanish courses in Spain. Study 20h\/week in Madrid, Barcelona, Valencia, Alicante or Granada with accommodation, activities and transfers.<\/p>","protected":false},"author":1,"featured_media":2372,"parent":0,"menu_order":0,"comment_status":"closed","ping_status":"closed","template":"","meta":{"_seopress_robots_primary_cat":"","_seopress_titles_title":"%%sitetitle%% %%sep%% Erasmus+ \u2013 Courses and Prices","_seopress_titles_desc":"All-inclusive Erasmus+ courses in Spain. Study 20h\/week in Madrid, Barcelona, Valencia, Alicante or Granada with accommodation, activities and transfers.","_seopress_robots_index":"","_daextam_enable_autolinks":"1","footnotes":""},"categories":[],"tags":[],"class_list":["post-2250","page","type-page","status-publish","has-post-thumbnail","hentry"],"_links":{"self":[{"href":"https:\/\/holaspain.agency\/pt\/wp-json\/wp\/v2\/pages\/2250","targetHints":{"allow":["GET"]}}],"collection":[{"href":"https:\/\/holaspain.agency\/pt\/wp-json\/wp\/v2\/pages"}],"about":[{"href":"https:\/\/holaspain.agency\/pt\/wp-json\/wp\/v2\/types\/page"}],"author":[{"embeddable":true,"href":"https:\/\/holaspain.agency\/pt\/wp-json\/wp\/v2\/users\/1"}],"replies":[{"embeddable":true,"href":"https:\/\/holaspain.agency\/pt\/wp-json\/wp\/v2\/comments?post=2250"}],"version-history":[{"count":14,"href":"https:\/\/holaspain.agency\/pt\/wp-json\/wp\/v2\/pages\/2250\/revisions"}],"predecessor-version":[{"id":2375,"href":"https:\/\/holaspain.agency\/pt\/wp-json\/wp\/v2\/pages\/2250\/revisions\/2375"}],"wp:featuredmedia":[{"embeddable":true,"href":"https:\/\/holaspain.agency\/pt\/wp-json\/wp\/v2\/media\/2372"}],"wp:attachment":[{"href":"https:\/\/holaspain.agency\/pt\/wp-json\/wp\/v2\/media?parent=2250"}],"wp:term":[{"taxonomy":"category","embeddable":true,"href":"https:\/\/holaspain.agency\/pt\/wp-json\/wp\/v2\/categories?post=2250"},{"taxonomy":"post_tag","embeddable":true,"href":"https:\/\/holaspain.agency\/pt\/wp-json\/wp\/v2\/tags?post=2250"}],"curies":[{"name":"wp","href":"https:\/\/api.w.org\/{rel}","templated":true}]}}