{"id":2240,"date":"2025-11-24T11:15:15","date_gmt":"2025-11-24T11:15:15","guid":{"rendered":"https:\/\/holaspain.agency\/?page_id=2240"},"modified":"2026-02-03T14:31:36","modified_gmt":"2026-02-03T14:31:36","slug":"programas-de-imersao-esportiva-na-espanha","status":"publish","type":"page","link":"https:\/\/holaspain.agency\/pt\/sports-immersion-programmes-in-spain\/","title":{"rendered":"Programas de imers\u00e3o esportiva na Espanha"},"content":{"rendered":"<div class=\"wpb-content-wrapper\"><div class=\"vc_row wpb_row vc_row-fluid\"><div class=\"wpb_column vc_column_container vc_col-sm-12\"><div class=\"vc_column-inner\"><div class=\"wpb_wrapper\">\n\t<div class=\"wpb_text_column wpb_content_element\" >\n\t\t<div class=\"wpb_wrapper\">\n\t\t\t<h1 style=\"text-align: justify;\">Programas de imers\u00e3o esportiva na Espanha<\/h1>\n<p style=\"text-align: justify;\"><em>Treine, compita e aprimore suas habilidades no cora\u00e7\u00e3o da Espanha<\/em><\/p>\n<blockquote>\n<p style=\"text-align: justify;\">Leve sua equipe ou grupo para a Espanha para um <strong>experi\u00eancia esportiva imersiva<\/strong> projetados para desenvolver habilidades, trabalho em equipe e confian\u00e7a. Nossos programas se concentram inteiramente em <strong>futebol, basquete e outros esportes coletivos<\/strong>, O programa de treinamento da equipe de futebol da escola, que combina treinamento profissional com sess\u00f5es de treinamento estruturadas e jogos competitivos reais.<\/p>\n<\/blockquote>\n<h2 style=\"text-align: justify;\">Por que escolher os programas esportivos do HolaSpain?<\/h2>\n<ul style=\"text-align: justify;\">\n<li><strong>Equipe t\u00e9cnica especializada<\/strong> com experi\u00eancia profissional<\/li>\n<li><strong>Programa\u00e7\u00f5es de treinamento estruturadas<\/strong> para desenvolvimento de habilidades e compreens\u00e3o t\u00e1tica<\/li>\n<li><strong>Atividades de forma\u00e7\u00e3o de equipes<\/strong> para aumentar a coes\u00e3o e a comunica\u00e7\u00e3o<\/li>\n<li><strong>Partidas e torneios competitivos<\/strong> contra equipes locais<\/li>\n<li><strong>Programas personalizados<\/strong> para todos os n\u00edveis, de iniciantes a jogadores avan\u00e7ados<\/li>\n<li><strong>Ambiente seguro e supervisionado<\/strong> com suporte m\u00e9dico dispon\u00edvel<\/li>\n<\/ul>\n<h3 style=\"text-align: justify;\">Op\u00e7\u00f5es de programa<\/h3>\n<ul style=\"text-align: justify;\">\n<li>Acampamentos de ver\u00e3o de futebol e basquete<\/li>\n<li>Programas de desenvolvimento de jogadores<\/li>\n<li>Viagens de equipe e programas de treinamento<\/li>\n<li>Est\u00e1gios de assistente t\u00e9cnico e no setor esportivo<\/li>\n<li>Torneios de fim de semana e jogos amistosos<\/li>\n<\/ul>\n<h2 style=\"text-align: justify;\">Locais<\/h2>\n<p style=\"text-align: justify;\">Treine e jogue nas principais cidades espanholas, como <strong>Val\u00eancia<\/strong>, O esporte \u00e9 um dos mais importantes do mundo, com acesso a instala\u00e7\u00f5es de classe mundial, est\u00e1dios profissionais e centros de treinamento. Combine a pr\u00e1tica intensa com a experi\u00eancia real de jogo em um ambiente seguro e inspirador.<\/p>\n<h2 style=\"text-align: justify;\">Por que os alunos adoram nossos programas esportivos<\/h2>\n<ul style=\"text-align: justify;\">\n<li>Aprimorar as habilidades t\u00e9cnicas e t\u00e1ticas<\/li>\n<li>Desenvolver o trabalho em equipe e a lideran\u00e7a<\/li>\n<li>Conhe\u00e7a a cultura esportiva espanhola em primeira m\u00e3o<\/li>\n<li>Conhe\u00e7a colegas de toda a Europa<\/li>\n<li>Desfrute de sess\u00f5es estruturadas, desafiadoras e divertidas<\/li>\n<\/ul>\n<blockquote>\n<p style=\"text-align: justify;\">N\u00e3o perca a oportunidade de proporcionar \u00e0 sua equipe uma experi\u00eancia inesquec\u00edvel na Espanha. Com o HolaSpain's <strong>treinamento especializado, programas personalizados e suporte total<\/strong>, seus jogadores ir\u00e3o <strong>treinar mais, jogar de forma mais inteligente e crescer como equipe<\/strong>. <strong>Entre em contato conosco hoje mesmo<\/strong> para garantir sua vaga e levar sua equipe para o pr\u00f3ximo n\u00edvel.<\/p>\n<\/blockquote>\n\n\t\t<\/div>\n\t<\/div>\n<section class=\"vc_cta3-container\"><div class=\"vc_general vc_do_cta3 vc_cta3 vc_cta3-style-outline vc_cta3-shape-rounded vc_cta3-align-left vc_cta3-color-classic vc_cta3-icon-size-md vc_cta3-icons-left vc_cta3-actions-right\"><div class=\"vc_cta3-icons\"><div class=\"vc_icon_element vc_icon_element-outer vc_do_icon vc_icon_element-align-left\"><div class=\"vc_icon_element-inner vc_icon_element-color-turquoise vc_icon_element-size-md vc_icon_element-style- vc_icon_element-background-color-grey\" ><span class=\"vc_icon_element-icon fa fa-solid fa-arrow-right-from-bracket\" ><\/span><\/div><\/div><\/div><div class=\"vc_cta3_content-container\"><div class=\"vc_cta3-content\"><header class=\"vc_cta3-content-header\"><h2>Pronto para impulsionar sua equipe?<\/h2><\/header><p style=\"text-align: justify;\"><strong>Solicite hoje mesmo amostras de programas, cronogramas e pre\u00e7os. A HolaSpain oferece programas esportivos personalizados, treinamento profissional e suporte completo desde a chegada at\u00e9 a partida, garantindo que a sua equipe tenha uma experi\u00eancia inesquec\u00edvel e perfeita.<\/strong><\/p>\n<\/div><div class=\"vc_cta3-actions\"><div class=\"vc_btn3-container vc_btn3-inline vc_do_btn\" ><a class=\"vc_general vc_btn3 vc_btn3-size-md vc_btn3-shape-rounded vc_btn3-style-modern vc_btn3-color-info\" href=\"https:\/\/holaspain.agency\/pt\/#contact\" title=\"\">Entre em contato hoje mesmo<\/a><\/div><\/div><\/div><\/div><\/section><\/div><\/div><\/div><\/div>\n<\/div>","protected":false},"excerpt":{"rendered":"<p>Ofere\u00e7a \u00e0 sua equipe juvenil uma experi\u00eancia esportiva inesquec\u00edvel na Espanha com o HolaSpain: orienta\u00e7\u00e3o profissional, treinamento personalizado e suporte total do in\u00edcio ao fim.<\/p>","protected":false},"author":1,"featured_media":2242,"parent":0,"menu_order":0,"comment_status":"closed","ping_status":"closed","template":"","meta":{"_seopress_robots_primary_cat":"","_seopress_titles_title":"%%sitetitle%% %%sep%% Sports immersion programmes","_seopress_titles_desc":"Sports immersion programmes in Spain for youth teams. Custom training, professional coaching, and full support with HolaSpain.","_seopress_robots_index":"","_daextam_enable_autolinks":"1","footnotes":""},"categories":[62],"tags":[],"class_list":["post-2240","page","type-page","status-publish","has-post-thumbnail","hentry","category-courses"],"_links":{"self":[{"href":"https:\/\/holaspain.agency\/pt\/wp-json\/wp\/v2\/pages\/2240","targetHints":{"allow":["GET"]}}],"collection":[{"href":"https:\/\/holaspain.agency\/pt\/wp-json\/wp\/v2\/pages"}],"about":[{"href":"https:\/\/holaspain.agency\/pt\/wp-json\/wp\/v2\/types\/page"}],"author":[{"embeddable":true,"href":"https:\/\/holaspain.agency\/pt\/wp-json\/wp\/v2\/users\/1"}],"replies":[{"embeddable":true,"href":"https:\/\/holaspain.agency\/pt\/wp-json\/wp\/v2\/comments?post=2240"}],"version-history":[{"count":3,"href":"https:\/\/holaspain.agency\/pt\/wp-json\/wp\/v2\/pages\/2240\/revisions"}],"predecessor-version":[{"id":2244,"href":"https:\/\/holaspain.agency\/pt\/wp-json\/wp\/v2\/pages\/2240\/revisions\/2244"}],"wp:featuredmedia":[{"embeddable":true,"href":"https:\/\/holaspain.agency\/pt\/wp-json\/wp\/v2\/media\/2242"}],"wp:attachment":[{"href":"https:\/\/holaspain.agency\/pt\/wp-json\/wp\/v2\/media?parent=2240"}],"wp:term":[{"taxonomy":"category","embeddable":true,"href":"https:\/\/holaspain.agency\/pt\/wp-json\/wp\/v2\/categories?post=2240"},{"taxonomy":"post_tag","embeddable":true,"href":"https:\/\/holaspain.agency\/pt\/wp-json\/wp\/v2\/tags?post=2240"}],"curies":[{"name":"wp","href":"https:\/\/api.w.org\/{rel}","templated":true}]}}