{"id":2124,"date":"2025-11-10T16:04:06","date_gmt":"2025-11-10T16:04:06","guid":{"rendered":"https:\/\/holaspain.agency\/?page_id=2124"},"modified":"2026-01-13T14:03:37","modified_gmt":"2026-01-13T14:03:37","slug":"viagens-a-espanha-para-grupos-escolares","status":"publish","type":"page","link":"https:\/\/holaspain.agency\/pt\/spanish-trips-for-school-groups\/","title":{"rendered":"Viagens de espanhol para grupos escolares"},"content":{"rendered":"<div class=\"wpb-content-wrapper\"><div class=\"vc_row wpb_row vc_row-fluid\"><div class=\"wpb_column vc_column_container vc_col-sm-8\"><div class=\"vc_column-inner\"><div class=\"wpb_wrapper\">\n\t<div class=\"wpb_text_column wpb_content_element\" >\n\t\t<div class=\"wpb_wrapper\">\n\t\t\t<h1 style=\"text-align: justify;\">Viagens de espanhol para grupos escolares<\/h1>\n<p style=\"text-align: justify;\"><em>Programas sob medida para escolas secund\u00e1rias - Viagens em grupo - Imers\u00e3o educacional<\/em><\/p>\n\n\t\t<\/div>\n\t<\/div>\n<\/div><\/div><\/div><div class=\"wpb_column vc_column_container vc_col-sm-4\"><div class=\"vc_column-inner\"><div class=\"wpb_wrapper\"><div class=\"vc_btn3-container vc_btn3-inline vc_do_btn\" ><a class=\"vc_general vc_btn3 vc_btn3-size-md vc_btn3-shape-rounded vc_btn3-style-modern vc_btn3-color-juicy-pink\" href=\"https:\/\/holaspain.agency\/wp-content\/uploads\/2026\/01\/holaspain-brochure-for-school-groups.pdf\" title=\"\" target=\"_blank\">Fa\u00e7a o download de nosso folheto para grupos escolares<\/a><\/div><\/div><\/div><\/div><\/div><div class=\"vc_row wpb_row vc_row-fluid\"><div class=\"wpb_column vc_column_container vc_col-sm-12\"><div class=\"vc_column-inner\"><div class=\"wpb_wrapper\">\n\t<div class=\"wpb_text_column wpb_content_element\" >\n\t\t<div class=\"wpb_wrapper\">\n\t\t\t<p style=\"text-align: justify;\">A HolaSpain organiza programas credenciados de imers\u00e3o em espanhol na Espanha para grupos escolares. Cada viagem combina o aprendizado din\u00e2mico do idioma com experi\u00eancias culturais, sociais e educacionais, projetadas para motivar os alunos e fortalecer seu espanhol em contextos reais.<\/p>\n<h2 style=\"text-align: justify;\">Op\u00e7\u00f5es de programas - Cursos de espanhol para grupos escolares<\/h2>\n<ul style=\"text-align: justify;\">\n<li><strong>Imers\u00e3o de 1 semana<\/strong> - Ideal para viagens escolares e primeiras experi\u00eancias culturais no exterior.<\/li>\n<li><strong>Programa de 2 semanas<\/strong> - Aprendizado equilibrado de idiomas e descoberta cultural.<\/li>\n<li><strong>Estadia prolongada de 3 semanas<\/strong> - Progresso lingu\u00edstico mais profundo e integra\u00e7\u00e3o total na vida espanhola.<\/li>\n<\/ul>\n<p style=\"text-align: justify;\">Os cursos normalmente incluem <strong>15 a 20 horas de aulas de espanhol por semana<\/strong>, O curso de ingl\u00eas \u00e9 uma atividade de lazer, combinada com oficinas culturais, excurs\u00f5es e atividades supervisionadas.<\/p>\n<h3 style=\"text-align: justify;\">O que est\u00e1 inclu\u00eddo em cada programa<\/h3>\n<ul style=\"text-align: justify;\">\n<li>Aulas de espanhol (todos os n\u00edveis) com professores nativos qualificados<\/li>\n<li>Atividades culturais e recreativas di\u00e1rias<\/li>\n<li>Acomoda\u00e7\u00e3o com pens\u00e3o completa em fam\u00edlias anfitri\u00e3s ou resid\u00eancias<\/li>\n<li>Traslados do aeroporto, transporte local e excurs\u00f5es guiadas<\/li>\n<li>Supervis\u00e3o local e suporte de emerg\u00eancia 24 horas por dia, 7 dias por semana<\/li>\n<li>Certificado de participa\u00e7\u00e3o para cada aluno<\/li>\n<\/ul>\n<h3 style=\"text-align: justify;\">Resultados de aprendizado - Imers\u00e3o educacional e cultural<\/h3>\n<ul style=\"text-align: justify;\">\n<li>Aprimore as habilidades de comunica\u00e7\u00e3o em espanhol por meio da pr\u00e1tica na vida real<\/li>\n<li>Desenvolver consci\u00eancia cultural e independ\u00eancia em um ambiente seguro<\/li>\n<li>Conhe\u00e7a as aut\u00eanticas tradi\u00e7\u00f5es espanholas, a gastronomia e a vida cotidiana<\/li>\n<li>Desenvolver o trabalho em equipe e a confian\u00e7a fora da sala de aula<\/li>\n<\/ul>\n<h3 style=\"text-align: justify;\">Destinos para grupos escolares na Espanha<\/h3>\n<p style=\"text-align: justify;\">O HolaSpain colabora com escolas credenciadas em <strong>Alicante, Val\u00eancia, Madri, Barcelona, Malaga, Salamanca, Sevilha e Granada<\/strong>. Cada destino oferece ambientes seguros, rico patrim\u00f4nio cultural e instala\u00e7\u00f5es educacionais de qualidade.<\/p>\n<h3 style=\"text-align: justify;\">Coordena\u00e7\u00e3o e suporte do grupo<\/h3>\n<p style=\"text-align: justify;\">Desde a primeira consulta at\u00e9 o retorno do grupo, a HolaSpain gerencia todos os detalhes: planejamento do curso, documenta\u00e7\u00e3o, traslados, acomoda\u00e7\u00e3o e assist\u00eancia de emerg\u00eancia. Um coordenador local est\u00e1 dispon\u00edvel 24 horas por dia, 7 dias por semana, para garantir uma experi\u00eancia tranquila e segura para alunos e professores.<\/p>\n<blockquote>\n<p style=\"text-align: justify;\">These programmes are designed for secondary schools, colleges and educational institutions seeking authentic language immersion experiences in Spain. All programmes are flexible and can be adapted to each group\u2019s age, level and educational goals. Available for Erasmus+ and PCTO .<\/p>\n<\/blockquote>\n\n\t\t<\/div>\n\t<\/div>\n<section class=\"vc_cta3-container\"><div class=\"vc_general vc_do_cta3 vc_cta3 vc_cta3-style-outline vc_cta3-shape-rounded vc_cta3-align-left vc_cta3-color-classic vc_cta3-icon-size-md vc_cta3-icons-left vc_cta3-actions-right\"><div class=\"vc_cta3-icons\"><div class=\"vc_icon_element vc_icon_element-outer vc_do_icon vc_icon_element-align-left\"><div class=\"vc_icon_element-inner vc_icon_element-color-turquoise vc_icon_element-size-md vc_icon_element-style- vc_icon_element-background-color-grey\" ><span class=\"vc_icon_element-icon fa fa-solid fa-arrow-right-from-bracket\" ><\/span><\/div><\/div><\/div><div class=\"vc_cta3_content-container\"><div class=\"vc_cta3-content\"><header class=\"vc_cta3-content-header\"><h2>Comece sua aventura espanhola hoje mesmo!<\/h2><\/header><p>Tem d\u00favidas ou deseja encontrar o curso de espanhol perfeito? Entre em contato com o HolaSpain hoje mesmo e deixe-nos ajud\u00e1-lo a planejar sua experi\u00eancia de aprendizado na Espanha.<\/p>\n<\/div><div class=\"vc_cta3-actions\"><div class=\"vc_btn3-container vc_btn3-inline vc_do_btn\" ><a class=\"vc_general vc_btn3 vc_btn3-size-md vc_btn3-shape-rounded vc_btn3-style-modern vc_btn3-color-info\" href=\"https:\/\/holaspain.agency\/pt\/#contact\" title=\"\">Entre em contato hoje mesmo<\/a><\/div><\/div><\/div><\/div><\/section><\/div><\/div><\/div><\/div>\n<\/div>","protected":false},"excerpt":{"rendered":"<p>Viagens de imers\u00e3o personalizadas para grupos escolares com aulas de espanhol, visitas culturais e experi\u00eancias reais. Cada programa se adapta \u00e0 idade e ao n\u00edvel do grupo, garantindo total seguran\u00e7a e coordena\u00e7\u00e3o.<\/p>","protected":false},"author":1,"featured_media":2149,"parent":0,"menu_order":0,"comment_status":"closed","ping_status":"closed","template":"","meta":{"_seopress_robots_primary_cat":"","_seopress_titles_title":"%%sitetitle%% %%sep%% %%post_title%%","_seopress_titles_desc":"Spanish trips for school groups. Learn Spanish in Spain with lessons, activities, host families, and full supervision.","_seopress_robots_index":"","_daextam_enable_autolinks":"1","footnotes":""},"categories":[62],"tags":[],"class_list":["post-2124","page","type-page","status-publish","has-post-thumbnail","hentry","category-courses"],"_links":{"self":[{"href":"https:\/\/holaspain.agency\/pt\/wp-json\/wp\/v2\/pages\/2124","targetHints":{"allow":["GET"]}}],"collection":[{"href":"https:\/\/holaspain.agency\/pt\/wp-json\/wp\/v2\/pages"}],"about":[{"href":"https:\/\/holaspain.agency\/pt\/wp-json\/wp\/v2\/types\/page"}],"author":[{"embeddable":true,"href":"https:\/\/holaspain.agency\/pt\/wp-json\/wp\/v2\/users\/1"}],"replies":[{"embeddable":true,"href":"https:\/\/holaspain.agency\/pt\/wp-json\/wp\/v2\/comments?post=2124"}],"version-history":[{"count":11,"href":"https:\/\/holaspain.agency\/pt\/wp-json\/wp\/v2\/pages\/2124\/revisions"}],"predecessor-version":[{"id":2384,"href":"https:\/\/holaspain.agency\/pt\/wp-json\/wp\/v2\/pages\/2124\/revisions\/2384"}],"wp:featuredmedia":[{"embeddable":true,"href":"https:\/\/holaspain.agency\/pt\/wp-json\/wp\/v2\/media\/2149"}],"wp:attachment":[{"href":"https:\/\/holaspain.agency\/pt\/wp-json\/wp\/v2\/media?parent=2124"}],"wp:term":[{"taxonomy":"category","embeddable":true,"href":"https:\/\/holaspain.agency\/pt\/wp-json\/wp\/v2\/categories?post=2124"},{"taxonomy":"post_tag","embeddable":true,"href":"https:\/\/holaspain.agency\/pt\/wp-json\/wp\/v2\/tags?post=2124"}],"curies":[{"name":"wp","href":"https:\/\/api.w.org\/{rel}","templated":true}]}}