{"id":2123,"date":"2025-11-10T16:04:04","date_gmt":"2025-11-10T16:04:04","guid":{"rendered":"https:\/\/holaspain.agency\/?page_id=2123"},"modified":"2026-02-05T18:23:18","modified_gmt":"2026-02-05T18:23:18","slug":"cursos-de-espanhol-de-longa-duracao-para-adultos","status":"publish","type":"page","link":"https:\/\/holaspain.agency\/pt\/long-term-spanish-courses-for-adults\/","title":{"rendered":"Cursos de espanhol de longa dura\u00e7\u00e3o para adultos"},"content":{"rendered":"<div class=\"wpb-content-wrapper\"><div class=\"vc_row wpb_row vc_row-fluid\"><div class=\"wpb_column vc_column_container vc_col-sm-12\"><div class=\"vc_column-inner\"><div class=\"wpb_wrapper\">\n\t<div class=\"wpb_text_column wpb_content_element\" >\n\t\t<div class=\"wpb_wrapper\">\n\t\t\t<h1 style=\"text-align: justify;\">Cursos de espanhol de longa dura\u00e7\u00e3o na Espanha para adultos<\/h1>\n<p style=\"text-align: justify;\"><em>V\u00e1lido para solicita\u00e7\u00f5es de visto de 2026 a 2027<\/em><\/p>\n<blockquote>\n<p style=\"text-align: justify;\">O HolaSpain oferece cursos de espanhol de longa dura\u00e7\u00e3o credenciados na Espanha para alunos que precisam de um visto de estudo. Nossos programas combinam ensino do idioma, imers\u00e3o cultural e suporte completo antes e durante sua estada na Espanha.<\/p>\n<\/blockquote>\n\n\t\t<\/div>\n\t<\/div>\n<\/div><\/div><\/div><\/div><div class=\"vc_row wpb_row vc_row-fluid\"><div class=\"wpb_column vc_column_container vc_col-sm-12\"><div class=\"vc_column-inner\"><div class=\"wpb_wrapper\">\n\t<div class=\"wpb_text_column wpb_content_element\" >\n\t\t<div class=\"wpb_wrapper\">\n\t\t\t<h2 style=\"text-align: justify;\">Op\u00e7\u00f5es de programas - Cursos de espanhol de longa dura\u00e7\u00e3o<\/h2>\n<ul style=\"text-align: justify;\">\n<li><strong>Curso de meio ano<\/strong> - 22 semanas de aulas + 4 semanas de f\u00e9rias<\/li>\n<li><strong>Curso de um ano inteiro<\/strong> - 44 semanas de aulas + 8 semanas de f\u00e9rias<\/li>\n<\/ul>\n<p style=\"text-align: justify;\">Os cursos est\u00e3o dispon\u00edveis com <strong>20 ou 25 horas por semana<\/strong>, dependendo de suas metas de aprendizado e requisitos de visto.<\/p>\n<h3 style=\"text-align: justify;\">O que est\u00e1 inclu\u00eddo em seu curso de espanhol<\/h3>\n<ul style=\"text-align: justify;\">\n<li>Aulas intensivas (todos os n\u00edveis) com professores qualificados<\/li>\n<li>Certificado de participa\u00e7\u00e3o e conclus\u00e3o<\/li>\n<li>Assist\u00eancia para transporte local e excurs\u00f5es culturais<\/li>\n<li>Suporte local e orienta\u00e7\u00e3o sobre vistos 24 horas por dia, 7 dias por semana<\/li>\n<li>Acomoda\u00e7\u00e3o e traslados do aeroporto mediante solicita\u00e7\u00e3o<\/li>\n<\/ul>\n<h3 style=\"text-align: justify;\">Resultados de aprendizagem - Aprenda espanhol na Espanha<\/h3>\n<ul style=\"text-align: justify;\">\n<li>Desenvolver confian\u00e7a para falar espanhol em situa\u00e7\u00f5es cotidianas<\/li>\n<li>Aprimorar a gram\u00e1tica, o vocabul\u00e1rio e a pron\u00fancia<\/li>\n<li>Compreender a cultura e as tradi\u00e7\u00f5es espanholas<\/li>\n<li>Preparar-se para exames oficiais como o DELE ou o SIELE (opcional)<\/li>\n<\/ul>\n<h3 style=\"text-align: justify;\">Op\u00e7\u00f5es de acomoda\u00e7\u00e3o para estudantes<\/h3>\n<ul style=\"text-align: justify;\">\n<li>Cuidadosamente selecionado <strong>fam\u00edlias anfitri\u00e3s<\/strong> para imers\u00e3o total<\/li>\n<li><strong>Resid\u00eancias estudantis<\/strong> com supervis\u00e3o e instala\u00e7\u00f5es compartilhadas<\/li>\n<li>Apartamentos privativos dispon\u00edveis mediante solicita\u00e7\u00e3o<\/li>\n<\/ul>\n<h3 style=\"text-align: justify;\">Destinos de estudo na Espanha<\/h3>\n<p style=\"text-align: justify;\">Escolha entre os principais destinos na Espanha, incluindo <strong>Alicante, Val\u00eancia, Madri, Barcelona, Malaga, Salamanca e Sevilha<\/strong>. Todas as escolas parceiras s\u00e3o credenciadas e t\u00eam localiza\u00e7\u00e3o central, oferecendo instala\u00e7\u00f5es modernas e ambientes acolhedores.<\/p>\n<h3 style=\"text-align: justify;\">Apoio ao estudante e orienta\u00e7\u00e3o sobre vistos<\/h3>\n<p style=\"text-align: justify;\">O HolaSpain fornece todos os documentos necess\u00e1rios para a solicita\u00e7\u00e3o de visto, incluindo o documento oficial de identidade. <strong>carta de inscri\u00e7\u00e3o<\/strong> e <strong>confirma\u00e7\u00e3o de pagamento<\/strong>. Nossa equipe auxilia durante todo o processo at\u00e9 a sua chegada \u00e0 Espanha.<\/p>\n<blockquote>\n<p style=\"text-align: justify;\">These programmes are designed for adult learners aged 18 and over who wish to live and study in Spain for 6 to 12 months. No previous Spanish knowledge is required. Available for Bildungsurlaub, Erasmus+ and CSN (Centrala studiest\u00f6dsn\u00e4mnden).<\/p>\n<\/blockquote>\n\n\t\t<\/div>\n\t<\/div>\n<\/div><\/div><\/div><\/div><div class=\"vc_row wpb_row vc_row-fluid\"><div class=\"wpb_column vc_column_container vc_col-sm-6\"><div class=\"vc_column-inner\"><div class=\"wpb_wrapper\"><div class=\"vc_btn3-container vc_btn3-center vc_do_btn\" ><a class=\"vc_general vc_btn3 vc_btn3-size-lg vc_btn3-shape-rounded vc_btn3-style-modern vc_btn3-color-black\" href=\"https:\/\/holaspain.agency\/pt\/taxas-de-cursos-de-espanhol-de-longa-duracao\/\" title=\"Pre\u00e7os dos cursos de espanhol de longa dura\u00e7\u00e3o\">Compare pre\u00e7os e obtenha minha melhor op\u00e7\u00e3o<\/a><\/div><\/div><\/div><\/div><div class=\"wpb_column vc_column_container vc_col-sm-6\"><div class=\"vc_column-inner\"><div class=\"wpb_wrapper\"><div class=\"vc_btn3-container vc_btn3-center vc_do_btn\" ><a class=\"vc_general vc_btn3 vc_btn3-size-lg vc_btn3-shape-rounded vc_btn3-style-modern vc_btn3-color-black\" href=\"https:\/\/holaspain.agency\/pt\/faqs-sobre-cursos-de-espanhol-de-longa-duracao\/\" title=\"Pre\u00e7os dos cursos de espanhol de longa dura\u00e7\u00e3o\">Obter respostas para Meu plano de estudos na Espanha<\/a><\/div><\/div><\/div><\/div><\/div><div class=\"vc_row wpb_row vc_row-fluid\"><div class=\"wpb_column vc_column_container vc_col-sm-12\"><div class=\"vc_column-inner\"><div class=\"wpb_wrapper\"><section class=\"vc_cta3-container\"><div class=\"vc_general vc_do_cta3 vc_cta3 vc_cta3-style-outline vc_cta3-shape-rounded vc_cta3-align-left vc_cta3-color-classic vc_cta3-icon-size-md vc_cta3-icons-left vc_cta3-actions-right\"><div class=\"vc_cta3-icons\"><div class=\"vc_icon_element vc_icon_element-outer vc_do_icon vc_icon_element-align-left\"><div class=\"vc_icon_element-inner vc_icon_element-color-turquoise vc_icon_element-size-md vc_icon_element-style- vc_icon_element-background-color-grey\" ><span class=\"vc_icon_element-icon fa fa-solid fa-arrow-right-from-bracket\" ><\/span><\/div><\/div><\/div><div class=\"vc_cta3_content-container\"><div class=\"vc_cta3-content\"><header class=\"vc_cta3-content-header\"><h2>Comece sua aventura espanhola hoje mesmo!<\/h2><\/header><p>Tem d\u00favidas ou deseja encontrar o curso de espanhol perfeito? Entre em contato com o HolaSpain hoje mesmo e deixe-nos ajud\u00e1-lo a planejar sua experi\u00eancia de aprendizado na Espanha.<\/p>\n<\/div><div class=\"vc_cta3-actions\"><div class=\"vc_btn3-container vc_btn3-inline vc_do_btn\" ><a class=\"vc_general vc_btn3 vc_btn3-size-md vc_btn3-shape-rounded vc_btn3-style-modern vc_btn3-color-info\" href=\"https:\/\/holaspain.agency\/pt\/#contact\" title=\"\">Entre em contato hoje mesmo<\/a><\/div><\/div><\/div><\/div><\/section><\/div><\/div><\/div><\/div>\n<\/div>","protected":false},"excerpt":{"rendered":"<p>Cursos de espanhol de longa dura\u00e7\u00e3o credenciados para adultos que desejam viver e estudar na Espanha por 6 a 12 meses, combinando aulas intensivas, imers\u00e3o cultural e suporte local e de visto completo.<\/p>","protected":false},"author":1,"featured_media":2143,"parent":0,"menu_order":0,"comment_status":"closed","ping_status":"closed","template":"","meta":{"_seopress_robots_primary_cat":"","_seopress_titles_title":"%%sitetitle%% %%sep%% %%post_title%%","_seopress_titles_desc":"Accredited long-term Spanish courses in Spain for adults. Visa-ready programmes with 20\u201325 hours weekly, full support, and top destinations.","_seopress_robots_index":"","_daextam_enable_autolinks":"1","footnotes":""},"categories":[62],"tags":[],"class_list":["post-2123","page","type-page","status-publish","has-post-thumbnail","hentry","category-courses"],"_links":{"self":[{"href":"https:\/\/holaspain.agency\/pt\/wp-json\/wp\/v2\/pages\/2123","targetHints":{"allow":["GET"]}}],"collection":[{"href":"https:\/\/holaspain.agency\/pt\/wp-json\/wp\/v2\/pages"}],"about":[{"href":"https:\/\/holaspain.agency\/pt\/wp-json\/wp\/v2\/types\/page"}],"author":[{"embeddable":true,"href":"https:\/\/holaspain.agency\/pt\/wp-json\/wp\/v2\/users\/1"}],"replies":[{"embeddable":true,"href":"https:\/\/holaspain.agency\/pt\/wp-json\/wp\/v2\/comments?post=2123"}],"version-history":[{"count":21,"href":"https:\/\/holaspain.agency\/pt\/wp-json\/wp\/v2\/pages\/2123\/revisions"}],"predecessor-version":[{"id":2497,"href":"https:\/\/holaspain.agency\/pt\/wp-json\/wp\/v2\/pages\/2123\/revisions\/2497"}],"wp:featuredmedia":[{"embeddable":true,"href":"https:\/\/holaspain.agency\/pt\/wp-json\/wp\/v2\/media\/2143"}],"wp:attachment":[{"href":"https:\/\/holaspain.agency\/pt\/wp-json\/wp\/v2\/media?parent=2123"}],"wp:term":[{"taxonomy":"category","embeddable":true,"href":"https:\/\/holaspain.agency\/pt\/wp-json\/wp\/v2\/categories?post=2123"},{"taxonomy":"post_tag","embeddable":true,"href":"https:\/\/holaspain.agency\/pt\/wp-json\/wp\/v2\/tags?post=2123"}],"curies":[{"name":"wp","href":"https:\/\/api.w.org\/{rel}","templated":true}]}}