{"id":2122,"date":"2025-11-10T16:04:03","date_gmt":"2025-11-10T16:04:03","guid":{"rendered":"https:\/\/holaspain.agency\/?page_id=2122"},"modified":"2025-11-24T12:17:17","modified_gmt":"2025-11-24T12:17:17","slug":"short-term-spanish-courses-for-adults","status":"publish","type":"page","link":"https:\/\/holaspain.agency\/pt\/short-term-spanish-courses-for-adults\/","title":{"rendered":"Cursos de espanhol de curta dura\u00e7\u00e3o para adultos"},"content":{"rendered":"<div class=\"wpb-content-wrapper\"><div class=\"vc_row wpb_row vc_row-fluid\"><div class=\"wpb_column vc_column_container vc_col-sm-12\"><div class=\"vc_column-inner\"><div class=\"wpb_wrapper\">\n\t<div class=\"wpb_text_column wpb_content_element\" >\n\t\t<div class=\"wpb_wrapper\">\n\t\t\t<h1 style=\"text-align: justify;\">Cursos de espanhol de curta dura\u00e7\u00e3o na Espanha para adultos<\/h1>\n<p style=\"text-align: justify;\"><em>Datas de in\u00edcio flex\u00edveis - 1 a 12 semanas - Todos os n\u00edveis<\/em><\/p>\n<blockquote>\n<p style=\"text-align: justify;\">O HolaSpain oferece cursos de espanhol credenciados de curta dura\u00e7\u00e3o na Espanha para adultos que desejam melhorar seu espanhol rapidamente por meio de uma experi\u00eancia imersiva. Ideal para f\u00e9rias, pausas para estudo ou desenvolvimento profissional, nossos cursos combinam o aprendizado pr\u00e1tico do idioma com a descoberta cultural.<\/p>\n<\/blockquote>\n<h2 style=\"text-align: justify;\">Op\u00e7\u00f5es de programas - Cursos de espanhol de curta dura\u00e7\u00e3o<\/h2>\n<ul style=\"text-align: justify;\">\n<li><strong>Cursos de 1 a 4 semanas<\/strong> - Perfeito para iniciantes ou viajantes que buscam uma introdu\u00e7\u00e3o intensiva ao espanhol.<\/li>\n<li><strong>Cursos de 5 a 8 semanas<\/strong> - Ritmo de aprendizado equilibrado para um progresso constante em gram\u00e1tica, vocabul\u00e1rio e flu\u00eancia.<\/li>\n<li><strong>Cursos de 9 a 12 semanas<\/strong> - Imers\u00e3o mais profunda para aqueles que desejam atingir um n\u00edvel avan\u00e7ado de comunica\u00e7\u00e3o.<\/li>\n<\/ul>\n<p style=\"text-align: justify;\">Os cursos est\u00e3o dispon\u00edveis com <strong>20 ou 25 horas por semana<\/strong>, dependendo de seus objetivos de aprendizado e da intensidade preferida.<\/p>\n<h3 style=\"text-align: justify;\">O que est\u00e1 inclu\u00eddo em seu curso de espanhol<\/h3>\n<ul style=\"text-align: justify;\">\n<li>Aulas din\u00e2micas (todos os n\u00edveis) com professores nativos qualificados<\/li>\n<li>Certificado de participa\u00e7\u00e3o e n\u00edvel alcan\u00e7ado<\/li>\n<li>Atividades culturais e sociais semanais<\/li>\n<li>Suporte local, orienta\u00e7\u00e3o e guia durante toda a sua estadia<\/li>\n<li>Acomoda\u00e7\u00e3o e traslados do aeroporto dispon\u00edveis mediante solicita\u00e7\u00e3o<\/li>\n<\/ul>\n<h3 style=\"text-align: justify;\">Resultados de aprendizagem - Aprenda espanhol na Espanha<\/h3>\n<ul style=\"text-align: justify;\">\n<li>Adquira habilidades pr\u00e1ticas de comunica\u00e7\u00e3o para situa\u00e7\u00f5es da vida real<\/li>\n<li>Desenvolver a confian\u00e7a em falar, ouvir e compreender<\/li>\n<li>Aprimorar a gram\u00e1tica, a pron\u00fancia e a compreens\u00e3o cultural<\/li>\n<li>Prepara\u00e7\u00e3o opcional para os exames DELE ou SIELE<\/li>\n<\/ul>\n<h3 style=\"text-align: justify;\">Destinos de estudo na Espanha<\/h3>\n<p style=\"text-align: justify;\">Escolha entre os principais destinos na Espanha, incluindo <strong>Alicante, Val\u00eancia, Madri, Barcelona, Malaga, Salamanca e Sevilha<\/strong>. Todas as escolas parceiras s\u00e3o credenciadas e t\u00eam localiza\u00e7\u00e3o central, oferecendo instala\u00e7\u00f5es modernas e ambientes acolhedores.<\/p>\n<h3 style=\"text-align: justify;\">Op\u00e7\u00f5es de acomoda\u00e7\u00e3o para estudantes<\/h3>\n<ul style=\"text-align: justify;\">\n<li><strong>Fam\u00edlias anfitri\u00e3s<\/strong> para uma imers\u00e3o cultural e lingu\u00edstica completa<\/li>\n<li><strong>Resid\u00eancias estudantis<\/strong> com instala\u00e7\u00f5es e supervis\u00e3o compartilhadas<\/li>\n<li>Apartamentos privados dispon\u00edveis mediante solicita\u00e7\u00e3o<\/li>\n<\/ul>\n<h3 style=\"text-align: justify;\">Suporte ao aluno e matr\u00edcula<\/h3>\n<p style=\"text-align: justify;\">O HolaSpain oferece assist\u00eancia completa antes e durante a sua estadia, incluindo orienta\u00e7\u00e3o antes da chegada, organiza\u00e7\u00e3o da acomoda\u00e7\u00e3o e coordena\u00e7\u00e3o local. Nossa equipe garante que todos os detalhes sejam cobertos para que voc\u00ea possa se concentrar em aproveitar sua experi\u00eancia de aprendizado na Espanha.<\/p>\n<blockquote>\n<p style=\"text-align: justify;\">Esses programas de curto prazo est\u00e3o abertos a alunos adultos com 18 anos ou mais, de n\u00edveis iniciantes a avan\u00e7ados. Os cursos podem come\u00e7ar em qualquer segunda-feira, durante todo o ano. Dispon\u00edvel para Bildungsurlaub, Erasmus+ e CSN (Centrala studiest\u00f6dsn\u00e4mnden).<\/p>\n<\/blockquote>\n\n\t\t<\/div>\n\t<\/div>\n<section class=\"vc_cta3-container\"><div class=\"vc_general vc_do_cta3 vc_cta3 vc_cta3-style-outline vc_cta3-shape-rounded vc_cta3-align-left vc_cta3-color-classic vc_cta3-icon-size-md vc_cta3-icons-left vc_cta3-actions-right\"><div class=\"vc_cta3-icons\"><div class=\"vc_icon_element vc_icon_element-outer vc_do_icon vc_icon_element-align-left\"><div class=\"vc_icon_element-inner vc_icon_element-color-turquoise vc_icon_element-size-md vc_icon_element-style- vc_icon_element-background-color-grey\" ><span class=\"vc_icon_element-icon fa fa-solid fa-arrow-right-from-bracket\" ><\/span><\/div><\/div><\/div><div class=\"vc_cta3_content-container\"><div class=\"vc_cta3-content\"><header class=\"vc_cta3-content-header\"><h2>Comece sua aventura espanhola hoje mesmo!<\/h2><\/header><p>Tem d\u00favidas ou deseja encontrar o curso de espanhol perfeito? Entre em contato com o HolaSpain hoje mesmo e deixe-nos ajud\u00e1-lo a planejar sua experi\u00eancia de aprendizado na Espanha.<\/p>\n<\/div><div class=\"vc_cta3-actions\"><div class=\"vc_btn3-container vc_btn3-inline vc_do_btn\" ><a class=\"vc_general vc_btn3 vc_btn3-size-md vc_btn3-shape-rounded vc_btn3-style-modern vc_btn3-color-info\" href=\"https:\/\/holaspain.agency\/pt\/#contact\" title=\"\">Entre em contato hoje mesmo<\/a><\/div><\/div><\/div><\/div><\/section><\/div><\/div><\/div><\/div>\n<\/div>","protected":false},"excerpt":{"rendered":"<p>Cursos de espanhol de curta dura\u00e7\u00e3o para adultos que buscam uma experi\u00eancia flex\u00edvel e imersiva na Espanha. De uma semana a dois meses, desfrute de aulas din\u00e2micas, excurs\u00f5es culturais e acomoda\u00e7\u00f5es confort\u00e1veis.<\/p>","protected":false},"author":1,"featured_media":2142,"parent":0,"menu_order":0,"comment_status":"closed","ping_status":"closed","template":"","meta":{"_seopress_robots_primary_cat":"","_seopress_titles_title":"%%sitetitle%% %%sep%% %%post_title%%","_seopress_titles_desc":"Short accredited Spanish courses in Spain for adults. Study 1\u201312 weeks with immersive lessons, culture and full local support.","_seopress_robots_index":"","_daextam_enable_autolinks":"1","footnotes":""},"categories":[62],"tags":[],"class_list":["post-2122","page","type-page","status-publish","has-post-thumbnail","hentry","category-courses"],"_links":{"self":[{"href":"https:\/\/holaspain.agency\/pt\/wp-json\/wp\/v2\/pages\/2122","targetHints":{"allow":["GET"]}}],"collection":[{"href":"https:\/\/holaspain.agency\/pt\/wp-json\/wp\/v2\/pages"}],"about":[{"href":"https:\/\/holaspain.agency\/pt\/wp-json\/wp\/v2\/types\/page"}],"author":[{"embeddable":true,"href":"https:\/\/holaspain.agency\/pt\/wp-json\/wp\/v2\/users\/1"}],"replies":[{"embeddable":true,"href":"https:\/\/holaspain.agency\/pt\/wp-json\/wp\/v2\/comments?post=2122"}],"version-history":[{"count":5,"href":"https:\/\/holaspain.agency\/pt\/wp-json\/wp\/v2\/pages\/2122\/revisions"}],"predecessor-version":[{"id":2248,"href":"https:\/\/holaspain.agency\/pt\/wp-json\/wp\/v2\/pages\/2122\/revisions\/2248"}],"wp:featuredmedia":[{"embeddable":true,"href":"https:\/\/holaspain.agency\/pt\/wp-json\/wp\/v2\/media\/2142"}],"wp:attachment":[{"href":"https:\/\/holaspain.agency\/pt\/wp-json\/wp\/v2\/media?parent=2122"}],"wp:term":[{"taxonomy":"category","embeddable":true,"href":"https:\/\/holaspain.agency\/pt\/wp-json\/wp\/v2\/categories?post=2122"},{"taxonomy":"post_tag","embeddable":true,"href":"https:\/\/holaspain.agency\/pt\/wp-json\/wp\/v2\/tags?post=2122"}],"curies":[{"name":"wp","href":"https:\/\/api.w.org\/{rel}","templated":true}]}}