{"id":21,"date":"2016-09-05T20:27:12","date_gmt":"2016-09-05T20:27:12","guid":{"rendered":"http:\/\/demos.famethemes.com\/screenr-plus\/?page_id=21"},"modified":"2025-11-05T11:41:28","modified_gmt":"2025-11-05T11:41:28","slug":"servicos-personalizados-para-grupos-de-escolas","status":"publish","type":"page","link":"https:\/\/holaspain.agency\/pt\/tailored-services-for-schools-groups\/","title":{"rendered":"Servi\u00e7os sob medida para grupos de escolas"},"content":{"rendered":"<div class=\"wpb-content-wrapper\"><div class=\"vc_row wpb_row vc_row-fluid\"><div class=\"wpb_column vc_column_container vc_col-sm-12\"><div class=\"vc_column-inner\"><div class=\"wpb_wrapper\">\n\t<div class=\"wpb_text_column wpb_content_element\" >\n\t\t<div class=\"wpb_wrapper\">\n\t\t\t<h1>Servi\u00e7os sob medida para grupos de escolas<\/h1>\n<h2>Programas de grupo personalizados para escolas secund\u00e1rias<\/h2>\n<p>Ofertas Hola Espanha <strong>servi\u00e7os personalizados para escolas<\/strong>, A escola de idiomas da Universidade de S\u00e3o Paulo (USP), em S\u00e3o Paulo, oferece uma experi\u00eancia inesquec\u00edvel de imers\u00e3o em espanhol para grupos de escolas secund\u00e1rias. Nossos programas combinam aprendizado de idiomas, atividades culturais e suporte completo para garantir que todos os alunos se beneficiem e aproveitem sua estadia.<\/p>\n<h2>Por que escolher o Hola Spain para grupos escolares?<\/h2>\n<ul>\n<li>Experi\u00eancia em receber grupos escolares internacionais<\/li>\n<li>Op\u00e7\u00f5es de acomoda\u00e7\u00e3o seguras e supervisionadas<\/li>\n<li>Imers\u00e3o total na l\u00edngua e na cultura espanholas<\/li>\n<li>Programas flex\u00edveis adaptados \u00e0s necessidades da escola<\/li>\n<\/ul>\n<h2>Op\u00e7\u00f5es de acomoda\u00e7\u00e3o para grupos de estudantes<\/h2>\n<h3>Fam\u00edlias anfitri\u00e3s - Aprenda espanhol naturalmente<\/h3>\n<p>Hospede-se com pessoas cuidadosamente selecionadas <strong>Fam\u00edlias anfitri\u00e3s espanholas<\/strong> para vivenciar a vida cotidiana na Espanha. Os alunos aprimoram suas habilidades no idioma enquanto compartilham refei\u00e7\u00f5es, atividades e conversas em um ambiente de apoio.<\/p>\n<h3>Resid\u00eancias estudantis - Conforto e independ\u00eancia<\/h3>\n<p>Nosso <strong>resid\u00eancias estudantis na Espanha<\/strong> s\u00e3o perfeitas para grupos escolares que buscam independ\u00eancia e, ao mesmo tempo, permanecem em um ambiente seguro e estruturado. As resid\u00eancias oferecem quartos compartilhados, \u00e1reas comuns e acesso a atividades em grupo.<\/p>\n<h3>Apartamentos compartilhados - Flexibilidade para grupos<\/h3>\n<p>Para alunos mais velhos ou grupos que buscam flexibilidade, <strong>apartamentos compartilhados<\/strong> oferecem um equil\u00edbrio entre independ\u00eancia e comunidade. Os apartamentos s\u00e3o totalmente equipados e t\u00eam localiza\u00e7\u00e3o central para facilitar o acesso a atividades e aulas.<\/p>\n<h2>Servi\u00e7os de suporte para grupos escolares<\/h2>\n<p>O Hola Spain garante que todos os grupos recebam <strong>servi\u00e7os de suporte<\/strong> durante sua estadia:<\/p>\n<ul>\n<li><strong>Recep\u00e7\u00e3o e entrega no aeroporto<\/strong> para chegadas e partidas tranquilas<\/li>\n<li><strong>Suporte de emerg\u00eancia 24 horas por dia, 7 dias por semana<\/strong> para todos os alunos<\/li>\n<li><strong>Coordenadores de grupo dedicados<\/strong> gerenciar cronogramas e atividades<\/li>\n<li><strong>Excurs\u00f5es e workshops culturais<\/strong> adaptado aos interesses do grupo<\/li>\n<\/ul>\n\n\t\t<\/div>\n\t<\/div>\n<section class=\"vc_cta3-container\"><div class=\"vc_general vc_do_cta3 vc_cta3 vc_cta3-style-outline vc_cta3-shape-rounded vc_cta3-align-left vc_cta3-color-classic vc_cta3-icon-size-md vc_cta3-icons-left vc_cta3-actions-right\"><div class=\"vc_cta3-icons\"><div class=\"vc_icon_element vc_icon_element-outer vc_do_icon vc_icon_element-align-left\"><div class=\"vc_icon_element-inner vc_icon_element-color-turquoise vc_icon_element-size-md vc_icon_element-style- vc_icon_element-background-color-grey\" ><span class=\"vc_icon_element-icon fa fa-solid fa-arrow-right-from-bracket\" ><\/span><\/div><\/div><\/div><div class=\"vc_cta3_content-container\"><div class=\"vc_cta3-content\"><header class=\"vc_cta3-content-header\"><h2>Planeje o programa de imers\u00e3o em espanhol da sua escola<\/h2><\/header><p style=\"text-align: justify;\">N\u00e3o importa se a sua escola est\u00e1 planejando uma viagem curta ou um programa de estudos mais longo, o Hola Spain oferece <strong>solu\u00e7\u00f5es personalizadas para grupos escolares<\/strong>. N\u00f3s o ajudamos a criar a combina\u00e7\u00e3o perfeita de aprendizado de idiomas, experi\u00eancias culturais e supervis\u00e3o para garantir que cada aluno tenha uma experi\u00eancia segura, divertida e educativa.<\/p>\n<\/div><div class=\"vc_cta3-actions\"><div class=\"vc_btn3-container vc_btn3-inline vc_do_btn\" ><a class=\"vc_general vc_btn3 vc_btn3-size-md vc_btn3-shape-rounded vc_btn3-style-modern vc_btn3-color-info\" href=\"https:\/\/holaspain.agency\/pt\/#contact\" title=\"\">Entre em contato hoje mesmo<\/a><\/div><\/div><\/div><\/div><\/section><\/div><\/div><\/div><\/div>\n<\/div>","protected":false},"excerpt":{"rendered":"<p>Nossos programas combinam aprendizado de idiomas, atividades culturais e suporte total para garantir que todos os alunos se beneficiem e aproveitem sua estadia.<\/p>","protected":false},"author":1,"featured_media":1404,"parent":0,"menu_order":0,"comment_status":"closed","ping_status":"closed","template":"","meta":{"_seopress_robots_primary_cat":"","_seopress_titles_title":"%%sitetitle%% %%sep%% %%post_title%%","_seopress_titles_desc":"Tailored Services for Schools Groups \u2014 Hola Spain helps secondary schools send student groups for a safe, immersive Spanish experience.","_seopress_robots_index":"","_daextam_enable_autolinks":"","footnotes":""},"categories":[61],"tags":[],"class_list":["post-21","page","type-page","status-publish","has-post-thumbnail","hentry","category-services"],"_links":{"self":[{"href":"https:\/\/holaspain.agency\/pt\/wp-json\/wp\/v2\/pages\/21","targetHints":{"allow":["GET"]}}],"collection":[{"href":"https:\/\/holaspain.agency\/pt\/wp-json\/wp\/v2\/pages"}],"about":[{"href":"https:\/\/holaspain.agency\/pt\/wp-json\/wp\/v2\/types\/page"}],"author":[{"embeddable":true,"href":"https:\/\/holaspain.agency\/pt\/wp-json\/wp\/v2\/users\/1"}],"replies":[{"embeddable":true,"href":"https:\/\/holaspain.agency\/pt\/wp-json\/wp\/v2\/comments?post=21"}],"version-history":[{"count":7,"href":"https:\/\/holaspain.agency\/pt\/wp-json\/wp\/v2\/pages\/21\/revisions"}],"predecessor-version":[{"id":1708,"href":"https:\/\/holaspain.agency\/pt\/wp-json\/wp\/v2\/pages\/21\/revisions\/1708"}],"wp:featuredmedia":[{"embeddable":true,"href":"https:\/\/holaspain.agency\/pt\/wp-json\/wp\/v2\/media\/1404"}],"wp:attachment":[{"href":"https:\/\/holaspain.agency\/pt\/wp-json\/wp\/v2\/media?parent=21"}],"wp:term":[{"taxonomy":"category","embeddable":true,"href":"https:\/\/holaspain.agency\/pt\/wp-json\/wp\/v2\/categories?post=21"},{"taxonomy":"post_tag","embeddable":true,"href":"https:\/\/holaspain.agency\/pt\/wp-json\/wp\/v2\/tags?post=21"}],"curies":[{"name":"wp","href":"https:\/\/api.w.org\/{rel}","templated":true}]}}