{"id":2034,"date":"2025-11-06T10:06:46","date_gmt":"2025-11-06T10:06:46","guid":{"rendered":"https:\/\/holaspain.agency\/?page_id=2034"},"modified":"2026-01-20T10:40:23","modified_gmt":"2026-01-20T10:40:23","slug":"cursos-de-imersao-em-espanhol-espanha","status":"publish","type":"page","link":"https:\/\/holaspain.agency\/pt\/spanish-immersion-courses-spain\/","title":{"rendered":"Cursos de imers\u00e3o em espanhol na Espanha"},"content":{"rendered":"<div class=\"wpb-content-wrapper\"><div class=\"vc_row wpb_row vc_row-fluid\"><div class=\"wpb_column vc_column_container vc_col-sm-12\"><div class=\"vc_column-inner\"><div class=\"wpb_wrapper\">\n\t<div class=\"wpb_text_column wpb_content_element\" >\n\t\t<div class=\"wpb_wrapper\">\n\t\t\t<h1 style=\"text-align: justify;\">Aprenda espanhol na Espanha com suporte completo e imers\u00e3o cultural<\/h1>\n<h2 style=\"text-align: justify;\">Programas de l\u00edngua espanhola para todas as idades e n\u00edveis<\/h2>\n<p style=\"text-align: justify;\">O HolaSpain conecta voc\u00ea com cursos de espanhol credenciados em toda a Espanha, adaptados para adolescentes, adultos, grupos escolares e profissionais. Nossos programas v\u00e3o al\u00e9m do aprendizado em sala de aula, integrando a pr\u00e1tica da comunica\u00e7\u00e3o na vida real, a explora\u00e7\u00e3o cultural e o suporte log\u00edstico completo.<\/p>\n<h3 style=\"text-align: justify;\">Cursos de espanhol com atividades e assist\u00eancia completa<\/h3>\n<p style=\"text-align: justify;\">Quer voc\u00ea seja iniciante ou j\u00e1 saiba espanhol, nossas escolas parceiras oferecem aulas interativas nos principais destinos, como Madri, Barcelona, Sevilha, Malaga e Salamanca. Sua experi\u00eancia \u00e9 enriquecida com atividades culturais, op\u00e7\u00f5es de acomoda\u00e7\u00e3o e suporte dedicado do in\u00edcio ao fim.<\/p>\n<h2 style=\"text-align: justify;\">Estudar espanhol na Espanha: Cursos, vistos, acomoda\u00e7\u00e3o e servi\u00e7os de apoio<\/h2>\n<p style=\"text-align: justify;\">A HolaSpain oferece um pacote completo de servi\u00e7os: cursos de idiomas, organiza\u00e7\u00e3o de acomoda\u00e7\u00f5es, orienta\u00e7\u00e3o sobre vistos de estudante para alunos de fora da UE, suporte de seguro-sa\u00fade, programas de imers\u00e3o cultural e servi\u00e7os personalizados para grupos escolares. N\u00f3s cuidamos dos detalhes - voc\u00ea se concentra em aprender e viver a experi\u00eancia espanhola.<\/p>\n<h3 style=\"text-align: justify;\">Experi\u00eancias de estudo de espanhol com tudo inclu\u00eddo na Espanha<\/h3>\n<p style=\"text-align: justify;\">Desde a inscri\u00e7\u00e3o at\u00e9 a chegada, o HolaSpain apoia estudantes, profissionais e grupos com orienta\u00e7\u00e3o personalizada. Op\u00e7\u00f5es de financiamento como Erasmus+, Bildungsurlaub, PCTO e CSN tamb\u00e9m est\u00e3o dispon\u00edveis em parceria com nossas escolas credenciadas. Descubra uma maneira simples e enriquecedora de aprender espanhol enquanto vivencia a cultura e o estilo de vida da Espanha.<\/p>\n\n\t\t<\/div>\n\t<\/div>\n\n<div class=\"vc_grid-container-wrapper vc_clearfix vc_grid-animation-none\">\n\t<div class=\"vc_grid-container vc_clearfix wpb_content_element vc_masonry_grid\" data-initial-loading-animation=\"none\" data-vc-grid-settings=\"{&quot;page_id&quot;:2034,&quot;style&quot;:&quot;all-masonry&quot;,&quot;action&quot;:&quot;vc_get_vc_grid_data&quot;,&quot;shortcode_id&quot;:&quot;1768905610451-5efb7850-0f42-4&quot;,&quot;tag&quot;:&quot;vc_masonry_grid&quot;}\" data-vc-request=\"https:\/\/holaspain.agency\/wp-admin\/admin-ajax.php\" data-vc-post-id=\"2034\" data-vc-public-nonce=\"9ffa800287\">\n\t\t\n\t<\/div>\n<\/div><\/div><\/div><\/div><\/div>\n<\/div>","protected":false},"excerpt":{"rendered":"Learn Spanish in Spain with Complete Support and Cultural Immersion Spanish Language Programmes for All Ages and Levels HolaSpain connects you with accredited Spanish language courses across Spain, tailored to teenagers, adults, school groups, and professionals. Our programmes go beyond classroom learning by integrating real-life communication practice, cultural exploration, and...","protected":false},"author":1,"featured_media":2038,"parent":0,"menu_order":0,"comment_status":"closed","ping_status":"closed","template":"","meta":{"_seopress_robots_primary_cat":"","_seopress_titles_title":"%%sitetitle%% %%sep%% %%post_title%%","_seopress_titles_desc":"Spanish immersion courses in Spain with cultural activities, accommodation, and full support. Learn Spanish and live the culture with HolaSpain.","_seopress_robots_index":"","_daextam_enable_autolinks":"1","footnotes":""},"categories":[],"tags":[],"class_list":["post-2034","page","type-page","status-publish","has-post-thumbnail","hentry"],"_links":{"self":[{"href":"https:\/\/holaspain.agency\/pt\/wp-json\/wp\/v2\/pages\/2034","targetHints":{"allow":["GET"]}}],"collection":[{"href":"https:\/\/holaspain.agency\/pt\/wp-json\/wp\/v2\/pages"}],"about":[{"href":"https:\/\/holaspain.agency\/pt\/wp-json\/wp\/v2\/types\/page"}],"author":[{"embeddable":true,"href":"https:\/\/holaspain.agency\/pt\/wp-json\/wp\/v2\/users\/1"}],"replies":[{"embeddable":true,"href":"https:\/\/holaspain.agency\/pt\/wp-json\/wp\/v2\/comments?post=2034"}],"version-history":[{"count":10,"href":"https:\/\/holaspain.agency\/pt\/wp-json\/wp\/v2\/pages\/2034\/revisions"}],"predecessor-version":[{"id":2418,"href":"https:\/\/holaspain.agency\/pt\/wp-json\/wp\/v2\/pages\/2034\/revisions\/2418"}],"wp:featuredmedia":[{"embeddable":true,"href":"https:\/\/holaspain.agency\/pt\/wp-json\/wp\/v2\/media\/2038"}],"wp:attachment":[{"href":"https:\/\/holaspain.agency\/pt\/wp-json\/wp\/v2\/media?parent=2034"}],"wp:term":[{"taxonomy":"category","embeddable":true,"href":"https:\/\/holaspain.agency\/pt\/wp-json\/wp\/v2\/categories?post=2034"},{"taxonomy":"post_tag","embeddable":true,"href":"https:\/\/holaspain.agency\/pt\/wp-json\/wp\/v2\/tags?post=2034"}],"curies":[{"name":"wp","href":"https:\/\/api.w.org\/{rel}","templated":true}]}}