{"id":1974,"date":"2025-11-05T11:12:43","date_gmt":"2025-11-05T11:12:43","guid":{"rendered":"https:\/\/holaspain.agency\/?page_id=1974"},"modified":"2026-02-12T16:00:44","modified_gmt":"2026-02-12T16:00:44","slug":"visto-de-estudante-para-a-espanha","status":"publish","type":"page","link":"https:\/\/holaspain.agency\/pt\/student-visa-for-spain\/","title":{"rendered":"Visto de estudante para a Espanha"},"content":{"rendered":"<div class=\"wpb-content-wrapper\"><div class=\"vc_row wpb_row vc_row-fluid\"><div class=\"wpb_column vc_column_container vc_col-sm-12\"><div class=\"vc_column-inner\"><div class=\"wpb_wrapper\">\n\t<div class=\"wpb_text_column wpb_content_element\" >\n\t\t<div class=\"wpb_wrapper\">\n\t\t\t<h1 style=\"text-align: justify;\">Visto de estudante para a Espanha<\/h1>\n<blockquote>\n<p style=\"text-align: justify;\">Os alunos de fora da UE que planejam estudar na Espanha por mais de 90 dias geralmente precisam de um visto de estudante de longa dura\u00e7\u00e3o (Tipo D). HolaSpain ajuda voc\u00ea a escolher uma escola credenciada, obter os documentos oficiais de matr\u00edcula e preparar sua inscri\u00e7\u00e3o para que voc\u00ea possa se concentrar em aprender espanhol e aproveitar a vida na Espanha.<\/p>\n<\/blockquote>\n<p style=\"text-align: justify;\" data-pm-slice=\"0 0 &#091;&#093;\">Trabalhamos exclusivamente com <strong>Escolas de espanhol credenciadas pelo Instituto Cervantes<\/strong>, and we coordinate the documentation typically required for student visa applications. Our partner schools provide high-quality Spanish courses and support throughout the pre-arrival visa process.<\/p>\n<h2 style=\"text-align: justify;\">Quem precisa de um visto de estudante?<\/h2>\n<h4 style=\"text-align: justify;\">Estadias curtas (menos de 90 dias)<\/h4>\n<p style=\"text-align: justify;\">Para cursos com dura\u00e7\u00e3o inferior a 90 dias, os requisitos de visto dependem de sua nacionalidade. Alguns viajantes podem entrar no Espa\u00e7o Schengen sem visto, enquanto outros precisam solicitar um visto de curta dura\u00e7\u00e3o (Schengen). Sempre confirme a exig\u00eancia atual com o consulado espanhol antes de viajar.<\/p>\n<h5 style=\"text-align: justify;\">Exig\u00eancia de visto (refer\u00eancia oficial)<\/h5>\n<p style=\"text-align: justify;\">Em vez de confiar em listas informais de pa\u00edses, recomendamos verificar as listas oficiais da UE de nacionalidades que precisam (ou n\u00e3o) de visto Schengen para estadias curtas e confirmar as regras espec\u00edficas do consulado onde voc\u00ea se inscrever.<\/p>\n<h5 style=\"text-align: justify;\">ETIAS (exig\u00eancia futura para alguns viajantes isentos de visto)<\/h5>\n<p style=\"text-align: justify;\">O ETIAS \u00e9 <strong>ainda n\u00e3o operacional<\/strong>. Uma vez implementado, os viajantes de determinados pa\u00edses isentos de visto precisar\u00e3o de um ETIAS aprovado para estadias curtas. Se estiver planejando uma viagem no futuro, confirme o status e os requisitos mais recentes do ETIAS antes de viajar.<\/p>\n<h4 style=\"text-align: justify;\">Estadias longas (mais de 90 dias)<\/h4>\n<p style=\"text-align: justify;\">Se voc\u00ea planeja estudar por mais de 90 dias, geralmente precisar\u00e1 de um <strong>Visto de estudante tipo D<\/strong> para entrar na Espanha e permanecer legalmente durante o per\u00edodo de seus estudos. Os requisitos exatos e a documenta\u00e7\u00e3o podem variar de acordo com o consulado e com seu programa de estudos espec\u00edfico.<\/p>\n<h2 style=\"text-align: justify;\">Requisitos do curso<\/h2>\n<p style=\"text-align: justify;\">Para se qualificar para um visto de estudante, voc\u00ea deve estar matriculado em um <strong>programa de tempo integral<\/strong>. Para cursos de espanhol, muitos consulados normalmente esperam um <strong>hor\u00e1rio intensivo (geralmente em torno de 20 horas\/semana)<\/strong>, Mas os crit\u00e9rios exatos podem variar de acordo com o consulado e o tipo de programa. Os parceiros do HolaSpain oferecem cursos intensivos projetados para atender \u00e0s expectativas consulares comuns para solicita\u00e7\u00f5es de estudos de longa dura\u00e7\u00e3o.<\/p>\n<h3 style=\"text-align: justify;\">Documentos necess\u00e1rios (t\u00edpicos)<\/h3>\n<ul style=\"text-align: justify;\">\n<li>Formul\u00e1rio de solicita\u00e7\u00e3o de visto preenchido (conforme exigido pelo seu consulado)<\/li>\n<li>Passaporte v\u00e1lido (v\u00e1lido para toda a estadia prevista; podem ser aplicadas regras de validade espec\u00edficas do consulado)<\/li>\n<li>Carta oficial de aceita\u00e7\u00e3o\/matr\u00edcula da escola de espanhol<\/li>\n<li>Comprova\u00e7\u00e3o de recursos financeiros (os requisitos variam; muitos consulados fazem refer\u00eancia aos crit\u00e9rios baseados no IPREM)<\/li>\n<li>Seguro de sa\u00fade privado v\u00e1lido na Espanha (cobertura abrangente; os consulados geralmente n\u00e3o exigem co-pagamentos para o candidato)<\/li>\n<li>Verifica\u00e7\u00e3o de antecedentes criminais (certid\u00e3o policial), se necess\u00e1rio para o seu caso e dura\u00e7\u00e3o<\/li>\n<li>Fotos para passaporte e taxas consulares aplic\u00e1veis<\/li>\n<\/ul>\n<h2 style=\"text-align: justify;\">Como o HolaSpain ajuda - Passo a passo<\/h2>\n<ol style=\"text-align: justify;\">\n<li>Entre em contato com o HolaSpain e escolha sua escola, cidade e datas do curso.<\/li>\n<li>Confirmamos a disponibilidade e as op\u00e7\u00f5es de matr\u00edcula com a escola e enviamos a fatura para prosseguir.<\/li>\n<li>Voc\u00ea faz o pagamento para reservar sua vaga e recebe a confirma\u00e7\u00e3o do pagamento.<\/li>\n<li>Coordenamos os documentos de matr\u00edcula normalmente necess\u00e1rios para a solicita\u00e7\u00e3o do consulado (carta de admiss\u00e3o, detalhes do programa e fatura\/recibo).<\/li>\n<li>O pedido de visto \u00e9 apresentado no consulado\/embaixada da Espanha correspondente ao seu local de resid\u00eancia.<\/li>\n<li>Ap\u00f3s a aprova\u00e7\u00e3o do visto, providencie a viagem e a acomoda\u00e7\u00e3o; podemos ajudar com op\u00e7\u00f5es de hospedagem e traslado do aeroporto.<\/li>\n<\/ol>\n<h4 style=\"text-align: justify;\">Tempo de processamento e cronograma<\/h4>\n<p style=\"text-align: justify;\">Os tempos de processamento variam muito de acordo com o consulado e a esta\u00e7\u00e3o do ano. Como regra geral, fa\u00e7a a solicita\u00e7\u00e3o com a anteced\u00eancia permitida pelo seu consulado e reserve um tempo extra para compromissos, legaliza\u00e7\u00e3o de documentos\/apostilas (se necess\u00e1rio) e poss\u00edveis atrasos.<\/p>\n<h4 style=\"text-align: justify;\">Ap\u00f3s a chegada na Espanha (TIE)<\/h4>\n<p style=\"text-align: justify;\">Se sua perman\u00eancia autorizada for maior que <strong>6 meses<\/strong>, Em geral, voc\u00ea precisar\u00e1 solicitar um <strong>TIE (Carteira de Identidade de Estrangeiro)<\/strong> depois de chegar \u00e0 Espanha. Isso \u00e9 feito por meio dos escrit\u00f3rios relevantes da pol\u00edcia\/imigra\u00e7\u00e3o e requer um agendamento.<\/p>\n<h4 style=\"text-align: justify;\">Trabalho e est\u00e1gios<\/h4>\n<p style=\"text-align: justify;\">Os alunos podem ter permiss\u00e3o para trabalhar, desde que seja <strong>compat\u00edvel com seus estudos<\/strong>. Em geral, o trabalho n\u00e3o deve exceder <strong>30 horas por semana<\/strong>. O caminho espec\u00edfico (permiss\u00e3o autom\u00e1tica vs. autoriza\u00e7\u00e3o adicional) pode depender do tipo de estudos e de sua situa\u00e7\u00e3o individual, portanto, recomendamos confirmar as condi\u00e7\u00f5es vinculadas \u00e0 sua autoriza\u00e7\u00e3o, uma vez concedida.<\/p>\n<h4 style=\"text-align: justify;\">Estender ou renovar sua licen\u00e7a<\/h4>\n<p style=\"text-align: justify;\">Muitas vezes \u00e9 poss\u00edvel renovar ou estender a estadia de um estudante na Espanha se voc\u00ea continuar atendendo aos requisitos (por exemplo, matr\u00edcula cont\u00ednua e progresso acad\u00eamico). O HolaSpain pode orient\u00e1-lo nas renova\u00e7\u00f5es e nas etapas administrativas relacionadas.<\/p>\n\n\t\t<\/div>\n\t<\/div>\n\n<div class=\"vc_grid-container-wrapper vc_clearfix vc_grid-animation-none\">\n\t<div class=\"vc_grid-container vc_clearfix wpb_content_element vc_masonry_grid\" data-initial-loading-animation=\"none\" data-vc-grid-settings=\"{&quot;page_id&quot;:1974,&quot;style&quot;:&quot;all-masonry&quot;,&quot;action&quot;:&quot;vc_get_vc_grid_data&quot;,&quot;shortcode_id&quot;:&quot;1770912021257-9600c44d-59dd-10&quot;,&quot;tag&quot;:&quot;vc_masonry_grid&quot;}\" data-vc-request=\"https:\/\/holaspain.agency\/wp-admin\/admin-ajax.php\" data-vc-post-id=\"1974\" data-vc-public-nonce=\"9ffa800287\">\n\t\t\n\t<\/div>\n<\/div><section class=\"vc_cta3-container\"><div class=\"vc_general vc_do_cta3 vc_cta3 vc_cta3-style-outline vc_cta3-shape-rounded vc_cta3-align-left vc_cta3-color-classic vc_cta3-icon-size-md vc_cta3-icons-left vc_cta3-actions-right\"><div class=\"vc_cta3-icons\"><div class=\"vc_icon_element vc_icon_element-outer vc_do_icon vc_icon_element-align-left\"><div class=\"vc_icon_element-inner vc_icon_element-color-turquoise vc_icon_element-size-md vc_icon_element-style- vc_icon_element-background-color-grey\" ><span class=\"vc_icon_element-icon fa fa-solid fa-arrow-right-from-bracket\" ><\/span><\/div><\/div><\/div><div class=\"vc_cta3_content-container\"><div class=\"vc_cta3-content\"><header class=\"vc_cta3-content-header\"><h2>Comece sua aventura espanhola hoje mesmo!<\/h2><\/header><p>Tem d\u00favidas ou deseja encontrar o curso de espanhol perfeito? Entre em contato com o HolaSpain hoje mesmo e deixe-nos ajud\u00e1-lo a planejar sua experi\u00eancia de aprendizado na Espanha.<\/p>\n<\/div><div class=\"vc_cta3-actions\"><div class=\"vc_btn3-container vc_btn3-inline vc_do_btn\" ><a class=\"vc_general vc_btn3 vc_btn3-size-md vc_btn3-shape-rounded vc_btn3-style-modern vc_btn3-color-info\" href=\"https:\/\/holaspain.agency\/pt\/#contact\" title=\"\">Entre em contato hoje mesmo<\/a><\/div><\/div><\/div><\/div><\/section><\/div><\/div><\/div><\/div>\n<\/div>","protected":false},"excerpt":{"rendered":"<p>Os estudantes de fora da UE que permanecerem na Espanha por mais de 90 dias precisam de um visto de estudante de longa dura\u00e7\u00e3o (Tipo D). O HolaSpain o orienta sobre a documenta\u00e7\u00e3o e o processo consular para que voc\u00ea possa se concentrar em estudar e aproveitar a Espanha.<\/p>","protected":false},"author":1,"featured_media":1982,"parent":0,"menu_order":0,"comment_status":"closed","ping_status":"closed","template":"","meta":{"_seopress_robots_primary_cat":"","_seopress_titles_title":"%%sitetitle%% %%sep%% %%post_title%%","_seopress_titles_desc":"Complete guide to applying for a student visa for Spain. Learn about requirements, documents, and steps to successfully obtain your visa and study in Spain.","_seopress_robots_index":"","_daextam_enable_autolinks":"1","footnotes":""},"categories":[61],"tags":[],"class_list":["post-1974","page","type-page","status-publish","has-post-thumbnail","hentry","category-services"],"_links":{"self":[{"href":"https:\/\/holaspain.agency\/pt\/wp-json\/wp\/v2\/pages\/1974","targetHints":{"allow":["GET"]}}],"collection":[{"href":"https:\/\/holaspain.agency\/pt\/wp-json\/wp\/v2\/pages"}],"about":[{"href":"https:\/\/holaspain.agency\/pt\/wp-json\/wp\/v2\/types\/page"}],"author":[{"embeddable":true,"href":"https:\/\/holaspain.agency\/pt\/wp-json\/wp\/v2\/users\/1"}],"replies":[{"embeddable":true,"href":"https:\/\/holaspain.agency\/pt\/wp-json\/wp\/v2\/comments?post=1974"}],"version-history":[{"count":17,"href":"https:\/\/holaspain.agency\/pt\/wp-json\/wp\/v2\/pages\/1974\/revisions"}],"predecessor-version":[{"id":2526,"href":"https:\/\/holaspain.agency\/pt\/wp-json\/wp\/v2\/pages\/1974\/revisions\/2526"}],"wp:featuredmedia":[{"embeddable":true,"href":"https:\/\/holaspain.agency\/pt\/wp-json\/wp\/v2\/media\/1982"}],"wp:attachment":[{"href":"https:\/\/holaspain.agency\/pt\/wp-json\/wp\/v2\/media?parent=1974"}],"wp:term":[{"taxonomy":"category","embeddable":true,"href":"https:\/\/holaspain.agency\/pt\/wp-json\/wp\/v2\/categories?post=1974"},{"taxonomy":"post_tag","embeddable":true,"href":"https:\/\/holaspain.agency\/pt\/wp-json\/wp\/v2\/tags?post=1974"}],"curies":[{"name":"wp","href":"https:\/\/api.w.org\/{rel}","templated":true}]}}