{"id":1956,"date":"2025-11-05T10:46:53","date_gmt":"2025-11-05T10:46:53","guid":{"rendered":"https:\/\/holaspain.agency\/?page_id=1956"},"modified":"2025-11-06T09:44:43","modified_gmt":"2025-11-06T09:44:43","slug":"csn-centrala-studiestodsnamnden","status":"publish","type":"page","link":"https:\/\/holaspain.agency\/pt\/csn-centrala-studiestodsnamnden\/","title":{"rendered":"CSN - Centrala studiest\u00f6dsn\u00e4mnden"},"content":{"rendered":"<div class=\"wpb-content-wrapper\"><div class=\"vc_row wpb_row vc_row-fluid\"><div class=\"wpb_column vc_column_container vc_col-sm-12\"><div class=\"vc_column-inner\"><div class=\"wpb_wrapper\">\n\t<div class=\"wpb_text_column wpb_content_element\" >\n\t\t<div class=\"wpb_wrapper\">\n\t\t\t<h1 style=\"text-align: justify;\">CSN - Estude espanhol na Espanha com apoio financeiro<\/h1>\n<blockquote>\n<p style=\"text-align: justify;\">Com o apoio da CSN (Centrala studiest\u00f6dsn\u00e4mnden), os estudantes suecos podem estudar espanhol na Espanha e receber ajuda financeira. O HolaSpain tem parceria com escolas de espanhol credenciadas que oferecem cursos intensivos de idiomas aprovados pela CSN, permitindo que voc\u00ea aprenda espanhol, ganhe cr\u00e9ditos e mergulhe totalmente na cultura espanhola - tudo isso enquanto desfruta do apoio financeiro do sistema nacional de aux\u00edlio estudantil da Su\u00e9cia.<\/p>\n<\/blockquote>\n<h2 style=\"text-align: justify;\">Por que escolher o HolaSpain para estudos financiados pela CSN?<\/h2>\n<ul style=\"text-align: justify;\">\n<li>Cursos aprovados pela CSN em v\u00e1rias cidades espanholas<\/li>\n<li>Programas intensivos com 20 a 30 aulas por semana<\/li>\n<li>Dispon\u00edvel para todos os n\u00edveis - do iniciante ao avan\u00e7ado<\/li>\n<li>Estude nos principais destinos, como Madri, Val\u00eancia, Malaga e Cadiz<\/li>\n<li>Orienta\u00e7\u00e3o profissional sobre pedidos de CSN e matr\u00edculas em escolas<\/li>\n<\/ul>\n<h2 style=\"text-align: justify;\">Como solicitar a CSN para estudar na Espanha<\/h2>\n<ol style=\"text-align: justify;\">\n<li>Escolha seu curso de espanhol e seu destino com o HolaSpain<\/li>\n<li>Envie seus documentos de inscri\u00e7\u00e3o \u00e0 CSN para aprova\u00e7\u00e3o<\/li>\n<li>Receber sua bolsa de estudos (bidrag) e empr\u00e9stimo (l\u00e5n) da CSN<\/li>\n<li>Comece seu curso de espanhol e experimente a vida no exterior enquanto aprende<\/li>\n<\/ol>\n<h3 style=\"text-align: justify;\">Escolas de espanhol credenciadas para a CSN<\/h3>\n<p style=\"text-align: justify;\">O HolaSpain colabora com escolas de espanhol totalmente credenciadas que atendem aos requisitos de ajuda financeira da CSN. Nossos programas combinam ensino de alta qualidade com atividades culturais, ajudando-o a desenvolver a flu\u00eancia enquanto desfruta das tradi\u00e7\u00f5es locais, da comida e da vida cotidiana na Espanha.<\/p>\n<blockquote>\n<p style=\"text-align: justify;\">Invista em seu futuro, amplie seus horizontes e aprenda espanhol em um ambiente din\u00e2mico e imersivo - com o apoio financeiro da CSN. O HolaSpain torna o estudo na Espanha simples, enriquecedor e inesquec\u00edvel.<\/p>\n<\/blockquote>\n\n\t\t<\/div>\n\t<\/div>\n<section class=\"vc_cta3-container\"><div class=\"vc_general vc_do_cta3 vc_cta3 vc_cta3-style-outline vc_cta3-shape-rounded vc_cta3-align-left vc_cta3-color-classic vc_cta3-icon-size-md vc_cta3-icons-left vc_cta3-actions-right\"><div class=\"vc_cta3-icons\"><div class=\"vc_icon_element vc_icon_element-outer vc_do_icon vc_icon_element-align-left\"><div class=\"vc_icon_element-inner vc_icon_element-color-turquoise vc_icon_element-size-md vc_icon_element-style- vc_icon_element-background-color-grey\" ><span class=\"vc_icon_element-icon fa fa-solid fa-arrow-right-from-bracket\" ><\/span><\/div><\/div><\/div><div class=\"vc_cta3_content-container\"><div class=\"vc_cta3-content\"><header class=\"vc_cta3-content-header\"><h2>Comece sua aventura espanhola hoje mesmo!<\/h2><\/header><p>Tem d\u00favidas ou deseja encontrar o curso de espanhol perfeito? Entre em contato com o HolaSpain hoje mesmo e deixe-nos ajud\u00e1-lo a planejar sua experi\u00eancia de aprendizado na Espanha.<\/p>\n<\/div><div class=\"vc_cta3-actions\"><div class=\"vc_btn3-container vc_btn3-inline vc_do_btn\" ><a class=\"vc_general vc_btn3 vc_btn3-size-md vc_btn3-shape-rounded vc_btn3-style-modern vc_btn3-color-info\" href=\"https:\/\/holaspain.agency\/pt\/#contact\" title=\"\">Entre em contato hoje mesmo<\/a><\/div><\/div><\/div><\/div><\/section><\/div><\/div><\/div><\/div>\n<\/div>","protected":false},"excerpt":{"rendered":"<p>Com o apoio da CSN (Centrala studiest\u00f6dsn\u00e4mnden), os estudantes suecos podem estudar espanhol na Espanha e receber ajuda financeira. O HolaSpain tem parceria com escolas de espanhol credenciadas que oferecem cursos intensivos de idiomas aprovados pela CSN, permitindo que voc\u00ea aprenda espanhol, ganhe cr\u00e9ditos e mergulhe totalmente na cultura espanhola - tudo isso enquanto desfruta do apoio financeiro do sistema nacional de aux\u00edlio estudantil da Su\u00e9cia.<\/p>","protected":false},"author":1,"featured_media":1960,"parent":0,"menu_order":0,"comment_status":"closed","ping_status":"closed","template":"","meta":{"_seopress_robots_primary_cat":"","_seopress_titles_title":"%%sitetitle%% %%sep%% %%post_title%%","_seopress_titles_desc":"Study Spanish in Spain with CSN support. HolaSpain offers CSN-approved intensive courses in cities like Madrid and Valencia for Swedish students.","_seopress_robots_index":"","_daextam_enable_autolinks":"","footnotes":""},"categories":[60],"tags":[],"class_list":["post-1956","page","type-page","status-publish","has-post-thumbnail","hentry","category-eu-programmes"],"_links":{"self":[{"href":"https:\/\/holaspain.agency\/pt\/wp-json\/wp\/v2\/pages\/1956","targetHints":{"allow":["GET"]}}],"collection":[{"href":"https:\/\/holaspain.agency\/pt\/wp-json\/wp\/v2\/pages"}],"about":[{"href":"https:\/\/holaspain.agency\/pt\/wp-json\/wp\/v2\/types\/page"}],"author":[{"embeddable":true,"href":"https:\/\/holaspain.agency\/pt\/wp-json\/wp\/v2\/users\/1"}],"replies":[{"embeddable":true,"href":"https:\/\/holaspain.agency\/pt\/wp-json\/wp\/v2\/comments?post=1956"}],"version-history":[{"count":5,"href":"https:\/\/holaspain.agency\/pt\/wp-json\/wp\/v2\/pages\/1956\/revisions"}],"predecessor-version":[{"id":2015,"href":"https:\/\/holaspain.agency\/pt\/wp-json\/wp\/v2\/pages\/1956\/revisions\/2015"}],"wp:featuredmedia":[{"embeddable":true,"href":"https:\/\/holaspain.agency\/pt\/wp-json\/wp\/v2\/media\/1960"}],"wp:attachment":[{"href":"https:\/\/holaspain.agency\/pt\/wp-json\/wp\/v2\/media?parent=1956"}],"wp:term":[{"taxonomy":"category","embeddable":true,"href":"https:\/\/holaspain.agency\/pt\/wp-json\/wp\/v2\/categories?post=1956"},{"taxonomy":"post_tag","embeddable":true,"href":"https:\/\/holaspain.agency\/pt\/wp-json\/wp\/v2\/tags?post=1956"}],"curies":[{"name":"wp","href":"https:\/\/api.w.org\/{rel}","templated":true}]}}