{"id":19,"date":"2016-09-05T20:18:10","date_gmt":"2016-09-05T20:18:10","guid":{"rendered":"http:\/\/demos.famethemes.com\/screenr-plus\/?page_id=19"},"modified":"2025-11-05T11:41:23","modified_gmt":"2025-11-05T11:41:23","slug":"servicos-de-hospedagem-e-suporte","status":"publish","type":"page","link":"https:\/\/holaspain.agency\/pt\/accommodation-and-support-services\/","title":{"rendered":"Servi\u00e7os de acomoda\u00e7\u00e3o e suporte"},"content":{"rendered":"<div class=\"wpb-content-wrapper\"><div class=\"vc_row wpb_row vc_row-fluid\"><div class=\"wpb_column vc_column_container vc_col-sm-12\"><div class=\"vc_column-inner\"><div class=\"wpb_wrapper\">\n\t<div class=\"wpb_text_column wpb_content_element\" >\n\t\t<div class=\"wpb_wrapper\">\n\t\t\t<h1>Servi\u00e7os de acomoda\u00e7\u00e3o e suporte<\/h1>\n<h2>Sinta-se em casa enquanto aprende espanhol<\/h2>\n<p>A escolha do lugar certo para se hospedar pode transformar sua experi\u00eancia de estudo no exterior. Em <strong>Ol\u00e1, Espanha<\/strong>, Em nossa equipe, garantimos que cada aluno se sinta seguro, confort\u00e1vel e verdadeiramente imerso na vida espanhola. Quer voc\u00ea prefira o aconchego de uma fam\u00edlia local, a independ\u00eancia de uma resid\u00eancia estudantil ou a flexibilidade de um apartamento compartilhado, n\u00f3s o ajudaremos a encontrar o lar perfeito longe de casa.<\/p>\n<h2>Tipos de acomoda\u00e7\u00e3o na Espanha<\/h2>\n<h3>1. Fam\u00edlias anfitri\u00e3s - Viva \u00e0 maneira espanhola<\/h3>\n<p>Ficar com um <strong>Fam\u00edlia anfitri\u00e3 espanhola<\/strong> \u00e9 a maneira mais aut\u00eantica de vivenciar a cultura local. Voc\u00ea compartilhar\u00e1 refei\u00e7\u00f5es, conversas e tradi\u00e7\u00f5es enquanto pratica seu espanhol naturalmente todos os dias.<\/p>\n<ul>\n<li>Op\u00e7\u00f5es de pens\u00e3o completa ou meia pens\u00e3o dispon\u00edveis<\/li>\n<li>Fam\u00edlias cuidadosamente selecionadas e regularmente inspecionadas<\/li>\n<li>Ideal para adultos, adolescentes e visitantes de primeira viagem<\/li>\n<\/ul>\n<h3>2. Resid\u00eancias estudantis - uma op\u00e7\u00e3o social e independente<\/h3>\n<p>Nosso moderno <strong>resid\u00eancias estudantis na Espanha<\/strong> oferecem a combina\u00e7\u00e3o perfeita de comunidade e independ\u00eancia. Conhe\u00e7a novos amigos de todo o mundo e desfrute de instala\u00e7\u00f5es de alta qualidade perto de sua escola de espanhol.<\/p>\n<ul>\n<li>Quartos privativos ou compartilhados<\/li>\n<li>\u00c1reas comuns, cozinhas e espa\u00e7os de estudo<\/li>\n<li>Wi-Fi, lavanderia e limpeza semanal inclu\u00eddos<\/li>\n<\/ul>\n<h3>3. Apartamentos compartilhados - Liberdade e flexibilidade<\/h3>\n<p>Se voc\u00ea preferir mais independ\u00eancia, nosso <strong>apartamentos compartilhados<\/strong> s\u00e3o ideais. Viva com outros estudantes internacionais, desfrute de privacidade e explore a Espanha no seu pr\u00f3prio ritmo.<\/p>\n<ul>\n<li>Cozinhas totalmente equipadas e \u00e1reas de estar confort\u00e1veis<\/li>\n<li>Dura\u00e7\u00e3o flex\u00edvel da estadia<\/li>\n<li>Perfeito para estudantes de longa dura\u00e7\u00e3o e n\u00f4mades digitais<\/li>\n<\/ul>\n<h2>Servi\u00e7os de apoio para estudantes na Espanha<\/h2>\n<p>O Hola Spain oferece uma gama completa de <strong>servi\u00e7os de apoio ao estudante<\/strong> para tornar sua estadia tranquila, agrad\u00e1vel e sem preocupa\u00e7\u00f5es, desde a sua chegada at\u00e9 o seu \u00faltimo dia na Espanha.<\/p>\n<ul>\n<li><strong>Assist\u00eancia no traslado para o aeroporto<\/strong> para uma chegada segura<\/li>\n<li><strong>Contato de emerg\u00eancia 24\/7<\/strong> para ter paz de esp\u00edrito<\/li>\n<li><strong>Sess\u00f5es de orienta\u00e7\u00e3o<\/strong> para ajud\u00e1-lo a se adaptar rapidamente<\/li>\n<li><strong>Orienta\u00e7\u00e3o e atividades locais<\/strong> para ajud\u00e1-lo a se conectar com a cultura espanhola<\/li>\n<\/ul>\n<h2>Por que escolher o Hola Spain Accommodation?<\/h2>\n<ul>\n<li>Rede habitacional confi\u00e1vel e verificada<\/li>\n<li>Ambientes seguros, centrais e acolhedores<\/li>\n<li>Op\u00e7\u00f5es personalizadas para adultos, adolescentes e grupos<\/li>\n<li>Imers\u00e3o cultural completa e suporte cont\u00ednuo<\/li>\n<\/ul>\n\n\t\t<\/div>\n\t<\/div>\n<section class=\"vc_cta3-container\"><div class=\"vc_general vc_do_cta3 vc_cta3 vc_cta3-style-outline vc_cta3-shape-rounded vc_cta3-align-left vc_cta3-color-classic vc_cta3-icon-size-md vc_cta3-icons-left vc_cta3-actions-right\"><div class=\"vc_cta3-icons\"><div class=\"vc_icon_element vc_icon_element-outer vc_do_icon vc_icon_element-align-left\"><div class=\"vc_icon_element-inner vc_icon_element-color-turquoise vc_icon_element-size-md vc_icon_element-style- vc_icon_element-background-color-grey\" ><span class=\"vc_icon_element-icon fa fa-solid fa-arrow-right-from-bracket\" ><\/span><\/div><\/div><\/div><div class=\"vc_cta3_content-container\"><div class=\"vc_cta3-content\"><header class=\"vc_cta3-content-header\"><h2>Comece sua aventura espanhola hoje mesmo!<\/h2><\/header><p>Tem d\u00favidas ou deseja encontrar o curso de espanhol perfeito? Entre em contato com o HolaSpain hoje mesmo e deixe-nos ajud\u00e1-lo a planejar sua experi\u00eancia de aprendizado na Espanha.<\/p>\n<\/div><div class=\"vc_cta3-actions\"><div class=\"vc_btn3-container vc_btn3-inline vc_do_btn\" ><a class=\"vc_general vc_btn3 vc_btn3-size-md vc_btn3-shape-rounded vc_btn3-style-modern vc_btn3-color-info\" href=\"https:\/\/holaspain.agency\/pt\/#contact\" title=\"\">Entre em contato hoje mesmo<\/a><\/div><\/div><\/div><\/div><\/section><\/div><\/div><\/div><\/div>\n<\/div>","protected":false},"excerpt":{"rendered":"<p>Quer voc\u00ea prefira o aconchego de uma fam\u00edlia local, a independ\u00eancia de uma resid\u00eancia estudantil ou a flexibilidade de um apartamento compartilhado, n\u00f3s o ajudamos a encontrar o lar perfeito longe de casa.<\/p>","protected":false},"author":1,"featured_media":1318,"parent":0,"menu_order":0,"comment_status":"closed","ping_status":"closed","template":"","meta":{"_seopress_robots_primary_cat":"","_seopress_titles_title":"%%sitetitle%% %%sep%% %%post_title%%","_seopress_titles_desc":"Live the Spanish Way \u2014 Hola Spain helps students find the best accommodation and host families while they study Spanish in Spain.","_seopress_robots_index":"","_daextam_enable_autolinks":"","footnotes":""},"categories":[61],"tags":[],"class_list":["post-19","page","type-page","status-publish","has-post-thumbnail","hentry","category-services"],"_links":{"self":[{"href":"https:\/\/holaspain.agency\/pt\/wp-json\/wp\/v2\/pages\/19","targetHints":{"allow":["GET"]}}],"collection":[{"href":"https:\/\/holaspain.agency\/pt\/wp-json\/wp\/v2\/pages"}],"about":[{"href":"https:\/\/holaspain.agency\/pt\/wp-json\/wp\/v2\/types\/page"}],"author":[{"embeddable":true,"href":"https:\/\/holaspain.agency\/pt\/wp-json\/wp\/v2\/users\/1"}],"replies":[{"embeddable":true,"href":"https:\/\/holaspain.agency\/pt\/wp-json\/wp\/v2\/comments?post=19"}],"version-history":[{"count":10,"href":"https:\/\/holaspain.agency\/pt\/wp-json\/wp\/v2\/pages\/19\/revisions"}],"predecessor-version":[{"id":1709,"href":"https:\/\/holaspain.agency\/pt\/wp-json\/wp\/v2\/pages\/19\/revisions\/1709"}],"wp:featuredmedia":[{"embeddable":true,"href":"https:\/\/holaspain.agency\/pt\/wp-json\/wp\/v2\/media\/1318"}],"wp:attachment":[{"href":"https:\/\/holaspain.agency\/pt\/wp-json\/wp\/v2\/media?parent=19"}],"wp:term":[{"taxonomy":"category","embeddable":true,"href":"https:\/\/holaspain.agency\/pt\/wp-json\/wp\/v2\/categories?post=19"},{"taxonomy":"post_tag","embeddable":true,"href":"https:\/\/holaspain.agency\/pt\/wp-json\/wp\/v2\/tags?post=19"}],"curies":[{"name":"wp","href":"https:\/\/api.w.org\/{rel}","templated":true}]}}