{"id":1874,"date":"2025-11-04T12:59:24","date_gmt":"2025-11-04T12:59:24","guid":{"rendered":"https:\/\/holaspain.agency\/?page_id=1874"},"modified":"2025-11-06T09:44:32","modified_gmt":"2025-11-06T09:44:32","slug":"bildungsurlaub-aprender-espanhol-na-espanha","status":"publish","type":"page","link":"https:\/\/holaspain.agency\/pt\/bildungsurlaub-learn-spanish-in-spain\/","title":{"rendered":"Bildungsurlaub - Aprenda espanhol na Espanha"},"content":{"rendered":"<div class=\"wpb-content-wrapper\"><div class=\"vc_row wpb_row vc_row-fluid\"><div class=\"wpb_column vc_column_container vc_col-sm-12\"><div class=\"vc_column-inner\"><div class=\"wpb_wrapper\">\n\t<div class=\"wpb_text_column wpb_content_element\" >\n\t\t<div class=\"wpb_wrapper\">\n\t\t\t<h1 style=\"text-align: justify;\">Bildungsurlaub - Aprenda espanhol na Espanha com licen\u00e7a remunerada<\/h1>\n<blockquote>\n<p style=\"text-align: justify;\">Bildungsurlaub (licen\u00e7a educacional) \u00e9 a sua oportunidade de tirar uma folga do trabalho na Alemanha e aprender espanhol enquanto descobre a vibrante cultura da Espanha. Os programas intensivos de espanhol do HolaSpain, com 30 aulas por semana, s\u00e3o totalmente reconhecidos como Bildungsurlaub na maioria dos estados federais alem\u00e3es, facilitando aos funcion\u00e1rios a combina\u00e7\u00e3o de crescimento profissional com enriquecimento cultural.<\/p>\n<\/blockquote>\n<h2 style=\"text-align: justify;\">Por que escolher o HolaSpain para Bildungsurlaub?<\/h2>\n<ul style=\"text-align: justify;\">\n<li>Programas reconhecidos em mais de 10 estados alem\u00e3es<\/li>\n<li>30 horas de instru\u00e7\u00e3o por semana - atendendo aos crit\u00e9rios oficiais<\/li>\n<li>Cursos dispon\u00edveis para todos os n\u00edveis, desde iniciantes at\u00e9 alunos avan\u00e7ados<\/li>\n<li>Aprenda em cidades populares: Barcelona, Malaga, Val\u00eancia, Sevilha e muito mais<\/li>\n<\/ul>\n<h2 style=\"text-align: justify;\">Como se inscrever para o Bildungsurlaub<\/h2>\n<ol style=\"text-align: justify;\">\n<li>Solicitar um formul\u00e1rio de solicita\u00e7\u00e3o de licen\u00e7a ao seu empregador<\/li>\n<li>Selecione seu destino e data de in\u00edcio<\/li>\n<li>O HolaSpain fornece os documentos de reconhecimento oficial de seu estado<\/li>\n<li>Reserve acomoda\u00e7\u00f5es e aproveite o estilo de vida mediterr\u00e2neo enquanto aprende<\/li>\n<\/ol>\n<h3 style=\"text-align: justify;\">Cursos de espanhol reconhecidos para Bildungsurlaub<\/h3>\n<p style=\"text-align: justify;\">Nossos cursos de espanhol s\u00e3o totalmente credenciados e atendem aos padr\u00f5es educacionais exigidos para o Bildungsurlaub. Se voc\u00ea est\u00e1 buscando desenvolvimento profissional, uma fuga cultural ou enriquecimento pessoal, o HolaSpain conecta voc\u00ea com as principais escolas de idiomas da Espanha, oferecendo aulas envolventes, professores nativos e experi\u00eancias culturais imersivas.<\/p>\n<blockquote>\n<p style=\"text-align: justify;\">Desenvolva sua carreira, enrique\u00e7a sua mente e entre em uma nova cultura - tudo isso enquanto aprende espanhol sob o sol. Deixe que o HolaSpain o ajude a tornar sua experi\u00eancia de Bildungsurlaub f\u00e1cil, agrad\u00e1vel e inesquec\u00edvel.<\/p>\n<\/blockquote>\n\n\t\t<\/div>\n\t<\/div>\n<section class=\"vc_cta3-container\"><div class=\"vc_general vc_do_cta3 vc_cta3 vc_cta3-style-outline vc_cta3-shape-rounded vc_cta3-align-left vc_cta3-color-classic vc_cta3-icon-size-md vc_cta3-icons-left vc_cta3-actions-right\"><div class=\"vc_cta3-icons\"><div class=\"vc_icon_element vc_icon_element-outer vc_do_icon vc_icon_element-align-left\"><div class=\"vc_icon_element-inner vc_icon_element-color-turquoise vc_icon_element-size-md vc_icon_element-style- vc_icon_element-background-color-grey\" ><span class=\"vc_icon_element-icon fa fa-solid fa-arrow-right-from-bracket\" ><\/span><\/div><\/div><\/div><div class=\"vc_cta3_content-container\"><div class=\"vc_cta3-content\"><header class=\"vc_cta3-content-header\"><h2>Comece sua aventura espanhola hoje mesmo!<\/h2><\/header><p>Tem d\u00favidas ou deseja encontrar o curso de espanhol perfeito? Entre em contato com o HolaSpain hoje mesmo e deixe-nos ajud\u00e1-lo a planejar sua experi\u00eancia de aprendizado na Espanha.<\/p>\n<\/div><div class=\"vc_cta3-actions\"><div class=\"vc_btn3-container vc_btn3-inline vc_do_btn\" ><a class=\"vc_general vc_btn3 vc_btn3-size-md vc_btn3-shape-rounded vc_btn3-style-modern vc_btn3-color-info\" href=\"https:\/\/holaspain.agency\/pt\/#contact\" title=\"\">Entre em contato hoje mesmo<\/a><\/div><\/div><\/div><\/div><\/section><\/div><\/div><\/div><\/div>\n<\/div>","protected":false},"excerpt":{"rendered":"<p>Bildungsurlaub (licen\u00e7a educacional) \u00e9 a sua oportunidade de tirar uma folga do trabalho na Alemanha e aprender espanhol enquanto descobre a vibrante cultura da Espanha. Os programas intensivos de espanhol do HolaSpain, com 30 aulas por semana, s\u00e3o totalmente reconhecidos como Bildungsurlaub na maioria dos estados federais alem\u00e3es, facilitando aos funcion\u00e1rios a combina\u00e7\u00e3o de crescimento profissional com enriquecimento cultural.<\/p>","protected":false},"author":1,"featured_media":1869,"parent":0,"menu_order":0,"comment_status":"closed","ping_status":"closed","template":"","meta":{"_seopress_robots_primary_cat":"","_seopress_titles_title":"%%sitetitle%% %%sep%% %%post_title%%","_seopress_titles_desc":"Take your Bildungsurlaub in Spain. Learn Spanish in accredited schools while enjoying cultural immersion during your paid educational leave.","_seopress_robots_index":"","_daextam_enable_autolinks":"","footnotes":""},"categories":[60],"tags":[],"class_list":["post-1874","page","type-page","status-publish","has-post-thumbnail","hentry","category-eu-programmes"],"_links":{"self":[{"href":"https:\/\/holaspain.agency\/pt\/wp-json\/wp\/v2\/pages\/1874","targetHints":{"allow":["GET"]}}],"collection":[{"href":"https:\/\/holaspain.agency\/pt\/wp-json\/wp\/v2\/pages"}],"about":[{"href":"https:\/\/holaspain.agency\/pt\/wp-json\/wp\/v2\/types\/page"}],"author":[{"embeddable":true,"href":"https:\/\/holaspain.agency\/pt\/wp-json\/wp\/v2\/users\/1"}],"replies":[{"embeddable":true,"href":"https:\/\/holaspain.agency\/pt\/wp-json\/wp\/v2\/comments?post=1874"}],"version-history":[{"count":8,"href":"https:\/\/holaspain.agency\/pt\/wp-json\/wp\/v2\/pages\/1874\/revisions"}],"predecessor-version":[{"id":2014,"href":"https:\/\/holaspain.agency\/pt\/wp-json\/wp\/v2\/pages\/1874\/revisions\/2014"}],"wp:featuredmedia":[{"embeddable":true,"href":"https:\/\/holaspain.agency\/pt\/wp-json\/wp\/v2\/media\/1869"}],"wp:attachment":[{"href":"https:\/\/holaspain.agency\/pt\/wp-json\/wp\/v2\/media?parent=1874"}],"wp:term":[{"taxonomy":"category","embeddable":true,"href":"https:\/\/holaspain.agency\/pt\/wp-json\/wp\/v2\/categories?post=1874"},{"taxonomy":"post_tag","embeddable":true,"href":"https:\/\/holaspain.agency\/pt\/wp-json\/wp\/v2\/tags?post=1874"}],"curies":[{"name":"wp","href":"https:\/\/api.w.org\/{rel}","templated":true}]}}