{"id":1873,"date":"2025-11-04T12:59:29","date_gmt":"2025-11-04T12:59:29","guid":{"rendered":"https:\/\/holaspain.agency\/?page_id=1873"},"modified":"2025-11-06T09:45:09","modified_gmt":"2025-11-06T09:45:09","slug":"pcto-espanhol-e-imersao-cultural-na-espanha","status":"publish","type":"page","link":"https:\/\/holaspain.agency\/pt\/pcto-spanish-and-cultural-immersion-in-spain\/","title":{"rendered":"PCTO - Imers\u00e3o cultural e em espanhol na Espanha"},"content":{"rendered":"<div class=\"wpb-content-wrapper\"><div class=\"vc_row wpb_row vc_row-fluid\"><div class=\"wpb_column vc_column_container vc_col-sm-12\"><div class=\"vc_column-inner\"><div class=\"wpb_wrapper\">\n\t<div class=\"wpb_text_column wpb_content_element\" >\n\t\t<div class=\"wpb_wrapper\">\n\t\t\t<h1 style=\"text-align: justify;\">PCTO - Aprendizagem do idioma espanhol para escolas italianas<\/h1>\n<blockquote>\n<p style=\"text-align: justify;\">Os programas PCTO (Percorsi per le Competenze Trasversali e l'Orientamento) s\u00e3o uma excelente oportunidade para que os alunos italianos do ensino m\u00e9dio aprimorem seu espanhol e adquiram experi\u00eancia internacional. O HolaSpain oferece programas PCTO totalmente personalizados que combinam cursos de espanhol com atividades culturais e oportunidades de aprendizado vocacional na Espanha.<\/p>\n<\/blockquote>\n<h2 style=\"text-align: justify;\">Destaques de nossos programas PCTO<\/h2>\n<ul style=\"text-align: justify;\">\n<li>Projetado sob medida para grupos de escolas italianas<\/li>\n<li>Dispon\u00edvel durante todo o ano em cidades da Espanha<\/li>\n<li>Inclui aulas de idiomas, oficinas culturais e visitas educacionais<\/li>\n<li>Op\u00e7\u00f5es para adicionar treinamento em habilidades sociais e visitas a empresas locais<\/li>\n<\/ul>\n<h2 style=\"text-align: justify;\">Como o PCTO trabalha com o HolaSpain<\/h2>\n<ol style=\"text-align: justify;\">\n<li>As escolas escolhem o destino preferido e a dura\u00e7\u00e3o do programa<\/li>\n<li>HolaSpain prepara uma proposta personalizada com atividades educacionais e culturais<\/li>\n<li>Ajudamos na log\u00edstica, nos materiais did\u00e1ticos e na coordena\u00e7\u00e3o<\/li>\n<li>Os alunos assistem a aulas de espanhol e desfrutam de experi\u00eancias culturais imersivas<\/li>\n<\/ol>\n<h3 style=\"text-align: justify;\">Programas de espanhol da PCTO na Espanha<\/h3>\n<p style=\"text-align: justify;\">Nossos programas PCTO oferecem aos alunos italianos a oportunidade de desenvolver habilidades essenciais para a vida, desde a comunica\u00e7\u00e3o e o trabalho em equipe at\u00e9 a consci\u00eancia intercultural. Com aulas de espanhol envolventes, passeios culturais e experi\u00eancias vocacionais opcionais, esses programas promovem o crescimento acad\u00eamico e pessoal em ambientes espanh\u00f3is inspiradores, como Malaga, Val\u00eancia e Madri.<\/p>\n<blockquote>\n<p style=\"text-align: justify;\">Ofere\u00e7a a seus alunos a oportunidade de viver, aprender e crescer em um ambiente espanhol aut\u00eantico. Da confian\u00e7a no idioma \u00e0 consci\u00eancia global, as habilidades adquiridas com o PCTO na Espanha v\u00e3o al\u00e9m da sala de aula, construindo um futuro mais s\u00f3lido para os jovens alunos.<\/p>\n<\/blockquote>\n\n\t\t<\/div>\n\t<\/div>\n<section class=\"vc_cta3-container\"><div class=\"vc_general vc_do_cta3 vc_cta3 vc_cta3-style-outline vc_cta3-shape-rounded vc_cta3-align-left vc_cta3-color-classic vc_cta3-icon-size-md vc_cta3-icons-left vc_cta3-actions-right\"><div class=\"vc_cta3-icons\"><div class=\"vc_icon_element vc_icon_element-outer vc_do_icon vc_icon_element-align-left\"><div class=\"vc_icon_element-inner vc_icon_element-color-turquoise vc_icon_element-size-md vc_icon_element-style- vc_icon_element-background-color-grey\" ><span class=\"vc_icon_element-icon fa fa-solid fa-arrow-right-from-bracket\" ><\/span><\/div><\/div><\/div><div class=\"vc_cta3_content-container\"><div class=\"vc_cta3-content\"><header class=\"vc_cta3-content-header\"><h2>Comece sua aventura espanhola hoje mesmo!<\/h2><\/header><p>Tem d\u00favidas ou deseja encontrar o curso de espanhol perfeito? Entre em contato com o HolaSpain hoje mesmo e deixe-nos ajud\u00e1-lo a planejar sua experi\u00eancia de aprendizado na Espanha.<\/p>\n<\/div><div class=\"vc_cta3-actions\"><div class=\"vc_btn3-container vc_btn3-inline vc_do_btn\" ><a class=\"vc_general vc_btn3 vc_btn3-size-md vc_btn3-shape-rounded vc_btn3-style-modern vc_btn3-color-info\" href=\"https:\/\/holaspain.agency\/pt\/#contact\" title=\"\">Entre em contato hoje mesmo<\/a><\/div><\/div><\/div><\/div><\/section><\/div><\/div><\/div><\/div>\n<\/div>","protected":false},"excerpt":{"rendered":"<p>Os programas PCTO (Percorsi per le Competenze Trasversali e l'Orientamento) s\u00e3o uma excelente oportunidade para que os alunos italianos do ensino m\u00e9dio aprimorem seu espanhol e adquiram experi\u00eancia internacional. O HolaSpain oferece programas PCTO totalmente personalizados que combinam cursos de espanhol com atividades culturais e oportunidades de aprendizado vocacional na Espanha.<\/p>","protected":false},"author":1,"featured_media":1870,"parent":0,"menu_order":0,"comment_status":"closed","ping_status":"closed","template":"","meta":{"_seopress_robots_primary_cat":"","_seopress_titles_title":"%%sitetitle%% %%sep%% %%post_title%%","_seopress_titles_desc":"PCTO in Spain for Italian students. Learn Spanish and gain cultural and vocational experience with tailored school programs across Spain.","_seopress_robots_index":"","_daextam_enable_autolinks":"","footnotes":""},"categories":[60],"tags":[],"class_list":["post-1873","page","type-page","status-publish","has-post-thumbnail","hentry","category-eu-programmes"],"_links":{"self":[{"href":"https:\/\/holaspain.agency\/pt\/wp-json\/wp\/v2\/pages\/1873","targetHints":{"allow":["GET"]}}],"collection":[{"href":"https:\/\/holaspain.agency\/pt\/wp-json\/wp\/v2\/pages"}],"about":[{"href":"https:\/\/holaspain.agency\/pt\/wp-json\/wp\/v2\/types\/page"}],"author":[{"embeddable":true,"href":"https:\/\/holaspain.agency\/pt\/wp-json\/wp\/v2\/users\/1"}],"replies":[{"embeddable":true,"href":"https:\/\/holaspain.agency\/pt\/wp-json\/wp\/v2\/comments?post=1873"}],"version-history":[{"count":13,"href":"https:\/\/holaspain.agency\/pt\/wp-json\/wp\/v2\/pages\/1873\/revisions"}],"predecessor-version":[{"id":2017,"href":"https:\/\/holaspain.agency\/pt\/wp-json\/wp\/v2\/pages\/1873\/revisions\/2017"}],"wp:featuredmedia":[{"embeddable":true,"href":"https:\/\/holaspain.agency\/pt\/wp-json\/wp\/v2\/media\/1870"}],"wp:attachment":[{"href":"https:\/\/holaspain.agency\/pt\/wp-json\/wp\/v2\/media?parent=1873"}],"wp:term":[{"taxonomy":"category","embeddable":true,"href":"https:\/\/holaspain.agency\/pt\/wp-json\/wp\/v2\/categories?post=1873"},{"taxonomy":"post_tag","embeddable":true,"href":"https:\/\/holaspain.agency\/pt\/wp-json\/wp\/v2\/tags?post=1873"}],"curies":[{"name":"wp","href":"https:\/\/api.w.org\/{rel}","templated":true}]}}