{"id":1871,"date":"2025-11-04T12:56:45","date_gmt":"2025-11-04T12:56:45","guid":{"rendered":"https:\/\/holaspain.agency\/?page_id=1871"},"modified":"2026-01-13T12:20:23","modified_gmt":"2026-01-13T12:20:23","slug":"erasmus-estudar-espanhol-na-espanha","status":"publish","type":"page","link":"https:\/\/holaspain.agency\/pt\/erasmus-study-spanish-in-spain\/","title":{"rendered":"Erasmus+ - Estude espanhol na Espanha"},"content":{"rendered":"<div class=\"wpb-content-wrapper\"><div class=\"vc_row wpb_row vc_row-fluid\"><div class=\"wpb_column vc_column_container vc_col-sm-12\"><div class=\"vc_column-inner\"><div class=\"wpb_wrapper\">\n\t<div class=\"wpb_text_column wpb_content_element\" >\n\t\t<div class=\"wpb_wrapper\">\n\t\t\t<h1 style=\"text-align: justify;\">Erasmus+ - Aprenda espanhol e descubra a Espanha<\/h1>\n<blockquote>\n<p style=\"text-align: justify;\">Participe de uma experi\u00eancia lingu\u00edstica que mudar\u00e1 sua vida com o Erasmus+ na Espanha. No HolaSpain, oferecemos programas de l\u00edngua espanhola credenciados, criados para apoiar projetos de mobilidade Erasmus+ para alunos, professores e funcion\u00e1rios. Quer voc\u00ea esteja aprimorando seu espanhol para objetivos acad\u00eamicos, profissionais ou pessoais, nossas escolas parceiras em toda a Espanha atendem aos mais altos padr\u00f5es de qualidade.<\/p>\n<\/blockquote>\n<h2 style=\"text-align: justify;\">Por que escolher o Erasmus+ para aprender espanhol?<\/h2>\n<ul style=\"text-align: justify;\">\n<li>Acesse cursos financiados pela UE em toda a Espanha com elegibilidade simples<\/li>\n<li>Participe de experi\u00eancias culturais imersivas enquanto aprende<\/li>\n<li>Cursos adaptados ao seu n\u00edvel, do iniciante ao avan\u00e7ado<\/li>\n<li>Assist\u00eancia com a documenta\u00e7\u00e3o e os Acordos de Aprendizagem Erasmus+<\/li>\n<\/ul>\n<h2 style=\"text-align: justify;\">Quem pode se inscrever?<\/h2>\n<p style=\"text-align: justify;\">A mobilidade Erasmus+ est\u00e1 aberta a estudantes, educadores e funcion\u00e1rios de escolas ou organiza\u00e7\u00f5es eleg\u00edveis que participam de um projeto Erasmus+ ativo. N\u00e3o tem certeza se voc\u00ea se qualifica? Nossa equipe pode ajudar a orient\u00e1-lo durante o processo.<\/p>\n<h2 style=\"text-align: justify;\">Como come\u00e7ar<\/h2>\n<ol style=\"text-align: justify;\">\n<li>Entre em contato com o coordenador do Erasmus+ ou com a organiza\u00e7\u00e3o de envio<\/li>\n<li>Selecione o local e a escola de idiomas de sua prefer\u00eancia na Espanha<\/li>\n<li>Deixe o HolaSpain ajudar com a reserva, a papelada e a log\u00edstica<\/li>\n<\/ol>\n<h3 style=\"text-align: justify;\">Cursos de Espanhol Erasmus+ na Espanha<\/h3>\n<p style=\"text-align: justify;\">Our Erasmus+ eligible Spanish courses are perfect for anyone looking to build language confidence while immersing in authentic Spanish culture. Offered by partner schools in cities like Barcelona, Valencia, Alicante, Granada, and Madrid, these programs combine dynamic lessons with cultural activities and local experiences \u2014 ensuring your Erasmus+ stay is both educational and unforgettable. <strong>Confira nossas tarifas para adultos <a href=\"https:\/\/holaspain.agency\/pt\/precos-dos-cursos-profissionais-erasmus-plus\/\">aqui<\/a><\/strong><\/p>\n<blockquote>\n<p style=\"text-align: justify;\">Quer voc\u00ea esteja aprimorando seus estudos, ampliando sua vis\u00e3o de mundo ou desenvolvendo novas habilidades para o futuro - aprender espanhol com o Erasmus+ muda vidas. Deixe-nos ajud\u00e1-lo a tornar sua experi\u00eancia de mobilidade inesquec\u00edvel. A Espanha est\u00e1 esperando por voc\u00ea!<\/p>\n<\/blockquote>\n\n\t\t<\/div>\n\t<\/div>\n<section class=\"vc_cta3-container\"><div class=\"vc_general vc_do_cta3 vc_cta3 vc_cta3-style-outline vc_cta3-shape-rounded vc_cta3-align-left vc_cta3-color-classic vc_cta3-icon-size-md vc_cta3-icons-left vc_cta3-actions-right\"><div class=\"vc_cta3-icons\"><div class=\"vc_icon_element vc_icon_element-outer vc_do_icon vc_icon_element-align-left\"><div class=\"vc_icon_element-inner vc_icon_element-color-turquoise vc_icon_element-size-md vc_icon_element-style- vc_icon_element-background-color-grey\" ><span class=\"vc_icon_element-icon fa fa-solid fa-arrow-right-from-bracket\" ><\/span><\/div><\/div><\/div><div class=\"vc_cta3_content-container\"><div class=\"vc_cta3-content\"><header class=\"vc_cta3-content-header\"><h2>Comece sua aventura espanhola hoje mesmo!<\/h2><\/header><p>Tem d\u00favidas ou deseja encontrar o curso de espanhol perfeito? Entre em contato com o HolaSpain hoje mesmo e deixe-nos ajud\u00e1-lo a planejar sua experi\u00eancia de aprendizado na Espanha.<\/p>\n<\/div><div class=\"vc_cta3-actions\"><div class=\"vc_btn3-container vc_btn3-inline vc_do_btn\" ><a class=\"vc_general vc_btn3 vc_btn3-size-md vc_btn3-shape-rounded vc_btn3-style-modern vc_btn3-color-info\" href=\"https:\/\/holaspain.agency\/pt\/#contact\" title=\"\">Entre em contato hoje mesmo<\/a><\/div><\/div><\/div><\/div><\/section><\/div><\/div><\/div><\/div>\n<\/div>","protected":false},"excerpt":{"rendered":"<p>Participe de uma experi\u00eancia lingu\u00edstica que mudar\u00e1 sua vida com o Erasmus+ na Espanha. No HolaSpain, oferecemos programas de l\u00edngua espanhola credenciados, criados para apoiar projetos de mobilidade Erasmus+ para alunos, professores e funcion\u00e1rios. Quer voc\u00ea esteja aprimorando seu espanhol para objetivos acad\u00eamicos, profissionais ou pessoais, nossas escolas parceiras em toda a Espanha atendem aos mais altos padr\u00f5es de qualidade.<\/p>","protected":false},"author":1,"featured_media":1867,"parent":0,"menu_order":0,"comment_status":"closed","ping_status":"closed","template":"","meta":{"_seopress_robots_primary_cat":"","_seopress_titles_title":"%%sitetitle%% %%sep%% %%post_title%%","_seopress_titles_desc":"Learn Spanish in Spain with Erasmus+. HolaSpain connects you with accredited schools offering language programs fully compatible with Erasmus+ funding.","_seopress_robots_index":"","_daextam_enable_autolinks":"1","footnotes":""},"categories":[60],"tags":[],"class_list":["post-1871","page","type-page","status-publish","has-post-thumbnail","hentry","category-eu-programmes"],"_links":{"self":[{"href":"https:\/\/holaspain.agency\/pt\/wp-json\/wp\/v2\/pages\/1871","targetHints":{"allow":["GET"]}}],"collection":[{"href":"https:\/\/holaspain.agency\/pt\/wp-json\/wp\/v2\/pages"}],"about":[{"href":"https:\/\/holaspain.agency\/pt\/wp-json\/wp\/v2\/types\/page"}],"author":[{"embeddable":true,"href":"https:\/\/holaspain.agency\/pt\/wp-json\/wp\/v2\/users\/1"}],"replies":[{"embeddable":true,"href":"https:\/\/holaspain.agency\/pt\/wp-json\/wp\/v2\/comments?post=1871"}],"version-history":[{"count":12,"href":"https:\/\/holaspain.agency\/pt\/wp-json\/wp\/v2\/pages\/1871\/revisions"}],"predecessor-version":[{"id":2379,"href":"https:\/\/holaspain.agency\/pt\/wp-json\/wp\/v2\/pages\/1871\/revisions\/2379"}],"wp:featuredmedia":[{"embeddable":true,"href":"https:\/\/holaspain.agency\/pt\/wp-json\/wp\/v2\/media\/1867"}],"wp:attachment":[{"href":"https:\/\/holaspain.agency\/pt\/wp-json\/wp\/v2\/media?parent=1871"}],"wp:term":[{"taxonomy":"category","embeddable":true,"href":"https:\/\/holaspain.agency\/pt\/wp-json\/wp\/v2\/categories?post=1871"},{"taxonomy":"post_tag","embeddable":true,"href":"https:\/\/holaspain.agency\/pt\/wp-json\/wp\/v2\/tags?post=1871"}],"curies":[{"name":"wp","href":"https:\/\/api.w.org\/{rel}","templated":true}]}}