{"id":1780,"date":"2025-11-04T10:24:43","date_gmt":"2025-11-04T10:24:43","guid":{"rendered":"https:\/\/holaspain.agency\/?post_type=portfolio&#038;p=1780"},"modified":"2026-01-09T16:03:53","modified_gmt":"2026-01-09T16:03:53","slug":"escolas-de-espanhol-em-cadiz","status":"publish","type":"page","link":"https:\/\/holaspain.agency\/pt\/spanish-schools-in-cadiz\/","title":{"rendered":"Escolas de espanhol em Cadiz"},"content":{"rendered":"<div class=\"wpb-content-wrapper\"><div class=\"vc_row wpb_row vc_row-fluid\"><div class=\"wpb_column vc_column_container vc_col-sm-12\"><div class=\"vc_column-inner\"><div class=\"wpb_wrapper\">\n\t<div class=\"wpb_text_column wpb_content_element\" >\n\t\t<div class=\"wpb_wrapper\">\n\t\t\t<h1 style=\"text-align: justify;\">Estudar espanhol no exterior<\/h1>\n<h3 style=\"text-align: justify;\"><strong>Aprenda espanhol em Cadiz - Hist\u00f3ria, praias e idioma na Costa de la Luz<\/strong><\/h3>\n<blockquote>\n<p style=\"text-align: justify;\">Se voc\u00ea sonha em estudar espanhol em uma cidade cheia de charme andaluz e com vista para o Oceano Atl\u00e2ntico, <strong>Cadiz<\/strong> \u00e9 o destino perfeito. Localizado no sul da Espanha, ao longo da deslumbrante <strong>Costa de la Luz<\/strong>, Cadiz oferece <strong>Escolas de espanhol de alta qualidade<\/strong>, A cidade tem um rico patrim\u00f4nio cultural e um estilo de vida descontra\u00eddo \u00e0 beira-mar.<\/p>\n<\/blockquote>\n<h3 style=\"text-align: justify;\"><strong>Por que estudar espanhol em Cadiz?<\/strong><\/h3>\n<p><iframe loading=\"lazy\" title=\"Estudar espanhol em C\u00e1diz \ud83c\uddea\ud83c\uddf8 | Cultura aut\u00eantica e imers\u00e3o\" width=\"790\" height=\"444\" src=\"https:\/\/www.youtube.com\/embed\/pSogHnStMjk?feature=oembed\" frameborder=\"0\" allow=\"accelerometer; autoplay; clipboard-write; encrypted-media; gyroscope; picture-in-picture; web-share\" referrerpolicy=\"strict-origin-when-cross-origin\" allowfullscreen><\/iframe><\/p>\n<p style=\"text-align: justify;\">Com mais de 3.000 anos de hist\u00f3ria, Cadiz \u00e9 considerada a cidade mais antiga da Europa Ocidental, mas continua animada e com esp\u00edrito jovem. \u00c9 o lugar perfeito para <strong>Aprenda espanhol em um ambiente autenticamente espanhol<\/strong>, A cidade de S\u00e3o Paulo est\u00e1 localizada em uma \u00e1rea de dif\u00edcil acesso, longe da agita\u00e7\u00e3o das grandes cidades tur\u00edsticas.<\/p>\n<p style=\"text-align: justify;\">Os alunos escolhem Cadiz porque:<\/p>\n<ul style=\"text-align: justify;\">\n<li>\u00c9 um <strong>aut\u00eantico, seguro e amig\u00e1vel<\/strong> cidade, ideal para uma verdadeira imers\u00e3o no idioma.<\/li>\n<li>\u00c9 o lar de <strong>escolas de espanhol altamente credenciadas<\/strong> com professores experientes.<\/li>\n<li>Suas <strong>Clima do Atl\u00e2ntico<\/strong> e praias intermin\u00e1veis oferecem um estilo de vida saud\u00e1vel e descontra\u00eddo.<\/li>\n<li>Ele possui um <strong>rico patrim\u00f4nio cultural<\/strong> e profundas tradi\u00e7\u00f5es andaluzas.<\/li>\n<li>\u00c9 mais econ\u00f4mica do que as grandes cidades, mas tem tudo o que um estudante precisa.<\/li>\n<\/ul>\n<p style=\"text-align: justify;\">Cadiz oferece a combina\u00e7\u00e3o perfeita de <strong>Aprendizado de espanhol, vida local e cultura andaluza<\/strong> - tudo isso em um cen\u00e1rio costeiro deslumbrante.<\/p>\n<h2 style=\"text-align: justify;\"><strong>Melhores escolas de espanhol em Cadiz<\/strong><\/h2>\n<p style=\"text-align: justify;\">Aqui est\u00e3o alguns dos mais <strong>escolas de espanhol respeitadas e credenciadas<\/strong> em Cadiz que oferecem cursos de espanhol de alta qualidade:<\/p>\n<h4 style=\"text-align: justify;\"><strong>Escola Trinity<\/strong><\/h4>\n<p style=\"text-align: justify;\">A Trinity School oferece uma variedade de cursos de espanhol para adultos e adolescentes, incluindo programas intensivos e aulas particulares, com um forte foco na pr\u00e1tica comunicativa e em atividades culturais.<\/p>\n<h4 style=\"text-align: justify;\"><strong>CLIC IH Cadiz<\/strong><\/h4>\n<p style=\"text-align: justify;\">Parte da rede da International House, o CLIC IH Cadiz oferece instala\u00e7\u00f5es modernas, prepara\u00e7\u00e3o para o DELE e programas de ver\u00e3o para jovens alunos, combinando rigor acad\u00eamico com imers\u00e3o cultural.<\/p>\n<h4 style=\"text-align: justify;\"><strong>Escola Hispalense<\/strong><\/h4>\n<p style=\"text-align: justify;\">A Escuela Hispalense \u00e9 conhecida por sua abordagem personalizada e turmas pequenas. A escola oferece cursos intensivos, prepara\u00e7\u00e3o para exames e muitas atividades culturais para ajudar os alunos a se integrarem \u00e0 vida local.<\/p>\n<h4 style=\"text-align: justify;\"><strong>K2 Internacional<\/strong><\/h4>\n<p style=\"text-align: justify;\">Localizado no centro hist\u00f3rico, o K2 Internacional combina o ensino de idiomas de qualidade com experi\u00eancias culturais exclusivas, como oficinas de flamenco e aulas de surfe, tornando-o popular entre os alunos que buscam aventura e imers\u00e3o.<\/p>\n<h4 style=\"text-align: justify;\"><strong>Espanhol em Cadiz<\/strong><\/h4>\n<p style=\"text-align: justify;\">Perto da Victoria Beach, a Spanish in Cadiz oferece cursos intensivos, aulas particulares e programas culturais. A escola \u00e9 elogiada por sua atmosfera amig\u00e1vel e professores nativos experientes.<\/p>\n<h4 style=\"text-align: justify;\"><strong>Tenidiomas<\/strong><\/h4>\n<p style=\"text-align: justify;\">A Tenidiomas oferece op\u00e7\u00f5es de cursos flex\u00edveis, incluindo programas intensivos e de meio per\u00edodo, al\u00e9m de atividades culturais e assist\u00eancia com acomoda\u00e7\u00e3o para garantir uma experi\u00eancia de estudo tranquila e imersiva.<\/p>\n<h3 style=\"text-align: justify;\"><strong>Vivendo a experi\u00eancia de Cadiz<\/strong><\/h3>\n<p style=\"text-align: justify;\">Estudar espanhol em Cadiz n\u00e3o se trata apenas da sala de aula - trata-se de <strong>Adotando o estilo de vida andaluz<\/strong> \u00e0 beira-mar. Em Cadiz, voc\u00ea pode:<\/p>\n<ul style=\"text-align: justify;\">\n<li>Perca-se nas ruas estreitas de <strong>cidade velha<\/strong>, um dos mais charmosos da Espanha.<\/li>\n<li>Relaxe em praias ensolaradas como <strong>La Caleta<\/strong> ou <strong>Santa Maria do Mar<\/strong> depois da aula.<\/li>\n<li>Saboreie o tradicional <strong>tapas e peixe frito<\/strong> em tabernas locais.<\/li>\n<li>Experimente o mundialmente famoso <strong>Carnaval de C\u00e1diz<\/strong>, um dos festivais mais emblem\u00e1ticos da Espanha.<\/li>\n<li>Visite joias hist\u00f3ricas como o <strong>Catedral de C\u00e1diz<\/strong> e o Teatro Romano.<\/li>\n<\/ul>\n<blockquote>\n<p style=\"text-align: justify;\">Cadiz is a unique place to learn Spanish surrounded by history, ocean views, and the joyful spirit of Andalusia. <strong>Viva a l\u00edngua espanhola em uma cidade litor\u00e2nea como nenhuma outra<\/strong>, onde cada rua, conversa e experi\u00eancia o aproxima da aut\u00eantica cultura espanhola.<\/p>\n<\/blockquote>\n\n\t\t<\/div>\n\t<\/div>\n<section class=\"vc_cta3-container\"><div class=\"vc_general vc_do_cta3 vc_cta3 vc_cta3-style-outline vc_cta3-shape-rounded vc_cta3-align-left vc_cta3-color-classic vc_cta3-icon-size-md vc_cta3-icons-left vc_cta3-actions-right\"><div class=\"vc_cta3-icons\"><div class=\"vc_icon_element vc_icon_element-outer vc_do_icon vc_icon_element-align-left\"><div class=\"vc_icon_element-inner vc_icon_element-color-turquoise vc_icon_element-size-md vc_icon_element-style- vc_icon_element-background-color-grey\" ><span class=\"vc_icon_element-icon fa fa-solid fa-arrow-right-from-bracket\" ><\/span><\/div><\/div><\/div><div class=\"vc_cta3_content-container\"><div class=\"vc_cta3-content\"><header class=\"vc_cta3-content-header\"><h2>Comece sua jornada de espanhol em C\u00e1diz hoje mesmo!<\/h2><\/header><p style=\"text-align: justify;\">Whether you\u2019re an adult learner craving complete cultural immersion or a teenager searching for a fun and secure summer adventure, Cadiz has it all \u2014 top-notch language schools, stunning beaches, and the vibrant spirit of southern Spain.<\/p>\n<\/div><div class=\"vc_cta3-actions\"><div class=\"vc_btn3-container vc_btn3-inline vc_do_btn\" ><a class=\"vc_general vc_btn3 vc_btn3-size-md vc_btn3-shape-rounded vc_btn3-style-modern vc_btn3-color-info\" href=\"https:\/\/holaspain.agency\/pt\/#contact\" title=\"\">Entre em contato hoje mesmo<\/a><\/div><\/div><\/div><\/div><\/section><\/div><\/div><\/div><\/div>\n<\/div>","protected":false},"excerpt":{"rendered":"<p>Estude espanhol em Cadiz, a cidade mais antiga da Europa. Mergulhe em escolas confi\u00e1veis, praias douradas e o charme costeiro descontra\u00eddo que define o sul da Espanha.<\/p>","protected":false},"author":1,"featured_media":1821,"parent":0,"menu_order":0,"comment_status":"closed","ping_status":"closed","template":"","meta":{"_seopress_robots_primary_cat":"","_seopress_titles_title":"Hola Spain %%sep%% %%post_title%%","_seopress_titles_desc":"Study Spanish in Cadiz with accredited schools by the sea. Enjoy history, beaches, and Andalusian culture on the Costa de la Luz.","_seopress_robots_index":"","_daextam_enable_autolinks":"1","footnotes":""},"categories":[54,53],"tags":[],"class_list":["post-1780","page","type-page","status-publish","has-post-thumbnail","hentry","category-andalucia","category-spanish-schools"],"_links":{"self":[{"href":"https:\/\/holaspain.agency\/pt\/wp-json\/wp\/v2\/pages\/1780","targetHints":{"allow":["GET"]}}],"collection":[{"href":"https:\/\/holaspain.agency\/pt\/wp-json\/wp\/v2\/pages"}],"about":[{"href":"https:\/\/holaspain.agency\/pt\/wp-json\/wp\/v2\/types\/page"}],"author":[{"embeddable":true,"href":"https:\/\/holaspain.agency\/pt\/wp-json\/wp\/v2\/users\/1"}],"replies":[{"embeddable":true,"href":"https:\/\/holaspain.agency\/pt\/wp-json\/wp\/v2\/comments?post=1780"}],"version-history":[{"count":8,"href":"https:\/\/holaspain.agency\/pt\/wp-json\/wp\/v2\/pages\/1780\/revisions"}],"predecessor-version":[{"id":2334,"href":"https:\/\/holaspain.agency\/pt\/wp-json\/wp\/v2\/pages\/1780\/revisions\/2334"}],"wp:featuredmedia":[{"embeddable":true,"href":"https:\/\/holaspain.agency\/pt\/wp-json\/wp\/v2\/media\/1821"}],"wp:attachment":[{"href":"https:\/\/holaspain.agency\/pt\/wp-json\/wp\/v2\/media?parent=1780"}],"wp:term":[{"taxonomy":"category","embeddable":true,"href":"https:\/\/holaspain.agency\/pt\/wp-json\/wp\/v2\/categories?post=1780"},{"taxonomy":"post_tag","embeddable":true,"href":"https:\/\/holaspain.agency\/pt\/wp-json\/wp\/v2\/tags?post=1780"}],"curies":[{"name":"wp","href":"https:\/\/api.w.org\/{rel}","templated":true}]}}