{"id":1350,"date":"2025-10-18T11:51:57","date_gmt":"2025-10-18T11:51:57","guid":{"rendered":"https:\/\/holaspain.agency\/?post_type=portfolio&#038;p=1350"},"modified":"2026-01-07T14:42:04","modified_gmt":"2026-01-07T14:42:04","slug":"spanish-schools-in-alicante","status":"publish","type":"page","link":"https:\/\/holaspain.agency\/pt\/spanish-schools-in-alicante\/","title":{"rendered":"Escolas de espanhol em Alicante"},"content":{"rendered":"<div class=\"wpb-content-wrapper\"><div class=\"vc_row wpb_row vc_row-fluid\"><div class=\"wpb_column vc_column_container vc_col-sm-12\"><div class=\"vc_column-inner\"><div class=\"wpb_wrapper\">\n\t<div class=\"wpb_text_column wpb_content_element\" >\n\t\t<div class=\"wpb_wrapper\">\n\t\t\t<h1 style=\"text-align: justify;\">Estudar espanhol no exterior<\/h1>\n<h3 style=\"text-align: justify;\"><strong>Aprenda espanhol em Alicante - Sol, mar e idioma na Costa Blanca<\/strong><\/h3>\n<blockquote>\n<p style=\"text-align: justify;\">Se voc\u00ea sonha em aprender espanhol no Mar Mediterr\u00e2neo, <strong>Alicante<\/strong> \u00e9 o lugar perfeito para fazer isso acontecer. Localizado na bela regi\u00e3o da Espanha <strong>Costa Blanca<\/strong>, Alicante combina <strong>excelentes escolas de espanhol<\/strong>, O ambiente \u00e9 muito agrad\u00e1vel, com um estilo de vida descontra\u00eddo na praia e uma atmosfera calorosa e acolhedora.<\/p>\n<\/blockquote>\n<h3 style=\"text-align: justify;\"><strong>Por que estudar espanhol em Alicante?<\/strong><\/h3>\n<p><iframe loading=\"lazy\" title=\"Estude espanhol em Alicante \ud83c\uddea\ud83c\uddf8 | Sol, qualidade de vida e imers\u00e3o real\" width=\"790\" height=\"444\" src=\"https:\/\/www.youtube.com\/embed\/F-J4PsbmAhg?feature=oembed\" frameborder=\"0\" allow=\"accelerometer; autoplay; clipboard-write; encrypted-media; gyroscope; picture-in-picture; web-share\" referrerpolicy=\"strict-origin-when-cross-origin\" allowfullscreen><\/iframe><\/p>\n<p style=\"text-align: justify;\"><span style=\"font-size: 0.9375rem;\">Com mais de 300 dias de sol por ano, essa charmosa cidade litor\u00e2nea oferece um ambiente ideal para\u00a0<\/span><strong style=\"font-size: 0.9375rem;\">Estudar espanhol, fazer amigos e aproveitar a vida sob o sol do Mediterr\u00e2neo<\/strong><span style=\"font-size: 0.9375rem;\">\u00a0- perfeito para ambos\u00a0<\/span><strong style=\"font-size: 0.9375rem;\">adolescentes<\/strong><span style=\"font-size: 0.9375rem;\">\u00a0e\u00a0<\/span><strong style=\"font-size: 0.9375rem;\">alunos adultos<\/strong><span style=\"font-size: 0.9375rem;\">.<\/span><\/p>\n<p style=\"text-align: justify;\">Alicante \u00e9 uma das cidades estudantis mais populares da Espanha, oferecendo uma grande mistura de <strong>cultura, praias e pre\u00e7os acess\u00edveis<\/strong>.<\/p>\n<p style=\"text-align: justify;\">\u00c9 grande o suficiente para ter tudo o que voc\u00ea precisa, mas pequena o suficiente para ser amig\u00e1vel e f\u00e1cil de explorar.<\/p>\n<p style=\"text-align: justify;\">Os estudantes escolhem Alicante porque:<\/p>\n<ul style=\"text-align: justify;\">\n<li>Ele tem <strong>Escolas de espanhol de alta qualidade<\/strong> credenciado pelo Instituto Cervantes.<\/li>\n<li>O <strong>o custo de vida \u00e9 mais baixo<\/strong> do que em grandes cidades como Madri ou Barcelona.<\/li>\n<li>O <strong>Clima mediterr\u00e2neo<\/strong> e o cen\u00e1rio costeiro criam uma atmosfera descontra\u00edda e agrad\u00e1vel.<\/li>\n<li>\u00c9 um <strong>cidade segura e favor\u00e1vel aos estudantes<\/strong> com uma comunidade internacional.<\/li>\n<li>Os habitantes locais s\u00e3o abertos e amig\u00e1veis - perfeito para praticar seu espanhol todos os dias.<\/li>\n<\/ul>\n<p style=\"text-align: justify;\">Alicante oferece a combina\u00e7\u00e3o ideal de <strong>aprendizado, lazer e cultura espanhola aut\u00eantica<\/strong> - tudo em um belo destino \u00e0 beira-mar.<\/p>\n<h3 style=\"text-align: justify;\"><strong>Principais escolas de espanhol em Alicante<\/strong><\/h3>\n<p style=\"text-align: justify;\">Aqui est\u00e3o alguns dos <strong>escolas de espanhol mais respeitadas e credenciadas<\/strong> em Alicante, oferecendo cursos de alta qualidade para alunos de todas as idades:<\/p>\n<h4 style=\"text-align: justify;\"><strong>1. Enforex Alicante<\/strong><\/h4>\n<p style=\"text-align: justify;\">Localizada perto da praia e da cidade antiga, a Enforex Alicante oferece um equil\u00edbrio perfeito entre estudo e relaxamento. A escola oferece cursos de espanhol intensivos e superintensivos, prepara\u00e7\u00e3o para o DELE e programas de ver\u00e3o para adolescentes, todos ministrados por professores nativos experientes.<\/p>\n<h4 style=\"text-align: justify;\"><strong>2. Projeto Espanhol Alicante<\/strong><\/h4>\n<p style=\"text-align: justify;\">Uma escolha popular entre os alunos internacionais, o Proyecto Espa\u00f1ol combina pre\u00e7os acess\u00edveis com excelente ensino. A escola oferece programas flex\u00edveis, op\u00e7\u00f5es de cursos universit\u00e1rios e atividades culturais, como excurs\u00f5es, aulas de culin\u00e1ria e interc\u00e2mbio de idiomas.<\/p>\n<h4 style=\"text-align: justify;\"><strong>3. Col\u00e9gio Internacional de Alicante<\/strong><\/h4>\n<p style=\"text-align: justify;\">Credenciada pelo Instituto Cervantes, essa escola amig\u00e1vel e bem estabelecida \u00e9 conhecida por sua abordagem pessoal e altos padr\u00f5es de ensino. Ela oferece uma ampla variedade de cursos para adultos, estudantes universit\u00e1rios e alunos mais jovens.<\/p>\n<h4 style=\"text-align: justify;\"><strong>4. Estudio Sampere Alicante<\/strong><\/h4>\n<p style=\"text-align: justify;\">Parte do renomado grupo Sampere, essa escola oferece cursos de espanhol de alta qualidade em um ambiente moderno e descontra\u00eddo. Os alunos desfrutam de turmas pequenas, imers\u00e3o cultural e uma equipe profissional dedicada a ajud\u00e1-los a obter um progresso real.<\/p>\n<h4 style=\"text-align: justify;\"><strong>5. ELE USAL Alicante<\/strong><\/h4>\n<p style=\"text-align: justify;\">Afiliada \u00e0 Universidade de Salamanca, a ELE USAL Alicante combina excel\u00eancia acad\u00eamica com m\u00e9todos de ensino modernos. \u00c9 ideal para alunos que buscam educa\u00e7\u00e3o em espanhol de n\u00edvel universit\u00e1rio no litoral.<\/p>\n<h3 style=\"text-align: justify;\"><strong>Vivendo a experi\u00eancia de Alicante<\/strong><\/h3>\n<p style=\"text-align: justify;\">Estudar espanhol em Alicante \u00e9 mais do que apenas aulas - \u00e9 sobre <strong>Vivendo o estilo de vida mediterr\u00e2neo<\/strong>. Voc\u00ea pode:<\/p>\n<ul style=\"text-align: justify;\">\n<li>Caminhe ao longo da <strong>Explica\u00e7\u00e3o da Espanha<\/strong>, um belo cal\u00e7ad\u00e3o \u00e0 beira-mar, ladeado por palmeiras.<\/li>\n<li>Explore o <strong>Castelo de Santa B\u00e1rbara<\/strong> com suas vistas deslumbrantes da cidade.<\/li>\n<li>Aproveite as tardes ensolaradas em <strong>Praia Postiguet<\/strong> depois da aula.<\/li>\n<li>Sabor tradicional <strong>paella<\/strong> e frutos do mar frescos nos restaurantes locais.<\/li>\n<li>Participe de uma animada <strong>festas<\/strong> como <strong>Las Hogueras de San Juan<\/strong>, uma das celebra\u00e7\u00f5es de ver\u00e3o mais emocionantes da Espanha.<\/li>\n<\/ul>\n<blockquote>\n<p style=\"text-align: justify;\">A mistura de vida na praia, cultura e habitantes locais amig\u00e1veis faz de Alicante um destino inesquec\u00edvel para aprender espanhol. Aprenda espanhol e aproveite o charme ensolarado de Alicante - das praias douradas e passeios animados aos mercados e caf\u00e9s locais, cada momento \u00e9 uma chance de praticar o idioma, abra\u00e7ar a cultura mediterr\u00e2nea e tornar sua experi\u00eancia inesquec\u00edvel.<\/p>\n<\/blockquote>\n\n\t\t<\/div>\n\t<\/div>\n<section class=\"vc_cta3-container\"><div class=\"vc_general vc_do_cta3 vc_cta3 vc_cta3-style-outline vc_cta3-shape-rounded vc_cta3-align-left vc_cta3-color-classic vc_cta3-icon-size-md vc_cta3-icons-left vc_cta3-actions-right\"><div class=\"vc_cta3-icons\"><div class=\"vc_icon_element vc_icon_element-outer vc_do_icon vc_icon_element-align-left\"><div class=\"vc_icon_element-inner vc_icon_element-color-turquoise vc_icon_element-size-md vc_icon_element-style- vc_icon_element-background-color-grey\" ><span class=\"vc_icon_element-icon fa fa-solid fa-arrow-right-from-bracket\" ><\/span><\/div><\/div><\/div><div class=\"vc_cta3_content-container\"><div class=\"vc_cta3-content\"><header class=\"vc_cta3-content-header\"><h2>Comece sua jornada de espanhol em Alicante hoje mesmo!<\/h2><\/header><p style=\"text-align: justify;\">N\u00e3o importa se voc\u00ea \u00e9 um aluno adulto em busca de imers\u00e3o total ou um adolescente em busca de um ver\u00e3o divertido e seguro no exterior, <strong>Alicante oferece tudo o que voc\u00ea precisa<\/strong> - excelentes escolas, sol e o charme da Espanha litor\u00e2nea.<\/p>\n<\/div><div class=\"vc_cta3-actions\"><div class=\"vc_btn3-container vc_btn3-inline vc_do_btn\" ><a class=\"vc_general vc_btn3 vc_btn3-size-md vc_btn3-shape-rounded vc_btn3-style-modern vc_btn3-color-info\" href=\"https:\/\/holaspain.agency\/pt\/#contact\" title=\"\">Entre em contato hoje mesmo<\/a><\/div><\/div><\/div><\/div><\/section><\/div><\/div><\/div><\/div>\n<\/div>","protected":false},"excerpt":{"rendered":"<p>Aprenda espanhol em Alicante - uma joia litor\u00e2nea banhada pelo sol, com excelentes escolas, praias arenosas e um ambiente descontra\u00eddo perfeito para estudantes de todas as idades.<\/p>","protected":false},"author":1,"featured_media":1819,"parent":0,"menu_order":0,"comment_status":"closed","ping_status":"closed","template":"","meta":{"_seopress_robots_primary_cat":"","_seopress_titles_title":"Hola Spain %%sep%% %%post_title%%","_seopress_titles_desc":"Learn Spanish in Alicante \u2014 enjoy the Mediterranean sun, beaches, and vibrant student life while practicing the language in a friendly coastal city.","_seopress_robots_index":"","_daextam_enable_autolinks":"1","footnotes":""},"categories":[53,58],"tags":[],"class_list":["post-1350","page","type-page","status-publish","has-post-thumbnail","hentry","category-spanish-schools","category-valencian-community"],"_links":{"self":[{"href":"https:\/\/holaspain.agency\/pt\/wp-json\/wp\/v2\/pages\/1350","targetHints":{"allow":["GET"]}}],"collection":[{"href":"https:\/\/holaspain.agency\/pt\/wp-json\/wp\/v2\/pages"}],"about":[{"href":"https:\/\/holaspain.agency\/pt\/wp-json\/wp\/v2\/types\/page"}],"author":[{"embeddable":true,"href":"https:\/\/holaspain.agency\/pt\/wp-json\/wp\/v2\/users\/1"}],"replies":[{"embeddable":true,"href":"https:\/\/holaspain.agency\/pt\/wp-json\/wp\/v2\/comments?post=1350"}],"version-history":[{"count":7,"href":"https:\/\/holaspain.agency\/pt\/wp-json\/wp\/v2\/pages\/1350\/revisions"}],"predecessor-version":[{"id":2329,"href":"https:\/\/holaspain.agency\/pt\/wp-json\/wp\/v2\/pages\/1350\/revisions\/2329"}],"wp:featuredmedia":[{"embeddable":true,"href":"https:\/\/holaspain.agency\/pt\/wp-json\/wp\/v2\/media\/1819"}],"wp:attachment":[{"href":"https:\/\/holaspain.agency\/pt\/wp-json\/wp\/v2\/media?parent=1350"}],"wp:term":[{"taxonomy":"category","embeddable":true,"href":"https:\/\/holaspain.agency\/pt\/wp-json\/wp\/v2\/categories?post=1350"},{"taxonomy":"post_tag","embeddable":true,"href":"https:\/\/holaspain.agency\/pt\/wp-json\/wp\/v2\/tags?post=1350"}],"curies":[{"name":"wp","href":"https:\/\/api.w.org\/{rel}","templated":true}]}}