{"id":1342,"date":"2025-10-18T11:48:36","date_gmt":"2025-10-18T11:48:36","guid":{"rendered":"https:\/\/holaspain.agency\/?post_type=portfolio&#038;p=1342"},"modified":"2026-01-07T16:12:32","modified_gmt":"2026-01-07T16:12:32","slug":"spanish-schools-in-madrid","status":"publish","type":"page","link":"https:\/\/holaspain.agency\/pt\/spanish-schools-in-madrid\/","title":{"rendered":"Escolas de espanhol em Madri"},"content":{"rendered":"<div class=\"wpb-content-wrapper\"><div class=\"vc_row wpb_row vc_row-fluid\"><div class=\"wpb_column vc_column_container vc_col-sm-12\"><div class=\"vc_column-inner\"><div class=\"wpb_wrapper\">\n\t<div class=\"wpb_text_column wpb_content_element\" >\n\t\t<div class=\"wpb_wrapper\">\n\t\t\t<h1 style=\"text-align: justify;\">Estudar espanhol no exterior<\/h1>\n<h3 style=\"text-align: justify;\"><strong>Aprenda espanhol em Madri - O cora\u00e7\u00e3o da Espanha, o pulso da l\u00edngua<\/strong><\/h3>\n<blockquote>\n<p style=\"text-align: justify;\">Se voc\u00ea deseja aprender espanhol em um ambiente realmente din\u00e2mico, n\u00e3o h\u00e1 lugar melhor do que <strong>Madri<\/strong> - o <strong>vibrante capital da Espanha<\/strong> e o lar de <em>Espanhol castelhano puro<\/em>. A city that never sleeps, Madrid combines <strong>escolas de espanhol de classe mundial<\/strong>, A cidade tem um patrim\u00f4nio cultural rico e uma energia urbana imbat\u00edvel.<\/p>\n<\/blockquote>\n<h3 style=\"text-align: justify;\"><strong>Por que estudar espanhol em Madri?<\/strong><\/h3>\n<p><iframe loading=\"lazy\" title=\"Estude espanhol em Madri \ud83c\uddea\ud83c\uddf8 | Cultura, energia e imers\u00e3o total\" width=\"790\" height=\"444\" src=\"https:\/\/www.youtube.com\/embed\/WgHWdZ0FiqI?feature=oembed\" frameborder=\"0\" allow=\"accelerometer; autoplay; clipboard-write; encrypted-media; gyroscope; picture-in-picture; web-share\" referrerpolicy=\"strict-origin-when-cross-origin\" allowfullscreen><\/iframe><\/p>\n<p style=\"text-align: justify;\"><span style=\"font-size: 0.9375rem;\">Se voc\u00ea \u00e9 um\u00a0<\/span><strong style=\"font-size: 0.9375rem;\">adolescente em busca de uma aventura de ver\u00e3o<\/strong><span style=\"font-size: 0.9375rem;\">\u00a0ou um\u00a0<\/span><strong style=\"font-size: 0.9375rem;\">aluno adulto<\/strong><span style=\"font-size: 0.9375rem;\">\u00a0Buscando a imers\u00e3o total, Madri oferece in\u00fameras oportunidades para estudar, explorar e viver o espanhol todos os dias.<\/span><\/p>\n<p style=\"text-align: justify;\">Madrid is the <strong>centro de cultura, hist\u00f3ria e educa\u00e7\u00e3o espanholas<\/strong> - uma cidade cosmopolita que mistura tradi\u00e7\u00e3o e vida moderna.<br \/>\n\u00c9 repleta de museus, teatros, parques verdes e uma forte comunidade internacional, o que a torna ideal para estudantes que desejam combinar aprendizado com explora\u00e7\u00e3o.<\/p>\n<p style=\"text-align: justify;\">Students love Madrid because:<\/p>\n<ul style=\"text-align: justify;\">\n<li>\u00c9 o <strong>casa do espanhol castelhano<\/strong>, A forma padr\u00e3o ensinada em todo o mundo.<\/li>\n<li>A cidade oferece <strong>escolas de idiomas de alta qualidade<\/strong> credenciado pelo Instituto Cervantes.<\/li>\n<li>Voc\u00ea desfrutar\u00e1 de <strong>uma rica vida cultural<\/strong> - desde shows de flamenco at\u00e9 museus de arte de classe mundial.<\/li>\n<li>Madri \u00e9 <strong>seguro, acolhedor e bem conectado<\/strong> para toda a Espanha.<\/li>\n<li>O <strong>ambiente estudantil<\/strong> \u00e9 animado, com pessoas de todo o mundo.<\/li>\n<\/ul>\n<p style=\"text-align: justify;\">In Madrid, every day offers a new chance to learn, discover, and enjoy Spanish life to the fullest.<\/p>\n<h3 style=\"text-align: justify;\"><strong>Principais escolas de espanhol em Madri<\/strong><\/h3>\n<p style=\"text-align: justify;\">Aqui est\u00e3o alguns dos <strong>best and most accredited Spanish schools in Madrid<\/strong>, A empresa oferece programas para todos os n\u00edveis, idades e objetivos:<\/p>\n<h4 style=\"text-align: justify;\"><strong>1. Enforex Madri<\/strong><\/h4>\n<p style=\"text-align: justify;\">Localizada perto do famoso Parque do Retiro, a Enforex oferece cursos de espanhol intensivos e superintensivos, prepara\u00e7\u00e3o para o exame DELE e programas de ver\u00e3o para adolescentes. A escola combina excel\u00eancia acad\u00eamica com uma atmosfera internacional amig\u00e1vel.<\/p>\n<h4 style=\"text-align: justify;\"><strong>2. Don Quijote Madri<\/strong><\/h4>\n<p style=\"text-align: justify;\">Uma das escolas mais reconhecidas da Espanha, a Don Quijote oferece uma experi\u00eancia de aprendizado moderna com professores altamente qualificados e turmas pequenas. Os alunos desfrutam de atividades culturais, excurs\u00f5es e workshops interativos para praticar o espanhol em contextos da vida real.<\/p>\n<h4 style=\"text-align: justify;\"><strong>3. AIL Madri<\/strong><\/h4>\n<p style=\"text-align: justify;\">Uma escola animada e moderna, conhecida por sua abordagem de ensino divertida e comunicativa. A AIL oferece hor\u00e1rios flex\u00edveis, grupos pequenos e um forte programa social, perfeito para alunos adultos e jovens.<\/p>\n<h4 style=\"text-align: justify;\"><strong>4. Academia Contato<\/strong><\/h4>\n<p style=\"text-align: justify;\">Localizada no centro da cidade, a Academia Contacto oferece ensino personalizado de espanhol em pequenos grupos. \u00c9 ideal para alunos que desejam um ambiente de aprendizado \u00edntimo e um r\u00e1pido progresso nas habilidades de conversa\u00e7\u00e3o.<\/p>\n<h4 style=\"text-align: justify;\"><strong>5. Tandem Madri<\/strong><\/h4>\n<p style=\"text-align: justify;\">Accredited by Instituto Cervantes, Tandem focuses on cultural immersion through experiential learning. The school organizes regular language exchanges, cultural tours, and workshops that connect students with Madrid\u2019s daily life.<\/p>\n<h3 style=\"text-align: justify;\"><strong>Vivendo a experi\u00eancia de Madri<\/strong><\/h3>\n<p style=\"text-align: justify;\">Studying Spanish in Madrid means living in one of Europe\u2019s most exciting capitals \u2014 a city that\u2019s <strong>viva com cultura, arte e energia<\/strong>.<br \/>\nOs alunos podem:<\/p>\n<ul style=\"text-align: justify;\">\n<li>Passeie por <strong>Parque do Retiro<\/strong> ou o <strong>Gran V\u00eda<\/strong>.<\/li>\n<li>Visite museus mundialmente famosos, como o <strong>Prado<\/strong>, <strong>Reina Sof\u00eda<\/strong>, e <strong>Thyssen-Bornemisza<\/strong>.<\/li>\n<li>Descubra bairros charmosos, como <strong>Malasa\u00f1a<\/strong>, <strong>La Latina<\/strong>, e <strong>Chueca<\/strong>.<\/li>\n<li>Aproveite o tradicional <strong>noites de tapas<\/strong>, shows de flamenco e excurs\u00f5es de fim de semana para cidades pr\u00f3ximas, como Toledo ou Seg\u00f3via.<\/li>\n<li>Participe de festivais locais como <strong>San Isidro<\/strong> e a vibrante vida noturna de Madri.<\/li>\n<\/ul>\n<blockquote>\n<p style=\"text-align: justify;\">In Madrid, Spanish isn\u2019t just a language \u2014 it\u2019s <strong>um estilo de vida cheio de paix\u00e3o, arte e conex\u00e3o<\/strong>.\u00a0Learn Spanish and dive into the heart of Spanish culture \u2014 in Madrid, every street, museum, and caf\u00e9 gives you the chance to practice the language, experience local traditions, and make every moment unforgettable.<\/p>\n<\/blockquote>\n\n\t\t<\/div>\n\t<\/div>\n<section class=\"vc_cta3-container\"><div class=\"vc_general vc_do_cta3 vc_cta3 vc_cta3-style-outline vc_cta3-shape-rounded vc_cta3-align-left vc_cta3-color-classic vc_cta3-icon-size-md vc_cta3-icons-left vc_cta3-actions-right\"><div class=\"vc_cta3-icons\"><div class=\"vc_icon_element vc_icon_element-outer vc_do_icon vc_icon_element-align-left\"><div class=\"vc_icon_element-inner vc_icon_element-color-turquoise vc_icon_element-size-md vc_icon_element-style- vc_icon_element-background-color-grey\" ><span class=\"vc_icon_element-icon fa fa-solid fa-arrow-right-from-bracket\" ><\/span><\/div><\/div><\/div><div class=\"vc_cta3_content-container\"><div class=\"vc_cta3-content\"><header class=\"vc_cta3-content-header\"><h2>Comece sua jornada de espanhol em Madri hoje mesmo!<\/h2><\/header><p style=\"text-align: justify;\">Se voc\u00ea deseja estudar espanhol para viajar, trabalhar ou crescer pessoalmente, <strong>Madrid offers everything you need<\/strong> - escolas de n\u00edvel internacional, in\u00fameras experi\u00eancias culturais e a energia do cora\u00e7\u00e3o pulsante da Espanha.<\/p>\n<\/div><div class=\"vc_cta3-actions\"><div class=\"vc_btn3-container vc_btn3-inline vc_do_btn\" ><a class=\"vc_general vc_btn3 vc_btn3-size-md vc_btn3-shape-rounded vc_btn3-style-modern vc_btn3-color-info\" href=\"https:\/\/holaspain.agency\/pt\/#contact\" title=\"\">Entre em contato hoje mesmo<\/a><\/div><\/div><\/div><\/div><\/section><\/div><\/div><\/div><\/div>\n<\/div>","protected":false},"excerpt":{"rendered":"<p>Aprenda espanhol em Madri, a en\u00e9rgica capital da Espanha. Desfrute de escolas excepcionais, marcos ic\u00f4nicos, cultura pr\u00f3spera e uma atmosfera verdadeiramente internacional.<\/p>","protected":false},"author":1,"featured_media":1823,"parent":0,"menu_order":0,"comment_status":"closed","ping_status":"closed","template":"","meta":{"_seopress_robots_primary_cat":"","_seopress_titles_title":"Hola Spain %%sep%% %%post_title%%","_seopress_titles_desc":"Learn Spanish in Madrid \u2014 study in Spain\u2019s vibrant capital, enjoy world-class culture, and practice the language in an energetic, cosmopolitan city.","_seopress_robots_index":"","_daextam_enable_autolinks":"1","footnotes":""},"categories":[57,53],"tags":[],"class_list":["post-1342","page","type-page","status-publish","has-post-thumbnail","hentry","category-madrid-community","category-spanish-schools"],"_links":{"self":[{"href":"https:\/\/holaspain.agency\/pt\/wp-json\/wp\/v2\/pages\/1342","targetHints":{"allow":["GET"]}}],"collection":[{"href":"https:\/\/holaspain.agency\/pt\/wp-json\/wp\/v2\/pages"}],"about":[{"href":"https:\/\/holaspain.agency\/pt\/wp-json\/wp\/v2\/types\/page"}],"author":[{"embeddable":true,"href":"https:\/\/holaspain.agency\/pt\/wp-json\/wp\/v2\/users\/1"}],"replies":[{"embeddable":true,"href":"https:\/\/holaspain.agency\/pt\/wp-json\/wp\/v2\/comments?post=1342"}],"version-history":[{"count":5,"href":"https:\/\/holaspain.agency\/pt\/wp-json\/wp\/v2\/pages\/1342\/revisions"}],"predecessor-version":[{"id":2331,"href":"https:\/\/holaspain.agency\/pt\/wp-json\/wp\/v2\/pages\/1342\/revisions\/2331"}],"wp:featuredmedia":[{"embeddable":true,"href":"https:\/\/holaspain.agency\/pt\/wp-json\/wp\/v2\/media\/1823"}],"wp:attachment":[{"href":"https:\/\/holaspain.agency\/pt\/wp-json\/wp\/v2\/media?parent=1342"}],"wp:term":[{"taxonomy":"category","embeddable":true,"href":"https:\/\/holaspain.agency\/pt\/wp-json\/wp\/v2\/categories?post=1342"},{"taxonomy":"post_tag","embeddable":true,"href":"https:\/\/holaspain.agency\/pt\/wp-json\/wp\/v2\/tags?post=1342"}],"curies":[{"name":"wp","href":"https:\/\/api.w.org\/{rel}","templated":true}]}}