{"id":1228,"date":"2016-09-06T18:12:04","date_gmt":"2016-09-06T18:12:04","guid":{"rendered":"http:\/\/demos.famethemes.com\/screenr-plus\/?post_type=portfolio&#038;p=1198"},"modified":"2026-01-08T15:44:41","modified_gmt":"2026-01-08T15:44:41","slug":"escolas-de-espanhol-em-valencia","status":"publish","type":"page","link":"https:\/\/holaspain.agency\/pt\/spanish-schools-in-valencia\/","title":{"rendered":"Escolas de espanhol em Val\u00eancia"},"content":{"rendered":"<div class=\"wpb-content-wrapper\"><div class=\"vc_row wpb_row vc_row-fluid\"><div class=\"wpb_column vc_column_container vc_col-sm-12\"><div class=\"vc_column-inner\"><div class=\"wpb_wrapper\">\n\t<div class=\"wpb_text_column wpb_content_element\" >\n\t\t<div class=\"wpb_wrapper\">\n\t\t\t<h1>Estudar espanhol no exterior<\/h1>\n<h3 style=\"text-align: justify;\"><strong>Aprenda espanhol em Val\u00eancia - Onde a cultura, o sol e o aprendizado se encontram<\/strong><\/h3>\n<blockquote>\n<p style=\"text-align: justify;\">Se voc\u00ea est\u00e1 procurando o destino perfeito para aprender espanhol na Espanha, <strong>Val\u00eancia<\/strong> oferece tudo: excelentes escolas de espanhol, praias mediterr\u00e2neas, um ambiente estudantil animado e a aut\u00eantica cultura espanhola.<\/p>\n<\/blockquote>\n<p style=\"text-align: justify;\">Conhecido por suas <strong>vibra\u00e7\u00e3o moderna, belo centro hist\u00f3rico e o famoso festival \u201cFallas\u201d<\/strong>, Valencia combines history, art, and fun \u2014 making it one of the top destinations for international students who want to <strong>Estudar espanhol enquanto aproveita a vida na Espanha<\/strong>.<\/p>\n<h3 style=\"text-align: justify;\"><strong>Por que estudar espanhol em Val\u00eancia?<\/strong><\/h3>\n<p><iframe loading=\"lazy\" title=\"Estudar espanhol em Val\u00eancia \ud83c\uddea\ud83c\uddf8 | Qualidade de vida e imers\u00e3o\" width=\"790\" height=\"444\" src=\"https:\/\/www.youtube.com\/embed\/KG9szRBUHsE?feature=oembed\" frameborder=\"0\" allow=\"accelerometer; autoplay; clipboard-write; encrypted-media; gyroscope; picture-in-picture; web-share\" referrerpolicy=\"strict-origin-when-cross-origin\" allowfullscreen><\/iframe><\/p>\n<p style=\"text-align: justify;\">Valencia is Spain\u2019s <strong>terceira maior cidade<\/strong>, A cidade de Koh, localizada na costa leste, oferece mais de 300 dias de sol por ano. \u00c9 grande o suficiente para ser empolgante, mas pequena o suficiente para ser confort\u00e1vel e amig\u00e1vel. A cidade combina tradi\u00e7\u00e3o e inova\u00e7\u00e3o - voc\u00ea encontrar\u00e1 <strong>antigas ru\u00ednas romanas, a futur\u00edstica Cidade das Artes e das Ci\u00eancias<\/strong>, e in\u00fameros bares de tapas e caf\u00e9s onde voc\u00ea pode praticar seu espanhol todos os dias.<\/p>\n<p style=\"text-align: justify;\">Students love Valencia because:<\/p>\n<ul style=\"text-align: justify;\">\n<li>\u00c9 <strong>acess\u00edvel<\/strong> em compara\u00e7\u00e3o com Madri ou Barcelona.<\/li>\n<li>Ele tem <strong>Escolas de espanhol de alta qualidade<\/strong> com professores experientes.<\/li>\n<li>H\u00e1 um <strong>comunidade internacional ativa<\/strong> de alunos.<\/li>\n<li>Voc\u00ea pode <strong>viver na praia<\/strong> e explorar a cidade facilmente a p\u00e9 ou de bicicleta.<\/li>\n<\/ul>\n<p style=\"text-align: justify;\">Se voc\u00ea \u00e9 um <strong>adolescente<\/strong> procurando um programa de ver\u00e3o ou um <strong>adulto<\/strong> seeking a full immersion experience, Valencia has a course that fits you.<\/p>\n<h3 style=\"text-align: justify;\"><strong>Melhores escolas de espanhol em Val\u00eancia<\/strong><\/h3>\n<p style=\"text-align: justify;\">Aqui est\u00e3o alguns dos <strong>escolas de espanhol mais reconhecidas e credenciadas<\/strong> in Valencia, ideal for students from all over the world:<\/p>\n<h4 style=\"text-align: justify;\"><strong>1. Don Quijote Valencia<\/strong><\/h4>\n<p style=\"text-align: justify;\">Localizada em um belo edif\u00edcio do s\u00e9culo XV no centro hist\u00f3rico, a Don Quijote oferece cursos intensivos de espanhol de alta qualidade para todos os n\u00edveis. A escola combina o aprendizado do idioma com atividades culturais, como aulas de culin\u00e1ria, aulas de flamenco e excurs\u00f5es.<\/p>\n<h4 style=\"text-align: justify;\"><strong>2. Escola Taronja<\/strong><\/h4>\n<p style=\"text-align: justify;\">A Taronja \u00e9 famosa por sua abordagem divertida e criativa no ensino de espanhol. Com semanas tem\u00e1ticas, eventos culturais di\u00e1rios e um forte senso de comunidade, \u00e9 a favorita entre jovens adultos e adolescentes que buscam uma experi\u00eancia envolvente.<\/p>\n<h4 style=\"text-align: justify;\"><strong>3. Hispania, Escuela de Espa\u00f1ol<\/strong><\/h4>\n<p style=\"text-align: justify;\">Uma das escolas de espanhol mais premiadas da Espanha, a Hispania se concentra no ensino personalizado e em hor\u00e1rios flex\u00edveis. \u00c9 perfeita para adultos e estudantes universit\u00e1rios que desejam combinar o estudo do espanhol com objetivos acad\u00eamicos ou profissionais.<\/p>\n<h4 style=\"text-align: justify;\"><strong>4. Instituto de Idiomas AIP<\/strong><\/h4>\n<p style=\"text-align: justify;\">Localizada perto da \u00e1rea universit\u00e1ria, a AIP oferece cursos para adolescentes e adultos, incluindo prepara\u00e7\u00e3o para os exames DELE e programas de imers\u00e3o escolar. A escola organiza atividades semanais e viagens de fim de semana pela Espanha.<\/p>\n<h4 style=\"text-align: justify;\"><strong>5. Costa de Val\u00eancia<\/strong><\/h4>\n<p style=\"text-align: justify;\">Accredited by Instituto Cervantes, this school provides intensive and super-intensive Spanish courses, as well as summer camps for teenagers. It\u2019s close to the beach \u2014 ideal for students who want to enjoy Valencia\u2019s coastal lifestyle.<\/p>\n<h3 style=\"text-align: justify;\"><strong>Vivendo a experi\u00eancia valenciana<\/strong><\/h3>\n<p style=\"text-align: justify;\">Learning Spanish in Valencia is more than studying \u2014 it\u2019s a complete <strong>imers\u00e3o cultural<\/strong>. Os alunos podem:<\/p>\n<ul style=\"text-align: justify;\">\n<li>Passeie por <strong>El Carmen<\/strong>, O bairro mais antigo da cidade, repleto de arte de rua e charme local.<\/li>\n<li>Visite o <strong>Cidade das Artes e das Ci\u00eancias<\/strong>, um complexo arquitet\u00f4nico mundialmente famoso.<\/li>\n<li>Sabor aut\u00eantico <strong>paella<\/strong>, que nasceu aqui em Val\u00eancia.<\/li>\n<li>Aproveite a vida noturna vibrante, os shows ao ar livre e as festas na praia.<\/li>\n<li>Junte-se aos moradores locais que celebram festivais tradicionais como <strong>Las Fallas<\/strong> e <strong>La Tomatina<\/strong> (na vizinha Bu\u00f1ol).<\/li>\n<\/ul>\n<blockquote>\n<p style=\"text-align: justify;\">Valencia offers the <strong>equil\u00edbrio perfeito entre estudo e lazer<\/strong>, learn Spanish and immerse yourself in Andalusian culture \u2014 in Seville, every street, caf\u00e9, and plaza offers a chance to practice the language, experience local traditions, and make every moment truly unforgettable.<\/p>\n<\/blockquote>\n\n\t\t<\/div>\n\t<\/div>\n<section class=\"vc_cta3-container\"><div class=\"vc_general vc_do_cta3 vc_cta3 vc_cta3-style-outline vc_cta3-shape-rounded vc_cta3-align-left vc_cta3-color-classic vc_cta3-icon-size-md vc_cta3-icons-left vc_cta3-actions-right\"><div class=\"vc_cta3-icons\"><div class=\"vc_icon_element vc_icon_element-outer vc_do_icon vc_icon_element-align-left\"><div class=\"vc_icon_element-inner vc_icon_element-color-turquoise vc_icon_element-size-md vc_icon_element-style- vc_icon_element-background-color-grey\" ><span class=\"vc_icon_element-icon fa fa-solid fa-arrow-right-from-bracket\" ><\/span><\/div><\/div><\/div><div class=\"vc_cta3_content-container\"><div class=\"vc_cta3-content\"><header class=\"vc_cta3-content-header\"><h2>Comece sua jornada de espanhol em Val\u00eancia hoje mesmo!<\/h2><\/header><p style=\"text-align: justify;\">Whether you\u2019re an adult learner looking to advance your career, or a teenager searching for an unforgettable summer abroad, Valencia welcomes you with open arms. Come learn Spanish, live the culture, and fall in love with one of Spain\u2019s most exciting cities.<\/p>\n<\/div><div class=\"vc_cta3-actions\"><div class=\"vc_btn3-container vc_btn3-inline vc_do_btn\" ><a class=\"vc_general vc_btn3 vc_btn3-size-md vc_btn3-shape-rounded vc_btn3-style-modern vc_btn3-color-info\" href=\"https:\/\/holaspain.agency\/pt\/#contact\" title=\"\">Entre em contato hoje mesmo<\/a><\/div><\/div><\/div><\/div><\/section><\/div><\/div><\/div><\/div>\n<\/div>","protected":false},"excerpt":{"rendered":"<p>Explore as melhores escolas de espanhol em Val\u00eancia - uma animada cidade litor\u00e2nea onde as praias mediterr\u00e2neas, a cultura cativante e uma atmosfera estudantil din\u00e2mica criam o ambiente de aprendizado perfeito.<\/p>","protected":false},"author":1,"featured_media":1827,"parent":0,"menu_order":0,"comment_status":"closed","ping_status":"closed","template":"","meta":{"_seopress_robots_primary_cat":"","_seopress_titles_title":"Hola Spain %%sep%% %%post_title%%","_seopress_titles_desc":"Learn Spanish in Valencia \u2014 top schools, sunny beaches, vibrant student life, and authentic Spanish culture in the heart of the Mediterranean.","_seopress_robots_index":"","_daextam_enable_autolinks":"1","footnotes":""},"categories":[53,58],"tags":[],"class_list":["post-1228","page","type-page","status-publish","has-post-thumbnail","hentry","category-spanish-schools","category-valencian-community"],"_links":{"self":[{"href":"https:\/\/holaspain.agency\/pt\/wp-json\/wp\/v2\/pages\/1228","targetHints":{"allow":["GET"]}}],"collection":[{"href":"https:\/\/holaspain.agency\/pt\/wp-json\/wp\/v2\/pages"}],"about":[{"href":"https:\/\/holaspain.agency\/pt\/wp-json\/wp\/v2\/types\/page"}],"author":[{"embeddable":true,"href":"https:\/\/holaspain.agency\/pt\/wp-json\/wp\/v2\/users\/1"}],"replies":[{"embeddable":true,"href":"https:\/\/holaspain.agency\/pt\/wp-json\/wp\/v2\/comments?post=1228"}],"version-history":[{"count":5,"href":"https:\/\/holaspain.agency\/pt\/wp-json\/wp\/v2\/pages\/1228\/revisions"}],"predecessor-version":[{"id":2332,"href":"https:\/\/holaspain.agency\/pt\/wp-json\/wp\/v2\/pages\/1228\/revisions\/2332"}],"wp:featuredmedia":[{"embeddable":true,"href":"https:\/\/holaspain.agency\/pt\/wp-json\/wp\/v2\/media\/1827"}],"wp:attachment":[{"href":"https:\/\/holaspain.agency\/pt\/wp-json\/wp\/v2\/media?parent=1228"}],"wp:term":[{"taxonomy":"category","embeddable":true,"href":"https:\/\/holaspain.agency\/pt\/wp-json\/wp\/v2\/categories?post=1228"},{"taxonomy":"post_tag","embeddable":true,"href":"https:\/\/holaspain.agency\/pt\/wp-json\/wp\/v2\/tags?post=1228"}],"curies":[{"name":"wp","href":"https:\/\/api.w.org\/{rel}","templated":true}]}}